{"id":62054,"date":"2018-07-17T13:46:05","date_gmt":"2018-07-17T11:46:05","guid":{"rendered":"https:\/\/neurodev-ng.u-bordeaux.fr\/who-are-we-bordeaux-neurocampus\/a-few-figures-about-us\/"},"modified":"2018-07-17T13:46:05","modified_gmt":"2018-07-17T11:46:05","slug":"a-few-figures-about-us","status":"publish","type":"page","link":"https:\/\/www.bordeaux-neurocampus.fr\/en\/who-are-we-bordeaux-neurocampus\/bordeaux-neurocampus\/a-few-figures-about-us\/","title":{"rendered":"A few figures about us"},"content":{"rendered":"","protected":false},"excerpt":{"rendered":"<p>50 \u00e9quipes \/ 700 personnes dont : 250 chercheurs et enseignants-chercheurs, 130 doctorants, 90 post doctorants, 200 techniciens et ing\u00e9nieurs, Plus de 20 nationalit\u00e9s diff\u00e9rentes 1 Laboratoire d\u2019Excellence (le LabEx BRAIN) 2 \u00c9quipements d\u2019Excellence (EquipEx Optopath et Phenovirt) 20 plateformes de recherche et plateaux techniques 30 microscopes de pointe 6 start-ups 250 publications par an dans les revues internationales \u00e0 comit\u00e9 de lecture 6 financements ERC (European Research Council) et 1 financement CSF (China Science Fund) 11 prix nationaux et internationaux en 2016-2017<\/p>\n","protected":false},"author":108,"featured_media":0,"parent":18539,"menu_order":2,"comment_status":"closed","ping_status":"closed","template":"","meta":{"footnotes":""},"tags":[],"class_list":["post-62054","page","type-page","status-publish","hentry"],"_links":{"self":[{"href":"https:\/\/www.bordeaux-neurocampus.fr\/en\/wp-json\/wp\/v2\/pages\/62054","targetHints":{"allow":["GET"]}}],"collection":[{"href":"https:\/\/www.bordeaux-neurocampus.fr\/en\/wp-json\/wp\/v2\/pages"}],"about":[{"href":"https:\/\/www.bordeaux-neurocampus.fr\/en\/wp-json\/wp\/v2\/types\/page"}],"author":[{"embeddable":true,"href":"https:\/\/www.bordeaux-neurocampus.fr\/en\/wp-json\/wp\/v2\/users\/108"}],"replies":[{"embeddable":true,"href":"https:\/\/www.bordeaux-neurocampus.fr\/en\/wp-json\/wp\/v2\/comments?post=62054"}],"version-history":[{"count":0,"href":"https:\/\/www.bordeaux-neurocampus.fr\/en\/wp-json\/wp\/v2\/pages\/62054\/revisions"}],"up":[{"embeddable":true,"href":"https:\/\/www.bordeaux-neurocampus.fr\/en\/wp-json\/wp\/v2\/pages\/18539"}],"wp:attachment":[{"href":"https:\/\/www.bordeaux-neurocampus.fr\/en\/wp-json\/wp\/v2\/media?parent=62054"}],"wp:term":[{"taxonomy":"post_tag","embeddable":true,"href":"https:\/\/www.bordeaux-neurocampus.fr\/en\/wp-json\/wp\/v2\/tags?post=62054"}],"curies":[{"name":"wp","href":"https:\/\/api.w.org\/{rel}","templated":true}]}}