{"id":56393,"date":"2018-05-22T10:52:10","date_gmt":"2018-05-22T08:52:10","guid":{"rendered":"https:\/\/neurodev-ng.u-bordeaux.fr\/scientific-events\/bordeaux-neurocampus-conferences-fr\/"},"modified":"2025-09-28T22:33:22","modified_gmt":"2025-09-28T20:33:22","slug":"bordeaux-neurocampus-international-conferences","status":"publish","type":"page","link":"https:\/\/www.bordeaux-neurocampus.fr\/en\/agenda\/bordeaux-neurocampus-international-conferences\/","title":{"rendered":"Bordeaux Neurocampus international conferences"},"content":{"rendered":"<div class=\"wpb-content-wrapper\"><p>[vc_row][vc_column width=&#8221;1\/2&#8243;][vc_column_text]<\/p>\n<h3>Next edition<\/h3>\n<p>&#8211;&gt; <a href=\"http:\/\/brainconf.u-bordeaux.fr\">brainconf.u-bordeaux.fr<\/a>[\/vc_column_text][\/vc_column][vc_column width=&#8221;1\/2&#8243;][vc_single_image image=&#8221;99662&#8243; img_size=&#8221;medium&#8221; onclick=&#8221;link_image&#8221;][\/vc_column][\/vc_row][vc_row][vc_column][vc_column_text]<\/p>\n<h3 class=\"redTitle\">Former editions<\/h3>\n<p>[\/vc_column_text][vc_column_text css=&#8221;&#8221;]<strong>BrainBody<\/strong><br \/>\nOctober 2025<\/p>\n<p><strong>NeuroFood<br \/>\n<\/strong>October 2024<\/p>\n<p><strong>Neurocompare<\/strong><br \/>\nSeptember 2023<\/p>\n<p><a href=\"http:\/\/autumn-brainconf.u-bordeaux.fr\"><strong>Molecular, cellular and network mechanisms of synaptic plasticity<\/strong><\/a><br \/>\nSeptember 2022<\/p>\n<p><a href=\"http:\/\/spring-brainconf.u-bordeaux.fr\"><strong>NeuroDev:<br \/>\nNeurodevelopmental disorders: from molecular mechanisms to social inclusion<\/strong><\/a><br \/>\nMay 2022[\/vc_column_text][vc_column_text]<a href=\"https:\/\/www.bordeaux-neurocampus.fr\/event\/conference-internationale-reward\/\"><strong>Reward <\/strong><\/a><br \/>\n<strong>Du 2 au 4 octobre 2019<br \/>\n<\/strong>Nouvelles perspectives du syst\u00e8me de r\u00e9compense : de la neurobiologie \u00e0 la clinique[\/vc_column_text][vc_column_text]<a href=\"http:\/\/brainconf.u-bordeaux.fr\/Aging-2018\/r808.html\"><span class=\"CouleurDominante\"><strong>Aging<\/strong><\/span><\/a><br \/>\nDu\u00a0<strong>26<\/strong>\u00a0au\u00a0<strong>28 septembre 2018<\/strong>.<br \/>\nLe vieillissement cognitif en absence de MA et l\u2019existence de diff\u00e9rences inter-individuelles dans l\u2019atteinte mn\u00e9sique au cours de l\u2019\u00e2ge.[\/vc_column_text][vc_column_text]<a href=\"http:\/\/brainconf.u-bordeaux.fr\/Archives\/Congres-inaugural-Bordeaux-Neurocampus-2017\/r568.html\"><span class=\"CouleurDominante\"><strong>4\u00e8me \u00e9dition \u00ab\u00a0Congr\u00e8s inaugural Bordeaux Neurocampus\u00a0<\/strong>\u00bb<br \/>\n<\/span><\/a>Du\u00a0<strong>27<\/strong>\u00a0au\u00a0<strong>29 septembre 2017<\/strong>.<br \/>\nElle \u00e9tait associ\u00e9e \u00e0 l\u2019inauguration officielle du b\u00e2timent \u00ab\u00a0Centre Broca Nouvelle-Aquitaine\u00a0\u00bb. 350 personnes, en partie membres de la communaut\u00e9 neuroscientifique locale, \u00e9taient pr\u00e9sentes.<\/p>\n<p><a href=\"http:\/\/brainconf.u-bordeaux.fr\/Archives\/Conference-2016\/r693.html\"><span class=\"CouleurDominante\"><strong>3\u00e8me \u00e9dition \u00ab\u00a0Exploration fonctionnelle des circuits neuronaux impliqu\u00e9s dans le comportement<\/strong>\u00a0\u00bb<br \/>\n<\/span><\/a>Du\u00a0<strong>28<\/strong>\u00a0au\u00a0<strong>30 septembre 2016<\/strong>.<br \/>\nElle abordait l\u2019\u00e9tude de la relation causale entre les dynamiques neuronales et le comportement via des techniques innovantes.<\/p>\n<p align=\"left\"><strong><a href=\"http:\/\/brainconf.u-bordeaux.fr\/GliSyn-2015\/r377.html\"><span class=\"CouleurDominante\">2\u00e8me \u00e9dition<\/span>\u00a0\u00ab\u00a0GliSyn\u00a0\u00bb<\/a>\u00a0 : \u00ab Astrocytes et microglie, partenaires cl\u00e9s au cours de la transmission synaptique \u00bb<\/strong><br \/>\nDu\u00a0<strong>30 septembre<\/strong>\u00a0au\u00a0<strong>2 octobre 2015<\/strong>.<br \/>\nSon but fut de discuter autour du partenariat possible entre deux classes de cellules gliales, les astrocytes et les cellules microgliales au cours de la transmission synaptique.<\/p>\n<p align=\"left\"><strong><a title=\"MITOBRAIN\" href=\"http:\/\/brainconf.u-bordeaux.fr\/MitoBrain-2014\/r376.html\">1\u00e8re \u00e9dition : \u00ab\u00a0MitoBrain\u00a0\u00bb<\/a>\u00a0 :\u00a0\u00ab\u00a0Fonctions et dysfonctions mitochondriales dans le syst\u00e8me nerveux central \u00bb<\/strong><br \/>\nDu\u00a0<strong>1er<\/strong>\u00a0au\u00a0<strong>3 octobre 2014<\/strong>.<br \/>\nCette manifestation internationale portait sur le r\u00f4le de la mitochondrie dans les cellules du syst\u00e8me nerveux central (neurones et cellules gliales) en situation normale et pathologique.<\/p>\n<p>[\/vc_column_text][\/vc_column][\/vc_row]<\/p>\n<\/div>","protected":false},"excerpt":{"rendered":"<p>Yearly conference since 2014<\/p>\n","protected":false},"author":108,"featured_media":0,"parent":61949,"menu_order":7,"comment_status":"closed","ping_status":"closed","template":"","meta":{"footnotes":""},"tags":[],"class_list":["post-56393","page","type-page","status-publish","hentry"],"_links":{"self":[{"href":"https:\/\/www.bordeaux-neurocampus.fr\/en\/wp-json\/wp\/v2\/pages\/56393","targetHints":{"allow":["GET"]}}],"collection":[{"href":"https:\/\/www.bordeaux-neurocampus.fr\/en\/wp-json\/wp\/v2\/pages"}],"about":[{"href":"https:\/\/www.bordeaux-neurocampus.fr\/en\/wp-json\/wp\/v2\/types\/page"}],"author":[{"embeddable":true,"href":"https:\/\/www.bordeaux-neurocampus.fr\/en\/wp-json\/wp\/v2\/users\/108"}],"replies":[{"embeddable":true,"href":"https:\/\/www.bordeaux-neurocampus.fr\/en\/wp-json\/wp\/v2\/comments?post=56393"}],"version-history":[{"count":4,"href":"https:\/\/www.bordeaux-neurocampus.fr\/en\/wp-json\/wp\/v2\/pages\/56393\/revisions"}],"predecessor-version":[{"id":188310,"href":"https:\/\/www.bordeaux-neurocampus.fr\/en\/wp-json\/wp\/v2\/pages\/56393\/revisions\/188310"}],"up":[{"embeddable":true,"href":"https:\/\/www.bordeaux-neurocampus.fr\/en\/wp-json\/wp\/v2\/pages\/61949"}],"wp:attachment":[{"href":"https:\/\/www.bordeaux-neurocampus.fr\/en\/wp-json\/wp\/v2\/media?parent=56393"}],"wp:term":[{"taxonomy":"post_tag","embeddable":true,"href":"https:\/\/www.bordeaux-neurocampus.fr\/en\/wp-json\/wp\/v2\/tags?post=56393"}],"curies":[{"name":"wp","href":"https:\/\/api.w.org\/{rel}","templated":true}]}}