{"id":22128,"date":"2018-04-05T09:48:15","date_gmt":"2018-04-05T07:48:15","guid":{"rendered":"https:\/\/neurodev-ng.u-bordeaux.fr\/ressources-for-personnals\/charte-graphique\/"},"modified":"2025-12-10T17:55:09","modified_gmt":"2025-12-10T16:55:09","slug":"charte-graphique","status":"publish","type":"page","link":"https:\/\/www.bordeaux-neurocampus.fr\/en\/resources-neurocampus\/tools-for-teams\/ressources-communication\/charte-graphique\/","title":{"rendered":"Charte graphique"},"content":{"rendered":"<div class=\"wpb-content-wrapper\"><p>[vc_row][vc_column][vc_column_text css=&#8221;&#8221;]Depuis plusieurs ann\u00e9es, Bordeaux Neurocampus est repr\u00e9sent\u00e9 par un bloc-marque r\u00e9unissant deux \u00e9l\u00e9ments visuels de Bordeaux Neurocampus et de l\u2019universit\u00e9 de Bordeaux.<\/p>\n<p>Il est \u00e0 utiliser sur les supports de type PPT, posters\u2026<\/p>\n<p>L\u2019ancien logo (sans mention \u00ab\u00a0universit\u00e9 de Bordeaux\u00a0\u00bb) n\u2019est plus \u00e0 utiliser.<\/p>\n<h3>Le bloc-marque<\/h3>\n<p><img loading=\"lazy\" decoding=\"async\" class=\"size-medium wp-image-161576 alignnone\" src=\"https:\/\/cdn-neurocampus.onlc.eu\/wp-content\/uploads\/2023\/07\/neurocampus_blocmarque_ok_RVB-360x87.png\" sizes=\"auto, (max-width: 360px) 100vw, 360px\" srcset=\"https:\/\/cdn-neurocampus.onlc.eu\/wp-content\/uploads\/2023\/07\/neurocampus_blocmarque_ok_RVB-360x87.png 360w, https:\/\/cdn-neurocampus.onlc.eu\/wp-content\/uploads\/2023\/07\/neurocampus_blocmarque_ok_RVB-770x186.png 770w, https:\/\/cdn-neurocampus.onlc.eu\/wp-content\/uploads\/2023\/07\/neurocampus_blocmarque_ok_RVB-768x185.png 768w, https:\/\/cdn-neurocampus.onlc.eu\/wp-content\/uploads\/2023\/07\/neurocampus_blocmarque_ok_RVB.png 1082w\" alt=\"\" width=\"360\" height=\"87\" \/><\/p>\n<p><a href=\"https:\/\/cdn-neurocampus.onlc.eu\/wp-content\/uploads\/2025\/06\/neurocampus_blocmarque_ok_noir.png\" rel=\"lightbox[20441]\"><img loading=\"lazy\" decoding=\"async\" class=\"alignnone wp-image-185109\" src=\"https:\/\/cdn-neurocampus.onlc.eu\/wp-content\/uploads\/2025\/06\/neurocampus_blocmarque_ok_noir-770x186.png\" sizes=\"auto, (max-width: 422px) 100vw, 422px\" srcset=\"https:\/\/cdn-neurocampus.onlc.eu\/wp-content\/uploads\/2025\/06\/neurocampus_blocmarque_ok_noir-770x186.png 770w, https:\/\/cdn-neurocampus.onlc.eu\/wp-content\/uploads\/2025\/06\/neurocampus_blocmarque_ok_noir-360x87.png 360w, https:\/\/cdn-neurocampus.onlc.eu\/wp-content\/uploads\/2025\/06\/neurocampus_blocmarque_ok_noir-768x185.png 768w, https:\/\/cdn-neurocampus.onlc.eu\/wp-content\/uploads\/2025\/06\/neurocampus_blocmarque_ok_noir.png 1082w\" alt=\"\" width=\"356\" height=\"86\" \/><\/a><\/p>\n<p><a href=\"https:\/\/cdn-neurocampus.onlc.eu\/wp-content\/uploads\/2023\/07\/neurocampus_blocmarque_40cm-300dpi_RVB-scaled.jpg\" rel=\"lightbox[20441]\">T\u00e9l\u00e9charger le logo <strong>couleur, fond blanc &#8211; format jpg<\/strong><\/a> (RVB \u2013 2560px de large soit 40 cm en 300dpi)<\/p>\n<p><a href=\"https:\/\/cdn-neurocampus.onlc.eu\/wp-content\/uploads\/2023\/07\/neurocampus_blocmarque_ok_RVB.png\" rel=\"lightbox[20441]\">T\u00e9l\u00e9charger le logo <strong>couleur<\/strong>, <strong>fond transparent &#8211; format png<\/strong><\/a> (1062px de large)<\/p>\n<p><a href=\"https:\/\/cdn-neurocampus.onlc.eu\/wp-content\/uploads\/2025\/06\/neurocampus_blocmarque_ok_noir.png\" rel=\"lightbox[20441]\">T\u00e9l\u00e9charger le logo <strong>noir, fond transparent &#8211; format png<\/strong><\/a><\/p>\n<p><a href=\"https:\/\/cdn-neurocampus.onlc.eu\/wp-content\/uploads\/2025\/10\/neurocampus_blocmarque_ok_blanc.png\" rel=\"lightbox[20441]\">T\u00e9l\u00e9charger le logo <strong>blanc, fond transparent &#8211; format png<\/strong><\/a><\/p>\n<p><a href=\"https:\/\/cdn-neurocampus.onlc.eu\/wp-content\/uploads\/2025\/06\/neurocampus_blocmarque-eps.zip\">T\u00e9l\u00e9charger le logo <strong>couleur, noir et blanc &#8211; format eps<\/strong><\/a> (.zip)<\/p>\n<p>[\/vc_column_text][vc_column_text css=&#8221;&#8221;]<\/p>\n<h3>Plusieurs bloc-marques ?<\/h3>\n<p>Il ne faut faire appara\u00eetre qu\u2019une fois le logo UB en ajoutant des lignes verticales \u00e0 chaque bout.<\/p>\n<p>Exemples :<\/p>\n<p><a href=\"https:\/\/cdn-neurocampus.onlc.eu\/wp-content\/uploads\/2025\/06\/bandeau_multi_blocmarque_neurocampus-graduate.jpg\" rel=\"lightbox[20441]\"><img loading=\"lazy\" decoding=\"async\" class=\"alignnone wp-image-185111 size-medium\" src=\"https:\/\/cdn-neurocampus.onlc.eu\/wp-content\/uploads\/2025\/06\/bandeau_multi_blocmarque_neurocampus-graduate-360x46.jpg\" sizes=\"auto, (max-width: 360px) 100vw, 360px\" srcset=\"https:\/\/cdn-neurocampus.onlc.eu\/wp-content\/uploads\/2025\/06\/bandeau_multi_blocmarque_neurocampus-graduate-360x46.jpg 360w, https:\/\/cdn-neurocampus.onlc.eu\/wp-content\/uploads\/2025\/06\/bandeau_multi_blocmarque_neurocampus-graduate-770x99.jpg 770w, https:\/\/cdn-neurocampus.onlc.eu\/wp-content\/uploads\/2025\/06\/bandeau_multi_blocmarque_neurocampus-graduate-768x99.jpg 768w, https:\/\/cdn-neurocampus.onlc.eu\/wp-content\/uploads\/2025\/06\/bandeau_multi_blocmarque_neurocampus-graduate-1536x198.jpg 1536w, https:\/\/cdn-neurocampus.onlc.eu\/wp-content\/uploads\/2025\/06\/bandeau_multi_blocmarque_neurocampus-graduate-1320x170.jpg 1320w, https:\/\/cdn-neurocampus.onlc.eu\/wp-content\/uploads\/2025\/06\/bandeau_multi_blocmarque_neurocampus-graduate.jpg 1693w\" alt=\"\" width=\"360\" height=\"46\" \/><\/a><\/p>\n<p><a href=\"https:\/\/cdn-neurocampus.onlc.eu\/wp-content\/uploads\/2025\/06\/bandeau_multi_blocmarque_neurocampus-graduate.png\" rel=\"lightbox[20441]\"><img loading=\"lazy\" decoding=\"async\" class=\"alignnone wp-image-185115 size-medium\" src=\"https:\/\/cdn-neurocampus.onlc.eu\/wp-content\/uploads\/2025\/06\/bandeau_multi_blocmarque_neurocampus-graduate-360x49.png\" sizes=\"auto, (max-width: 360px) 100vw, 360px\" srcset=\"https:\/\/cdn-neurocampus.onlc.eu\/wp-content\/uploads\/2025\/06\/bandeau_multi_blocmarque_neurocampus-graduate-360x49.png 360w, https:\/\/cdn-neurocampus.onlc.eu\/wp-content\/uploads\/2025\/06\/bandeau_multi_blocmarque_neurocampus-graduate-770x105.png 770w, https:\/\/cdn-neurocampus.onlc.eu\/wp-content\/uploads\/2025\/06\/bandeau_multi_blocmarque_neurocampus-graduate-768x105.png 768w, https:\/\/cdn-neurocampus.onlc.eu\/wp-content\/uploads\/2025\/06\/bandeau_multi_blocmarque_neurocampus-graduate-1536x209.png 1536w, https:\/\/cdn-neurocampus.onlc.eu\/wp-content\/uploads\/2025\/06\/bandeau_multi_blocmarque_neurocampus-graduate-2048x279.png 2048w, https:\/\/cdn-neurocampus.onlc.eu\/wp-content\/uploads\/2025\/06\/bandeau_multi_blocmarque_neurocampus-graduate-1320x180.png 1320w\" alt=\"\" width=\"360\" height=\"49\" \/><\/a><br \/>\n<a href=\"https:\/\/cdn-neurocampus.onlc.eu\/wp-content\/uploads\/2025\/12\/bandeau-neuro-collegeST-UFbio-scaled.png\" rel=\"lightbox[22128]\"><img loading=\"lazy\" decoding=\"async\" class=\"wp-image-190701 alignleft\" src=\"https:\/\/cdn-neurocampus.onlc.eu\/wp-content\/uploads\/2025\/12\/bandeau-neuro-collegeST-UFbio-scaled.png\" alt=\"\" width=\"705\" height=\"50\" srcset=\"https:\/\/www.bordeaux-neurocampus.fr\/wp-content\/uploads\/2025\/12\/bandeau-neuro-collegeST-UFbio-scaled.png 2560w, https:\/\/www.bordeaux-neurocampus.fr\/wp-content\/uploads\/2025\/12\/bandeau-neuro-collegeST-UFbio-360x25.png 360w, https:\/\/www.bordeaux-neurocampus.fr\/wp-content\/uploads\/2025\/12\/bandeau-neuro-collegeST-UFbio-770x54.png 770w, https:\/\/www.bordeaux-neurocampus.fr\/wp-content\/uploads\/2025\/12\/bandeau-neuro-collegeST-UFbio-768x54.png 768w, https:\/\/www.bordeaux-neurocampus.fr\/wp-content\/uploads\/2025\/12\/bandeau-neuro-collegeST-UFbio-1536x108.png 1536w, https:\/\/www.bordeaux-neurocampus.fr\/wp-content\/uploads\/2025\/12\/bandeau-neuro-collegeST-UFbio-2048x144.png 2048w, https:\/\/www.bordeaux-neurocampus.fr\/wp-content\/uploads\/2025\/12\/bandeau-neuro-collegeST-UFbio-1320x93.png 1320w\" sizes=\"auto, (max-width: 705px) 100vw, 705px\" \/><\/a><\/p>\n<h3><a href=\"https:\/\/cdn-neurocampus.onlc.eu\/wp-content\/uploads\/2025\/12\/bandeau-neuro-ecor-sp-sbm.png\" rel=\"lightbox[22128]\"><img loading=\"lazy\" decoding=\"async\" class=\"wp-image-190702 alignnone\" src=\"https:\/\/cdn-neurocampus.onlc.eu\/wp-content\/uploads\/2025\/12\/bandeau-neuro-ecor-sp-sbm.png\" alt=\"\" width=\"684\" height=\"48\" srcset=\"https:\/\/www.bordeaux-neurocampus.fr\/wp-content\/uploads\/2025\/12\/bandeau-neuro-ecor-sp-sbm.png 2000w, https:\/\/www.bordeaux-neurocampus.fr\/wp-content\/uploads\/2025\/12\/bandeau-neuro-ecor-sp-sbm-360x25.png 360w, https:\/\/www.bordeaux-neurocampus.fr\/wp-content\/uploads\/2025\/12\/bandeau-neuro-ecor-sp-sbm-770x54.png 770w, https:\/\/www.bordeaux-neurocampus.fr\/wp-content\/uploads\/2025\/12\/bandeau-neuro-ecor-sp-sbm-768x54.png 768w, https:\/\/www.bordeaux-neurocampus.fr\/wp-content\/uploads\/2025\/12\/bandeau-neuro-ecor-sp-sbm-1536x108.png 1536w, https:\/\/www.bordeaux-neurocampus.fr\/wp-content\/uploads\/2025\/12\/bandeau-neuro-ecor-sp-sbm-1320x93.png 1320w\" sizes=\"auto, (max-width: 684px) 100vw, 684px\" \/><\/a><\/h3>\n<h3>Pour tout renseignement<\/h3>\n<p>Arnaud Rodriguez<br \/>\narnaud.rodriguez@u-bordeaux.fr[\/vc_column_text][\/vc_column][\/vc_row][vc_row][vc_column][vc_column_text css=&#8221;&#8221;]<\/p>\n<h2 class=\"redTitle\">Logos des instituts<\/h2>\n<p>(RVB &#8211; taille suffisante pour Word et imprimante : 6cm en 220dpi)<br \/>\nAutres versions disponibles par mail.[\/vc_column_text][\/vc_column][\/vc_row][vc_row][vc_column width=&#8221;1\/3&#8243;][vc_column_text]<a href=\"https:\/\/www.bordeaux-neurocampus.fr\/wp-content\/uploads\/2018\/07\/Bx_Neurocampus_IINS01_RVB-520px.jpg\" rel=\"lightbox[22128]\"><img loading=\"lazy\" decoding=\"async\" class=\"wp-image-61827\" src=\"https:\/\/www.bordeaux-neurocampus.fr\/wp-content\/uploads\/2018\/07\/Bx_Neurocampus_IINS01_RVB-520px.jpg\" alt=\"\" width=\"180\" height=\"162\" srcset=\"https:\/\/www.bordeaux-neurocampus.fr\/wp-content\/uploads\/2018\/07\/Bx_Neurocampus_IINS01_RVB-520px.jpg 520w, https:\/\/www.bordeaux-neurocampus.fr\/wp-content\/uploads\/2018\/07\/Bx_Neurocampus_IINS01_RVB-520px-360x324.jpg 360w\" sizes=\"auto, (max-width: 180px) 100vw, 180px\" \/><\/a>[\/vc_column_text][vc_column_text]<strong>Couleur de r\u00e9f\u00e9rence :<\/strong><br \/>\nR = 33<br \/>\nV = 142<br \/>\nB = 27<br \/>\n#218e39[\/vc_column_text][\/vc_column][vc_column width=&#8221;1\/3&#8243;][vc_column_text]<a href=\"https:\/\/www.bordeaux-neurocampus.fr\/wp-content\/uploads\/2018\/07\/Bx_Neurocampus_IMN01_RVB-520px.jpg\" rel=\"lightbox[22128]\"><img loading=\"lazy\" decoding=\"async\" class=\"wp-image-61828\" src=\"https:\/\/www.bordeaux-neurocampus.fr\/wp-content\/uploads\/2018\/07\/Bx_Neurocampus_IMN01_RVB-520px.jpg\" alt=\"\" width=\"182\" height=\"164\" srcset=\"https:\/\/www.bordeaux-neurocampus.fr\/wp-content\/uploads\/2018\/07\/Bx_Neurocampus_IMN01_RVB-520px.jpg 520w, https:\/\/www.bordeaux-neurocampus.fr\/wp-content\/uploads\/2018\/07\/Bx_Neurocampus_IMN01_RVB-520px-360x324.jpg 360w\" sizes=\"auto, (max-width: 182px) 100vw, 182px\" \/><\/a>[\/vc_column_text][vc_column_text]<strong>Couleur de r\u00e9f\u00e9rence :<\/strong><br \/>\nR = 0<br \/>\nV = 157<br \/>\nB = 22<br \/>\n#009dde[\/vc_column_text][\/vc_column][vc_column width=&#8221;1\/3&#8243;][vc_column_text]<a href=\"https:\/\/www.bordeaux-neurocampus.fr\/wp-content\/uploads\/2018\/07\/Bx_Neurocampus_INCIA01_RVB-520px.jpg\" rel=\"lightbox[22128]\"><img loading=\"lazy\" decoding=\"async\" class=\"alignleft wp-image-61829\" src=\"https:\/\/www.bordeaux-neurocampus.fr\/wp-content\/uploads\/2018\/07\/Bx_Neurocampus_INCIA01_RVB-520px.jpg\" alt=\"Logo INCIA - Neurocampus\" width=\"182\" height=\"164\" srcset=\"https:\/\/www.bordeaux-neurocampus.fr\/wp-content\/uploads\/2018\/07\/Bx_Neurocampus_INCIA01_RVB-520px.jpg 520w, https:\/\/www.bordeaux-neurocampus.fr\/wp-content\/uploads\/2018\/07\/Bx_Neurocampus_INCIA01_RVB-520px-360x324.jpg 360w\" sizes=\"auto, (max-width: 182px) 100vw, 182px\" \/><\/a>[\/vc_column_text][vc_column_text]<strong>Couleur de r\u00e9f\u00e9rence :<\/strong><br \/>\nR = 132<br \/>\nV = 3<br \/>\nB = 124<br \/>\n#7b037c[\/vc_column_text][\/vc_column][\/vc_row][vc_row][vc_column][vc_separator][\/vc_column][\/vc_row][vc_row][vc_column width=&#8221;1\/3&#8243;][vc_column_text]<a href=\"https:\/\/www.bordeaux-neurocampus.fr\/wp-content\/uploads\/2018\/07\/Bx_Neurocampus_Magendie01_RVB-520px.jpg\" rel=\"lightbox[22128]\"><img loading=\"lazy\" decoding=\"async\" class=\"wp-image-61830\" src=\"https:\/\/www.bordeaux-neurocampus.fr\/wp-content\/uploads\/2018\/07\/Bx_Neurocampus_Magendie01_RVB-520px.jpg\" alt=\"\" width=\"224\" height=\"158\" srcset=\"https:\/\/www.bordeaux-neurocampus.fr\/wp-content\/uploads\/2018\/07\/Bx_Neurocampus_Magendie01_RVB-520px.jpg 520w, https:\/\/www.bordeaux-neurocampus.fr\/wp-content\/uploads\/2018\/07\/Bx_Neurocampus_Magendie01_RVB-520px-360x253.jpg 360w\" sizes=\"auto, (max-width: 224px) 100vw, 224px\" \/><\/a>[\/vc_column_text][vc_column_text]<strong>Couleur de r\u00e9f\u00e9rence :<\/strong><br \/>\nR = 187<br \/>\nV = 0<br \/>\nB = 39<br \/>\n#bb0027[\/vc_column_text][\/vc_column][vc_column width=&#8221;1\/3&#8243;][vc_column_text]<a href=\"https:\/\/www.bordeaux-neurocampus.fr\/wp-content\/uploads\/2018\/07\/Bx_Neurocampus_Nutrineuro01_RVB-520px.jpg\" rel=\"lightbox[22128]\"><img loading=\"lazy\" decoding=\"async\" class=\"wp-image-61831 \" src=\"https:\/\/www.bordeaux-neurocampus.fr\/wp-content\/uploads\/2018\/07\/Bx_Neurocampus_Nutrineuro01_RVB-520px.jpg\" alt=\"\" width=\"224\" height=\"175\" srcset=\"https:\/\/www.bordeaux-neurocampus.fr\/wp-content\/uploads\/2018\/07\/Bx_Neurocampus_Nutrineuro01_RVB-520px.jpg 520w, https:\/\/www.bordeaux-neurocampus.fr\/wp-content\/uploads\/2018\/07\/Bx_Neurocampus_Nutrineuro01_RVB-520px-360x282.jpg 360w\" sizes=\"auto, (max-width: 224px) 100vw, 224px\" \/><\/a>[\/vc_column_text][vc_column_text]<strong>Couleur de r\u00e9f\u00e9rence :<\/strong><br \/>\nR = 160<br \/>\nV = 190<br \/>\nB = 34<br \/>\n#a0be22[\/vc_column_text][\/vc_column][vc_column width=&#8221;1\/3&#8243;][vc_column_text]<a href=\"https:\/\/www.bordeaux-neurocampus.fr\/wp-content\/uploads\/2018\/07\/Bx_Neurocampus_SANPSY01_RVB-520px.jpg\" rel=\"lightbox[22128]\"><img loading=\"lazy\" decoding=\"async\" class=\"wp-image-61832 \" src=\"https:\/\/www.bordeaux-neurocampus.fr\/wp-content\/uploads\/2018\/07\/Bx_Neurocampus_SANPSY01_RVB-520px.jpg\" alt=\"\" width=\"224\" height=\"175\" srcset=\"https:\/\/www.bordeaux-neurocampus.fr\/wp-content\/uploads\/2018\/07\/Bx_Neurocampus_SANPSY01_RVB-520px.jpg 520w, https:\/\/www.bordeaux-neurocampus.fr\/wp-content\/uploads\/2018\/07\/Bx_Neurocampus_SANPSY01_RVB-520px-360x282.jpg 360w\" sizes=\"auto, (max-width: 224px) 100vw, 224px\" \/><\/a>[\/vc_column_text][vc_column_text]<strong>Couleur de r\u00e9f\u00e9rence :<\/strong><br \/>\nR = 208<br \/>\nV = 127<br \/>\nB = 29<br \/>\n#d07f1d[\/vc_column_text][\/vc_column][\/vc_row][vc_row][vc_column][vc_separator][\/vc_column][\/vc_row][vc_row][vc_column][vc_column_text css=&#8221;&#8221;]<\/p>\n<h2 class=\"redTitle\">Mod\u00e8les de support<\/h2>\n<p><a href=\"https:\/\/www.bordeaux-neurocampus.fr\/wp-content\/uploads\/2022\/11\/PowerPoint-IINS-16x9-1.pptx\">PowerPoint-IINS-16&#215;9<\/a><\/p>\n<p><a href=\"https:\/\/www.bordeaux-neurocampus.fr\/wp-content\/uploads\/2022\/11\/PowerPoint-IMN-16x9-1.pptx\">PowerPoint-IMN-16&#215;9<\/a><\/p>\n<p><a href=\"https:\/\/www.bordeaux-neurocampus.fr\/wp-content\/uploads\/2022\/11\/PowerPoint-INCIA-16x9-1.pptx\">PowerPoint-INCIA-16&#215;9<\/a><\/p>\n<p><a href=\"https:\/\/www.bordeaux-neurocampus.fr\/wp-content\/uploads\/2022\/11\/PowerPoint-Magendie-16x9-1.pptx\">PowerPoint-Magendie-16&#215;9<\/a><\/p>\n<p><a href=\"https:\/\/www.bordeaux-neurocampus.fr\/wp-content\/uploads\/2022\/11\/PowerPoint-NutriNeuro-16x9-1.pptx\">PowerPoint-NutriNeuro-16&#215;9<\/a><\/p>\n<p><a href=\"https:\/\/www.bordeaux-neurocampus.fr\/wp-content\/uploads\/2022\/11\/PowerPoint-SANPSY-16x9-1.pptx\">PowerPoint-SANPSY-16&#215;9<\/a>[\/vc_column_text][vc_column_text css=&#8221;&#8221;]<\/p>\n<h2 class=\"redTitle\">Mod\u00e8les de posters<\/h2>\n<ul>\n<li><a href=\"https:\/\/www.bordeaux-neurocampus.fr\/wp-content\/uploads\/2025\/04\/Poster-Horizontal-IINS.ppt\">Poster horizontal IINS<\/a><\/li>\n<li><a href=\"https:\/\/www.bordeaux-neurocampus.fr\/wp-content\/uploads\/2025\/04\/Poster-Vertical-IINS.ppt\">Poster vertical IINS<\/a><\/li>\n<\/ul>\n<ul>\n<li><a href=\"https:\/\/www.bordeaux-neurocampus.fr\/wp-content\/uploads\/2025\/04\/Poster-Horizontal-IMN.ppt\">Poster Horizontal IMN<\/a><\/li>\n<li><a href=\"https:\/\/www.bordeaux-neurocampus.fr\/wp-content\/uploads\/2025\/04\/Poster-Vertical-IMN.ppt\">Poster Vertical IMN<\/a><\/li>\n<\/ul>\n<ul>\n<li><a href=\"https:\/\/www.bordeaux-neurocampus.fr\/wp-content\/uploads\/2025\/04\/Poster-Horizontal-INCIA.ppt\">Poster Horizontal INCIA<\/a><\/li>\n<li><a href=\"https:\/\/www.bordeaux-neurocampus.fr\/wp-content\/uploads\/2025\/04\/Poster-Vertical-INCIA.ppt\">Poster Vertical INCIA<\/a><\/li>\n<\/ul>\n<ul>\n<li><a href=\"https:\/\/www.bordeaux-neurocampus.fr\/wp-content\/uploads\/2025\/04\/Poster-horizontal-Magendie.ppt\">Poster horizontal Magendie<\/a><\/li>\n<li><a href=\"https:\/\/www.bordeaux-neurocampus.fr\/wp-content\/uploads\/2025\/04\/Poster-Vertical-Magendie.ppt\">Poster Vertical Magendie<\/a><\/li>\n<\/ul>\n<ul>\n<li><a href=\"https:\/\/www.bordeaux-neurocampus.fr\/wp-content\/uploads\/2025\/04\/Poster-Vertical-NutriNeuro.ppt\">Poster Vertical NutriNeuro<\/a><\/li>\n<li><a href=\"https:\/\/www.bordeaux-neurocampus.fr\/wp-content\/uploads\/2025\/04\/Poster-Horizontal-Nutrineuro.ppt\">Poster horizontal Nutrineuro<\/a><\/li>\n<\/ul>\n<ul>\n<li><a href=\"https:\/\/www.bordeaux-neurocampus.fr\/wp-content\/uploads\/2025\/04\/Poster-Vertical-sanpsy.ppt\">Poster vertical Sanpsy<\/a><\/li>\n<li><a href=\"https:\/\/www.bordeaux-neurocampus.fr\/wp-content\/uploads\/2025\/04\/Poster-Horizontal-Sanpsy.ppt\">Poster horizontal Sanpsy<\/a><\/li>\n<\/ul>\n<p>[\/vc_column_text][\/vc_column][\/vc_row][vc_row][vc_column][vc_column_text css=&#8221;&#8221;]<\/p>\n<h2 class=\"redTitle\">Police de caract\u00e8re<\/h2>\n<p>La police utilis\u00e9e est Klavika. Merci de contacter Arnaud Rodriguez pour l&#8217;obtenir.<\/p>\n<p>Pour le web, vous pouvez utiliser la font google\u00a0Titillium :<br \/>\n<a href=\"https:\/\/fonts.google.com\/specimen\/Titillium+Web\">https:\/\/fonts.google.com\/specimen\/Titillium+Web<\/a><\/p>\n<p>Pour le print, la police Lucida peut \u00eatre utilis\u00e9e pour les textes.[\/vc_column_text][\/vc_column][\/vc_row][vc_row][vc_column][vc_column_text css=&#8221;&#8221;]<\/p>\n<h2 class=\"redTitle\">Contact<\/h2>\n<p>Pour toute demande, merci d&#8217;\u00e9crire \u00e0 Arnaud Rodriguez<br \/>\n<a href=\"mailto:arnaud.rodriguez@u-bordeaux.fr\">arnaud.rodriguez@u-bordeaux.fr<\/a>[\/vc_column_text][\/vc_column][\/vc_row]<\/p>\n<\/div>","protected":false},"excerpt":{"rendered":"<p>Contact : Arnaud Rodriguez<\/p>\n","protected":false},"author":108,"featured_media":0,"parent":179682,"menu_order":10,"comment_status":"closed","ping_status":"closed","template":"","meta":{"footnotes":""},"tags":[],"class_list":["post-22128","page","type-page","status-publish","hentry"],"_links":{"self":[{"href":"https:\/\/www.bordeaux-neurocampus.fr\/en\/wp-json\/wp\/v2\/pages\/22128","targetHints":{"allow":["GET"]}}],"collection":[{"href":"https:\/\/www.bordeaux-neurocampus.fr\/en\/wp-json\/wp\/v2\/pages"}],"about":[{"href":"https:\/\/www.bordeaux-neurocampus.fr\/en\/wp-json\/wp\/v2\/types\/page"}],"author":[{"embeddable":true,"href":"https:\/\/www.bordeaux-neurocampus.fr\/en\/wp-json\/wp\/v2\/users\/108"}],"replies":[{"embeddable":true,"href":"https:\/\/www.bordeaux-neurocampus.fr\/en\/wp-json\/wp\/v2\/comments?post=22128"}],"version-history":[{"count":8,"href":"https:\/\/www.bordeaux-neurocampus.fr\/en\/wp-json\/wp\/v2\/pages\/22128\/revisions"}],"predecessor-version":[{"id":190716,"href":"https:\/\/www.bordeaux-neurocampus.fr\/en\/wp-json\/wp\/v2\/pages\/22128\/revisions\/190716"}],"up":[{"embeddable":true,"href":"https:\/\/www.bordeaux-neurocampus.fr\/en\/wp-json\/wp\/v2\/pages\/179682"}],"wp:attachment":[{"href":"https:\/\/www.bordeaux-neurocampus.fr\/en\/wp-json\/wp\/v2\/media?parent=22128"}],"wp:term":[{"taxonomy":"post_tag","embeddable":true,"href":"https:\/\/www.bordeaux-neurocampus.fr\/en\/wp-json\/wp\/v2\/tags?post=22128"}],"curies":[{"name":"wp","href":"https:\/\/api.w.org\/{rel}","templated":true}]}}