{"id":22121,"date":"2018-03-12T16:38:31","date_gmt":"2018-03-12T15:38:31","guid":{"rendered":"https:\/\/neurodev-ng.u-bordeaux.fr\/missions\/training\/masters\/"},"modified":"2019-06-06T17:35:51","modified_gmt":"2019-06-06T15:35:51","slug":"masters","status":"publish","type":"page","link":"https:\/\/www.bordeaux-neurocampus.fr\/en\/training\/masters-and-phd\/masters\/","title":{"rendered":"International masters"},"content":{"rendered":"<div class=\"wpb-content-wrapper\"><p>[vc_row][vc_column][vc_column_text]<a href=\"https:\/\/www.bordeaux-neurocampus.fr\/wp-content\/uploads\/2018\/05\/Masters-neurosciences-universite-bordeaux.png\" rel=\"lightbox[22121]\"><img loading=\"lazy\" decoding=\"async\" class=\"alignleft wp-image-56254 size-full\" src=\"https:\/\/www.bordeaux-neurocampus.fr\/wp-content\/uploads\/2018\/05\/Masters-neurosciences-universite-bordeaux.png\" alt=\"\" width=\"995\" height=\"644\" srcset=\"https:\/\/www.bordeaux-neurocampus.fr\/wp-content\/uploads\/2018\/05\/Masters-neurosciences-universite-bordeaux.png 995w, https:\/\/www.bordeaux-neurocampus.fr\/wp-content\/uploads\/2018\/05\/Masters-neurosciences-universite-bordeaux-360x233.png 360w, https:\/\/www.bordeaux-neurocampus.fr\/wp-content\/uploads\/2018\/05\/Masters-neurosciences-universite-bordeaux-770x498.png 770w\" sizes=\"auto, (max-width: 995px) 100vw, 995px\" \/><\/a><\/p>\n<p>&nbsp;<\/p>\n<p><a href=\"https:\/\/www.u-bordeaux.fr\/formation\/2018\/PRMA_86\/neurosciences\" target=\"_blank\" rel=\"noopener\"><strong>More information:<\/strong> Website of the University of Bordeaux<\/a><\/p>\n<h2>Partners<\/h2>\n<p><b>Neurasmus<\/b><b><br \/>\n<\/b>Erasmus Mundus Master with :<\/p>\n<ul>\n<li>Universit\u00e9 de Laval (Canada)<\/li>\n<li>UMG Universit\u00e4tsmedizin G\u00f6ttingen Charit\u00e9 (Allemagne)<\/li>\n<li>Universit\u00e4tsmedizin Berlin (Allemagne)<\/li>\n<li>Vrije Universiteit Amsterdam (the Netherlands)<\/li>\n<\/ul>\n<p><b>NeuroBim<\/b>:<\/p>\n<ul>\n<li>Bordeaux International Master of Neuroscience \/ with Tsukuba University (Japon)<\/li>\n<\/ul>\n<p><b>EMN-Online<\/b>:<\/p>\n<ul>\n<li>Euro-Mediterranean Master of Neuroscience \/ master Erasmus + with 13 academic partners in Europe and Mediterranean basin<\/li>\n<\/ul>\n<p>&nbsp;<\/p>\n<p>[\/vc_column_text][\/vc_column][\/vc_row][vc_row][vc_column][vc_column_text]<\/p>\n<h2 class=\"title\">Procedure<\/h2>\n<h2 id=\"title-apply-to-french-tracks\">Apply to French tracks<\/h2>\n<p>Get more information to apply to <a href=\"https:\/\/apoflux.u-bordeaux.fr\/etudiant\/index.php?type=etape&amp;val=8TMNR4&amp;profil=\" target=\"_blank\" rel=\"noopener\">Regular or Multi-Public French tracks<\/a><\/p>\n<p><a id=\"eztoc1_2\" name=\"eztoc1_2\"><\/a><\/p>\n<h2 id=\"title-apply-to-international-tracks\">Apply to international tracks<\/h2>\n<p>Get more information to <a href=\"https:\/\/neurobim.u-bordeaux.fr\/how-to-apply.html\" target=\"_blank\" rel=\"noopener\">apply to Master NeuroBim<\/a><\/p>\n<p>Get more information to <a href=\"http:\/\/emundus-neurasmus.univ-bordeaux.fr\/\" target=\"_blank\" rel=\"noopener\">apply to Neurasmus Master<\/a><\/p>\n<p>Get more information to <a href=\"https:\/\/emn-online.org\/how-to-apply\" target=\"_blank\" rel=\"noopener\">apply to EMN Online<\/a><\/p>\n<p>[\/vc_column_text][\/vc_column][\/vc_row]<\/p>\n<\/div>","protected":false},"excerpt":{"rendered":"<p>Master Erasmus Mundus, NeuroBim and Euro-Mediterranean Master of Neuroscience <\/p>\n","protected":false},"author":108,"featured_media":0,"parent":101179,"menu_order":2,"comment_status":"closed","ping_status":"closed","template":"","meta":{"footnotes":""},"tags":[],"class_list":["post-22121","page","type-page","status-publish","hentry"],"_links":{"self":[{"href":"https:\/\/www.bordeaux-neurocampus.fr\/en\/wp-json\/wp\/v2\/pages\/22121","targetHints":{"allow":["GET"]}}],"collection":[{"href":"https:\/\/www.bordeaux-neurocampus.fr\/en\/wp-json\/wp\/v2\/pages"}],"about":[{"href":"https:\/\/www.bordeaux-neurocampus.fr\/en\/wp-json\/wp\/v2\/types\/page"}],"author":[{"embeddable":true,"href":"https:\/\/www.bordeaux-neurocampus.fr\/en\/wp-json\/wp\/v2\/users\/108"}],"replies":[{"embeddable":true,"href":"https:\/\/www.bordeaux-neurocampus.fr\/en\/wp-json\/wp\/v2\/comments?post=22121"}],"version-history":[{"count":0,"href":"https:\/\/www.bordeaux-neurocampus.fr\/en\/wp-json\/wp\/v2\/pages\/22121\/revisions"}],"up":[{"embeddable":true,"href":"https:\/\/www.bordeaux-neurocampus.fr\/en\/wp-json\/wp\/v2\/pages\/101179"}],"wp:attachment":[{"href":"https:\/\/www.bordeaux-neurocampus.fr\/en\/wp-json\/wp\/v2\/media?parent=22121"}],"wp:term":[{"taxonomy":"post_tag","embeddable":true,"href":"https:\/\/www.bordeaux-neurocampus.fr\/en\/wp-json\/wp\/v2\/tags?post=22121"}],"curies":[{"name":"wp","href":"https:\/\/api.w.org\/{rel}","templated":true}]}}