{"id":20447,"date":"2018-03-27T11:30:17","date_gmt":"2018-03-27T09:30:17","guid":{"rendered":"https:\/\/neurodev-ng.u-bordeaux.fr\/missions\/innovation\/equipments-of-excellence\/phenovirt-a-traduire\/"},"modified":"2019-01-22T18:04:18","modified_gmt":"2019-01-22T17:04:18","slug":"phenovirt","status":"publish","type":"page","link":"https:\/\/www.bordeaux-neurocampus.fr\/en\/phenovirt\/","title":{"rendered":"Phenovirt"},"content":{"rendered":"<div class=\"wpb-content-wrapper\"><div class=\"vc_row wpb_row vc_row-fluid\"><div class=\"wpb_column vc_column_container vc_col-sm-12\"><div class=\"vc_column-inner\"><div class=\"wpb_wrapper\">\n\t<div class=\"wpb_video_widget wpb_content_element vc_clearfix   vc_video-aspect-ratio-169 vc_video-el-width-100 vc_video-align-left\" >\n\t\t<div class=\"wpb_wrapper\">\n\t\t\t\n\t\t\t<div class=\"wpb_video_wrapper\"><a href=\"\">&#8221;https:\/\/youtu.be\/qgOYVtT_EOo&#8221;<\/a><\/div>\n\t\t<\/div>\n\t<\/div>\n<\/div><\/div><\/div><\/div>\n<\/div>","protected":false},"excerpt":{"rendered":"<p>La plateforme Phenovirt est dot\u00e9e d\u2019\u00e9quipements originaux de r\u00e9alit\u00e9 virtuelle et de simulation, sp\u00e9cialement d\u00e9di\u00e9s au ph\u00e9notypage optimum de la somnolence, de l\u2019attention, de la cognition et du comportement chez l\u2019homme. Elle a permis le d\u00e9veloppement d&#8217;agents conversationnels anim\u00e9s (m\u00e9decins et patients virtuels) utilisables dans le cadre de la m\u00e9decine de pr\u00e9cision. On y teste\u2026<\/p>\n","protected":false},"author":108,"featured_media":0,"parent":0,"menu_order":2,"comment_status":"closed","ping_status":"closed","template":"","meta":{"footnotes":""},"tags":[],"class_list":["post-20447","page","type-page","status-publish","hentry"],"_links":{"self":[{"href":"https:\/\/www.bordeaux-neurocampus.fr\/en\/wp-json\/wp\/v2\/pages\/20447","targetHints":{"allow":["GET"]}}],"collection":[{"href":"https:\/\/www.bordeaux-neurocampus.fr\/en\/wp-json\/wp\/v2\/pages"}],"about":[{"href":"https:\/\/www.bordeaux-neurocampus.fr\/en\/wp-json\/wp\/v2\/types\/page"}],"author":[{"embeddable":true,"href":"https:\/\/www.bordeaux-neurocampus.fr\/en\/wp-json\/wp\/v2\/users\/108"}],"replies":[{"embeddable":true,"href":"https:\/\/www.bordeaux-neurocampus.fr\/en\/wp-json\/wp\/v2\/comments?post=20447"}],"version-history":[{"count":0,"href":"https:\/\/www.bordeaux-neurocampus.fr\/en\/wp-json\/wp\/v2\/pages\/20447\/revisions"}],"wp:attachment":[{"href":"https:\/\/www.bordeaux-neurocampus.fr\/en\/wp-json\/wp\/v2\/media?parent=20447"}],"wp:term":[{"taxonomy":"post_tag","embeddable":true,"href":"https:\/\/www.bordeaux-neurocampus.fr\/en\/wp-json\/wp\/v2\/tags?post=20447"}],"curies":[{"name":"wp","href":"https:\/\/api.w.org\/{rel}","templated":true}]}}