{"id":19391,"date":"2018-03-14T10:20:42","date_gmt":"2018-03-14T09:20:42","guid":{"rendered":"https:\/\/neurodev-ng.u-bordeaux.fr\/who-are-we\/our-6-institutes\/incia\/"},"modified":"2024-06-14T18:13:49","modified_gmt":"2024-06-14T16:13:49","slug":"institute-incia","status":"publish","type":"page","link":"https:\/\/www.bordeaux-neurocampus.fr\/en\/who-are-we-bordeaux-neurocampus\/our-6-institutes\/institute-incia\/","title":{"rendered":"INCIA"},"content":{"rendered":"<div class=\"wpb-content-wrapper\"><p>[vc_row][vc_column width=&#8221;2\/3&#8243;][vc_column_text]<img loading=\"lazy\" decoding=\"async\" class=\"alignleft wp-image-17747 \" src=\"https:\/\/www.bordeaux-neurocampus.fr\/wp-content\/uploads\/2018\/02\/incia-300x270.jpg\" alt=\"\" width=\"200\" height=\"180\" \/><\/p>\n<p>The Institut de Neurosciences Cognitives et Int\u00e9gratives d\u2019Aquitaine (INCIA) brings together researchers specialised in cognitive and integrative neurosciences.<\/p>\n<p>Our Institute, which comprises nearly 60 researchers and faculty members covers various research fields which include cognitive neuropsychology, neuroscience, psychophysics and computational science to address basic scientific themes such as neural network operation underlying adaptive motor behavior, addiction, executive functions, motivation, emotion and memory, perception and attention, cognitive deficits and disability.<\/p>\n<p>The research topics at INCIA range from cellular and circuit properties to behavior and cognition in a wide range of models, from invertebrate to human. This multi-level perspective requires approaches at the crossroads between neuroscience and other disciplines including molecular biology, biophysics and biomechanics, experimental psychology, neuroeconomy and engineering.[\/vc_column_text][vc_row_inner][vc_column_inner width=&#8221;2\/3&#8243;][vc_text_separator title=&#8221;Contact&#8221; i_icon_fontawesome=&#8221;fa fa-address-card&#8221; i_color=&#8221;custom&#8221; color=&#8221;custom&#8221; add_icon=&#8221;true&#8221; accent_color=&#8221;#7b037c&#8221; i_custom_color=&#8221;#7b037c&#8221;][vc_column_text]INCIA &#8211; UMR 5287 &#8211; CNRS<br \/>\nUniversit\u00e9 de Bordeaux<\/p>\n<p>Zone nord &#8211; Bat 2 &#8211; 2\u00e8me \u00e9tage<br \/>\n146, rue L\u00e9o Saignat<br \/>\n33076 Bordeaux cedex<br \/>\nFrance<\/p>\n<p>Tel +33 (0)5 57 57 15 51<br \/>\nFax\u00a0 +33 (0)5 56 90 14 21<\/p>\n<p><strong><a href=\"http:\/\/www.incia.u-bordeaux1.fr\/\">www.incia.u-bordeaux1.fr<\/a><\/strong>[\/vc_column_text][\/vc_column_inner][vc_column_inner width=&#8221;1\/3&#8243;][vc_text_separator title=&#8221;Directeur&#8221; color=&#8221;custom&#8221; accent_color=&#8221;#7b037c&#8221; css=&#8221;.vc_custom_1547223963678{padding-top: 22px !important;}&#8221;][vc_column_text]<a href=\"https:\/\/www.bordeaux-neurocampus.fr\/en\/staff\/sandrine-bertrand\/\">Sandrine Bertrand<\/a><\/p>\n<p><img loading=\"lazy\" decoding=\"async\" class=\"alignnone wp-image-64930\" src=\"https:\/\/www.bordeaux-neurocampus.fr\/wp-content\/uploads\/2018\/07\/Bertrand-Sandrine-Portrait-10-270x360.jpg\" alt=\"\" width=\"241\" height=\"321\" srcset=\"https:\/\/www.bordeaux-neurocampus.fr\/wp-content\/uploads\/2018\/07\/Bertrand-Sandrine-Portrait-10-270x360.jpg 270w, https:\/\/www.bordeaux-neurocampus.fr\/wp-content\/uploads\/2018\/07\/Bertrand-Sandrine-Portrait-10-577x770.jpg 577w, https:\/\/www.bordeaux-neurocampus.fr\/wp-content\/uploads\/2018\/07\/Bertrand-Sandrine-Portrait-10.jpg 878w\" sizes=\"auto, (max-width: 241px) 100vw, 241px\" \/>[\/vc_column_text][\/vc_column_inner][\/vc_row_inner][vc_row_inner][vc_column_inner][vc_text_separator title=&#8221;Parent institutions&#8221; i_icon_fontawesome=&#8221;fa fa-sitemap&#8221; i_color=&#8221;custom&#8221; color=&#8221;custom&#8221; add_icon=&#8221;true&#8221; accent_color=&#8221;#7b037c&#8221; i_custom_color=&#8221;#7b037c&#8221;][vc_column_text]<img loading=\"lazy\" decoding=\"async\" class=\"alignleft wp-image-19750\" src=\"https:\/\/www.bordeaux-neurocampus.fr\/wp-content\/uploads\/2018\/03\/CNRS-logo-e1522155453284.png\" alt=\"\" width=\"57\" height=\"57\" srcset=\"https:\/\/www.bordeaux-neurocampus.fr\/wp-content\/uploads\/2018\/03\/CNRS-logo-e1522155453284.png 120w, https:\/\/www.bordeaux-neurocampus.fr\/wp-content\/uploads\/2018\/03\/CNRS-logo-e1522155453284-80x80.png 80w\" sizes=\"auto, (max-width: 57px) 100vw, 57px\" \/><img loading=\"lazy\" decoding=\"async\" class=\"alignleft wp-image-19752\" src=\"https:\/\/www.bordeaux-neurocampus.fr\/wp-content\/uploads\/2018\/03\/Universite_Bordeaux-logo-2-300x104.png\" alt=\"Universit\u00e9 de Bordeaux\" width=\"185\" height=\"64\" \/> <a href=\"https:\/\/www.bordeaux-neurocampus.fr\/wp-content\/uploads\/2019\/03\/logo-ephe.png\" rel=\"lightbox[19391]\"><img loading=\"lazy\" decoding=\"async\" class=\"alignleft wp-image-103848 \" src=\"https:\/\/www.bordeaux-neurocampus.fr\/wp-content\/uploads\/2019\/03\/logo-ephe-360x140.png\" alt=\"EPHE\" width=\"170\" height=\"66\" \/><\/a>[\/vc_column_text][\/vc_column_inner][\/vc_row_inner][\/vc_column][vc_column width=&#8221;1\/3&#8243;][vc_text_separator title=&#8221;Teams&#8221; i_icon_fontawesome=&#8221;fa fa-users&#8221; i_color=&#8221;custom&#8221; color=&#8221;custom&#8221; add_icon=&#8221;true&#8221; accent_color=&#8221;#7b037c&#8221; i_custom_color=&#8221;#7b037c&#8221;][vc_column_text]<a href=\"https:\/\/www.bordeaux-neurocampus.fr\/en\/team\/candy\/\"><strong>Serge Ahmed<br \/>\n<\/strong>Choice, Addiction and neurodysfonctions (CANDY)<\/a><\/p>\n<p><a href=\"https:\/\/www.bordeaux-neurocampus.fr\/en\/team\/motor-control-and-cognition\/\"><strong>Arnaud Badets ; Thomas Michelet<br \/>\n<\/strong>Motor control and cognition (MOCOCO)<\/a><\/p>\n<p><a href=\"https:\/\/www.bordeaux-neurocampus.fr\/en\/team\/ecopsy\/\"><strong>Sylvie Berthoz ; Igor Sibon<\/strong><br \/>\nEcological assessment and management of psychiatric disorders (EcoPsy)<\/a><\/p>\n<p><a href=\"https:\/\/www.bordeaux-neurocampus.fr\/en\/team\/memory\/\"><strong>Bruno Bontempi ; Jean-Luc Morel<br \/>\n<\/strong>Dynamics of neuronal and vascular networks underlying memory processing<\/a><\/p>\n<p><a href=\"https:\/\/www.bordeaux-neurocampus.fr\/en\/team\/motopsyn\/\"><strong>Pascal Branchereau ; Didier Le Ray<br \/>\n<\/strong>Motoneurons and synaptic partners<\/a><\/p>\n<p><a href=\"https:\/\/www.bordeaux-neurocampus.fr\/en\/team\/e-motiv\/\"><strong>St\u00e9phanie Caill\u00e9-Garnier ; Vincent David<\/strong><br \/>\nEmotion, Motivation and Cognition (E-Motiv)<\/a><\/p>\n<p><a href=\"https:\/\/www.bordeaux-neurocampus.fr\/en\/team\/sleep-wake-aging-neuroimaging-swan\/\"><strong>Gw\u00e9na\u00eblle Catheline<\/strong><br \/>\nSleep\/Wake, Aging, Neuroimaging (SWAN)<\/a><\/p>\n<p><a href=\"https:\/\/www.bordeaux-neurocampus.fr\/en\/team\/p3tn\/\"><strong>Philippe de Deurwaed\u00e8re \/ Guillaume Lucas<\/strong><br \/>\nPhysiology and preclinical pharmacology of neuropsychiatric disorders<\/a><\/p>\n<p><strong><a href=\"https:\/\/www.bordeaux-neurocampus.fr\/en\/team\/multimodal-translational-imaging\/\">Cl\u00e9ment Morgat ; J\u00e9r\u00f4me Maz\u00e8re<br \/>\n<\/a><\/strong>Multimodal Translational Imaging<\/p>\n<p><a href=\"https:\/\/www.bordeaux-neurocampus.fr\/en\/team\/addiction-interoception-and-sex-differences-need\/\"><strong>C\u00e9line Nicolas<\/strong><br \/>\nAddiction, Interoception and sex differences (NEED)<\/a><\/p>\n<p><a href=\"https:\/\/www.bordeaux-neurocampus.fr\/en\/team\/hybrid-sensorimotor-performance\/\"><strong>Aymar de Rugy<br \/>\n<\/strong>Hybrid sensorimotor performance<\/a><\/p>\n<p><a href=\"https:\/\/www.bordeaux-neurocampus.fr\/en\/team\/nrgen\/\"><strong>Giovanni Stevanin ; Cyril Goizet<\/strong><br \/>\nTranslational research in neurogenetic diseases<\/a><\/p>\n<p><a href=\"https:\/\/www.bordeaux-neurocampus.fr\/en\/team\/development-and-neurobiology-of-neural-networks\/\"><strong>Muriel Thoby-Brisson ; Gr\u00e9gory Barri\u00e8re<br \/>\n<\/strong>Development and Neurobiology of Neural Networks (DN3)<\/a><\/p>\n<p><a href=\"https:\/\/www.bordeaux-neurocampus.fr\/en\/team\/decision-and-adaptation\/\"><strong>\u00c9tienne Coutureau ; Mathieu Wolff<br \/>\n<\/strong>Decision and adaptation<\/a>[\/vc_column_text][vc_text_separator title=&#8221;Facilities&#8221; i_icon_fontawesome=&#8221;fa fa-flask&#8221; i_color=&#8221;custom&#8221; color=&#8221;custom&#8221; add_icon=&#8221;true&#8221; accent_color=&#8221;#7b037c&#8221; i_custom_color=&#8221;#7b037c&#8221;][vc_column_text]<a href=\"https:\/\/www.bordeaux-neurocampus.fr\/en\/team\/motricity-analysis-platform-pam\/\">PAM<\/a><\/p>\n<p><a href=\"https:\/\/www.bordeaux-neurocampus.fr\/team\/tep\/\">PET<\/a><\/p>\n<p><a href=\"https:\/\/www.bordeaux-neurocampus.fr\/en\/team\/phycell\/\">Phycell<\/a><\/p>\n<p>Integrated Microscopy Facility<\/p>\n<hr \/>\n<p><a href=\"https:\/\/www.bordeaux-neurocampus.fr\/en\/team\/administration-and-research-management-incia\/\">Administration and research management<\/a>[\/vc_column_text][\/vc_column][\/vc_row]<\/p>\n<\/div>","protected":false},"excerpt":{"rendered":"<p>Au sein de l\u2019INCIA, les chercheurs s\u2019int\u00e9ressent aux m\u00e9canismes et au d\u00e9veloppement des fonctions motrices simples, comme le mouvement ou la respiration, et aux fonctions cognitives plus complexes, comme le vieillissement, la m\u00e9moire, la prise de d\u00e9cision ou la d\u00e9pendance. <\/p>\n","protected":false},"author":108,"featured_media":0,"parent":18545,"menu_order":4,"comment_status":"closed","ping_status":"closed","template":"","meta":{"footnotes":""},"tags":[],"class_list":["post-19391","page","type-page","status-publish","hentry"],"_links":{"self":[{"href":"https:\/\/www.bordeaux-neurocampus.fr\/en\/wp-json\/wp\/v2\/pages\/19391","targetHints":{"allow":["GET"]}}],"collection":[{"href":"https:\/\/www.bordeaux-neurocampus.fr\/en\/wp-json\/wp\/v2\/pages"}],"about":[{"href":"https:\/\/www.bordeaux-neurocampus.fr\/en\/wp-json\/wp\/v2\/types\/page"}],"author":[{"embeddable":true,"href":"https:\/\/www.bordeaux-neurocampus.fr\/en\/wp-json\/wp\/v2\/users\/108"}],"replies":[{"embeddable":true,"href":"https:\/\/www.bordeaux-neurocampus.fr\/en\/wp-json\/wp\/v2\/comments?post=19391"}],"version-history":[{"count":6,"href":"https:\/\/www.bordeaux-neurocampus.fr\/en\/wp-json\/wp\/v2\/pages\/19391\/revisions"}],"predecessor-version":[{"id":172531,"href":"https:\/\/www.bordeaux-neurocampus.fr\/en\/wp-json\/wp\/v2\/pages\/19391\/revisions\/172531"}],"up":[{"embeddable":true,"href":"https:\/\/www.bordeaux-neurocampus.fr\/en\/wp-json\/wp\/v2\/pages\/18545"}],"wp:attachment":[{"href":"https:\/\/www.bordeaux-neurocampus.fr\/en\/wp-json\/wp\/v2\/media?parent=19391"}],"wp:term":[{"taxonomy":"post_tag","embeddable":true,"href":"https:\/\/www.bordeaux-neurocampus.fr\/en\/wp-json\/wp\/v2\/tags?post=19391"}],"curies":[{"name":"wp","href":"https:\/\/api.w.org\/{rel}","templated":true}]}}