{"id":19388,"date":"2018-03-07T14:57:50","date_gmt":"2018-03-07T13:57:50","guid":{"rendered":"https:\/\/neurodev-ng.u-bordeaux.fr\/who-are-we\/partners\/"},"modified":"2021-02-10T23:48:32","modified_gmt":"2021-02-10T22:48:32","slug":"trustees-and-partners","status":"publish","type":"page","link":"https:\/\/www.bordeaux-neurocampus.fr\/en\/who-are-we-bordeaux-neurocampus\/trustees-and-partners\/","title":{"rendered":"Trustees and partners"},"content":{"rendered":"<p><em>Translation in progress<br \/>\n<\/em><\/p>\n<h2>Trustees<\/h2>\n<h3>Universit\u00e9 de Bordeaux<\/h3>\n<p><img loading=\"lazy\" decoding=\"async\" class=\"alignright wp-image-62156\" src=\"https:\/\/www.bordeaux-neurocampus.fr\/wp-content\/uploads\/2018\/03\/Universite_Bordeaux-logo-2-300x104.png\" alt=\"Universit\u00e9 de Bordeaux\" width=\"254\" height=\"88\" \/><\/p>\n<p>L\u2019<strong>Universit\u00e9 de Bordeaux<\/strong> s\u2019int\u00e9resse aux domaines des sciences humaines et sociales, des sciences de la vie, des sciences de la sant\u00e9 et des sciences et technologies.<br \/>\nElle cultive des valeurs universelles qui ont forg\u00e9 sa r\u00e9putation\u00a0:\u00a0humanisme, exigence, cr\u00e9ativit\u00e9 et diversit\u00e9. En prise directe avec les enjeux de la soci\u00e9t\u00e9, elle contribue \u00e0 son d\u00e9veloppement \u00e0 travers la cr\u00e9ation, la transmission et la valorisation du savoir ainsi que la promotion de la pens\u00e9e critique. Son action est conduite en permanence par\u00a0l\u2019exigence et l\u2019ambition, la responsabilit\u00e9 (acad\u00e9mique, citoyenne et sociale), l\u2019innovation et le dynamisme (scientifiques, p\u00e9dagogiques, culturels), l\u2019ind\u00e9pendance (intellectuelle, institutionnelle et individuelle) et l\u2019ouverture (au monde, \u00e0 la diversit\u00e9) et la collaboration.<\/p>\n<p><a href=\"http:\/\/www.u-bordeaux.fr\">www.u-bordeaux.fr<\/a><\/p>\n<h3>INSERM<\/h3>\n<p><img loading=\"lazy\" decoding=\"async\" class=\"alignright wp-image-19760\" src=\"https:\/\/www.bordeaux-neurocampus.fr\/wp-content\/uploads\/2018\/03\/inserm-logo-300x76.png\" alt=\"Inserm\" width=\"225\" height=\"57\" \/>L&#8217;Inserm &#8211;<strong> Institut National de la Sant\u00e9 et de la Recherche M\u00e9dicale\u00a0<\/strong>\u2013 doit assurer la coordination strat\u00e9gique, scientifique et op\u00e9rationnelle de la recherche biom\u00e9dicale. Ce r\u00f4le central de coordinateur lui revient naturellement par la qualit\u00e9 scientifique de ses \u00e9quipes mais \u00e9galement par sa capacit\u00e9 \u00e0 assurer une recherche translationnelle, du laboratoire au lit du patient.<br \/>\nLa d\u00e9l\u00e9gation Aquitaine Poitou-Charentes recouvre l\u2019ensemble des disciplines scientifiques dans le domaine de la sant\u00e9 humaine. Ses th\u00e9matiques phares portent sur les domaines suivants : neurosciences, sciences cognitives, neurologie, psychiatrie ; cancer ; microbiologie et maladies infectieuses ; circulation, m\u00e9tabolisme, nutrition ; immunologie, h\u00e9matologie, pneumologie ; sant\u00e9 publique ; technologies pour la sant\u00e9 ; bases mol\u00e9culaires et structurales du vivant ; biologie cellulaire, d\u00e9veloppement et \u00e9volution ; g\u00e9n\u00e9tique, g\u00e9nomique et bioinformatique.<\/p>\n<p><a href=\"https:\/\/www.inserm.fr\/\" target=\"_blank\" rel=\"noopener noreferrer\">www.inserm.fr\/<\/a><\/p>\n<h3>CNRS<\/h3>\n<p><img loading=\"lazy\" decoding=\"async\" class=\"alignright size-full wp-image-116222\" src=\"https:\/\/www.bordeaux-neurocampus.fr\/wp-content\/uploads\/2018\/03\/CNRS-logo-e1522155453284.png\" alt=\"\" width=\"120\" height=\"120\" srcset=\"https:\/\/www.bordeaux-neurocampus.fr\/wp-content\/uploads\/2018\/03\/CNRS-logo-e1522155453284.png 120w, https:\/\/www.bordeaux-neurocampus.fr\/wp-content\/uploads\/2018\/03\/CNRS-logo-e1522155453284-80x80.png 80w\" sizes=\"auto, (max-width: 120px) 100vw, 120px\" \/>Principal organisme de recherche \u00e0 caract\u00e8re pluridisciplinaire en France, le\u00a0CNRS \u2013 <strong>Centre National de la Recherche Scientifique<\/strong> \u2013 m\u00e8ne des recherches dans l&#8217;ensemble des domaines scientifiques, technologiques et soci\u00e9taux. Le CNRS est pr\u00e9sent dans toutes les disciplines majeures regroup\u00e9es au sein de dix instituts th\u00e9matiques.<br \/>\nAu sein de la D\u00e9l\u00e9gation Aquitaine, gr\u00e2ce \u00e0 sa cinquantaine de laboratoires en co-tutelle, les th\u00e9matiques phares sont : mat\u00e9riaux composites et syst\u00e8mes ; chimie ; optique et lasers ; neurosciences et imagerie m\u00e9dicale ; biologie \u2013 sant\u00e9 ; sciences et technologies de l\u2019information et de la communication ; arch\u00e9ologie ; sciences politiques ; droit et \u00e9conomie. La diversit\u00e9 des th\u00e8mes pr\u00e9sents dans la D\u00e9l\u00e9gation permet de repr\u00e9senter l\u2019ensemble des 10 instituts.<\/p>\n<p><a href=\"http:\/\/www.cnrs.fr\" target=\"_blank\" rel=\"noopener noreferrer\">www.cnrs.fr<\/a><\/p>\n<h3>INRAE<\/h3>\n<p><a href=\"https:\/\/www.bordeaux-neurocampus.fr\/wp-content\/uploads\/2020\/02\/Logo-inrae-1.png\" rel=\"lightbox[19388]\"><img loading=\"lazy\" decoding=\"async\" class=\"size-full wp-image-116191 alignright\" src=\"https:\/\/www.bordeaux-neurocampus.fr\/wp-content\/uploads\/2020\/02\/Logo-inrae-1.png\" alt=\"\" width=\"190\" height=\"50\" \/><\/a>INRAE, l\u2019Institut national de recherche pour l\u2019agriculture, l\u2019alimentation et l\u2019environnement, est un acteur majeur de la recherche et de l\u2019innovation cr\u00e9\u00e9 le 1<sup>er<\/sup> janvier 2020. Institut de recherche finalis\u00e9 issu de la fusion entre l\u2019Inra et Irstea, INRAE rassemble une communaut\u00e9 de 12 000 personnes, avec 268 unit\u00e9s de recherche, service et exp\u00e9rimentales implant\u00e9es dans 18 centres sur toute la France. Il est le premier organisme de recherche mondial sp\u00e9cialis\u00e9 sur l\u2019ensemble \u00ab agriculture-alimentation-environnement \u00bb. INRAE a pour ambition d\u2019\u00eatre un acteur cl\u00e9 des transitions n\u00e9cessaires pour r\u00e9pondre aux grands enjeux mondiaux.<\/p>\n<p>Le centre INRAE Nouvelle-Aquitaine Bordeaux conduit des recherches innovantes et finalis\u00e9es en sciences du v\u00e9g\u00e9tal, \u00e9cologie et environnement, sciences humaines et sociales, neurosciences et nutrition. Dans le contexte actuel des changements globaux, les travaux sont men\u00e9s pour r\u00e9pondre aux enjeux des secteurs agricoles, sylvicoles et aquacoles, tout en proposant un appui aux politiques publiques.<\/p>\n<p><a href=\"http:\/\/www.inrae.fr\">www.inrae.fr<\/a><\/p>\n<p>&nbsp;<\/p>\n<p><strong>\u00a0<\/strong><\/p>\n<h2>Partner<\/h2>\n<h3>Conseil r\u00e9gional de Nouvelle-Aquitaine<\/h3>\n<p><img loading=\"lazy\" decoding=\"async\" class=\"alignright wp-image-19754\" src=\"https:\/\/www.bordeaux-neurocampus.fr\/wp-content\/uploads\/2018\/03\/nouvelle-aquitaine-logo-300x118.png\" alt=\"\" width=\"254\" height=\"100\" \/>L\u2019enseignement sup\u00e9rieur, la recherche et l\u2019innovation repr\u00e9sentent de v\u00e9ritables leviers de d\u00e9veloppement \u00e9conomique pour le territoire r\u00e9gional. Ces domaines font l\u2019objet d\u2019une politique ambitieuse du Conseil r\u00e9gional de Nouvelle-Aquitaine au service de l\u2019attractivit\u00e9 de notre r\u00e9gion. L&#8217;investissement de la R\u00e9gion permet, d\u2019une part, de doter les chercheurs de notre r\u00e9gion d\u2019\u00e9quipements scientifiques de pointe et d\u2019autre part, d\u2019attirer sur son territoire des chercheurs internationaux de renom. La volont\u00e9 r\u00e9gionale est de faire b\u00e9n\u00e9ficier en amont chaque grand secteur \u00e9conomique d\u2019une recherche d\u2019excellence, afin de d\u00e9velopper la comp\u00e9titivit\u00e9 des acteurs \u00e9conomiques, de pr\u00e9parer les emplois de demain et de d\u00e9cloisonner le monde de la recherche et celui de l\u2019entreprise.<br \/>\nLa r\u00e9gion a financ\u00e9 le Centre Broca Nouvelle-Aquitaine o\u00f9 logent deux unit\u00e9s de renom (IINS et IMN) et une plateforme de pointe (BIC).<\/p>\n<p><a href=\"https:\/\/www.nouvelle-aquitaine.fr\/\" target=\"_blank\" rel=\"noopener noreferrer\">www.nouvelle-aquitaine.fr<\/a><\/p>\n","protected":false},"excerpt":{"rendered":"<p>Universit\u00e9&#038; de Bordeaux ; INSERM ; CNRS ; INRA ; Conseil r\u00e9gional de Nouvelle-Aquitaine<\/p>\n","protected":false},"author":108,"featured_media":0,"parent":18737,"menu_order":5,"comment_status":"closed","ping_status":"closed","template":"","meta":{"footnotes":""},"tags":[],"class_list":["post-19388","page","type-page","status-publish","hentry"],"_links":{"self":[{"href":"https:\/\/www.bordeaux-neurocampus.fr\/en\/wp-json\/wp\/v2\/pages\/19388","targetHints":{"allow":["GET"]}}],"collection":[{"href":"https:\/\/www.bordeaux-neurocampus.fr\/en\/wp-json\/wp\/v2\/pages"}],"about":[{"href":"https:\/\/www.bordeaux-neurocampus.fr\/en\/wp-json\/wp\/v2\/types\/page"}],"author":[{"embeddable":true,"href":"https:\/\/www.bordeaux-neurocampus.fr\/en\/wp-json\/wp\/v2\/users\/108"}],"replies":[{"embeddable":true,"href":"https:\/\/www.bordeaux-neurocampus.fr\/en\/wp-json\/wp\/v2\/comments?post=19388"}],"version-history":[{"count":0,"href":"https:\/\/www.bordeaux-neurocampus.fr\/en\/wp-json\/wp\/v2\/pages\/19388\/revisions"}],"up":[{"embeddable":true,"href":"https:\/\/www.bordeaux-neurocampus.fr\/en\/wp-json\/wp\/v2\/pages\/18737"}],"wp:attachment":[{"href":"https:\/\/www.bordeaux-neurocampus.fr\/en\/wp-json\/wp\/v2\/media?parent=19388"}],"wp:term":[{"taxonomy":"post_tag","embeddable":true,"href":"https:\/\/www.bordeaux-neurocampus.fr\/en\/wp-json\/wp\/v2\/tags?post=19388"}],"curies":[{"name":"wp","href":"https:\/\/api.w.org\/{rel}","templated":true}]}}