{"id":19084,"date":"2018-03-14T10:18:57","date_gmt":"2018-03-14T09:18:57","guid":{"rendered":"https:\/\/neurodev-ng.u-bordeaux.fr\/english-title\/our-6-institutes\/sanpsy\/"},"modified":"2023-10-23T11:50:47","modified_gmt":"2023-10-23T09:50:47","slug":"sanpsy","status":"publish","type":"page","link":"https:\/\/www.bordeaux-neurocampus.fr\/en\/who-are-we-bordeaux-neurocampus\/our-6-institutes\/sanpsy\/","title":{"rendered":"Sanpsy"},"content":{"rendered":"<div class=\"wpb-content-wrapper\"><p>[vc_row][vc_column width=&#8221;2\/3&#8243;][vc_column_text]<a href=\"https:\/\/www.bordeaux-neurocampus.fr\/wp-content\/uploads\/2018\/02\/sanspsy.jpg\" rel=\"lightbox[19084]\"><img loading=\"lazy\" decoding=\"async\" class=\"alignleft wp-image-17750\" src=\"https:\/\/www.bordeaux-neurocampus.fr\/wp-content\/uploads\/2018\/02\/sanspsy.jpg\" alt=\"\" width=\"152\" height=\"120\" \/><\/a>L&#8217;unit\u00e9 SANPSY (Sommeil, Addiction, Neuropsychiatrie), cr\u00e9\u00e9e en 2011, est situ\u00e9e au CHU Pellegrin et \u00e0 quelque pas de l\u2019h\u00f4pital psychiatrique Charles Perrens. Elle est compos\u00e9e de 27 personnes, sous la direction de Marc Auriacombe.<\/p>\n<p>Cette unit\u00e9 de recherche clinique s\u2019int\u00e9resse sp\u00e9cifiquement au <strong>sommeil, \u00e0 l\u2019addiction et aux maladies neuropsychiatriques<\/strong>. L\u2019unit\u00e9 dispose d\u2019une plateforme dot\u00e9e d\u2019une chambre d\u2019enregistrement du sommeil et d\u2019\u00e9quipements de r\u00e9alit\u00e9 virtuelle (simulateurs de vol et de conduite, Controlled Automatic Virtual Environment (CAVE) financ\u00e9 par le projet EquipEx \u00ab\u00a0PHENOVIRT\u00a0\u00bb, etc.). Cet environnement virtuel permet d\u2019\u00e9tudier les effets de la privation de sommeil et de la fatigue sur l\u2019attention, les fonctions cognitives et les risques d\u2019accidents. Cette plateforme de recherche poss\u00e8de \u00e9galement une extension au CHS Charles Perrens qui suit une cohorte de patients souffrant d\u2019addiction. R\u00e9cemment, la clinique du sommeil du CHU de Bordeaux a migr\u00e9 \u00e0 proximit\u00e9 de la plateforme de recherche de SANPSY, ce qui cr\u00e9e un environnement optimal pour la recherche clinique.<\/p>\n<p>Les principaux objectifs de Sanpsy sont de comprendre les d\u00e9terminants de la somnolence et des troubles de l\u2019attention chez les patients. Les chercheurs travaillent \u00e9galement sur les relations entre les troubles du sommeil et les pathologies psychiatriques, en particulier l\u2019addiction, le craving, la d\u00e9pression et le Trouble de l\u2019Attention et de l\u2019Hyperactivit\u00e9 (TDAH). Les chercheurs testent des protocoles comportementaux, pharmacologiques et techniques pour restaurer les performances cognitives des sujets sains et des patients.[\/vc_column_text][\/vc_column][vc_column width=&#8221;1\/3&#8243;][vc_text_separator title=&#8221;Equipes&#8221; i_icon_fontawesome=&#8221;fa fa-users&#8221; i_color=&#8221;custom&#8221; color=&#8221;custom&#8221; add_icon=&#8221;true&#8221; i_custom_color=&#8221;#d07f1d&#8221; accent_color=&#8221;#d07f1d&#8221;][vc_column_text]<a href=\"https:\/\/www.bordeaux-neurocampus.fr\/en\/team\/team-sanpsy\/\"><strong>Sommeil, addiction et neuropsychiatrie<\/strong><\/a><\/p>\n<div class=\"orga_fond_2\"><strong>AXE SOMMEIL<\/strong><br \/>\nJ. Taillard<br \/>\nJ.A. Micoulaud<\/div>\n<div><\/div>\n<div class=\"orga_fond_2\"><strong>AXE ADDICTION<\/strong><br \/>\nF. Serre<br \/>\nM. Auriacombe<\/div>\n<div><\/div>\n<div class=\"orga_fond_2\"><strong>AXE NUMERIQUE<\/strong><br \/>\nPierre Philip<\/div>\n<div><\/div>\n<p>[\/vc_column_text][vc_text_separator title=&#8221;Plateformes&#8221; i_icon_fontawesome=&#8221;fa fa-flask&#8221; i_color=&#8221;custom&#8221; color=&#8221;custom&#8221; add_icon=&#8221;true&#8221; i_custom_color=&#8221;#d07f1d&#8221; accent_color=&#8221;#d07f1d&#8221;][vc_column_text]<a href=\"https:\/\/www.bordeaux-neurocampus.fr\/en\/team\/prnpp\/\">PRNPP<\/a><\/p>\n<p>Addiction[\/vc_column_text][\/vc_column][\/vc_row][vc_row][vc_column width=&#8221;2\/3&#8243;][vc_row_inner][vc_column_inner width=&#8221;2\/3&#8243;][vc_text_separator title=&#8221;Coordonn\u00e9es&#8221; i_icon_fontawesome=&#8221;fa fa-address-card&#8221; i_color=&#8221;custom&#8221; color=&#8221;custom&#8221; add_icon=&#8221;true&#8221; i_custom_color=&#8221;#d07f1d&#8221; accent_color=&#8221;#d07f1d&#8221;][vc_column_text]CHU Pellegrin, Tripode<br \/>\n13<sup>\u00e8me<\/sup>\u00a0\u00e9tage, aile 3<br \/>\nPlace Am\u00e9lie-Raba-L\u00e9on<br \/>\n33076 Bordeaux c\u00e9dex<\/p>\n<p><strong>Administration :<br \/>\n<\/strong>T\u00e9l : +33 (0)5 57 82 01 73<\/p>\n<p><strong>Bureau Recherche :<br \/>\n<\/strong>T\u00e9l : +33 (0)5 57 82 01 82<\/p>\n<p><span id=\"OBJ_PREFIX_DWT2406_ZmEmailObjectHandler\" class=\"Object\" role=\"link\"><span id=\"OBJ_PREFIX_DWT2422_ZmEmailObjectHandler\" class=\"Object\" role=\"link\"><a href=\"mailto:sanpsy@u-bordeaux.fr\" target=\"_blank\" rel=\"noopener noreferrer\">sanpsy@u-bordeaux.fr<\/a><\/span><\/span>[\/vc_column_text][\/vc_column_inner][vc_column_inner width=&#8221;1\/3&#8243;][vc_text_separator title=&#8221;Directeur&#8221; color=&#8221;custom&#8221; accent_color=&#8221;#d07f1d&#8221; css=&#8221;.vc_custom_1559123596469{padding-top: 22px !important;}&#8221;][vc_column_text css=&#8221;.vc_custom_1644942986676{padding-right: 10px !important;padding-left: 10px !important;}&#8221;]<img loading=\"lazy\" decoding=\"async\" class=\" wp-image-62629 alignnone\" src=\"https:\/\/www.bordeaux-neurocampus.fr\/wp-content\/uploads\/2018\/07\/Auriacombe-Marc-Portrait-87-270x360.jpg\" alt=\"\" width=\"218\" height=\"291\" srcset=\"https:\/\/www.bordeaux-neurocampus.fr\/wp-content\/uploads\/2018\/07\/Auriacombe-Marc-Portrait-87-270x360.jpg 270w, https:\/\/www.bordeaux-neurocampus.fr\/wp-content\/uploads\/2018\/07\/Auriacombe-Marc-Portrait-87-577x770.jpg 577w, https:\/\/www.bordeaux-neurocampus.fr\/wp-content\/uploads\/2018\/07\/Auriacombe-Marc-Portrait-87.jpg 878w\" sizes=\"auto, (max-width: 218px) 100vw, 218px\" \/><br \/>\nMarc Auriacombe[\/vc_column_text][\/vc_column_inner][\/vc_row_inner][\/vc_column][vc_column width=&#8221;1\/3&#8243;][\/vc_column][\/vc_row][vc_row][vc_column width=&#8221;2\/3&#8243;][vc_text_separator title=&#8221;Tutelles&#8221; i_icon_fontawesome=&#8221;fa fa-sitemap&#8221; i_color=&#8221;custom&#8221; color=&#8221;custom&#8221; add_icon=&#8221;true&#8221; i_custom_color=&#8221;#d07f1d&#8221; accent_color=&#8221;#d07f1d&#8221;][vc_column_text]<a href=\"http:\/\/www.cnrs.fr\"><img loading=\"lazy\" decoding=\"async\" class=\"alignleft wp-image-19750\" src=\"https:\/\/www.bordeaux-neurocampus.fr\/wp-content\/uploads\/2018\/03\/CNRS-logo-e1522155453284.png\" alt=\"\" width=\"57\" height=\"57\" srcset=\"https:\/\/www.bordeaux-neurocampus.fr\/wp-content\/uploads\/2018\/03\/CNRS-logo-e1522155453284.png 120w, https:\/\/www.bordeaux-neurocampus.fr\/wp-content\/uploads\/2018\/03\/CNRS-logo-e1522155453284-80x80.png 80w\" sizes=\"auto, (max-width: 57px) 100vw, 57px\" \/><\/a><a href=\"http:\/\/www.u-bordeaux.fr\"><img loading=\"lazy\" decoding=\"async\" class=\"alignleft wp-image-19752\" src=\"https:\/\/www.bordeaux-neurocampus.fr\/wp-content\/uploads\/2018\/03\/Universite_Bordeaux-logo-2-300x104.png\" alt=\"Universit\u00e9 de Bordeaux\" width=\"185\" height=\"64\" \/><\/a>[\/vc_column_text][vc_column_text]<\/p>\n<p>[\/vc_column_text][vc_text_separator title=&#8221;En vid\u00e9o&#8221; i_icon_fontawesome=&#8221;fab fa-youtube&#8221; i_color=&#8221;custom&#8221; color=&#8221;custom&#8221; add_icon=&#8221;true&#8221; i_custom_color=&#8221;#d07f1d&#8221; accent_color=&#8221;#d07f1d&#8221;][vc_video link=&#8221;https:\/\/youtu.be\/UB9v2mAtp84&#8243;][\/vc_column][vc_column width=&#8221;1\/3&#8243;][\/vc_column][\/vc_row]<\/p>\n<\/div>","protected":false},"excerpt":{"rendered":"<p>Cette unit\u00e9 de recherche clinique s\u2019int\u00e9resse sp\u00e9cifiquement au sommeil, \u00e0 l\u2019addiction et aux maladies neuropsychiatriques. <\/p>\n","protected":false},"author":108,"featured_media":0,"parent":18545,"menu_order":6,"comment_status":"closed","ping_status":"closed","template":"","meta":{"footnotes":""},"tags":[],"class_list":["post-19084","page","type-page","status-publish","hentry"],"_links":{"self":[{"href":"https:\/\/www.bordeaux-neurocampus.fr\/en\/wp-json\/wp\/v2\/pages\/19084","targetHints":{"allow":["GET"]}}],"collection":[{"href":"https:\/\/www.bordeaux-neurocampus.fr\/en\/wp-json\/wp\/v2\/pages"}],"about":[{"href":"https:\/\/www.bordeaux-neurocampus.fr\/en\/wp-json\/wp\/v2\/types\/page"}],"author":[{"embeddable":true,"href":"https:\/\/www.bordeaux-neurocampus.fr\/en\/wp-json\/wp\/v2\/users\/108"}],"replies":[{"embeddable":true,"href":"https:\/\/www.bordeaux-neurocampus.fr\/en\/wp-json\/wp\/v2\/comments?post=19084"}],"version-history":[{"count":1,"href":"https:\/\/www.bordeaux-neurocampus.fr\/en\/wp-json\/wp\/v2\/pages\/19084\/revisions"}],"predecessor-version":[{"id":163571,"href":"https:\/\/www.bordeaux-neurocampus.fr\/en\/wp-json\/wp\/v2\/pages\/19084\/revisions\/163571"}],"up":[{"embeddable":true,"href":"https:\/\/www.bordeaux-neurocampus.fr\/en\/wp-json\/wp\/v2\/pages\/18545"}],"wp:attachment":[{"href":"https:\/\/www.bordeaux-neurocampus.fr\/en\/wp-json\/wp\/v2\/media?parent=19084"}],"wp:term":[{"taxonomy":"post_tag","embeddable":true,"href":"https:\/\/www.bordeaux-neurocampus.fr\/en\/wp-json\/wp\/v2\/tags?post=19084"}],"curies":[{"name":"wp","href":"https:\/\/api.w.org\/{rel}","templated":true}]}}