{"id":19083,"date":"2018-03-14T10:17:16","date_gmt":"2018-03-14T09:17:16","guid":{"rendered":"https:\/\/neurodev-ng.u-bordeaux.fr\/english-title\/our-6-institutes\/nutrineuro\/"},"modified":"2026-03-10T12:47:14","modified_gmt":"2026-03-10T11:47:14","slug":"nutrineuro","status":"publish","type":"page","link":"https:\/\/www.bordeaux-neurocampus.fr\/en\/who-are-we-bordeaux-neurocampus\/our-6-institutes\/nutrineuro\/","title":{"rendered":"Nutrineuro"},"content":{"rendered":"<div class=\"wpb-content-wrapper\"><p>[vc_row][vc_column width=&#8221;2\/3&#8243;][vc_column_text]<a href=\"https:\/\/www.bordeaux-neurocampus.fr\/wp-content\/uploads\/2018\/07\/Bx_Neurocampus_Nutrineuro01_RVB-520px.jpg\" rel=\"lightbox[19083]\"><img loading=\"lazy\" decoding=\"async\" class=\" wp-image-62153 alignleft\" src=\"https:\/\/www.bordeaux-neurocampus.fr\/wp-content\/uploads\/2018\/07\/Bx_Neurocampus_Nutrineuro01_RVB-520px.jpg\" alt=\"\" width=\"212\" height=\"166\" srcset=\"https:\/\/www.bordeaux-neurocampus.fr\/wp-content\/uploads\/2018\/07\/Bx_Neurocampus_Nutrineuro01_RVB-520px.jpg 520w, https:\/\/www.bordeaux-neurocampus.fr\/wp-content\/uploads\/2018\/07\/Bx_Neurocampus_Nutrineuro01_RVB-520px-360x282.jpg 360w\" sizes=\"auto, (max-width: 212px) 100vw, 212px\" \/><\/a>NutriNeuro (Nutrition and Integrative Neurobiology) is a research unit with more than 80 scientists, clinicians and students trained in Neuroscience and Nutrition. Since its creation in 2011, the number of scientists in this unit has grown steadily thanks to its dynamism and attractiveness. The research programs conducted at NutriNeuro are multi-disciplinary and translational to tackle significant societal challenges in the promotion of brain health:\u00a0 How nutrition influences the brain functioning and protects from mood and cognitive disorders? Can we decipher the mechanisms of nutrients (sugar, fatty acids, vitamins, polyphenols) sensing in the brain? How does nutrition contribute to the physiopathology of depression or protect against cognitive decline? What are the links between obesity, stress and cognition in adolescents?<\/p>\n<p>In 2014, NutriNeuro developed a transfer research unit (NutriBrain) to set up partnerships with industries and to promote innovation and transfer. Finally, NutriNeuro has developed a unique partnership with Laval University in Quebec City through the International Associated Laboratory (LIA) OptiNutriBrain. This innovative and original research at the interface of Neurosciences and Nutrition gives NutriNeuro a unique position in France.[\/vc_column_text][vc_row_inner][vc_column_inner width=&#8221;2\/3&#8243;][vc_text_separator title=&#8221;Contact&#8221; i_icon_fontawesome=&#8221;fa fa-address-card&#8221; i_color=&#8221;custom&#8221; color=&#8221;custom&#8221; add_icon=&#8221;true&#8221; accent_color=&#8221;#a0be22&#8243; i_custom_color=&#8221;#a0be22&#8243;][vc_column_text css=&#8221;&#8221;]Laboratoire NutriNeuro<br \/>\nINRAe 1286 &#8211; Universit\u00e9 de Bordeaux<br \/>\nB\u00e2timent UFR Pharmacie<\/p>\n<p>2\u00e8me Tranche &#8211; 2\u00e8me Etage<br \/>\nCase courrier 34<br \/>\n146 rue L\u00e9o Saignat<br \/>\n33076 Bordeaux Cedex<br \/>\nFRANCE<\/p>\n<p>Tel. : +33(0)5 57 57 10 85[\/vc_column_text][vc_column_text css=&#8221;&#8221;]<a href=\"https:\/\/nutrineuro.bordeaux.inrae.fr\/en\/\" target=\"_blank\" rel=\"noopener noreferrer\"><strong>More details :<\/strong><br \/>\nWebsite<\/a>[\/vc_column_text][\/vc_column_inner][vc_column_inner width=&#8221;1\/3&#8243;][vc_text_separator title=&#8221;Director&#8221; color=&#8221;custom&#8221; css=&#8221;.vc_custom_1549383186093{padding-top: 22px !important;}&#8221; accent_color=&#8221;#a0be22&#8243;][vc_column_text]Lucile Capuron[\/vc_column_text][\/vc_column_inner][\/vc_row_inner][vc_row_inner][vc_column_inner][vc_text_separator title=&#8221;Parent institutions&#8221; i_icon_fontawesome=&#8221;fa fa-sitemap&#8221; i_color=&#8221;custom&#8221; color=&#8221;custom&#8221; add_icon=&#8221;true&#8221; accent_color=&#8221;#a0be22&#8243; i_custom_color=&#8221;#a0be22&#8243;][vc_column_text]<img loading=\"lazy\" decoding=\"async\" class=\"size-full wp-image-116102 alignnone\" src=\"https:\/\/www.bordeaux-neurocampus.fr\/wp-content\/uploads\/2020\/02\/Logo-INRAE-50px-1.png\" alt=\"\" width=\"122\" height=\"50\" \/><img loading=\"lazy\" decoding=\"async\" class=\"alignleft wp-image-19752\" src=\"https:\/\/www.bordeaux-neurocampus.fr\/wp-content\/uploads\/2018\/03\/Universite_Bordeaux-logo-2-300x104.png\" alt=\"Universit\u00e9 de Bordeaux\" width=\"153\" height=\"53\" \/><a href=\"https:\/\/www.bordeaux-neurocampus.fr\/wp-content\/uploads\/2024\/07\/bordeaux_inp_52px.png\" rel=\"lightbox[19083]\"><img loading=\"lazy\" decoding=\"async\" class=\"size-full wp-image-173554 alignleft\" src=\"https:\/\/www.bordeaux-neurocampus.fr\/wp-content\/uploads\/2024\/07\/bordeaux_inp_52px.png\" alt=\"\" width=\"89\" height=\"54\" \/><\/a>[\/vc_column_text][\/vc_column_inner][\/vc_row_inner][\/vc_column][vc_column width=&#8221;1\/3&#8243;][vc_text_separator title=&#8221;Teams&#8221; i_icon_fontawesome=&#8221;fa fa-users&#8221; i_color=&#8221;custom&#8221; color=&#8221;custom&#8221; add_icon=&#8221;true&#8221; i_custom_color=&#8221;#a0be22&#8243; accent_color=&#8221;#a0be22&#8243;][vc_column_text]<a href=\"https:\/\/www.bordeaux-neurocampus.fr\/team\/nutrition-and-psychoneuroimmunology-experimental-and-clinical-approaches\/\"><strong>NutriPsy<\/strong><\/a><br \/>\nLucile Capuron, Marie-Pierre Moisan<\/p>\n<p><strong><a href=\"https:\/\/www.bordeaux-neurocampus.fr\/en\/team\/nutrimind\/\">NutriMind<\/a><br \/>\n<\/strong>Sophie Lay\u00e9, Xavier Fioramonti<\/p>\n<p><a href=\"https:\/\/www.bordeaux-neurocampus.fr\/en\/team\/foodcircus\/\"><strong>FoodCircus<\/strong><\/a><br \/>\nGuillaume Ferreira, Pierre Trifilieff[\/vc_column_text][vc_text_separator title=&#8221;International Associated Laboratory&#8221; i_icon_fontawesome=&#8221;fa fa-flask&#8221; i_color=&#8221;custom&#8221; color=&#8221;custom&#8221; add_icon=&#8221;true&#8221; accent_color=&#8221;#a0be22&#8243; i_custom_color=&#8221;#a0be22&#8243;][vc_column_text]<a href=\"https:\/\/www.bordeaux-neurocampus.fr\/en\/who-are-we-bordeaux-neurocampus\/rayonnement-international-fr\/optinutribrain\/\"><strong>OptiNutriBrain<\/strong><\/a>[\/vc_column_text][vc_text_separator title=&#8221;Facilities&#8221; i_icon_fontawesome=&#8221;fa fa-flask&#8221; i_color=&#8221;custom&#8221; color=&#8221;custom&#8221; add_icon=&#8221;true&#8221; accent_color=&#8221;#a0be22&#8243; i_custom_color=&#8221;#a0be22&#8243;][vc_column_text]<a href=\"https:\/\/www.bordeaux-neurocampus.fr\/en\/team\/administration-and-research-management-nutrineuro\/\"><strong>Administration and research management<\/strong><\/a>[\/vc_column_text][vc_text_separator title=&#8221;Transfer research unit&#8221; i_icon_fontawesome=&#8221;fa fa-cog&#8221; i_color=&#8221;custom&#8221; color=&#8221;custom&#8221; add_icon=&#8221;true&#8221; accent_color=&#8221;#a0be22&#8243; i_custom_color=&#8221;#a0be22&#8243;][vc_column_text]<\/p>\n<p><a href=\"https:\/\/www.bordeaux-neurocampus.fr\/en\/team\/nutribrain\/\"><strong>Nutribrain<\/strong><\/a>[\/vc_column_text][\/vc_column][\/vc_row]<\/p>\n<\/div>","protected":false},"excerpt":{"rendered":"<p>Les recherches men\u00e9es par Nutrineuro, r\u00e9solument pluridisciplinaires et translationnelles, r\u00e9pondent \u00e0 des enjeux soci\u00e9taux de taille : comprendre comment la nutrition influence le fonctionnement du cerveau et prot\u00e8ge des troubles de l\u2019humeur et la cognition. <\/p>\n","protected":false},"author":108,"featured_media":0,"parent":18545,"menu_order":5,"comment_status":"closed","ping_status":"closed","template":"","meta":{"footnotes":""},"tags":[],"class_list":["post-19083","page","type-page","status-publish","hentry"],"_links":{"self":[{"href":"https:\/\/www.bordeaux-neurocampus.fr\/en\/wp-json\/wp\/v2\/pages\/19083","targetHints":{"allow":["GET"]}}],"collection":[{"href":"https:\/\/www.bordeaux-neurocampus.fr\/en\/wp-json\/wp\/v2\/pages"}],"about":[{"href":"https:\/\/www.bordeaux-neurocampus.fr\/en\/wp-json\/wp\/v2\/types\/page"}],"author":[{"embeddable":true,"href":"https:\/\/www.bordeaux-neurocampus.fr\/en\/wp-json\/wp\/v2\/users\/108"}],"replies":[{"embeddable":true,"href":"https:\/\/www.bordeaux-neurocampus.fr\/en\/wp-json\/wp\/v2\/comments?post=19083"}],"version-history":[{"count":4,"href":"https:\/\/www.bordeaux-neurocampus.fr\/en\/wp-json\/wp\/v2\/pages\/19083\/revisions"}],"predecessor-version":[{"id":195696,"href":"https:\/\/www.bordeaux-neurocampus.fr\/en\/wp-json\/wp\/v2\/pages\/19083\/revisions\/195696"}],"up":[{"embeddable":true,"href":"https:\/\/www.bordeaux-neurocampus.fr\/en\/wp-json\/wp\/v2\/pages\/18545"}],"wp:attachment":[{"href":"https:\/\/www.bordeaux-neurocampus.fr\/en\/wp-json\/wp\/v2\/media?parent=19083"}],"wp:term":[{"taxonomy":"post_tag","embeddable":true,"href":"https:\/\/www.bordeaux-neurocampus.fr\/en\/wp-json\/wp\/v2\/tags?post=19083"}],"curies":[{"name":"wp","href":"https:\/\/api.w.org\/{rel}","templated":true}]}}