{"id":19081,"date":"2018-03-14T10:11:02","date_gmt":"2018-03-14T09:11:02","guid":{"rendered":"https:\/\/neurodev-ng.u-bordeaux.fr\/english-title\/our-6-institutes\/imn-institut-des-maladies-neurodegeneratives\/"},"modified":"2025-12-19T11:25:11","modified_gmt":"2025-12-19T10:25:11","slug":"institute-imn","status":"publish","type":"page","link":"https:\/\/www.bordeaux-neurocampus.fr\/en\/who-are-we-bordeaux-neurocampus\/our-6-institutes\/institute-imn\/","title":{"rendered":"IMN"},"content":{"rendered":"<div class=\"wpb-content-wrapper\"><p>[vc_row][vc_column width=&#8221;2\/3&#8243;][vc_column_text]<a href=\"https:\/\/www.bordeaux-neurocampus.fr\/wp-content\/uploads\/2018\/02\/imn.jpg\" rel=\"lightbox[19081]\"><img loading=\"lazy\" decoding=\"async\" class=\"alignleft size-full wp-image-17746\" src=\"https:\/\/www.bordeaux-neurocampus.fr\/wp-content\/uploads\/2018\/02\/imn.jpg\" alt=\"logo IMN\" width=\"180\" height=\"162\" \/><\/a><\/p>\n<p>The<strong> Institute of Neurodegenerative Diseases<\/strong> (IMN) was created on January 1st, 2011. It resulted from the merging of several teams originating mainly from two former CNRS units. It led to the pooling of CNRS, INSERM and University personnel and resources dedicated to mainly studying Movement Disorders and Dementias.<\/p>\n<p>Its establishment is the result of considerable effort, and represents a major step forward in the structuring of the Neuroscience research conducted at this site as part of the \u201cNeurocampus\u201d project.<\/p>\n<p>The IMN includes both preclinical and clinical researchers with a clear goal of:<\/p>\n<ul>\n<li>developing new therapeutic approaches of neurodegenerative disorders by facilitating the translational research from bench to bedside.<\/li>\n<li>increasing its scientific visibility and attractiveness in translational (Parkinson, Alzheimer, Obsessive compulsive disorders, Addiction) and fundamental neurosciences (Action planning, Cognition, molecular substrates of synaptic transmission) by building on the potential of its <a href=\"http:\/\/www.imn-bordeaux.org\/en\/teams-imn\/\">teams<\/a> and the dynamics set in motion since its creation.<\/li>\n<\/ul>\n<p>[\/vc_column_text][vc_row_inner][vc_column_inner width=&#8221;2\/3&#8243;][vc_text_separator title=&#8221;Contact&#8221; i_icon_fontawesome=&#8221;fa fa-address-card&#8221; i_color=&#8221;custom&#8221; color=&#8221;custom&#8221; add_icon=&#8221;true&#8221; accent_color=&#8221;#009dde&#8221; i_custom_color=&#8221;#009dde&#8221;][vc_column_text css=&#8221;&#8221;]Neurodegenerative Disease Institute<br \/>\n(IMN &#8211; Institut des Maladies Neurod\u00e9g\u00e9n\u00e9ratives)<br \/>\nCNRS UMR 5293<br \/>\nUniversit\u00e9 de Bordeaux \u2013 Case 28<\/p>\n<p>Centre Broca Nouvelle-Aquitaine \u2013 3\u00e8me \u00e9tage<br \/>\n146 rue L\u00e9o Saignat \u2013 CS 61292<br \/>\n33076 Bordeaux cedex<\/p>\n<p>T\u00e9l. : +33 5 33 51 47 19<br \/>\nT\u00e9l. r\u00e9ception du b\u00e2timent: + 33 5 33 51 47 00<br \/>\nE-mail : <a href=\"mailto:secretariat.imn@u-bordeaux.fr\">secretariat.imn@u-bordeaux.fr<\/a><\/p>\n<p><strong>Website :<\/strong><\/p>\n<p><strong> <a href=\"https:\/\/imn.u-bordeaux.fr\/en\/\">imn.u-bordeaux.fr<\/a><\/strong>[\/vc_column_text][\/vc_column_inner][vc_column_inner width=&#8221;1\/3&#8243;][vc_text_separator title=&#8221;Board&#8221; color=&#8221;custom&#8221; css=&#8221;.vc_custom_1600429346786{padding-top: 20px !important;}&#8221; accent_color=&#8221;#009dde&#8221;][vc_column_text css=&#8221;.vc_custom_1744364266052{background-color: #ffffff !important;}&#8221;]Unit director :<br \/>\n<a href=\"https:\/\/www.bordeaux-neurocampus.fr\/en\/staff\/thomas-boraud\/\">Thomas Boraud<\/a><\/p>\n<p><img loading=\"lazy\" decoding=\"async\" class=\"alignnone size-medium wp-image-183062\" src=\"https:\/\/www.bordeaux-neurocampus.fr\/wp-content\/uploads\/2018\/07\/Thomas-Boraud-268x360.png\" alt=\"\" width=\"268\" height=\"360\" \/><\/p>\n<p><span dir=\"ltr\" role=\"presentation\">Unit manager deputy for fundamental research<\/span><br \/>\n<a href=\"https:\/\/www.bordeaux-neurocampus.fr\/en\/staff\/eric-boue-grabot\/\">Eric Bou\u00e9-Grabot<\/a><\/p>\n<p>Unit manager deputy for clinical research<br \/>\n<a href=\"https:\/\/www.bordeaux-neurocampus.fr\/en\/staff\/wassilios-meissner\/\">Wassilios Meissner<\/a>[\/vc_column_text][\/vc_column_inner][\/vc_row_inner][vc_text_separator title=&#8221;Parent institutions&#8221; i_icon_fontawesome=&#8221;fa fa-sitemap&#8221; i_color=&#8221;custom&#8221; color=&#8221;custom&#8221; add_icon=&#8221;true&#8221; accent_color=&#8221;#009dde&#8221; i_custom_color=&#8221;#009dde&#8221;][vc_column_text]<img loading=\"lazy\" decoding=\"async\" class=\"alignleft wp-image-19752\" src=\"https:\/\/www.bordeaux-neurocampus.fr\/wp-content\/uploads\/2018\/03\/Universite_Bordeaux-logo-2-300x104.png\" alt=\"Universit\u00e9 de Bordeaux\" width=\"136\" height=\"47\" \/><img loading=\"lazy\" decoding=\"async\" class=\"alignleft wp-image-122153\" src=\"https:\/\/www.bordeaux-neurocampus.fr\/wp-content\/uploads\/2020\/06\/Logo_CNRS-vignette-360x240.jpg\" alt=\"\" width=\"81\" height=\"54\" srcset=\"https:\/\/www.bordeaux-neurocampus.fr\/wp-content\/uploads\/2020\/06\/Logo_CNRS-vignette-360x240.jpg 360w, https:\/\/www.bordeaux-neurocampus.fr\/wp-content\/uploads\/2020\/06\/Logo_CNRS-vignette-136x91.jpg 136w, https:\/\/www.bordeaux-neurocampus.fr\/wp-content\/uploads\/2020\/06\/Logo_CNRS-vignette.jpg 370w\" sizes=\"auto, (max-width: 81px) 100vw, 81px\" \/><img loading=\"lazy\" decoding=\"async\" class=\"alignleft wp-image-19746\" src=\"https:\/\/www.bordeaux-neurocampus.fr\/wp-content\/uploads\/2018\/03\/CEA-logo-2.png\" alt=\"\" width=\"73\" height=\"60\" \/><img loading=\"lazy\" decoding=\"async\" class=\"alignleft wp-image-19751\" src=\"https:\/\/www.bordeaux-neurocampus.fr\/wp-content\/uploads\/2018\/03\/inria-logo-2.png\" alt=\"\" width=\"109\" height=\"33\" \/> <img loading=\"lazy\" decoding=\"async\" class=\"alignleft wp-image-129846 \" src=\"https:\/\/www.bordeaux-neurocampus.fr\/wp-content\/uploads\/2021\/01\/Logo-CHU-BDX-RVB-360x185.jpg\" alt=\"\" width=\"107\" height=\"55\" \/>[\/vc_column_text][\/vc_column][vc_column width=&#8221;1\/3&#8243;][vc_text_separator title=&#8221;Teams&#8221; i_icon_fontawesome=&#8221;fa fa-users&#8221; i_color=&#8221;custom&#8221; color=&#8221;custom&#8221; add_icon=&#8221;true&#8221; accent_color=&#8221;#009dde&#8221; i_custom_color=&#8221;#009dde&#8221;][vc_column_text css=&#8221;&#8221;]<\/p>\n<p style=\"text-align: left;\"><a href=\"https:\/\/www.bordeaux-neurocampus.fr\/en\/team\/pathophysiology-of-neuron-oligodendrocyte-interactions\/\"><strong>Pathophysiology of neuron-oligodendrocyte interactions<\/strong><\/a><br \/>\nArne Battefeld<\/p>\n<p style=\"text-align: left;\"><a href=\"https:\/\/www.bordeaux-neurocampus.fr\/en\/team\/dopamine-and-neuronal-assemblies\/\"><strong>Dopamine and neuronal assemblies<\/strong><\/a><br \/>\nJ\u00e9r\u00f4me Baufreton ; Fran\u00e7ois Georges<\/p>\n<p style=\"text-align: left;\"><a href=\"https:\/\/www.bordeaux-neurocampus.fr\/en\/team\/neurochemistry-deep-brain-stimulation-and-parkinsons-disease\/\"><strong>Monoamines Parkinson and pain<\/strong><\/a><br \/>\nAbdelhamid Benazzouz ; Pascal Fossat<\/p>\n<p style=\"text-align: left;\"><strong><a href=\"https:\/\/www.bordeaux-neurocampus.fr\/en\/team\/purinergic-mediated-neuroinflammation-and-brain-disorders\/\">Purinergic mediated neuroinflammation and brain disorders<\/a><br \/>\n<\/strong>Eric Bou\u00e9-Grabot ; Marc Landry<\/p>\n<p style=\"text-align: left;\"><a href=\"https:\/\/www.bordeaux-neurocampus.fr\/team\/pathophysiology-of-parkinsonian-syndrome\/\"><strong>Physiopathology of proteinopathies<\/strong><\/a><br \/>\nErwan Bezard<\/p>\n<p style=\"text-align: left;\"><a href=\"https:\/\/www.bordeaux-neurocampus.fr\/en\/team\/neuroscience-humanities-society\/\"><strong>Neuroscience, humanities and society<\/strong><\/a><br \/>\nC\u00e9dric Brun<\/p>\n<p style=\"text-align: left;\"><a href=\"https:\/\/www.bordeaux-neurocampus.fr\/en\/team\/synteam\/\"><strong>SynTeam<\/strong><\/a><br \/>\nFrancesca De Giorgi-Ichas ; Fran\u00e7ois Ichas<\/p>\n<p style=\"text-align: left;\"><a href=\"https:\/\/www.bordeaux-neurocampus.fr\/en\/team\/network-dynamics-for-procedural-learning\/\"><span dir=\"ltr\" role=\"presentation\"><strong>Network dynamics underlying function &amp; dysfunction of procedural learning<\/strong> <\/span><\/a><br \/>\nArthur Leblois ; Nicolas Mallet<\/p>\n<p style=\"text-align: left;\"><a href=\"https:\/\/www.bordeaux-neurocampus.fr\/en\/team\/imn-clinics\/\"><strong>IMN clinics<\/strong><\/a><br \/>\nWassilios Meissner<\/p>\n<p><strong><a href=\"https:\/\/www.bordeaux-neurocampus.fr\/en\/team\/neuroimmunology-lab\/\">Neuroimmunology of metabolic health and disease (NOMAD)<\/a><\/strong><br \/>\nAgn\u00e8s Nadjar<\/p>\n<p style=\"text-align: left;\"><a href=\"https:\/\/www.bordeaux-neurocampus.fr\/en\/team\/computational-neuroscience\/\"><strong>Computational neuroscience<\/strong><\/a><br \/>\nNicolas Rougier<\/p>\n<p style=\"text-align: left;\"><a href=\"https:\/\/www.bordeaux-neurocampus.fr\/en\/team\/neurofunctional-imaging-group\/\"><strong>Neurofunctional imagining group<\/strong><\/a><br \/>\nMichel Thiebaut de Schotten ; Laure Zago<\/p>\n<p class=\"page_title\"><a href=\"https:\/\/www.bordeaux-neurocampus.fr\/en\/team\/neurodtx\/\"><strong>NeuroDTx: Neuromodulation and Digital Therapeutics<\/strong><\/a><br \/>\nFabien Wagner ; Am\u00e9lie Aussel<\/p>\n<p>[\/vc_column_text][vc_column_text]<a href=\"https:\/\/www.bordeaux-neurocampus.fr\/en\/team\/administration-and-research-management-imn\/\"><strong>Administration and research management<br \/>\n<\/strong><\/a>Eric Wattelet[\/vc_column_text][\/vc_column][\/vc_row]<\/p>\n<\/div>","protected":false},"excerpt":{"rendered":"<p>Developing new therapeutic approaches of neurodegenerative disorders by facilitating the translational research from bench to bedside.<\/p>\n","protected":false},"author":108,"featured_media":0,"parent":18545,"menu_order":3,"comment_status":"closed","ping_status":"closed","template":"","meta":{"footnotes":""},"tags":[],"class_list":["post-19081","page","type-page","status-publish","hentry"],"_links":{"self":[{"href":"https:\/\/www.bordeaux-neurocampus.fr\/en\/wp-json\/wp\/v2\/pages\/19081","targetHints":{"allow":["GET"]}}],"collection":[{"href":"https:\/\/www.bordeaux-neurocampus.fr\/en\/wp-json\/wp\/v2\/pages"}],"about":[{"href":"https:\/\/www.bordeaux-neurocampus.fr\/en\/wp-json\/wp\/v2\/types\/page"}],"author":[{"embeddable":true,"href":"https:\/\/www.bordeaux-neurocampus.fr\/en\/wp-json\/wp\/v2\/users\/108"}],"replies":[{"embeddable":true,"href":"https:\/\/www.bordeaux-neurocampus.fr\/en\/wp-json\/wp\/v2\/comments?post=19081"}],"version-history":[{"count":17,"href":"https:\/\/www.bordeaux-neurocampus.fr\/en\/wp-json\/wp\/v2\/pages\/19081\/revisions"}],"predecessor-version":[{"id":190972,"href":"https:\/\/www.bordeaux-neurocampus.fr\/en\/wp-json\/wp\/v2\/pages\/19081\/revisions\/190972"}],"up":[{"embeddable":true,"href":"https:\/\/www.bordeaux-neurocampus.fr\/en\/wp-json\/wp\/v2\/pages\/18545"}],"wp:attachment":[{"href":"https:\/\/www.bordeaux-neurocampus.fr\/en\/wp-json\/wp\/v2\/media?parent=19081"}],"wp:term":[{"taxonomy":"post_tag","embeddable":true,"href":"https:\/\/www.bordeaux-neurocampus.fr\/en\/wp-json\/wp\/v2\/tags?post=19081"}],"curies":[{"name":"wp","href":"https:\/\/api.w.org\/{rel}","templated":true}]}}