{"id":19068,"date":"2018-03-14T10:01:32","date_gmt":"2018-03-14T09:01:32","guid":{"rendered":"https:\/\/neurodev-ng.u-bordeaux.fr\/english-title\/our-6-institutes\/neurocentre-magendie\/"},"modified":"2024-09-03T18:08:19","modified_gmt":"2024-09-03T16:08:19","slug":"neurocentre-magendie","status":"publish","type":"page","link":"https:\/\/www.bordeaux-neurocampus.fr\/en\/who-are-we-bordeaux-neurocampus\/our-6-institutes\/neurocentre-magendie\/","title":{"rendered":"Neurocentre Magendie"},"content":{"rendered":"<div class=\"wpb-content-wrapper\"><p>[vc_row][vc_column width=&#8221;2\/3&#8243;][vc_column_text]<a href=\"https:\/\/www.bordeaux-neurocampus.fr\/wp-content\/uploads\/2018\/02\/magendie.jpg\" rel=\"lightbox[19068]\"><img loading=\"lazy\" decoding=\"async\" class=\"alignleft size-medium wp-image-17748\" src=\"https:\/\/www.bordeaux-neurocampus.fr\/wp-content\/uploads\/2018\/02\/magendie-300x211.jpg\" alt=\"\" width=\"200\" height=\"140\" \/><\/a>Created in January, 2007, the Neurocentre Magendie counts around 190 researchers, teachers-researchers, technicians, post-PhD students and students today, distributed in 11 research teams and 6 common technical platforms.<\/p>\n<p>Rich in about ten different nationalities, the members of the research center arrange 8000 m\u00b2 at the heart of the campus of Carreire. So that each takes advantage of wealth of this community, the life of the Neurocentre is given rhythm by weekly scientific and friendly meetings, monthly meetings between the post-docs and annual big symposium.<br \/>\nAssociated to the Neurocentre Magendie, 16 other laboratories make up the Federation Bordeaux Neurocampus which so adds up 600 people and multiplies tenfold the resources and the capacities.<br \/>\nThe Neurocentre Magendie offers an international environment, scientifically stimulating and dynamic. We accompany all our future collaborators by facilitating their installation and we make sure that they have all the administrative and technical support to begin in the best conditions a new and fascinating scientific adventure.[\/vc_column_text][vc_row_inner][vc_column_inner width=&#8221;2\/3&#8243;][vc_text_separator title=&#8221;Contact&#8221; i_icon_fontawesome=&#8221;fa fa-address-card&#8221; i_color=&#8221;custom&#8221; color=&#8221;custom&#8221; add_icon=&#8221;true&#8221; i_custom_color=&#8221;#bb0027&#8243; accent_color=&#8221;#bb0027&#8243;][vc_column_text]<a href=\"https:\/\/www.google.fr\/maps\/place\/Neurocentre+Magendie\/@44.825173,-0.6074219,15z\/data=!4m2!3m1!1s0x0:0x307b1033367a5d4a\" target=\"_blank\" rel=\"noopener noreferrer\">Institut Fran\u00e7ois Magendie<br \/>\n146 rue L\u00e9o Saignat<br \/>\n33077 Bordeaux cedex<br \/>\nFrance<\/a><\/p>\n<p>T\u00e9l : +33 5 57 57 36 00<br \/>\nFax : +33 5 57 57 36 69<br \/>\n<a href=\"mailto:u1215 [at] inserm.fr\" rel=\"nofollow\"> Envoyer un email<\/a>[\/vc_column_text][vc_column_text]<strong>Site Internet :<br \/>\n<\/strong><a href=\"http:\/\/www.neurocentre-magendie.fr\" target=\"_blank\" rel=\"noopener noreferrer\">www.neurocentre-magendie.fr<\/a>[\/vc_column_text][\/vc_column_inner][vc_column_inner width=&#8221;1\/3&#8243;][vc_text_separator title=&#8221;Director&#8221; color=&#8221;custom&#8221; css=&#8221;.vc_custom_1549372828704{padding-top: 22px !important;}&#8221; accent_color=&#8221;#bb0027&#8243;][vc_column_text]<a href=\"https:\/\/www.bordeaux-neurocampus.fr\/en\/staff\/stephane-oliet\/\">St\u00e9phane Oliet<\/a><\/p>\n<p><img loading=\"lazy\" decoding=\"async\" class=\"size-medium wp-image-55809 alignnone\" src=\"https:\/\/www.bordeaux-neurocampus.fr\/wp-content\/uploads\/2018\/05\/Oliet-stephane-Portrait-93-225x300.jpg\" alt=\"\" width=\"225\" height=\"300\" \/>[\/vc_column_text][\/vc_column_inner][\/vc_row_inner][vc_row_inner][vc_column_inner][vc_text_separator title=&#8221;Parent institutions&#8221; i_icon_fontawesome=&#8221;fa fa-sitemap&#8221; i_color=&#8221;custom&#8221; color=&#8221;custom&#8221; add_icon=&#8221;true&#8221; i_custom_color=&#8221;#bb0027&#8243; accent_color=&#8221;#bb0027&#8243;][vc_column_text]<img loading=\"lazy\" decoding=\"async\" class=\"alignleft wp-image-19807 \" src=\"https:\/\/www.bordeaux-neurocampus.fr\/wp-content\/uploads\/2018\/03\/inserm-logo-50px.jpg\" alt=\"inserm - logo\" width=\"149\" height=\"38\" \/><img loading=\"lazy\" decoding=\"async\" class=\"alignleft wp-image-17645\" src=\"https:\/\/www.bordeaux-neurocampus.fr\/wp-content\/uploads\/2018\/02\/logo-universite-bordeaux.png\" alt=\"\" width=\"155\" height=\"50\" srcset=\"https:\/\/www.bordeaux-neurocampus.fr\/wp-content\/uploads\/2018\/02\/logo-universite-bordeaux.png 394w, https:\/\/www.bordeaux-neurocampus.fr\/wp-content\/uploads\/2018\/02\/logo-universite-bordeaux-360x116.png 360w\" sizes=\"auto, (max-width: 155px) 100vw, 155px\" \/>[\/vc_column_text][\/vc_column_inner][\/vc_row_inner][\/vc_column][vc_column width=&#8221;1\/3&#8243;][vc_text_separator title=&#8221;Teams&#8221; i_icon_fontawesome=&#8221;fa fa-users&#8221; i_color=&#8221;custom&#8221; color=&#8221;custom&#8221; add_icon=&#8221;true&#8221; i_custom_color=&#8221;#bb0027&#8243; accent_color=&#8221;#bb0027&#8243;][vc_column_text css=&#8221;&#8221;]<a href=\"https:\/\/www.bordeaux-neurocampus.fr\/en\/team\/neurogenesis-and-pathophysiology\/\"><strong>Neurogenesis and pathophysiology<\/strong><\/a><br \/>\nNora Abrous<\/p>\n<p><a href=\"https:\/\/www.bordeaux-neurocampus.fr\/en\/team\/neural-circuits-of-anxiety\/\"><strong>Neural circuits of anxiety <\/strong><\/a><br \/>\nAnna Beyeler<\/p>\n<p><a href=\"https:\/\/www.bordeaux-neurocampus.fr\/en\/team\/energy-balance-and-obesity\/\"><strong>Energy balance and obesity<\/strong><\/a><br \/>\nDaniela Cota<\/p>\n<p><a href=\"https:\/\/www.bordeaux-neurocampus.fr\/en\/team\/psychobiology-of-drug-addiction\/\"><strong>Psychobiology of vulnerability to drug addiction<\/strong><\/a><br \/>\nV\u00e9ronique Deroche-Gamonet<\/p>\n<p><a href=\"https:\/\/www.bordeaux-neurocampus.fr\/en\/team\/pathophysiology-of-declarative-memory\/\"><strong>Pathophysiology of declarative memory<\/strong><\/a><br \/>\nAline Desmedt<\/p>\n<p><a href=\"https:\/\/www.bordeaux-neurocampus.fr\/en\/team\/cortical-plasticity\/\"><strong>Cortical plasticity<\/strong><\/a><br \/>\nAndreas Frick<\/p>\n<p><a href=\"https:\/\/www.bordeaux-neurocampus.fr\/en\/team\/neuronal-circuits-of-associative-learning\/\"><strong>Neuronal circuits of associative learning<\/strong><\/a><br \/>\nCyril Herry<\/p>\n<p><a href=\"https:\/\/www.bordeaux-neurocampus.fr\/en\/team\/endocannabinoids-and-neuroadaptation\/\"><strong>Endocannabinoids and neuroadaptation<\/strong><\/a><br \/>\nGiovanni Marsicano<\/p>\n<p><a href=\"https:\/\/www.bordeaux-neurocampus.fr\/en\/team\/planar-polarity-and-plasticity\/\"><strong>Planar polarity and plasticity <\/strong><\/a><br \/>\nMireille Montcouquiol ; Nathalie Sans<\/p>\n<p><a href=\"https:\/\/www.bordeaux-neurocampus.fr\/team\/neuron-glia-interactions\/\"><strong>Neuron-glia interactions <\/strong><\/a><br \/>\nSt\u00e9phane Oliet<\/p>\n<p><a href=\"https:\/\/www.bordeaux-neurocampus.fr\/en\/team\/physiopathology-and-therapeutic-approaches-of-stress-related-diseases\/\"><strong>Physiopathology and therapeutic approaches of stress-related diseases<\/strong><\/a><br \/>\nJean-Michel Revest[\/vc_column_text][vc_text_separator title=&#8221;Facilities&#8221; i_icon_fontawesome=&#8221;fa fa-flask&#8221; i_color=&#8221;custom&#8221; color=&#8221;custom&#8221; add_icon=&#8221;true&#8221; i_custom_color=&#8221;#bb0027&#8243; accent_color=&#8221;#bb0027&#8243;][vc_column_text]<a href=\"https:\/\/www.bordeaux-neurocampus.fr\/team\/biochemistry-and-biophysics-of-proteins\/\">Biochemistry<\/a><\/p>\n<p><a href=\"https:\/\/www.bordeaux-neurocampus.fr\/en\/team\/analytical-chemistry\/\">Analyical chemistry<\/a><\/p>\n<p><a href=\"https:\/\/www.bordeaux-neurocampus.fr\/en\/team\/bioinformatics\/\">Bio-informatics<\/a><\/p>\n<p><a href=\"https:\/\/www.bordeaux-neurocampus.fr\/en\/team\/anatomical-exploration-and-histology\/\">Anatomical exploration and histology<\/a><\/p>\n<p><a href=\"https:\/\/www.bordeaux-neurocampus.fr\/en\/team\/genotyping\/\">Genotyping<\/a><\/p>\n<p><a href=\"https:\/\/www.bordeaux-neurocampus.fr\/en\/team\/laser-microdissection\/\">Laser microdissection<\/a><\/p>\n<p><a href=\"https:\/\/www.bordeaux-neurocampus.fr\/en\/?post_type=team&#038;p=56900\">Optopath<\/a><\/p>\n<p><a href=\"https:\/\/www.bordeaux-neurocampus.fr\/en\/team\/transcriptomic\/\">Transcriptomic<\/a><\/p>\n<hr \/>\n<p><a href=\"https:\/\/www.bordeaux-neurocampus.fr\/en\/team\/administration-and-research-management-magendie\/\"><strong>Administration and research management<\/strong><\/a>[\/vc_column_text][\/vc_column][\/vc_row][vc_row][vc_column][vc_separator][\/vc_column][\/vc_row]<\/p>\n<\/div>","protected":false},"excerpt":{"rendered":"<p>Centre Inserm multidisciplinaire consacr\u00e9 \u00e0 une \u00e9tude int\u00e9gr\u00e9e des neurosciences depuis les pathologies neurologiques et du comportement jusqu&#8217;aux m\u00e9canismes cellulaires et mol\u00e9culaires du fonctionnement des cellules du syst\u00e8me nerveux.<\/p>\n","protected":false},"author":108,"featured_media":0,"parent":18545,"menu_order":2,"comment_status":"closed","ping_status":"closed","template":"","meta":{"footnotes":""},"tags":[],"class_list":["post-19068","page","type-page","status-publish","hentry"],"_links":{"self":[{"href":"https:\/\/www.bordeaux-neurocampus.fr\/en\/wp-json\/wp\/v2\/pages\/19068","targetHints":{"allow":["GET"]}}],"collection":[{"href":"https:\/\/www.bordeaux-neurocampus.fr\/en\/wp-json\/wp\/v2\/pages"}],"about":[{"href":"https:\/\/www.bordeaux-neurocampus.fr\/en\/wp-json\/wp\/v2\/types\/page"}],"author":[{"embeddable":true,"href":"https:\/\/www.bordeaux-neurocampus.fr\/en\/wp-json\/wp\/v2\/users\/108"}],"replies":[{"embeddable":true,"href":"https:\/\/www.bordeaux-neurocampus.fr\/en\/wp-json\/wp\/v2\/comments?post=19068"}],"version-history":[{"count":2,"href":"https:\/\/www.bordeaux-neurocampus.fr\/en\/wp-json\/wp\/v2\/pages\/19068\/revisions"}],"predecessor-version":[{"id":174959,"href":"https:\/\/www.bordeaux-neurocampus.fr\/en\/wp-json\/wp\/v2\/pages\/19068\/revisions\/174959"}],"up":[{"embeddable":true,"href":"https:\/\/www.bordeaux-neurocampus.fr\/en\/wp-json\/wp\/v2\/pages\/18545"}],"wp:attachment":[{"href":"https:\/\/www.bordeaux-neurocampus.fr\/en\/wp-json\/wp\/v2\/media?parent=19068"}],"wp:term":[{"taxonomy":"post_tag","embeddable":true,"href":"https:\/\/www.bordeaux-neurocampus.fr\/en\/wp-json\/wp\/v2\/tags?post=19068"}],"curies":[{"name":"wp","href":"https:\/\/api.w.org\/{rel}","templated":true}]}}