{"id":19062,"date":"2018-03-13T20:22:17","date_gmt":"2018-03-13T19:22:17","guid":{"rendered":"https:\/\/neurodev-ng.u-bordeaux.fr\/cookie-policy\/"},"modified":"2025-02-17T18:38:51","modified_gmt":"2025-02-17T17:38:51","slug":"personal-data","status":"publish","type":"page","link":"https:\/\/www.bordeaux-neurocampus.fr\/en\/legal-mentions\/personal-data\/","title":{"rendered":"Personal data"},"content":{"rendered":"<p>Les donn\u00e9es collect\u00e9es sur le site web de Bordeaux Neurocampus sont :<\/p>\n<p><strong>Donn\u00e9es li\u00e9es \u00e0 la newsletter :<\/strong><br \/>\n&#8211; Email lors de l&#8217;inscription ;<br \/>\n&#8211; Date d&#8217;inscription ;<br \/>\n&#8211; Adresse IP \u00e0 l&#8217;inscription ;<br \/>\n&#8211; Statistiques de lecture des lettres.<\/p>\n<p>Aucune utilisation n&#8217;est faite de ces donn\u00e9es, autre que celles li\u00e9es \u00e0 l&#8217;envoi de la newsletter.<\/p>\n<hr \/>\n<p>Conform\u00e9ment au RGPD (R\u00e8glement G\u00e9n\u00e9ral de Protection des Donn\u00e9es : UE 2016\/679 du 27 avril 2016)\u00a0les usagers du pr\u00e9sent site web peuvent demander :<\/p>\n<ul>\n<li>\u00e0 \u00eatre inform\u00e9s de la nature des donn\u00e9es personnelles collect\u00e9es qui les concernent<\/li>\n<li>\u00e0 avoir acc\u00e8s aux donn\u00e9es personnelles les concernant<\/li>\n<li>la rectification, la limitation, la portabilit\u00e9 ou l&#8217;effacement de leurs donn\u00e9es<\/li>\n<\/ul>\n","protected":false},"excerpt":{"rendered":"<p>This site uses cookies &#8211; small text files that are placed on your machine to help the site provide a better user experience. In general, cookies are used to retain user preferences, store information for things like shopping carts, and provide anonymised tracking data to third party applications like Google Analytics. As a rule, cookies&hellip;<\/p>\n","protected":false},"author":1,"featured_media":0,"parent":18579,"menu_order":12,"comment_status":"closed","ping_status":"closed","template":"","meta":{"footnotes":""},"tags":[],"class_list":["post-19062","page","type-page","status-publish","hentry"],"_links":{"self":[{"href":"https:\/\/www.bordeaux-neurocampus.fr\/en\/wp-json\/wp\/v2\/pages\/19062","targetHints":{"allow":["GET"]}}],"collection":[{"href":"https:\/\/www.bordeaux-neurocampus.fr\/en\/wp-json\/wp\/v2\/pages"}],"about":[{"href":"https:\/\/www.bordeaux-neurocampus.fr\/en\/wp-json\/wp\/v2\/types\/page"}],"author":[{"embeddable":true,"href":"https:\/\/www.bordeaux-neurocampus.fr\/en\/wp-json\/wp\/v2\/users\/1"}],"replies":[{"embeddable":true,"href":"https:\/\/www.bordeaux-neurocampus.fr\/en\/wp-json\/wp\/v2\/comments?post=19062"}],"version-history":[{"count":1,"href":"https:\/\/www.bordeaux-neurocampus.fr\/en\/wp-json\/wp\/v2\/pages\/19062\/revisions"}],"predecessor-version":[{"id":180650,"href":"https:\/\/www.bordeaux-neurocampus.fr\/en\/wp-json\/wp\/v2\/pages\/19062\/revisions\/180650"}],"up":[{"embeddable":true,"href":"https:\/\/www.bordeaux-neurocampus.fr\/en\/wp-json\/wp\/v2\/pages\/18579"}],"wp:attachment":[{"href":"https:\/\/www.bordeaux-neurocampus.fr\/en\/wp-json\/wp\/v2\/media?parent=19062"}],"wp:term":[{"taxonomy":"post_tag","embeddable":true,"href":"https:\/\/www.bordeaux-neurocampus.fr\/en\/wp-json\/wp\/v2\/tags?post=19062"}],"curies":[{"name":"wp","href":"https:\/\/api.w.org\/{rel}","templated":true}]}}