{"id":189539,"date":"2025-11-10T16:31:59","date_gmt":"2025-11-10T15:31:59","guid":{"rendered":"https:\/\/www.bordeaux-neurocampus.fr\/resources-neurocampus\/comment-signer-vos-publications\/"},"modified":"2025-11-10T18:27:21","modified_gmt":"2025-11-10T17:27:21","slug":"comment-signer-vos-publications","status":"publish","type":"page","link":"https:\/\/www.bordeaux-neurocampus.fr\/en\/comment-signer-vos-publications\/","title":{"rendered":"Comment signer vos publications"},"content":{"rendered":"<p>Une bonne application des recommandations en mati\u00e8re de signature des publications scientifiques permet une meilleure visibilit\u00e9 de la production de recherche bordelaise pour les auteurs, pour les unit\u00e9s de recherche et pour leurs tutelles avec tous les b\u00e9n\u00e9fices que cela engendre.<\/p>\n<p>Dans ce cadre, un g\u00e9n\u00e9rateur automatique de signature norm\u00e9e est disponible \u00e0 l&#8217;adresse :<\/p>\n<p><a href=\"https:\/\/busec2.u-bordeaux.fr\/generateur-signature\/index.php\">https:\/\/busec2.u-bordeaux.fr\/generateur-signature\/index.php<\/a><\/p>\n<h3>Comment signer ?<\/h3>\n<p>En fonction de votre unit\u00e9 et de votre tutelle, merci d&#8217;utiliser l&#8217;affiliation correcte :<\/p>\n<p><strong>BIC :<\/strong><br \/>\nUniv. Bordeaux, CNRS, INSERM, BIC, US4, UAR 3420, F-33000 Bordeaux, France<\/p>\n<p><strong>IINS :<br \/>\n<\/strong>Univ. Bordeaux, CNRS, IINS, UMR 5297, F-33000 Bordeaux, France<\/p>\n<p><strong>IMN :<br \/>\n<\/strong>Univ. Bordeaux, CNRS, IMN, UMR 5293, F-33000 Bordeaux, France<\/p>\n<p><strong>INCIA :<\/strong><\/p>\n<p>Univ. Bordeaux, CNRS, INCIA, UMR 5287, F-33000 Bordeaux, France<\/p>\n<p><em>Pour les publications relevant de th\u00e9matiques de recherche en partenariat avec EPHE :<\/em><br \/>\n<sup>1.<\/sup> Univ. Bordeaux, CNRS, INCIA, UMR 5287, F-33000 Bordeaux, France<br \/>\n<sup>2.<\/sup> EPHE, CNRS, INCIA, UMR 5287, F-75000 Paris, France<\/p>\n<p><strong>Neurocentre Magendie :<br \/>\n<\/strong>Univ. Bordeaux, INSERM, Neurocentre Magendie, U1215, F-33000 Bordeaux, France<\/p>\n<p><strong>NutriNeuro :<br \/>\n<\/strong>Univ. Bordeaux, INRAE, Bordeaux INP, NutriNeurO, UMR 1286, F-33000 Bordeaux, France<\/p>\n<p><strong>Sanpsy :<br \/>\n<\/strong>Univ. Bordeaux, CNRS, SANPSY, UMR 6033, F-33000 Bordeaux, France<\/p>\n<h3>Quelques pr\u00e9cisions<\/h3>\n<p><strong>EPCSCP \u00e9galement tutelle de l&#8217;unit\u00e9 de recherche :<\/strong><\/p>\n<p>En raison des pr\u00e9conisations des EPST (<a href=\"https:\/\/bibliotheques.u-bordeaux.fr\/Site-Institutionnel\/Lexique#link-fiche9856\">CNRS<\/a> , INRAE, <a href=\"https:\/\/bibliotheques.u-bordeaux.fr\/Site-Institutionnel\/Lexique#link-fiche11593\">Inserm<\/a> , \u2026) et en accord avec Bordeaux INP, il est demand\u00e9 de structurer la signature des publications scientifiques sous la forme monoligne.<\/p>\n<p>Dans le cas o\u00f9 un autre EPCSCP (\u00c9tablissement public \u00e0 caract\u00e8re scientifique, culturel et professionnel) que l\u2019universit\u00e9 de Bordeaux ou que Bordeaux INP est aussi tutelle de l\u2019unit\u00e9, on mentionnera cet EPCSCP dans une autre ligne. (Universit\u00e9 Bordeaux Montaigne, Sciences Po Bordeaux, Arts et M\u00e9tiers ParisTech, Bordeaux Sciences Agro,&#8230;)<\/p>\n<p><u>Soit une structure en 2 lignes :<\/u><\/p>\n<p>\u203a Pr\u00e9nom. Nom <sup>1, 2<\/sup><strong><br \/>\n<\/strong><sup>1<\/sup> Univ. Bordeaux, EPST, nom ou abr\u00e9viation du labo, num\u00e9ro de l\u2019unit\u00e9, code postal, Ville, France<br \/>\n<sup>2<\/sup> Autre EPCSCP, EPST, nom ou abr\u00e9viation du labo, num\u00e9ro de l\u2019unit\u00e9, code postal, Ville, France.<\/p>\n<p><strong>Personnel hospitalo universitaire, exemple avec le CHU :<\/strong><\/p>\n<p>Dans le cas o\u00f9 l\u2019auteur de la publication est un personnel hospitalo-universitaire ou hospitalier h\u00e9berg\u00e9 dans une unit\u00e9 de recherche dont l\u2019universit\u00e9 de Bordeaux est tutelle, il est recommand\u00e9 de cr\u00e9er une ligne suppl\u00e9mentaire mentionnant &#8220;CHU de Bordeaux&#8221;.<\/p>\n<p>\u203a Pr\u00e9nom. Nom <sup>1, 2<\/sup><br \/>\n<sup>1<\/sup> Univ . Bordeaux, EPST, nom ou abr\u00e9viation du laboratoire, num\u00e9ro de l&#8217;unit\u00e9, Code postal Ville, France<br \/>\n<sup>2<\/sup> CHU de Bordeaux , Service, Code postal Ville, France<\/p>\n<p><strong>Adresse de correspondance<\/strong><\/p>\n<p>Dans le cas o\u00f9 l\u2019auteur est d\u00e9sign\u00e9 comme auteur de correspondance, il peut pr\u00e9ciser l\u2019adresse postale et le cedex afin que la correspondance puisse lui parvenir par courrier<\/p>\n<h2>En savoir plus<\/h2>\n<p><a href=\"https:\/\/bibliotheques.u-bordeaux.fr\/Soutien-a-la-recherche\/Visibilite-de-sa-recherche-et-bibliometrie-nos-services2\/Signature-des-publications\">https:\/\/bibliotheques.u-bordeaux.fr\/Soutien-a-la-recherche\/Visibilite-de-sa-recherche-et-bibliometrie-nos-services2\/Signature-des-publications<\/a><\/p>\n","protected":false},"excerpt":{"rendered":"<p>Pour une meilleure visibilit\u00e9 de la production<\/p>\n","protected":false},"author":108,"featured_media":0,"parent":0,"menu_order":0,"comment_status":"closed","ping_status":"closed","template":"","meta":{"footnotes":""},"tags":[],"class_list":["post-189539","page","type-page","status-publish","hentry"],"_links":{"self":[{"href":"https:\/\/www.bordeaux-neurocampus.fr\/en\/wp-json\/wp\/v2\/pages\/189539","targetHints":{"allow":["GET"]}}],"collection":[{"href":"https:\/\/www.bordeaux-neurocampus.fr\/en\/wp-json\/wp\/v2\/pages"}],"about":[{"href":"https:\/\/www.bordeaux-neurocampus.fr\/en\/wp-json\/wp\/v2\/types\/page"}],"author":[{"embeddable":true,"href":"https:\/\/www.bordeaux-neurocampus.fr\/en\/wp-json\/wp\/v2\/users\/108"}],"replies":[{"embeddable":true,"href":"https:\/\/www.bordeaux-neurocampus.fr\/en\/wp-json\/wp\/v2\/comments?post=189539"}],"version-history":[{"count":1,"href":"https:\/\/www.bordeaux-neurocampus.fr\/en\/wp-json\/wp\/v2\/pages\/189539\/revisions"}],"predecessor-version":[{"id":189540,"href":"https:\/\/www.bordeaux-neurocampus.fr\/en\/wp-json\/wp\/v2\/pages\/189539\/revisions\/189540"}],"wp:attachment":[{"href":"https:\/\/www.bordeaux-neurocampus.fr\/en\/wp-json\/wp\/v2\/media?parent=189539"}],"wp:term":[{"taxonomy":"post_tag","embeddable":true,"href":"https:\/\/www.bordeaux-neurocampus.fr\/en\/wp-json\/wp\/v2\/tags?post=189539"}],"curies":[{"name":"wp","href":"https:\/\/api.w.org\/{rel}","templated":true}]}}