{"id":188848,"date":"2025-06-25T17:39:34","date_gmt":"2025-06-25T15:39:34","guid":{"rendered":"https:\/\/www.bordeaux-neurocampus.fr\/training\/programs\/diplomes-universitaires-et-inter-universitaires\/"},"modified":"2026-03-20T11:14:34","modified_gmt":"2026-03-20T10:14:34","slug":"diplomes-universitaires-et-inter-universitaires","status":"publish","type":"page","link":"https:\/\/www.bordeaux-neurocampus.fr\/en\/training\/programs\/diplomes-universitaires-et-inter-universitaires\/","title":{"rendered":"Dipl\u00f4mes universitaires et inter-universitaires"},"content":{"rendered":"<p>Un certain nombre de personnels de recherche et d&#8217;enseignement de Bordeaux Neurocampus sont responsables de plusieurs formations dipl\u00f4mantes de l&#8217;universit\u00e9 de Bordeaux, dipl\u00f4mes universitaires (DU) ou dipl\u00f4mes inter-universitaires (DIU).<\/p>\n<h2>Sciences de la sant\u00e9<\/h2>\n<h3>D.U. Addictologie avec et sans substance<\/h3>\n<p><strong>Public:\u00a0<\/strong><br \/>\nDocteurs en m\u00e9decine, les docteurs en pharmacie, les titulaires du Dipl\u00f4me d&#8217;Etat d&#8217;infirmier ou de son \u00e9quivalent, les psychologues titulaires d&#8217;un DESS, d&#8217;un DEA ou d&#8217;un master, les travailleurs sociaux.<br \/>\nD&#8217;une fa\u00e7on g\u00e9n\u00e9rale, toute personne titulaire d&#8217;un dipl\u00f4me permettant d&#8217;intervenir dans le champ du soin et susceptible de rencontrer des personnes avec une maladie psychiatrique, sans pour autant \u00eatre sp\u00e9cialiste de sant\u00e9 mentale.<\/p>\n<p>Responsable : Marc Auriacombe<\/p>\n<p><a href=\"https:\/\/sante.u-bordeaux.fr\/application\/files\/6217\/3996\/9036\/DU_ADDICTOLOGIE_AVEC_SANS_SUBSTANCE.pdf\">En savoir plus sur le DU Addictologie<\/a><\/p>\n<p><a href=\"http:\/\/sanspsy.u-bordeaux.fr\">Voir \u00e9galement la rubrique formation du site web de Sanpsy :<br \/>\nsanpsy.u-bordeaux.fr, rubrique formation<\/a><\/p>\n<h3>D.I.U Maladies neurod\u00e9g\u00e9n\u00e9ratives<\/h3>\n<p><strong>Public :<\/strong><br \/>\nProfessionnels param\u00e9dicaux de Nouvelle Aquitaine (IDE, AS, psychologues, kin\u00e9sith\u00e9rapeutes, orthophonistes etc.) intervenant \u00e0 domicile ou en \u00e9tablissement et prenant en charge des patients atteints de maladies neurod\u00e9g\u00e9n\u00e9ratives (MND), centr\u00e9 sur les 3 principales maladies (Alzheimer, Parkinson et Scl\u00e9rose en plaques).<\/p>\n<p>Responsable principal UB : Fran\u00e7ois Tison<br \/>\nCo responsables UB : C\u00e9line V\u00e9ga Roiatti et Vincent Planche<\/p>\n<p><a href=\"https:\/\/sante.u-bordeaux.fr\/application\/files\/2217\/3997\/6962\/DIU_MALADIES_NEURODEGENERATIVES_A_DESTINATION_DU_PERSONNEL_PARAMEDICAL.pdf\">En savoir plus sur le DIU MND<\/a><\/p>\n<h3>D.U. Neuro\u00e9ducation<\/h3>\n<p><strong>Public prioritaire<\/strong> :<br \/>\nEncadrement, formateurs 1er degr\u00e9, formateurs 2d degr\u00e9, psychologues, infirmiers du Rectorat de l\u2019Acad\u00e9mie de Bordeaux<\/p>\n<p class=\"course-detail-top-side-title\">Responsable scientifique et p\u00e9dagogique : C\u00e9line V\u00e9ga Roiatti<\/p>\n<p><a href=\"https:\/\/formations.u-bordeaux.fr\/details-formation?type=formation&amp;id=78847\">En savoir plus sur le DU Neuro\u00e9ducation<\/a><\/p>\n<h3>D.U. Psychiatrie : diagnostics et soins de premi\u00e8re intention<\/h3>\n<p><strong>Public :<\/strong><br \/>\nCat\u00e9gories de personnels intervenant dans le champ de la sant\u00e9 (pharmaciens, infirmiers, psychologues, assistants sociaux, \u00e9ducateurs) dont la sp\u00e9cialit\u00e9 n\u2019est pas la psychiatrie ou la sant\u00e9 mentale<\/p>\n<p><strong>Objectif :<\/strong><br \/>\nApporter des connaissances pratiques pour le rep\u00e9rage diagnostic et la prise en charge de premi\u00e8re intention.<\/p>\n<p>Responsable :Marc Auriacombe<br \/>\nCo-responsables : Jean-Arthur Micoulaud-Franchi, M\u00e9lina Fatseas, Jacques Dubernet<\/p>\n<p><a href=\"https:\/\/sante.u-bordeaux.fr\/application\/files\/5117\/3997\/7718\/DU_PSYCHIATRIE_DIAGNOSTICS_ET_SOINS_DE_PREMIERE_INTENTION.pdf\">En savoir plus<\/a><\/p>\n<h3>D.I.U Philosophie et \u00e9pist\u00e9mologie de la psychiatrie<\/h3>\n<p><strong>Contenu :<\/strong><br \/>\nCette formation propose un panorama des axes de recherche contemporains en philosophie de la psychiatrie : Histoire et philosophie des sciences, psychopathologie ph\u00e9nom\u00e9nologique, philosophie de la psychologie, des neurosciences cognitives, et des sciences sociales.<br \/>\nCe DIU a pour volont\u00e9 de s&#8217;inscrire dans les enjeux actuels de recherche en psychiatrie concernant la red\u00e9finition des ph\u00e9notypes cliniques au regard de leurs physiopathologies (endotype) et des enjeux th\u00e9rapeutiques, pronostique et d\u2019une perspective centr\u00e9e sur le r\u00e9tablissement.<\/p>\n<p>Responsable principal pour l&#8217;UB : Jean-Arthur Micoulaud-Franchi<br \/>\nCo-responsable pour l&#8217;UB : Marc Auriacombe<\/p>\n<p><a href=\"https:\/\/sante.u-bordeaux.fr\/application\/files\/7517\/3997\/7716\/DIU_PHILOSOPHIE_ET_EPISTEMOLOGIE_DE_LA_PSYCHIATRIE.pdf\">En savoir plus sur ce D.I.U<\/a><\/p>\n<h3>D.I.U. pratique et th\u00e9orie de l&#8217;\u00e9lectroconvulsivoth\u00e9rapie et de la stimulation magn\u00e9tique transcranienne<\/h3>\n<p><strong>Objectif :<\/strong><br \/>\nPermettre aux m\u00e9decins et aux personnels de sant\u00e9 (infirmiers, psychologues) participant \u00e0 l&#8217;ECT, SMT et autres m\u00e9thodes de stimulation d&#8217;acqu\u00e9rir les bases th\u00e9oriques et les connaissances pratiques n\u00e9cessaires pour la d\u00e9termination des indications de l&#8217;ECT et SMT, sa mise en pratique, la surveillance de ses cons\u00e9quences ainsi que pour l&#8217;initiation \u00e0 la recherche.<\/p>\n<p>Responsables principaux : Marc Auriacombe \/ Clelia Quiles<br \/>\nCo-responsables pour l&#8217;UB : Jean-Arthur Micoulaud-Franchi<\/p>\n<p><a href=\"https:\/\/sante.u-bordeaux.fr\/application\/files\/9817\/4435\/1157\/DIU_PRATIQUE_THEORIE_ELECTROCO_V13-1.pdf\">En savoir plus<\/a><\/p>\n<h3>D.U. M\u00e9decine narrative<\/h3>\n<p><strong>Objectifs de la formation :<\/strong><br \/>\n&#8211; Comprendre et appr\u00e9hender la place des r\u00e9cits dans le soin<br \/>\n&#8211; Conna\u00eetre les fondements historiques, th\u00e9oriques et pratiques de la m\u00e9decine narrative<br \/>\n&#8211; Acqu\u00e9rir une culture et des comp\u00e9tences narratives appliqu\u00e9es aux soins<br \/>\n&#8211; Participer \u00e0 la mise en pratique des m\u00e9thodes de la m\u00e9decine narrative dans un environnement professionnel de soins.<\/p>\n<p>Responsable principal : Jean-Arthur Micoulaud-Franchi<br \/>\nCo responsable : Isabelle Gallichon<\/p>\n<p><a href=\"https:\/\/sante.u-bordeaux.fr\/application\/files\/9917\/4014\/4778\/DU_MEDECINE_NARRATIVE.pdf\">En savoir plus sur le D.U. M\u00e9decine narrative<\/a><\/p>\n<h3>D.U. TDAH de l\u2019enfance \u00e0 l\u2019\u00e2ge adulte<\/h3>\n<p><strong>Objectifs de la formation :<\/strong><br \/>\n&#8211; Comprendre le TDAH de l\u2019enfance \u00e0 l\u2019\u00e2ge adulte : signes cliniques, fonctionnement, handicap et besoins.<br \/>\n&#8211; Savoir r\u00e9aliser une d\u00e9marche diagnostique : conna\u00eetre les sympt\u00f4mes, les comorbidit\u00e9s, les outils d\u2019\u00e9valuation, \u00e9valuer l\u2019impact fonctionnel<br \/>\n&#8211; Am\u00e9liorer l\u2019accompagnement au quotidien des personnes avec TDAH<br \/>\n&#8211; Acc\u00e9l\u00e9rer l\u2019appropriation des techniques d\u2019adaptation et des prises en charges ayant fait leur preuve en coh\u00e9rence avec les Recommandations de Bonnes Pratiques Professionnelles (HAS (Haute Autorit\u00e9 de Sant\u00e9) 2014, 2024).<\/p>\n<p>Responsable principal : Anouck Amestoy<br \/>\nCo responsable : Erica Martens<\/p>\n<p><a href=\"https:\/\/sante.u-bordeaux.fr\/application\/files\/5117\/4722\/7892\/DU_TDAH_DE_LENFANCE_A_LAGE_ADULTE__V1.pdf\">En savoir plus sur le DU TDAH<\/a><\/p>\n<h3>D.U. 1000 jours, sant\u00e9 mentale et psychiatrie p\u00e9rinatale<\/h3>\n<p><strong>Objectif :<\/strong><br \/>\nCet enseignement a pour but de transmettre les connaissances et l&#8217;\u00e9tat des recherches actuelles en<br \/>\npsychiatrie p\u00e9rinatale et former des soignants dans ce domaine.<\/p>\n<p>Responsable universitaire : Manuel Bouvard<\/p>\n<p><a href=\"https:\/\/sante.u-bordeaux.fr\/application\/files\/6317\/3997\/6965\/DU_1000_JOURS_SANTE_MENTALE_ET_PSYCHIATRIE_PERINATALE.pdf\">En savoir plus sur ce DU<\/a><\/p>\n<hr \/>\n<h2>Toutes les formations<\/h2>\n<p><a href=\"https:\/\/sante.u-bordeaux.fr\/formations\/listes-des-dudiu\/medecine\">Voir tous les D.U et les D.I.U. du coll\u00e8ge sant\u00e9<\/a><\/p>\n","protected":false},"excerpt":{"rendered":"<p>Dipl\u00f4mes universitaires (DU) ou dipl\u00f4mes inter-universitaires (DIU). <\/p>\n","protected":false},"author":108,"featured_media":0,"parent":18564,"menu_order":0,"comment_status":"closed","ping_status":"closed","template":"","meta":{"footnotes":""},"tags":[],"class_list":["post-188848","page","type-page","status-publish","hentry"],"_links":{"self":[{"href":"https:\/\/www.bordeaux-neurocampus.fr\/en\/wp-json\/wp\/v2\/pages\/188848","targetHints":{"allow":["GET"]}}],"collection":[{"href":"https:\/\/www.bordeaux-neurocampus.fr\/en\/wp-json\/wp\/v2\/pages"}],"about":[{"href":"https:\/\/www.bordeaux-neurocampus.fr\/en\/wp-json\/wp\/v2\/types\/page"}],"author":[{"embeddable":true,"href":"https:\/\/www.bordeaux-neurocampus.fr\/en\/wp-json\/wp\/v2\/users\/108"}],"replies":[{"embeddable":true,"href":"https:\/\/www.bordeaux-neurocampus.fr\/en\/wp-json\/wp\/v2\/comments?post=188848"}],"version-history":[{"count":2,"href":"https:\/\/www.bordeaux-neurocampus.fr\/en\/wp-json\/wp\/v2\/pages\/188848\/revisions"}],"predecessor-version":[{"id":196386,"href":"https:\/\/www.bordeaux-neurocampus.fr\/en\/wp-json\/wp\/v2\/pages\/188848\/revisions\/196386"}],"up":[{"embeddable":true,"href":"https:\/\/www.bordeaux-neurocampus.fr\/en\/wp-json\/wp\/v2\/pages\/18564"}],"wp:attachment":[{"href":"https:\/\/www.bordeaux-neurocampus.fr\/en\/wp-json\/wp\/v2\/media?parent=188848"}],"wp:term":[{"taxonomy":"post_tag","embeddable":true,"href":"https:\/\/www.bordeaux-neurocampus.fr\/en\/wp-json\/wp\/v2\/tags?post=188848"}],"curies":[{"name":"wp","href":"https:\/\/api.w.org\/{rel}","templated":true}]}}