{"id":18738,"date":"2018-03-06T11:12:35","date_gmt":"2018-03-06T10:12:35","guid":{"rendered":"https:\/\/neurodev-ng.u-bordeaux.fr\/english-title\/ressources-for-personnals\/"},"modified":"2022-11-07T14:33:44","modified_gmt":"2022-11-07T13:33:44","slug":"resources-neurocampus","status":"publish","type":"page","link":"https:\/\/www.bordeaux-neurocampus.fr\/en\/resources-neurocampus\/","title":{"rendered":"Resources"},"content":{"rendered":"<div class=\"wpb-content-wrapper\"><p>[vc_row][vc_column][vc_column_text]<\/p>\n<h1>Pour nos \u00e9quipes<\/h1>\n<p>[\/vc_column_text][\/vc_column][\/vc_row][vc_row][vc_column width=&#8221;1\/4&#8243;][vc_text_separator title=&#8221;Entre nous&#8221; i_icon_fontawesome=&#8221;fa fa-handshake-o&#8221; i_color=&#8221;custom&#8221; color=&#8221;custom&#8221; add_icon=&#8221;true&#8221; i_custom_color=&#8221;#bb0027&#8243; accent_color=&#8221;#bb0027&#8243;][vc_column_text]<a href=\"https:\/\/www.bordeaux-neurocampus.fr\/en\/resources-neurocampus\/directory\/newcomers\/\"><strong>Nouveaux arrivants<\/strong><\/a><br \/>\nFaites-vous conna\u00eetre !<\/p>\n<p><strong><a href=\"https:\/\/www.bordeaux-neurocampus.fr\/en\/resources-neurocampus\/directory\/\">Annuaire<\/a><br \/>\n<\/strong>Tout le personnel<\/p>\n<p><strong><a href=\"https:\/\/www.bordeaux-neurocampus.fr\/en\/?page_id=101227\">Personnes ressources<br \/>\n<\/a><\/strong>\u00c0 Bordeaux Neurocampus et \u00e0 l&#8217;universit\u00e9<\/p>\n<p><strong><a href=\"https:\/\/www.bordeaux-neurocampus.fr\/en\/category\/between-us\/\">Les actus Neurocampus<\/a><\/strong>[\/vc_column_text][\/vc_column][vc_column width=&#8221;1\/4&#8243;][vc_text_separator title=&#8221;Pour les \u00e9v\u00e9nements&#8221; i_icon_fontawesome=&#8221;fa fa-calendar&#8221; i_color=&#8221;custom&#8221; color=&#8221;custom&#8221; add_icon=&#8221;true&#8221; i_custom_color=&#8221;#bb0027&#8243; accent_color=&#8221;#bb0027&#8243;][vc_column_text]<strong><a href=\"https:\/\/www.bordeaux-neurocampus.fr\/en\/resources-neurocampus\/tools-for-teams\/ressources-evenements\/organizing-a-seminar\/\">Organiser un s\u00e9minaire<\/a><br \/>\n<\/strong>Processus : invitation, r\u00e9servation de salle<\/p>\n<p><a href=\"https:\/\/www.bordeaux-neurocampus.fr\/en\/resources-neurocampus\/tools-for-teams\/ressources-evenements\/how-to-announce-your-thesis-or-hdr-defense\/\"><strong>Annoncer une th\u00e8se ou un HDR<\/strong><\/a><br \/>\nQuelles informations nous fournir ?<\/p>\n<p><strong><a href=\"https:\/\/www.bordeaux-neurocampus.fr\/ressources-neurocampus\/informations-pratiques\/ressources-evenements\/financement-des-evenements\/\">Soutien aux manifestations<\/a><br \/>\n<\/strong>Aides de Bordeaux Neurocampus<\/p>\n<div>\n<p>&nbsp;<\/p>\n<\/div>\n<p>[\/vc_column_text][\/vc_column][vc_column width=&#8221;1\/4&#8243;][vc_text_separator title=&#8221;Pour la recherche&#8221; i_icon_fontawesome=&#8221;fas fa-microscope&#8221; i_color=&#8221;custom&#8221; color=&#8221;custom&#8221; add_icon=&#8221;true&#8221; i_custom_color=&#8221;#bb0027&#8243; accent_color=&#8221;#bb0027&#8243;][vc_column_text]<a href=\"https:\/\/www.bordeaux-neurocampus.fr\/en\/resources-neurocampus\/tools-for-teams\/how-can-i-update-my-publication-list\/\"><strong>Voir mes publications sur le site<\/strong><\/a><br \/>\nMettez votre fiche orcid \u00e0 jour !<\/p>\n<p><a href=\"https:\/\/www.bordeaux-neurocampus.fr\/en\/resources-neurocampus\/tools-for-teams\/highlights\/\"><strong>Publier un commentaire d&#8217;article<\/strong><\/a><br \/>\nSoumettez-nous vos propositions !<\/p>\n<p><strong><a href=\"https:\/\/www.bordeaux-neurocampus.fr\/en\/resources-neurocampus\/tools-for-teams\/appel-doffres\/\">Appels d\u2019offre<br \/>\n<\/a><\/strong>Appels \u00e0 projets en neurosciences : prix, bourses, s\u00e9jours de recherche, partenariats\u2026[\/vc_column_text][\/vc_column][vc_column width=&#8221;1\/4&#8243;][vc_text_separator title=&#8221;Pour la comm'&#8221; i_icon_fontawesome=&#8221;fa fa-picture-o&#8221; i_color=&#8221;custom&#8221; color=&#8221;custom&#8221; add_icon=&#8221;true&#8221; accent_color=&#8221;#bb0027&#8243; i_custom_color=&#8221;#bb0027&#8243;][vc_column_text]<a href=\"https:\/\/www.bordeaux-neurocampus.fr\/en\/resources-neurocampus\/tools-for-teams\/ressources-communication\/charte-graphique\/\"><strong>Charte graphique<\/strong><br \/>\n<\/a>Logos, mod\u00e8les, etc.<\/p>\n<p><strong><a href=\"https:\/\/www.bordeaux-neurocampus.fr\/en\/resources-neurocampus\/tools-for-teams\/ressources-communication\/flyers-etc\/\">Supports de communication<\/a><\/strong><br \/>\nPlaquettes, banderoles<\/p>\n<p><a href=\"https:\/\/www.bordeaux-neurocampus.fr\/en\/resources-neurocampus\/tools-for-teams\/ressources-communication\/banque-dimages\/\"><strong>Banque d\u2019images<\/strong><br \/>\n<\/a>Photographies Bordeaux Neurocampus.<\/p>\n<p>&nbsp;<\/p>\n<div><\/div>\n<p>[\/vc_column_text][\/vc_column][\/vc_row][vc_row][vc_column][vc_column_text]<\/p>\n<h1>Pour tous<\/h1>\n<p>[\/vc_column_text][\/vc_column][\/vc_row][vc_row][vc_column width=&#8221;1\/4&#8243;][vc_column_text]<strong><a href=\"https:\/\/www.bordeaux-neurocampus.fr\/en\/resources-neurocampus\/join-us\/\">Nous rejoindre<\/a><\/strong><\/p>\n<p>Offres d&#8217;emploi, de stages&#8230;[\/vc_column_text][\/vc_column][vc_column width=&#8221;1\/4&#8243;][vc_column_text]<strong><a href=\"https:\/\/www.bordeaux-neurocampus.fr\/en\/resources-neurocampus\/directory\/\">Annuaire<\/a><br \/>\n<\/strong>Tout le personnel<\/p>\n<p><strong><a href=\"https:\/\/www.bordeaux-neurocampus.fr\/en\/?page_id=101227\">Personnes ressources<br \/>\n<\/a><\/strong>\u00c0 Bordeaux Neurocampus et \u00e0 l&#8217;universit\u00e9<\/p>\n<p>[\/vc_column_text][\/vc_column][vc_column width=&#8221;1\/4&#8243;][vc_column_text]<a href=\"https:\/\/www.bordeaux-neurocampus.fr\/en\/resources-neurocampus\/newsletter\/\"><strong>La lettre d&#8217;information<\/strong><\/a><br \/>\nChaque semaine dans votre bo\u00eete \u00e0 lettres.<\/p>\n<p><strong><a href=\"https:\/\/www.bordeaux-neurocampus.fr\/en\/category\/between-us\/\">Les actus Neurocampus<\/a><\/strong>[\/vc_column_text][\/vc_column][vc_column width=&#8221;1\/4&#8243;][vc_column_text]<a href=\"https:\/\/www.bordeaux-neurocampus.fr\/en\/resources-neurocampus\/for-the-press\/\"><strong>Pour la presse<\/strong><\/a>[\/vc_column_text][\/vc_column][\/vc_row][vc_row][vc_column width=&#8221;1\/2&#8243;][vc_text_separator title=&#8221;S\u00e9same ouvre-toi !&#8221; i_icon_fontawesome=&#8221;fa fa-key&#8221; i_color=&#8221;custom&#8221; color=&#8221;custom&#8221; add_icon=&#8221;true&#8221; accent_color=&#8221;#bb0027&#8243; i_custom_color=&#8221;#bb0027&#8243;][vc_column_text]Certaines rubriques sont accessibles par mot de passe.<\/p>\n<p><a href=\"mailto:arnaud.rodriguez@u-bordeaux.fr\">Contactez-nous pour pouvoir acc\u00e9der \u00e0 ces rubriques.<\/a>[\/vc_column_text][\/vc_column][vc_column width=&#8221;1\/2&#8243;][\/vc_column][\/vc_row]<\/p>\n<\/div>","protected":false},"excerpt":{"rendered":"<p>Infos pratiques et ressources pour les chercheurs, les \u00e9tudiants, la presse&#8230;<\/p>\n","protected":false},"author":108,"featured_media":0,"parent":0,"menu_order":3,"comment_status":"closed","ping_status":"closed","template":"","meta":{"footnotes":""},"tags":[],"class_list":["post-18738","page","type-page","status-publish","hentry"],"_links":{"self":[{"href":"https:\/\/www.bordeaux-neurocampus.fr\/en\/wp-json\/wp\/v2\/pages\/18738","targetHints":{"allow":["GET"]}}],"collection":[{"href":"https:\/\/www.bordeaux-neurocampus.fr\/en\/wp-json\/wp\/v2\/pages"}],"about":[{"href":"https:\/\/www.bordeaux-neurocampus.fr\/en\/wp-json\/wp\/v2\/types\/page"}],"author":[{"embeddable":true,"href":"https:\/\/www.bordeaux-neurocampus.fr\/en\/wp-json\/wp\/v2\/users\/108"}],"replies":[{"embeddable":true,"href":"https:\/\/www.bordeaux-neurocampus.fr\/en\/wp-json\/wp\/v2\/comments?post=18738"}],"version-history":[{"count":3,"href":"https:\/\/www.bordeaux-neurocampus.fr\/en\/wp-json\/wp\/v2\/pages\/18738\/revisions"}],"predecessor-version":[{"id":151856,"href":"https:\/\/www.bordeaux-neurocampus.fr\/en\/wp-json\/wp\/v2\/pages\/18738\/revisions\/151856"}],"wp:attachment":[{"href":"https:\/\/www.bordeaux-neurocampus.fr\/en\/wp-json\/wp\/v2\/media?parent=18738"}],"wp:term":[{"taxonomy":"post_tag","embeddable":true,"href":"https:\/\/www.bordeaux-neurocampus.fr\/en\/wp-json\/wp\/v2\/tags?post=18738"}],"curies":[{"name":"wp","href":"https:\/\/api.w.org\/{rel}","templated":true}]}}