{"id":18558,"date":"2018-03-06T11:06:00","date_gmt":"2018-03-06T10:06:00","guid":{"rendered":"https:\/\/neurodev-ng.u-bordeaux.fr\/english-title\/join-us\/"},"modified":"2025-06-02T11:06:42","modified_gmt":"2025-06-02T09:06:42","slug":"join-us","status":"publish","type":"page","link":"https:\/\/www.bordeaux-neurocampus.fr\/en\/resources-neurocampus\/join-us\/","title":{"rendered":"Join us!"},"content":{"rendered":"<div class=\"wpb-content-wrapper\"><p>[vc_row][vc_column width=&#8221;2\/3&#8243;][vc_column_text]\n\n\n<div id=\"wpv-view-layout-104204\" class=\"js-wpv-view-layout js-wpv-layout-responsive js-wpv-view-layout-104204\" data-viewnumber=\"104204\" data-pagination=\"{&quot;id&quot;:104204,&quot;query&quot;:&quot;normal&quot;,&quot;type&quot;:&quot;disabled&quot;,&quot;effect&quot;:&quot;fade&quot;,&quot;duration&quot;:500,&quot;speed&quot;:5,&quot;pause_on_hover&quot;:&quot;disabled&quot;,&quot;stop_rollover&quot;:&quot;false&quot;,&quot;cache_pages&quot;:&quot;enabled&quot;,&quot;preload_images&quot;:&quot;enabled&quot;,&quot;preload_pages&quot;:&quot;enabled&quot;,&quot;preload_reach&quot;:1,&quot;spinner&quot;:&quot;builtin&quot;,&quot;spinner_image&quot;:&quot;https:\/\/www.bordeaux-neurocampus.fr\/wp-content\/plugins\/wp-views\/embedded\/res\/img\/ajax-loader.gif&quot;,&quot;callback_next&quot;:&quot;&quot;,&quot;manage_history&quot;:&quot;enabled&quot;,&quot;has_controls_in_form&quot;:&quot;disabled&quot;,&quot;infinite_tolerance&quot;:&quot;0&quot;,&quot;max_pages&quot;:1,&quot;page&quot;:1,&quot;base_permalink&quot;:&quot;\/en\/wp-json\/wp\/v2\/pages\/18558?wpv_view_count=104204&amp;wpv_paged=WPV_PAGE_NUM&quot;,&quot;loop&quot;:{&quot;type&quot;:&quot;&quot;,&quot;name&quot;:&quot;&quot;,&quot;data&quot;:[],&quot;id&quot;:0}}\" data-permalink=\"\/en\/wp-json\/wp\/v2\/pages\/18558?wpv_view_count=104204\">\n\n\t\n\t\n\t\n      <div class=\"sspage\">\n              <strong><a href=\"https:\/\/www.bordeaux-neurocampus.fr\/en\/post-doctoral-research-position-in-ai-machine-learning-for-analyzes-of-rodent-behavior\/\">Post-doctoral research position in AI\/machine learning for analyzes of rodent behavior<\/a><\/strong>\n\t\t\t\t<p>Contact: Bruno Bontempi (INCIA)<\/p>\n\n          <p class=\"pdate\">31 March 2026 <\/p>\n              <br\/>\n          <\/div>\n\t\n      <div class=\"sspage\">\n              <strong><a href=\"https:\/\/www.bordeaux-neurocampus.fr\/en\/offre-de-these-cifre-impact-dune-supplementation-en-actifs-marins\/\">Offre de th\u00e8se CIFRE &#8211; Impact d\u2019une suppl\u00e9mentation en actifs marins<\/a><\/strong>\n\t\t\t\t<p>Contact : Corinne Joffre (NutriNeuro)<\/p>\n\n          <p class=\"pdate\">2 March 2026 <\/p>\n              <br\/>\n          <\/div>\n\t\n      <div class=\"sspage\">\n              <strong><a href=\"https:\/\/www.bordeaux-neurocampus.fr\/en\/engineer-assistant-team-desmedt\/\">Engineer assistant<\/a><\/strong>\n\t\t\t\t<p>Contact: Aline Desmedt (Magendie)<\/p>\n\n          <p class=\"pdate\">23 February 2026 <\/p>\n              <br\/>\n          <\/div>\n\t\n      <div class=\"sspage\">\n              <strong><a href=\"https:\/\/www.bordeaux-neurocampus.fr\/en\/postdoc-and-phd-positions-in-systems-neuroscience-2\/\">Postdoc and PhD Positions in Systems Neuroscience<\/a><\/strong>\n\t\t\t\t<p>Contact: Naoya Takahashi (IINS)<\/p>\n\n          <p class=\"pdate\">18 February 2026 <\/p>\n              <br\/>\n          <\/div>\n\t\n      <div class=\"sspage\">\n              <strong><a href=\"https:\/\/www.bordeaux-neurocampus.fr\/en\/attache-de-recherche-clinique-cohorte-dadultes-autistes-sans-trouble-intellectuel\/\">Attach\u00e9 de Recherche Clinique &#8211; Cohorte d\u2019Adultes Autistes sans trouble intellectuel<\/a><\/strong>\n\t\t\t\t<p>Contact : Anouck Amestoy<\/p>\n\n          <p class=\"pdate\">9 December 2025 <\/p>\n              <br\/>\n          <\/div>\n\t\n      <div class=\"sspage\">\n              <strong><a href=\"https:\/\/www.bordeaux-neurocampus.fr\/en\/assistant-administratif-f-h\/\">Assistant administratif F\/H<\/a><\/strong>\n\t\t\t\t<p>Ecole des neurosciences de Bordeaux<\/p>\n\n          <p class=\"pdate\">8 December 2025 <\/p>\n              <br\/>\n          <\/div>\n\t\n      <div class=\"sspage\">\n              <strong><a href=\"https:\/\/www.bordeaux-neurocampus.fr\/en\/ingenieure-detudes-et-de-developpement-en-spectrometrie-de-masse-2\/\">Ing\u00e9nieur(e) d\u2019\u00e9tudes et de d\u00e9veloppement en spectrom\u00e9trie de masse<\/a><\/strong>\n\t\t\t\t<p>Contact : Isabelle Matias, Plateforme de Chimie analytique (Neurocentre Magendie)<\/p>\n\n          <p class=\"pdate\">18 November 2025 <\/p>\n              <br\/>\n          <\/div>\n\t\n      <div class=\"sspage\">\n              <strong><a href=\"https:\/\/www.bordeaux-neurocampus.fr\/en\/engineer\/\">Engineer position<\/a><\/strong>\n\t\t\t\t<p>Contact : Lisa Roux (IINS)<\/p>\n\n          <p class=\"pdate\">14 November 2025 <\/p>\n              <br\/>\n          <\/div>\n\t\n      <div class=\"sspage\">\n              <strong><a href=\"https:\/\/www.bordeaux-neurocampus.fr\/en\/postdoc-position-in-cellular-molecular-neuroscience-synaptic-plasticity-mechanisms\/\">Postdoc position in Cellular Molecular Neuroscience &#8211; Synaptic plasticity mechanisms<\/a><\/strong>\n\t\t\t\t<p>Contact : Mathieu Letellier (IINS)<\/p>\n\n          <p class=\"pdate\">13 November 2025 <\/p>\n              <br\/>\n          <\/div>\n\t\n      <div class=\"sspage\">\n              <strong><a href=\"https:\/\/www.bordeaux-neurocampus.fr\/en\/postdoctoral-position-in-neuroimaging-2\/\">Postdoctoral position in neuroimaging<\/a><\/strong>\n\t\t\t\t<p>Modeling heterogeneity and progression of cerebral small vessel disease and deciphering the role of glymphatic function using multi-modal neuroimaging \/\/ Contact : Ami Tsuchida<\/p>\n\n          <p class=\"pdate\">4 September 2025 <\/p>\n              <br\/>\n          <\/div>\n\t\n      <div class=\"sspage\">\n              <strong><a href=\"https:\/\/www.bordeaux-neurocampus.fr\/en\/postdoctoral-position-in-neuroimaging\/\">Postdoctoral position in neuroimaging<\/a><\/strong>\n\t\t\t\t<p>Enhancing Frontal Executive Function in Cerebral Small Vessel Disease Using Photobiostimulation and Portable Neuroimaging \/\/ Contacts : Laure Zago and Michel Thiebaut de Schotten<\/p>\n\n          <p class=\"pdate\">3 September 2025 <\/p>\n              <br\/>\n          <\/div>\n\t\n      <div class=\"sspage\">\n              <strong><a href=\"https:\/\/www.bordeaux-neurocampus.fr\/en\/internship-refining-a-behavioral-experiment-to-improve-animal-welfare\/\">Internship: Refining a behavioral experiment to improve animal welfare<\/a><\/strong>\n\t\t\t\t<p>Contact: Lucille Alonso (IINS)<\/p>\n\n          <p class=\"pdate\">22 July 2025 <\/p>\n              <br\/>\n          <\/div>\n\t\n      <div class=\"sspage\">\n              <strong><a href=\"https:\/\/www.bordeaux-neurocampus.fr\/en\/assistant-engineer-ai-in-behavioral-neurobiology\/\">Assistant Engineer (AI) in Behavioral Neurobiology<\/a><\/strong>\n\t\t\t\t<p>Contact: V\u00e9ronique Deroche (Magendie)<\/p>\n\n          <p class=\"pdate\">16 July 2025 <\/p>\n              <br\/>\n          <\/div>\n\t\n      <div class=\"sspage\">\n              <strong><a href=\"https:\/\/www.bordeaux-neurocampus.fr\/en\/post-doctoral-position-respiratory-dysfunctions\/\">Post-doctoral position &#8211; Microglia and respiratory dysfunction in CCHS (or Ondine syndrome).<\/a><\/strong>\n\t\t\t\t<p>Contact: Muriel Thoby-Brisson (INCIA)<\/p>\n\n          <p class=\"pdate\">12 July 2025 <\/p>\n              <br\/>\n          <\/div>\n\t\n      <div class=\"sspage\">\n              <strong><a href=\"https:\/\/www.bordeaux-neurocampus.fr\/en\/group-leader-tenured-track-position-in-computational-neuroscience\/\">Group leader tenure-track position\u00a0in Computational Neuroscience<\/a><\/strong>\n\t\t\t\t<p>Neurocentre Magendie<\/p>\n\n          <p class=\"pdate\">4 July 2025 <\/p>\n              <br\/>\n          <\/div>\n\t\n      <div class=\"sspage\">\n              <strong><a href=\"https:\/\/www.bordeaux-neurocampus.fr\/en\/engineer-ie-or-research-engineer-ir-in-behavioral-neurobiology\/\">Engineer (IE) or Research Engineer (IR) in Behavioral Neurobiology<\/a><\/strong>\n\t\t\t\t<p>Contact: Daniela Cota (Magendie)<\/p>\n\n          <p class=\"pdate\">20 June 2025 <\/p>\n              <br\/>\n          <\/div>\n\t\n      <div class=\"sspage\">\n              <strong><a href=\"https:\/\/www.bordeaux-neurocampus.fr\/en\/ingenieur-detude-en-culture-cellulaire-h-f\/\">Ing\u00e9nieur d\u2019\u00e9tude en culture cellulaire H\/F<\/a><\/strong>\n\t\t\t\t<p>Contact : Cl\u00e9mentine Bosch-Bouju (NutriNeuro)<\/p>\n\n          <p class=\"pdate\">16 June 2025 <\/p>\n              <br\/>\n          <\/div>\n\t\n      <div class=\"sspage\">\n              <strong><a href=\"https:\/\/www.bordeaux-neurocampus.fr\/en\/biologiste-en-analyse-de-donnees-f-h\/\">Biologiste en analyse de donn\u00e9es F\/H<\/a><\/strong>\n\t\t\t\t<p>Dans le cadre du labCom MEEGASAFE<\/p>\n\n          <p class=\"pdate\">11 June 2025 <\/p>\n              <br\/>\n          <\/div>\n\t\n      <div class=\"sspage\">\n              <strong><a href=\"https:\/\/www.bordeaux-neurocampus.fr\/en\/chaire-de-professeur-junior-neurosciences-moleculaires-et-cellulaires\/\">Junior Professor Position &#8211; Molecular and Cellular Neurosciences<\/a><\/strong>\n\t\t\t\t<p>Contact : Laurent Groc (IINS)<\/p>\n\n          <p class=\"pdate\">12 May 2025 <\/p>\n              <br\/>\n          <\/div>\n\t\n      <div class=\"sspage\">\n              <strong><a href=\"https:\/\/www.bordeaux-neurocampus.fr\/en\/research-assistant-engineer-mulle-mai2025\/\">Research Assistant \u2013 Engineer<\/a><\/strong>\n\t\t\t\t<p>Contact: Christophe Mulle (IINS)<\/p>\n\n          <p class=\"pdate\">12 May 2025 <\/p>\n              <br\/>\n          <\/div>\n\t\n      <div class=\"sspage\">\n              <strong><a href=\"https:\/\/www.bordeaux-neurocampus.fr\/en\/thesis-position-cchs\/\">Thesis position &#8211; Respiratory deficits in the Congenital Central Hypoventilation Syndrome (CCHS): underlying central mechanisms and therapeutic treatments.<\/a><\/strong>\n\t\t\t\t<p>Contact: Muriel Thoby-Brisson (INCIA)<\/p>\n\n          <p class=\"pdate\">12 May 2025 <\/p>\n              <br\/>\n          <\/div>\n\t\n      <div class=\"sspage\">\n              <strong><a href=\"https:\/\/www.bordeaux-neurocampus.fr\/en\/two-post-doctoral-positions-in-systems-neuroscience\/\">Two post doctoral positions in Systems Neuroscience<\/a><\/strong>\n\t\t\t\t<p>Contact: Naoya Takahashi<\/p>\n\n          <p class=\"pdate\">12 May 2025 <\/p>\n              <br\/>\n          <\/div>\n\t\n      <div class=\"sspage\">\n              <strong><a href=\"https:\/\/www.bordeaux-neurocampus.fr\/en\/post-doc-position-body-brain-relationship-in-drug-addiction\/\">Post doc position &#8211; Body\/brain relationship in drug addiction<\/a><\/strong>\n\t\t\t\t<p>Contact: Martine Cador (INCIA)<\/p>\n\n          <p class=\"pdate\">12 May 2025 <\/p>\n              <br\/>\n          <\/div>\n\t\n      <div class=\"sspage\">\n              <strong><a href=\"https:\/\/www.bordeaux-neurocampus.fr\/en\/postdoctoral-position-deciphering-and-healing-addiction\/\">Postdoctoral position\u2028 &#8211; Deciphering and Healing Addiction: Role of Philosophy in interdisciplinary Dialogue<\/a><\/strong>\n\t\t\t\t<p>Contact: Serge Ahmed (INCIA)<\/p>\n\n          <p class=\"pdate\">12 May 2025 <\/p>\n              <br\/>\n          <\/div>\n\t\n      <div class=\"sspage\">\n              <strong><a href=\"https:\/\/www.bordeaux-neurocampus.fr\/en\/post-doctoral-position-in-neurometabolism\/\">Post doctoral position in neurometabolism<\/a><\/strong>\n\t\t\t\t<p>Contact : Daniela Cota (Magendie)<\/p>\n\n          <p class=\"pdate\">12 May 2025 <\/p>\n              <br\/>\n          <\/div>\n\t\n      <div class=\"sspage\">\n              <strong><a href=\"https:\/\/www.bordeaux-neurocampus.fr\/en\/postdoctoral-position-pathogenesis-of-multiple-system-atrophy\/\">Postdoctoral position &#8211; Pathogenesis of Multiple System Atrophy<\/a><\/strong>\n\t\t\t\t<p>Contact : Fran\u00e7ois Ichas (IMN)<\/p>\n\n          <p class=\"pdate\">18 February 2025 <\/p>\n              <br\/>\n          <\/div>\n\t\n\t\n\t\n\t\n<\/div>\n[\/vc_column_text][\/vc_column][vc_column width=&#8221;1\/3&#8243;][vc_text_separator title=&#8221;You would like to candidate&#8221; i_icon_fontawesome=&#8221;fa fa-address-card-o&#8221; i_color=&#8221;custom&#8221; color=&#8221;custom&#8221; add_icon=&#8221;true&#8221; i_custom_color=&#8221;#bb0027&#8243; accent_color=&#8221;#bb0027&#8243; el_class=&#8221;colorbb0027&#8243;][vc_column_text]<strong>You are looking for a job or an internship?<\/strong><br \/>\nPlease contact our units or teams.<br \/>\n<a href=\"https:\/\/www.bordeaux-neurocampus.fr\/qui-sommes-nous\/les-6-unites-de-recherche\/\">Our research units<\/a><br \/>\n<a href=\"https:\/\/www.bordeaux-neurocampus.fr\/en\/research\/neuroscience-research-teams\/\">Our research teamps<\/a><\/p>\n<p><a href=\"https:\/\/www.bordeaux-neurocampus.fr\/recherche\/nos-axes-de-recherche\/\">A research by field may help you:<br \/>\nOur research axis <\/a>[\/vc_column_text][vc_text_separator title=&#8221;Jobs in Bordeaux&#8221; i_icon_fontawesome=&#8221;fa fa-thumb-tack&#8221; i_color=&#8221;custom&#8221; color=&#8221;custom&#8221; add_icon=&#8221;true&#8221; i_custom_color=&#8221;#bb0027&#8243; accent_color=&#8221;#bb0027&#8243; el_class=&#8221;colorbb0027&#8243;][vc_column_text css=&#8221;&#8221;]<strong>You are a staff member of Bordeaux Neurocampus and you have a job offer to broadcast?<br \/>\n<\/strong><\/p>\n<p>Please contact Arnaud Rodriguez : <a class=\"mail-link\" href=\"mailto:bordeaux_neurocampus@u-bordeaux.fr\" data-enc-email=\"obeqrnhk_arhebpnzchf[at]h-obeqrnhk.se\" data-wpel-link=\"ignore\">bordeaux_neurocampus@u-bordeaux.fr<\/a><\/p>\n<p>The job offer will be displayed on our newsletter and social media.<\/p>\n<p><strong>Do not forget to send the offer to:<\/strong><br \/>\n&#8211; The student associations:<br \/>\n. NBA : <a href=\"http:\/\/www.assonba.com\">www.assonba.com<\/a> &gt; <a href=\"mailto:asso.nba@gmail.com\">asso.nba@gmail.com<\/a><br \/>\n. AMPS (Association M\u00e9decine Pharmacie Sciences : <a href=\"https:\/\/amps-asso.org\/partenaires\/offres\/\" target=\"_blank\" rel=\"noopener noreferrer\">https:\/\/amps-asso.org\/<\/a>) &gt; <a href=\"mailto:stage@amps-asso.org\">stage@amps-asso.org<\/a><br \/>\n&#8211; <a href=\"https:\/\/itneuro.aviesan.fr\/poster-votre-offre-d-emploi.html\">IT Neuro<\/a><br \/>\n&#8211; <a href=\"https:\/\/www.fens.org\/News-Activities\/Jobs\/\">FENS job market<\/a><br \/>\n&#8211; <a href=\"https:\/\/www.neurosciences.asso.fr\/en\/mespages\/jobs-and-internship\/\">Soci\u00e9t\u00e9 des Neurosciences<\/a><br \/>\n&#8211; diffusion lists[\/vc_column_text][vc_text_separator title=&#8221;You are from another research unit&#8221; i_icon_fontawesome=&#8221;fa fa-plus-circle&#8221; i_color=&#8221;custom&#8221; color=&#8221;custom&#8221; add_icon=&#8221;true&#8221; i_custom_color=&#8221;#bb0027&#8243; accent_color=&#8221;#bb0027&#8243; el_class=&#8221;colorbb0027&#8243;][vc_column_text]Our student association NBA broadcasts job offers to her members (including many of our alumni).<br \/>\n<a href=\"http:\/\/www.assonba.com\/\">http:\/\/www.assonba.com\/<\/a>[\/vc_column_text][vc_text_separator title=&#8221;Receive our offers&#8221; i_icon_fontawesome=&#8221;fa fa-exclamation-circle&#8221; i_color=&#8221;custom&#8221; color=&#8221;custom&#8221; add_icon=&#8221;true&#8221; i_custom_color=&#8221;#bb0027&#8243; accent_color=&#8221;#bb0027&#8243; el_class=&#8221;colorbb0027&#8243;][vc_column_text]Every week, you will receive our newsletter and get all the news about events, highlight publications or job offers.[\/vc_column_text][\/vc_column][\/vc_row]<\/p>\n<\/div>","protected":false},"excerpt":{"rendered":"<p>Job offers<\/p>\n","protected":false},"author":108,"featured_media":0,"parent":18738,"menu_order":3,"comment_status":"closed","ping_status":"closed","template":"","meta":{"footnotes":""},"tags":[],"class_list":["post-18558","page","type-page","status-publish","hentry"],"_links":{"self":[{"href":"https:\/\/www.bordeaux-neurocampus.fr\/en\/wp-json\/wp\/v2\/pages\/18558","targetHints":{"allow":["GET"]}}],"collection":[{"href":"https:\/\/www.bordeaux-neurocampus.fr\/en\/wp-json\/wp\/v2\/pages"}],"about":[{"href":"https:\/\/www.bordeaux-neurocampus.fr\/en\/wp-json\/wp\/v2\/types\/page"}],"author":[{"embeddable":true,"href":"https:\/\/www.bordeaux-neurocampus.fr\/en\/wp-json\/wp\/v2\/users\/108"}],"replies":[{"embeddable":true,"href":"https:\/\/www.bordeaux-neurocampus.fr\/en\/wp-json\/wp\/v2\/comments?post=18558"}],"version-history":[{"count":3,"href":"https:\/\/www.bordeaux-neurocampus.fr\/en\/wp-json\/wp\/v2\/pages\/18558\/revisions"}],"predecessor-version":[{"id":184313,"href":"https:\/\/www.bordeaux-neurocampus.fr\/en\/wp-json\/wp\/v2\/pages\/18558\/revisions\/184313"}],"up":[{"embeddable":true,"href":"https:\/\/www.bordeaux-neurocampus.fr\/en\/wp-json\/wp\/v2\/pages\/18738"}],"wp:attachment":[{"href":"https:\/\/www.bordeaux-neurocampus.fr\/en\/wp-json\/wp\/v2\/media?parent=18558"}],"wp:term":[{"taxonomy":"post_tag","embeddable":true,"href":"https:\/\/www.bordeaux-neurocampus.fr\/en\/wp-json\/wp\/v2\/tags?post=18558"}],"curies":[{"name":"wp","href":"https:\/\/api.w.org\/{rel}","templated":true}]}}