{"id":18557,"date":"2018-03-06T11:05:11","date_gmt":"2018-03-06T10:05:11","guid":{"rendered":"https:\/\/neurodev-ng.u-bordeaux.fr\/english-title\/hosted-start-ups\/"},"modified":"2021-02-16T15:55:43","modified_gmt":"2021-02-16T14:55:43","slug":"start-up-hebergees","status":"publish","type":"page","link":"https:\/\/www.bordeaux-neurocampus.fr\/en\/research\/innovation\/start-up-hebergees\/","title":{"rendered":"Start-ups"},"content":{"rendered":"<p><a href=\"https:\/\/www.bordeaux-neurocampus.fr\/wp-content\/uploads\/2019\/10\/startup-360x246.jpg\" rel=\"lightbox[18557]\"><img loading=\"lazy\" decoding=\"async\" class=\"alignright size-medium wp-image-112522\" src=\"https:\/\/www.bordeaux-neurocampus.fr\/wp-content\/uploads\/2019\/10\/startup-360x246.jpg\" alt=\"\" width=\"360\" height=\"246\" srcset=\"https:\/\/www.bordeaux-neurocampus.fr\/wp-content\/uploads\/2019\/10\/startup-360x246.jpg 360w, https:\/\/www.bordeaux-neurocampus.fr\/wp-content\/uploads\/2019\/10\/startup-770x526.jpg 770w, https:\/\/www.bordeaux-neurocampus.fr\/wp-content\/uploads\/2019\/10\/startup.jpg 1600w\" sizes=\"auto, (max-width: 360px) 100vw, 360px\" \/><\/a>Au sein de Bordeaux Neurocampus, l\u2019accent est mis sur la <strong>valorisation des recherches<\/strong> men\u00e9es dans les laboratoires. De la r\u00e9alit\u00e9 virtuelle, \u00e0 la production de cellules souches en 3D, en passant par le d\u00e9veloppement de l\u2019analyse d\u2019images IRMs,\u00a0ou encore des dispositifs innovants pour l&#8217;imagerie cellulaire,<strong>\u00a0les th\u00e9matiques sont vari\u00e9es, \u00e0 l\u2019image du travail des laboratoires<\/strong>. Le dynamisme de la communaut\u00e9 de recherche est ici repr\u00e9sent\u00e9 dans toute son h\u00e9t\u00e9rog\u00e9n\u00e9it\u00e9. Ces diff\u00e9rents projets contribuent \u00e0 la valorisation de la recherche scientifique, via ce transfert technologique.<\/p>\n<p>Un espace dans le centre Broca Nouvelle-Aquitaine accueillent plusieurs de ces start-ups.<\/p>\n<p>&nbsp;<\/p>\n","protected":false},"excerpt":{"rendered":"<p>Un espace est pr\u00e9vu dans le b\u00e2timent Broca pour accueillir des start-up. <\/p>\n","protected":false},"author":108,"featured_media":0,"parent":19037,"menu_order":2,"comment_status":"closed","ping_status":"closed","template":"","meta":{"footnotes":""},"tags":[],"class_list":["post-18557","page","type-page","status-publish","hentry"],"_links":{"self":[{"href":"https:\/\/www.bordeaux-neurocampus.fr\/en\/wp-json\/wp\/v2\/pages\/18557","targetHints":{"allow":["GET"]}}],"collection":[{"href":"https:\/\/www.bordeaux-neurocampus.fr\/en\/wp-json\/wp\/v2\/pages"}],"about":[{"href":"https:\/\/www.bordeaux-neurocampus.fr\/en\/wp-json\/wp\/v2\/types\/page"}],"author":[{"embeddable":true,"href":"https:\/\/www.bordeaux-neurocampus.fr\/en\/wp-json\/wp\/v2\/users\/108"}],"replies":[{"embeddable":true,"href":"https:\/\/www.bordeaux-neurocampus.fr\/en\/wp-json\/wp\/v2\/comments?post=18557"}],"version-history":[{"count":0,"href":"https:\/\/www.bordeaux-neurocampus.fr\/en\/wp-json\/wp\/v2\/pages\/18557\/revisions"}],"up":[{"embeddable":true,"href":"https:\/\/www.bordeaux-neurocampus.fr\/en\/wp-json\/wp\/v2\/pages\/19037"}],"wp:attachment":[{"href":"https:\/\/www.bordeaux-neurocampus.fr\/en\/wp-json\/wp\/v2\/media?parent=18557"}],"wp:term":[{"taxonomy":"post_tag","embeddable":true,"href":"https:\/\/www.bordeaux-neurocampus.fr\/en\/wp-json\/wp\/v2\/tags?post=18557"}],"curies":[{"name":"wp","href":"https:\/\/api.w.org\/{rel}","templated":true}]}}