{"id":18545,"date":"2018-03-06T10:57:32","date_gmt":"2018-03-06T09:57:32","guid":{"rendered":"https:\/\/neurodev-ng.u-bordeaux.fr\/english-title\/our-6-institutes\/"},"modified":"2026-01-12T13:44:58","modified_gmt":"2026-01-12T12:44:58","slug":"our-6-institutes","status":"publish","type":"page","link":"https:\/\/www.bordeaux-neurocampus.fr\/en\/who-are-we-bordeaux-neurocampus\/our-6-institutes\/","title":{"rendered":"Our 6 institutes"},"content":{"rendered":"<div class=\"wpb-content-wrapper\"><p>[vc_row][vc_column][vc_column_text css=&#8221;&#8221;]Bordeaux Neurocampus is a research departement of the University of Bordeaux. It gathers 6 research units:<\/p>\n<ul>\n<li><a href=\"https:\/\/www.bordeaux-neurocampus.fr\/en\/who-are-we-bordeaux-neurocampus\/our-6-institutes\/institute-iins\/\"><strong>IINS<\/strong> (Institut Interdisciplinaire de Neurosciences)<\/a> ;<\/li>\n<li><a href=\"https:\/\/www.bordeaux-neurocampus.fr\/en\/who-are-we-bordeaux-neurocampus\/our-6-institutes\/institute-imn\/\"><strong>IMN<\/strong> (Institut des Maladies Neurod\u00e9g\u00e9n\u00e9ratives)<\/a> ;<\/li>\n<li><a href=\"https:\/\/www.bordeaux-neurocampus.fr\/en\/who-are-we-bordeaux-neurocampus\/our-6-institutes\/institute-incia\/\"><strong>INCIA<\/strong> (Institut des Neurosciences Cognitives et Int\u00e9gratives d\u2019Aquitaine)<\/a> ;<\/li>\n<li><strong><a href=\"https:\/\/www.bordeaux-neurocampus.fr\/en\/who-are-we-bordeaux-neurocampus\/our-6-institutes\/neurocentre-magendie\/\">Neurocentre Magendie<\/a><\/strong> ;<\/li>\n<li><a href=\"https:\/\/www.bordeaux-neurocampus.fr\/en\/who-are-we-bordeaux-neurocampus\/our-6-institutes\/nutrineuro\/\"><strong>Nutrineuro<\/strong> (Nutrition et neurologie int\u00e9grative)<\/a>\u00a0 ;<\/li>\n<li><a href=\"https:\/\/www.bordeaux-neurocampus.fr\/en\/who-are-we-bordeaux-neurocampus\/our-6-institutes\/sanpsy\/\"><strong>Sanpsy<\/strong> (Sommeil, attention et neuropsychiatrie)<\/a>.<\/li>\n<\/ul>\n<p>[\/vc_column_text][vc_column_text css=&#8221;&#8221;]&#8230; And two other units:<\/p>\n<p>&#8211; the <a href=\"https:\/\/www.bic.u-bordeaux.fr\/\">Bordeaux Imaging Center<\/a> (BIC)<br \/>\n&#8211; the <a href=\"https:\/\/www.bordeaux-school-of-neuroscience.eu\/\">Bordeaux School of Neuroscience<\/a>[\/vc_column_text][\/vc_column][\/vc_row]<\/p>\n<\/div>","protected":false},"excerpt":{"rendered":"<p>Neurocentre Magendie, IINS, IMN, INCIA, NutriNeuro and Sanpsy<\/p>\n","protected":false},"author":108,"featured_media":0,"parent":18737,"menu_order":2,"comment_status":"closed","ping_status":"closed","template":"","meta":{"footnotes":""},"tags":[],"class_list":["post-18545","page","type-page","status-publish","hentry"],"_links":{"self":[{"href":"https:\/\/www.bordeaux-neurocampus.fr\/en\/wp-json\/wp\/v2\/pages\/18545","targetHints":{"allow":["GET"]}}],"collection":[{"href":"https:\/\/www.bordeaux-neurocampus.fr\/en\/wp-json\/wp\/v2\/pages"}],"about":[{"href":"https:\/\/www.bordeaux-neurocampus.fr\/en\/wp-json\/wp\/v2\/types\/page"}],"author":[{"embeddable":true,"href":"https:\/\/www.bordeaux-neurocampus.fr\/en\/wp-json\/wp\/v2\/users\/108"}],"replies":[{"embeddable":true,"href":"https:\/\/www.bordeaux-neurocampus.fr\/en\/wp-json\/wp\/v2\/comments?post=18545"}],"version-history":[{"count":1,"href":"https:\/\/www.bordeaux-neurocampus.fr\/en\/wp-json\/wp\/v2\/pages\/18545\/revisions"}],"predecessor-version":[{"id":191060,"href":"https:\/\/www.bordeaux-neurocampus.fr\/en\/wp-json\/wp\/v2\/pages\/18545\/revisions\/191060"}],"up":[{"embeddable":true,"href":"https:\/\/www.bordeaux-neurocampus.fr\/en\/wp-json\/wp\/v2\/pages\/18737"}],"wp:attachment":[{"href":"https:\/\/www.bordeaux-neurocampus.fr\/en\/wp-json\/wp\/v2\/media?parent=18545"}],"wp:term":[{"taxonomy":"post_tag","embeddable":true,"href":"https:\/\/www.bordeaux-neurocampus.fr\/en\/wp-json\/wp\/v2\/tags?post=18545"}],"curies":[{"name":"wp","href":"https:\/\/api.w.org\/{rel}","templated":true}]}}