{"id":174483,"date":"2024-08-30T12:54:18","date_gmt":"2024-08-30T10:54:18","guid":{"rendered":"https:\/\/www.bordeaux-neurocampus.fr\/resources-neurocampus\/tools-for-teams\/ressources-evenements\/organiser-sa-soutenance-de-these\/"},"modified":"2026-01-13T17:39:58","modified_gmt":"2026-01-13T16:39:58","slug":"organising-a-thesis-defense","status":"publish","type":"page","link":"https:\/\/www.bordeaux-neurocampus.fr\/en\/resources-neurocampus\/tools-for-teams\/ressources-evenements\/organising-a-thesis-defense\/","title":{"rendered":"Organising a thesis defense"},"content":{"rendered":"<div class=\"wpb-content-wrapper\"><div class=\"vc_row wpb_row vc_row-fluid\"><div class=\"wpb_column vc_column_container vc_col-sm-12\"><div class=\"vc_column-inner\"><div class=\"wpb_wrapper\">\n\t<div class=\"wpb_text_column wpb_content_element\" >\n\t\t<div class=\"wpb_wrapper\">\n\t\t\t<p>Are you a doctoral student in a Bordeaux Neurocampus research unit? Here is some practical information for your thesis defense.<\/p>\n<p><strong>If you have any administrative questions, please contact the doctoral school.<\/strong><\/p>\n\n\t\t<\/div>\n\t<\/div>\n<\/div><\/div><\/div><\/div><div class=\"vc_row wpb_row vc_row-fluid\"><div class=\"wpb_column vc_column_container vc_col-sm-6\"><div class=\"vc_column-inner\"><div class=\"wpb_wrapper\"><div class=\"vc_separator wpb_content_element vc_separator_align_center vc_sep_width_100 vc_sep_pos_align_center vc_sep_color_&#8221;custom&#8221; wpb_content_element &#8221;colorbb0027&#8243; vc_separator-has-text\" ><span class=\"vc_sep_holder vc_sep_holder_l\"><span class=\"vc_sep_line\"><\/span><\/span><h4>&#8221;Finding<\/h4><span class=\"vc_sep_holder vc_sep_holder_r\"><span class=\"vc_sep_line\"><\/span><\/span>\n<\/div>\n\t<div class=\"wpb_text_column wpb_content_element\" >\n\t\t<div class=\"wpb_wrapper\">\n\t\t\t<p><strong>Centre Broca<br \/>\n<\/strong>&#8211; Booking on <a href=\"https:\/\/carf.u-bordeaux.fr\/index.php\/room\/amphi-centre-broca-nouvelle-aquitaine\">carf.u-bordeaux.fr\/<\/a><br \/>\nThe Centre Broca is not available for your defense if you are not preparing your thesis in one of our research units!<\/p>\n<p><strong>CARF<\/strong> (ex CGFB)<br \/>\n&#8211; Booking on <a href=\"https:\/\/carf.u-bordeaux.fr\/index.php\/room\/conference-room\">carf.u-bordeaux.fr\/<\/a><br \/>\n&#8211; Contact: Catherine Duret<\/p>\n<p><strong>Neurocentre Magendie<\/strong> &#8211; Conference room<br \/>\n&#8211; Check the availability with the hostess of the building (05 57 57 36 00)<br \/>\n&#8211; by e-mail : <a class=\"mail-link\" data-enc-email=\"fnyyrf.obeqrnhk&#091;at&#093;vafrez.se\" data-wpel-link=\"ignore\"><span id=\"wpmt-393939-113230\">salles.bordeaux@inserm.fr<\/span><\/a><\/p>\n<p><strong>BBS<\/strong> &#8211; auditorium<br \/>\n&#8211; Check the availability on the ENT<br \/>\n&#8211; Booking by email to <a class=\"mail-link\" data-enc-email=\"npphrvy.oof&#091;at&#093;h-obeqrnhk.se\" data-wpel-link=\"ignore\"><span id=\"wpmt-508494-394017\">accueil.bbs@u-bordeaux.fr<\/span><\/a><\/p>\n<p><strong>For any other location<br \/>\n<\/strong>Please contact Mrs Sanja Skunca<br \/>\n<a class=\"mail-link\" data-enc-email=\"fnawn.fxhapn&#091;at&#093;h-obeqrnhk.se\" data-wpel-link=\"ignore\"><span id=\"wpmt-822255-974125\">sanja.skunca@u-bordeaux.fr<\/span><\/a><br \/>\nTel. 05 57 57 16 67<\/p>\n\n\t\t<\/div>\n\t<\/div>\n<div class=\"vc_separator wpb_content_element vc_separator_align_center vc_sep_width_100 vc_sep_pos_align_center vc_sep_color_&#8221;custom&#8221; wpb_content_element &#8221;colorbb0027&#8243; vc_separator-has-text\" ><span class=\"vc_sep_holder vc_sep_holder_l\"><span class=\"vc_sep_line\"><\/span><\/span><h4>&#8221;About<\/h4><span class=\"vc_sep_holder vc_sep_holder_r\"><span class=\"vc_sep_line\"><\/span><\/span>\n<\/div>\n\t<div class=\"wpb_text_column wpb_content_element\" >\n\t\t<div class=\"wpb_wrapper\">\n\t\t\t<p>In the case of a defense with some remote public and\/or jury:<br \/>\n&#8211; The BBS and CARF auditoriums are equipped with a videoconference system.<br \/>\n&#8211; For the Broca auditorium, you will also have to use a &#8220;zoom box&#8221;<\/p>\n<p>Key points:<br \/>\n&#8211; Remember to have an Eduroam connection on your computer!<\/p>\n<p>Is your defense at the Broca Centre?<br \/>\nIt&#8217;s essential to test your equipment and arrive early to connect the Zoom.<br \/>\nMore information from Arnaud Rodriguez or Julia Goncalves, who will provide you with the appropriate documentation.<br \/>\nOther contacts:<br \/>\n&#8211; IMN: Claire Delattre<br \/>\n&#8211; IINS: Am\u00e9lie Di Bella<\/p>\n<p>Technical problems?<br \/>\nThe audiovisual service on the Carreire campus can help you: sam.carreire@u-bordeaux.fr<\/p>\n\n\t\t<\/div>\n\t<\/div>\n<\/div><\/div><\/div><div class=\"wpb_column vc_column_container vc_col-sm-6\"><div class=\"vc_column-inner\"><div class=\"wpb_wrapper\"><div class=\"vc_separator wpb_content_element vc_separator_align_center vc_sep_width_100 vc_sep_pos_align_center vc_sep_color_&#8221;custom&#8221; wpb_content_element &#8221;colorbb0027&#8243; vc_separator-has-text\" ><span class=\"vc_sep_holder vc_sep_holder_l\"><span class=\"vc_sep_line\"><\/span><\/span><h4>&#8221;Advertizing<\/h4><span class=\"vc_sep_holder vc_sep_holder_r\"><span class=\"vc_sep_line\"><\/span><\/span>\n<\/div>\n\t<div class=\"wpb_text_column wpb_content_element\" >\n\t\t<div class=\"wpb_wrapper\">\n\t\t\t<p>Your presentation will be announced in our <a href=\"https:\/\/www.bordeaux-neurocampus.fr\/en\/agenda\/\"><strong>agenda<\/strong><\/a>.<\/p>\n<p>Please write to Arnaud Rodriguez and to the person in charge of communication in your unit, providing the following information:<\/p>\n<ul>\n<li>Date and time of the presentation<\/li>\n<li>Venue of the presentation (or zoom link if available)<\/li>\n<li>Language of the presentation<\/li>\n<li>Title (in French and English)<\/li>\n<li>Abstract and keywords (in French and English)<\/li>\n<li>Your publications or a selection<\/li>\n<li>Composition of the jury<\/li>\n<li>A photographic portrait. Arnaud Rodriguez can do it.<\/li>\n<\/ul>\n<p><strong>Some little advice<\/strong>. Never post the link of a zoom conference on any social networks. Your conference could be hacked!<\/p>\n\n\t\t<\/div>\n\t<\/div>\n<div class=\"vc_separator wpb_content_element vc_separator_align_center vc_sep_width_100 vc_sep_pos_align_center vc_sep_color_&#8221;custom&#8221; wpb_content_element &#8221;colorbb0027&#8243; vc_separator-has-text\" ><span class=\"vc_sep_holder vc_sep_holder_l\"><span class=\"vc_sep_line\"><\/span><\/span><h4>&#8221;Pot<\/h4><span class=\"vc_sep_holder vc_sep_holder_r\"><span class=\"vc_sep_line\"><\/span><\/span>\n<\/div>\n\t<div class=\"wpb_text_column wpb_content_element\" >\n\t\t<div class=\"wpb_wrapper\">\n\t\t\t<p><strong>At the Centre Broca:<\/strong><br \/>\n&#8211; You must book the atrium or the restaurant area via <a href=\"http:\/\/grr-neuro.u-bordeaux.fr\">http:\/\/grr-neuro.u-bordeaux.fr<\/a><br \/>\n&#8211; We advise you to use the restaurant area.<br \/>\n&#8211; If you wish to set up in the atrium, tables are available.<br \/>\n&#8211; The fridges in the catering area are at your disposal. Please make a note of your name!<\/p>\n<p><strong>After the party<\/strong><br \/>\n&#8211; Please empty the fridges and clean up afterwards.<\/p>\n<p><strong>For other locations<\/strong><br \/>\nPlease ask the reception staff<\/p>\n\n\t\t<\/div>\n\t<\/div>\n<div class=\"vc_separator wpb_content_element vc_separator_align_center vc_sep_width_100 vc_sep_pos_align_center vc_sep_color_&#8221;custom&#8221; wpb_content_element &#8221;colorbb0027&#8243; vc_separator-has-text\" ><span class=\"vc_sep_holder vc_sep_holder_l\"><span class=\"vc_sep_line\"><\/span><\/span><h4>&#8221;Security<\/h4><span class=\"vc_sep_holder vc_sep_holder_r\"><span class=\"vc_sep_line\"><\/span><\/span>\n<\/div>\n\t<div class=\"wpb_text_column wpb_content_element\" >\n\t\t<div class=\"wpb_wrapper\">\n\t\t\t<p>You will have to send a &#8220;<strong>d\u00e9claration d&#8217;\u00e9v\u00e9nement<\/strong>&#8221; to the PSCI, max 2 weeks before the event. This document is sent to you when you book the auditorium.<\/p>\n<p>If it takes place after 8pm and if you use warming or cooking device in the atrium, you have to send a &#8220;security notice&#8221;.<\/p>\n<p>Please respect the areas for setting up tables.<\/p>\n\n\t\t<\/div>\n\t<\/div>\n<\/div><\/div><\/div><\/div><div class=\"vc_row wpb_row vc_row-fluid\"><div class=\"wpb_column vc_column_container vc_col-sm-6\"><div class=\"vc_column-inner\"><div class=\"wpb_wrapper\"><\/div><\/div><\/div><div class=\"wpb_column vc_column_container vc_col-sm-6\"><div class=\"vc_column-inner\"><div class=\"wpb_wrapper\"><\/div><\/div><\/div><\/div>\n<\/div>","protected":false},"excerpt":{"rendered":"<p>Quelques informations pratiques pour votre soutenance de th\u00e8se. <\/p>\n","protected":false},"author":108,"featured_media":0,"parent":136333,"menu_order":0,"comment_status":"closed","ping_status":"closed","template":"","meta":{"footnotes":""},"tags":[],"class_list":["post-174483","page","type-page","status-publish","hentry"],"_links":{"self":[{"href":"https:\/\/www.bordeaux-neurocampus.fr\/en\/wp-json\/wp\/v2\/pages\/174483","targetHints":{"allow":["GET"]}}],"collection":[{"href":"https:\/\/www.bordeaux-neurocampus.fr\/en\/wp-json\/wp\/v2\/pages"}],"about":[{"href":"https:\/\/www.bordeaux-neurocampus.fr\/en\/wp-json\/wp\/v2\/types\/page"}],"author":[{"embeddable":true,"href":"https:\/\/www.bordeaux-neurocampus.fr\/en\/wp-json\/wp\/v2\/users\/108"}],"replies":[{"embeddable":true,"href":"https:\/\/www.bordeaux-neurocampus.fr\/en\/wp-json\/wp\/v2\/comments?post=174483"}],"version-history":[{"count":21,"href":"https:\/\/www.bordeaux-neurocampus.fr\/en\/wp-json\/wp\/v2\/pages\/174483\/revisions"}],"predecessor-version":[{"id":191316,"href":"https:\/\/www.bordeaux-neurocampus.fr\/en\/wp-json\/wp\/v2\/pages\/174483\/revisions\/191316"}],"up":[{"embeddable":true,"href":"https:\/\/www.bordeaux-neurocampus.fr\/en\/wp-json\/wp\/v2\/pages\/136333"}],"wp:attachment":[{"href":"https:\/\/www.bordeaux-neurocampus.fr\/en\/wp-json\/wp\/v2\/media?parent=174483"}],"wp:term":[{"taxonomy":"post_tag","embeddable":true,"href":"https:\/\/www.bordeaux-neurocampus.fr\/en\/wp-json\/wp\/v2\/tags?post=174483"}],"curies":[{"name":"wp","href":"https:\/\/api.w.org\/{rel}","templated":true}]}}