{"id":161111,"date":"2020-09-22T12:54:13","date_gmt":"2020-09-22T10:54:13","guid":{"rendered":"https:\/\/www.bordeaux-neurocampus.fr\/?page_id=161111"},"modified":"2023-07-05T18:32:52","modified_gmt":"2023-07-05T16:32:52","slug":"axis-2-dynamics-of-neuronal-circuits","status":"publish","type":"page","link":"https:\/\/www.bordeaux-neurocampus.fr\/en\/research\/research-axis\/axis-2-dynamics-of-neuronal-circuits\/","title":{"rendered":"Axis 2: Dynamics of neuronal circuits"},"content":{"rendered":"<div class=\"wpb-content-wrapper\"><div class=\"vc_row wpb_row vc_row-fluid\"><div class=\"wpb_column vc_column_container vc_col-sm-6\"><div class=\"vc_column-inner\"><div class=\"wpb_wrapper\"><div class=\"vc_separator wpb_content_element vc_separator_align_center vc_sep_width_100 vc_sep_pos_align_center vc_sep_color_&#8221;custom&#8221; wpb_content_element &#8221;colorbb0027&#8243; vc_separator-has-text\" ><span class=\"vc_sep_holder vc_sep_holder_l\"><span class=\"vc_sep_line\"><\/span><\/span><h4>&#8221;Teams&#8221;<\/h4><span class=\"vc_sep_holder vc_sep_holder_r\"><span class=\"vc_sep_line\"><\/span><\/span>\n<\/div>\n\t<div class=\"wpb_text_column wpb_content_element\" >\n\t\t<div class=\"wpb_wrapper\">\n\t\t\t<div class=\"vc_tta-panel-body\">\n<div class=\"wpb_text_column wpb_content_element \">\n<div class=\"wpb_wrapper\">\n<div id=\"wpv-view-layout-122919\" class=\"js-wpv-view-layout js-wpv-layout-responsive js-wpv-view-layout-122919\" data-viewnumber=\"122919\" data-pagination=\"{&quot;id&quot;:122919,&quot;query&quot;:&quot;archive&quot;,&quot;type&quot;:&quot;paged&quot;,&quot;effect&quot;:&quot;fade&quot;,&quot;duration&quot;:500,&quot;speed&quot;:5,&quot;pause_on_hover&quot;:&quot;disabled&quot;,&quot;stop_rollover&quot;:&quot;false&quot;,&quot;cache_pages&quot;:&quot;enabled&quot;,&quot;preload_images&quot;:&quot;enabled&quot;,&quot;preload_pages&quot;:&quot;enabled&quot;,&quot;preload_reach&quot;:1,&quot;spinner&quot;:&quot;builtin&quot;,&quot;spinner_image&quot;:&quot;https:\/\/www.bordeaux-neurocampus.fr\/wp-content\/plugins\/wp-views\/embedded\/res\/img\/ajax-loader.gif&quot;,&quot;callback_next&quot;:&quot;&quot;,&quot;manage_history&quot;:&quot;enabled&quot;,&quot;has_controls_in_form&quot;:&quot;disabled&quot;,&quot;infinite_tolerance&quot;:&quot;&quot;,&quot;max_pages&quot;:1,&quot;page&quot;:1,&quot;base_permalink&quot;:&quot;https:\/\/www.bordeaux-neurocampus.fr\/recherche\/nos-axes-de-recherche\/axe-2-dynamique-des-circuits-neuronaux\/page\/WPV_PAGE_NUM\/?wpv_view_count=122919&quot;,&quot;loop&quot;:{&quot;type&quot;:&quot;taxonomy&quot;,&quot;name&quot;:&quot;axe&quot;,&quot;data&quot;:{&quot;taxonomy&quot;:&quot;axe&quot;,&quot;term&quot;:&quot;axe-2-dynamique-des-circuits-neuronaux&quot;,&quot;term_id&quot;:335},&quot;id&quot;:122919}}\" data-permalink=\"https:\/\/www.bordeaux-neurocampus.fr\/recherche\/nos-axes-de-recherche\/axe-2-dynamique-des-circuits-neuronaux\/?wpv_view_count=122919\">\n<ul>\n<li><strong>Battefeld<\/strong> : <a href=\"https:\/\/www.bordeaux-neurocampus.fr\/en\/team\/pathophysiology-of-neuron-oligodendrocyte-interactions\/\">Pathophysiology of neuron-oligodendrocyte interactions<\/a><\/li>\n<li><strong>Baufreton \/ Georges<\/strong> : <a href=\"https:\/\/www.bordeaux-neurocampus.fr\/en\/team\/dopamine-and-neuronal-assemblies\/\">Dopamine and neuronal assemblies<\/a><\/li>\n<li><strong>Beyeler<\/strong> : <a href=\"https:\/\/www.bordeaux-neurocampus.fr\/en\/team\/neural-circuits-of-anxiety\/\">Neural circuits of anxiety<\/a><\/li>\n<li><strong>Caill\u00e9-Garnier \/ David<\/strong> : <a href=\"https:\/\/www.bordeaux-neurocampus.fr\/en\/team\/e-motiv\/\">Emotion, Motivation and Cognition (EMOTIV)<\/a><\/li>\n<li><strong>Dulon<\/strong> : <a href=\"https:\/\/www.bordeaux-neurocampus.fr\/en\/team\/clinical-and-translational-exploration-of-sensorineural-hearing-loss\/\">Clinical and translational exploration of sensorineural hearing loss<\/a><\/li>\n<li><strong>Gambino<\/strong> : <a href=\"https:\/\/www.bordeaux-neurocampus.fr\/en\/team\/computational-and-systems-neuroscience\/\">Computational and systems neuroscience<\/a><\/li>\n<li><strong>Herry<\/strong> : <a href=\"https:\/\/www.bordeaux-neurocampus.fr\/en\/team\/neuronal-circuits-of-associative-learning\/\">Neuronal circuits of associative learning<\/a><\/li>\n<li><strong>Humeau<\/strong> : <a href=\"\/?p=56866\">Synapse in cognition<\/a><\/li>\n<li><strong>Leblois \/ Mallet<\/strong> : <a href=\"https:\/\/www.bordeaux-neurocampus.fr\/en\/team\/network-dynamics-for-procedural-learning\/\">Network dynamics for procedural learning<\/a><\/li>\n<li><strong>Montcouquiol \/ Sans<\/strong> : <a href=\"https:\/\/www.bordeaux-neurocampus.fr\/en\/team\/planar-polarity-and-plasticity\/\">Planar polarity and plasticity<\/a><\/li>\n<li><strong>Mulle<\/strong> : <a href=\"https:\/\/www.bordeaux-neurocampus.fr\/en\/team\/synapses-and-neural-circuits-in-behaviour\/\">Synapses and neural circuits in behaviour<\/a><\/li>\n<li><strong>N\u00e4gerl<\/strong> : <a href=\"\/?p=56874\">Synaptic plasticity and super-resolution microscopy<\/a><\/li>\n<li><strong>Roux<\/strong> : <a href=\"https:\/\/www.bordeaux-neurocampus.fr\/en\/team\/olfaction-and-memory\/\">Olfaction and memory<\/a><\/li>\n<li><strong>de Rugy<\/strong> : <a href=\"https:\/\/www.bordeaux-neurocampus.fr\/en\/team\/hybrid-sensorimotor-performance\/\">Hybrid sensorimotor performance<\/a><\/li>\n<li><strong>Takahashi<\/strong> : <a href=\"https:\/\/www.bordeaux-neurocampus.fr\/en\/team\/neural-basis-of-perception\/\">Neural Basis of Perception<\/a><\/li>\n<li><strong>Thoby-Brisson, Barri\u00e8re<\/strong> : <a href=\"https:\/\/www.bordeaux-neurocampus.fr\/en\/team\/development-and-neurobiology-of-neural-networks\/\">Development and Neurobiology of Neural Networks (DN3)<\/a><\/li>\n<li><strong>Wagner<\/strong> : <a href=\"https:\/\/www.bordeaux-neurocampus.fr\/en\/team\/neurodtx\/\">Neuromodulation and neuroprosthetics<\/a><\/li>\n<li><strong>Wolff<\/strong> : <a href=\"https:\/\/www.bordeaux-neurocampus.fr\/en\/team\/decision-and-adaptation\/\">Decision and adaptation (DECAD)<\/a><\/li>\n<\/ul>\n<\/div>\n<\/div>\n<\/div>\n<\/div>\n\n\t\t<\/div>\n\t<\/div>\n<\/div><\/div><\/div><div class=\"wpb_column vc_column_container vc_col-sm-6\"><div class=\"vc_column-inner\"><div class=\"wpb_wrapper\"><div class=\"vc_separator wpb_content_element vc_separator_align_center vc_sep_width_100 vc_sep_pos_align_center vc_sep_color_&#8221;custom&#8221; wpb_content_element &#8221;colorbb0027&#8243; vc_separator-has-text\" ><span class=\"vc_sep_holder vc_sep_holder_l\"><span class=\"vc_sep_line\"><\/span><\/span><h4>&#8221;Keywords&#8221;<\/h4><span class=\"vc_sep_holder vc_sep_holder_r\"><span class=\"vc_sep_line\"><\/span><\/span>\n<\/div>\n\t<div class=\"wpb_text_column wpb_content_element\" >\n\t\t<div class=\"wpb_wrapper\">\n\t\t\t<div class=\"vc_tta-panel-body\">\n<div class=\"wpb_text_column wpb_content_element \">\n<div class=\"wpb_wrapper\">\n<ul>\n<li class=\"axes-team\"><a href=\"https:\/\/www.bordeaux-neurocampus.fr\/tag\/assemblees-neuronales\/\">Assembl\u00e9es neuronales<\/a><\/li>\n<li class=\"axes-team\"><a href=\"https:\/\/www.bordeaux-neurocampus.fr\/en\/axe\/axe-2-dynamique-des-circuits-neuronaux\/\/\/codage-et-integration-du-signal\">Codage et int\u00e9gration du signal<\/a><\/li>\n<li class=\"axes-team\"><a href=\"https:\/\/www.bordeaux-neurocampus.fr\/en\/axe\/axe-2-dynamique-des-circuits-neuronaux\/\/\/connectivite\">Connectivit\u00e9<\/a><\/li>\n<li class=\"axes-team\"><a href=\"https:\/\/www.bordeaux-neurocampus.fr\/tag\/excitabilite-neuronale\/\">Excitabilit\u00e9 neuronale<\/a><\/li>\n<li class=\"axes-team\"><a href=\"https:\/\/www.bordeaux-neurocampus.fr\/tag\/formation-et-fonctionnement-des-circuits-neuronaux\/\">Formation et fonctionnement des circuits neuronaux<\/a><\/li>\n<li class=\"axes-team\"><a href=\"https:\/\/www.bordeaux-neurocampus.fr\/tag\/modelisation-des-neurones-et-des-reseaux-de-neurones\/\">Mod\u00e9lisation des neurones et des r\u00e9seaux de neurones<\/a><\/li>\n<li class=\"axes-team\"><a href=\"https:\/\/www.bordeaux-neurocampus.fr\/tag\/neurophysiologie\/\">Neurophysiologie<\/a><\/li>\n<li class=\"axes-team\"><a href=\"https:\/\/www.bordeaux-neurocampus.fr\/tag\/optogenetique\/\">Optog\u00e9n\u00e9tique<\/a><\/li>\n<li class=\"axes-team\"><a href=\"https:\/\/www.bordeaux-neurocampus.fr\/tag\/plasticite-des-reseaux\/\">Plasticit\u00e9 des r\u00e9seaux<\/a><\/li>\n<li class=\"axes-team\"><a href=\"https:\/\/www.bordeaux-neurocampus.fr\/tag\/plasticite-synaptique\/\">Plasticit\u00e9 synaptique<\/a><\/li>\n<\/ul>\n<\/div>\n<\/div>\n<\/div>\n\n\t\t<\/div>\n\t<\/div>\n<\/div><\/div><\/div><\/div>\n<\/div>","protected":false},"excerpt":{"rendered":"<p>Dynamique des circuits neuronaux : Assembl\u00e9es neuronales, Codage et int\u00e9gration du signal, Connectivit\u00e9, Excitabilit\u00e9 neuronale, Formation et fonctionnement des circuits neuronaux, Mod\u00e9lisation des neurones et des r\u00e9seaux de neurones, Neurophysiologie, Optog\u00e9n\u00e9tique, Plasticit\u00e9 des r\u00e9seaux, Plasticit\u00e9 synaptique<\/p>\n","protected":false},"author":108,"featured_media":0,"parent":130147,"menu_order":2,"comment_status":"closed","ping_status":"closed","template":"","meta":{"footnotes":""},"tags":[],"class_list":["post-161111","page","type-page","status-publish","hentry"],"_links":{"self":[{"href":"https:\/\/www.bordeaux-neurocampus.fr\/en\/wp-json\/wp\/v2\/pages\/161111","targetHints":{"allow":["GET"]}}],"collection":[{"href":"https:\/\/www.bordeaux-neurocampus.fr\/en\/wp-json\/wp\/v2\/pages"}],"about":[{"href":"https:\/\/www.bordeaux-neurocampus.fr\/en\/wp-json\/wp\/v2\/types\/page"}],"author":[{"embeddable":true,"href":"https:\/\/www.bordeaux-neurocampus.fr\/en\/wp-json\/wp\/v2\/users\/108"}],"replies":[{"embeddable":true,"href":"https:\/\/www.bordeaux-neurocampus.fr\/en\/wp-json\/wp\/v2\/comments?post=161111"}],"version-history":[{"count":2,"href":"https:\/\/www.bordeaux-neurocampus.fr\/en\/wp-json\/wp\/v2\/pages\/161111\/revisions"}],"predecessor-version":[{"id":161121,"href":"https:\/\/www.bordeaux-neurocampus.fr\/en\/wp-json\/wp\/v2\/pages\/161111\/revisions\/161121"}],"up":[{"embeddable":true,"href":"https:\/\/www.bordeaux-neurocampus.fr\/en\/wp-json\/wp\/v2\/pages\/130147"}],"wp:attachment":[{"href":"https:\/\/www.bordeaux-neurocampus.fr\/en\/wp-json\/wp\/v2\/media?parent=161111"}],"wp:term":[{"taxonomy":"post_tag","embeddable":true,"href":"https:\/\/www.bordeaux-neurocampus.fr\/en\/wp-json\/wp\/v2\/tags?post=161111"}],"curies":[{"name":"wp","href":"https:\/\/api.w.org\/{rel}","templated":true}]}}