{"id":161109,"date":"2020-09-22T13:44:44","date_gmt":"2020-09-22T11:44:44","guid":{"rendered":"https:\/\/www.bordeaux-neurocampus.fr\/?page_id=161109"},"modified":"2023-07-05T18:34:05","modified_gmt":"2023-07-05T16:34:05","slug":"axis-9-neurotechnologies","status":"publish","type":"page","link":"https:\/\/www.bordeaux-neurocampus.fr\/en\/research\/research-axis\/axis-9-neurotechnologies\/","title":{"rendered":"Axis 9: Neurotechnologies"},"content":{"rendered":"<div class=\"wpb-content-wrapper\"><div class=\"vc_row wpb_row vc_row-fluid\"><div class=\"wpb_column vc_column_container vc_col-sm-12\"><div class=\"vc_column-inner\"><div class=\"wpb_wrapper\">\n\t<div class=\"wpb_text_column wpb_content_element\" >\n\t\t<div class=\"wpb_wrapper\">\n\t\t\t<h4>(Development of technologies for neuroscience)<\/h4>\n\n\t\t<\/div>\n\t<\/div>\n<\/div><\/div><\/div><\/div><div class=\"vc_row wpb_row vc_row-fluid\"><div class=\"wpb_column vc_column_container vc_col-sm-6\"><div class=\"vc_column-inner\"><div class=\"wpb_wrapper\"><div class=\"vc_separator wpb_content_element vc_separator_align_center vc_sep_width_100 vc_sep_pos_align_center vc_sep_color_&#8221;custom&#8221; wpb_content_element vc_separator-has-text\" ><span class=\"vc_sep_holder vc_sep_holder_l\"><span class=\"vc_sep_line\"><\/span><\/span><h4>&#8221;Teams&#8221;<\/h4><span class=\"vc_sep_holder vc_sep_holder_r\"><span class=\"vc_sep_line\"><\/span><\/span>\n<\/div>\n\t<div class=\"wpb_text_column wpb_content_element\" >\n\t\t<div class=\"wpb_wrapper\">\n\t\t\t<ul>\n<li><strong>Berthoz, Sibon<\/strong> : <a href=\"https:\/\/www.bordeaux-neurocampus.fr\/en\/team\/ecopsy\/\">Ecological assessment and management of psychiatric disorders (ECOPSY)<\/a><\/li>\n<li><strong>Choquet<\/strong> : <a href=\"https:\/\/www.bordeaux-neurocampus.fr\/en\/team\/dynamic-organization-and-function-of-synapses\/\">Dynamic organization and function of synapses<\/a><\/li>\n<li><strong>Elegheert<\/strong> : <a href=\"https:\/\/www.bordeaux-neurocampus.fr\/en\/team\/structural-biology-and-engineering-of-neuronal-proteins\/\">Structural biology and engineering of neuronal signalling<\/a><\/li>\n<li><strong>Gambino<\/strong> : <a href=\"https:\/\/www.bordeaux-neurocampus.fr\/en\/team\/computational-and-systems-neuroscience\/\">Computational and systems neuroscience<\/a><\/li>\n<li><strong>Giannone<\/strong> : <a href=\"https:\/\/www.bordeaux-neurocampus.fr\/en\/team\/spatio-temporal-and-mechanical-control-of-motile-structures\/\">Spatio-temporal and mechanical control of motile structures<\/a><\/li>\n<li><strong>N\u00e4gerl<\/strong> : <a href=\"\/?p=56874\">Synaptic plasticity and super-resolution microscopy<\/a><\/li>\n<li><strong>Perrais<\/strong> : <a href=\"https:\/\/www.bordeaux-neurocampus.fr\/en\/team\/membrane-traffic-at-synapses-memtras\/\">Membrane traffic at synapses (MemTraS)<\/a><\/li>\n<li><strong>Rougier <\/strong>: <a href=\"https:\/\/www.bordeaux-neurocampus.fr\/en\/team\/computational-neuroscience\/\">Mnemosyne: mnemonic synergy<\/a><\/li>\n<li><strong>de Rugy<\/strong> : <a href=\"https:\/\/www.bordeaux-neurocampus.fr\/en\/team\/hybrid-sensorimotor-performance\/\">Hybrid sensorimotor performance<\/a><\/li>\n<li><strong>Sibarita<\/strong> : <a href=\"https:\/\/www.bordeaux-neurocampus.fr\/en\/team\/quantitative-imaging-of-the-cell\/\">Quantitative imaging of the cell<\/a><\/li>\n<li><strong>Studer<\/strong> : <a href=\"https:\/\/www.bordeaux-neurocampus.fr\/en\/team\/organ_izing-the-cells\/\">Organ_izing the cells<\/a><\/li>\n<li><strong>Takahashi<\/strong> : <a href=\"https:\/\/www.bordeaux-neurocampus.fr\/en\/team\/neural-basis-of-perception\/\">Neural Basis of Perception<\/a><\/li>\n<li><strong>Thoumine<\/strong> : <a href=\"\/?p=56882\">Cell adhesion molecules in synapse assembly<\/a><\/li>\n<li><strong>Wagner<\/strong> : <a href=\"https:\/\/www.bordeaux-neurocampus.fr\/en\/team\/neurodtx\/\">Neuromodulation and neuroprosthetics<\/a><\/li>\n<\/ul>\n\n\t\t<\/div>\n\t<\/div>\n<\/div><\/div><\/div><div class=\"wpb_column vc_column_container vc_col-sm-6\"><div class=\"vc_column-inner\"><div class=\"wpb_wrapper\"><div class=\"vc_separator wpb_content_element vc_separator_align_center vc_sep_width_100 vc_sep_pos_align_center vc_sep_color_&#8221;custom&#8221; wpb_content_element vc_separator-has-text\" ><span class=\"vc_sep_holder vc_sep_holder_l\"><span class=\"vc_sep_line\"><\/span><\/span><h4>&#8221;Keywords&#8221;<\/h4><span class=\"vc_sep_holder vc_sep_holder_r\"><span class=\"vc_sep_line\"><\/span><\/span>\n<\/div>\n\t<div class=\"wpb_text_column wpb_content_element\" >\n\t\t<div class=\"wpb_wrapper\">\n\t\t\t<ul>\n<li><a href=\"https:\/\/www.bordeaux-neurocampus.fr\/tag\/analyses-des-donnees\/\">Analyses des donn\u00e9es<\/a><\/li>\n<li><a href=\"https:\/\/www.bordeaux-neurocampus.fr\/tag\/bio-informatique-et-analyse-des-donnees\/\">Bio-informatique et analyse des donn\u00e9es<\/a><\/li>\n<li><a href=\"https:\/\/www.bordeaux-neurocampus.fr\/tag\/bio-senseurs\/\">Bio-senseurs<\/a><\/li>\n<li><a href=\"https:\/\/www.bordeaux-neurocampus.fr\/en\/tag\/biochemistry\/\">Biochimie<\/a><\/li>\n<li><a href=\"https:\/\/www.bordeaux-neurocampus.fr\/tag\/chimie\/\">Chimie<\/a><\/li>\n<li><a href=\"https:\/\/www.bordeaux-neurocampus.fr\/tag\/comportement\/\">Comportement<\/a><\/li>\n<li><a href=\"https:\/\/www.bordeaux-neurocampus.fr\/tag\/imagerie-cellulaire-in-vitro-ou-in-vivo\/\">Imagerie cellulaire in vitro ou in vivo<\/a><\/li>\n<li><a href=\"https:\/\/www.bordeaux-neurocampus.fr\/tag\/intelligence-artificielle-et-realite-virtuelle\/\">Intelligence artificielle et r\u00e9alit\u00e9 virtuelle<\/a><\/li>\n<li><a href=\"https:\/\/www.bordeaux-neurocampus.fr\/tag\/interfaces-humain-machine-et-sante-connectee\/\">Interfaces humain-machine et sant\u00e9 connect\u00e9e<\/a><\/li>\n<li><a href=\"https:\/\/www.bordeaux-neurocampus.fr\/tag\/microfluidique\/\">Microfluidique<\/a><\/li>\n<li><a href=\"https:\/\/www.bordeaux-neurocampus.fr\/tag\/microscopie-super-resolutive\/\">Microscopie super-r\u00e9solutive<\/a><\/li>\n<li><a href=\"https:\/\/www.bordeaux-neurocampus.fr\/tag\/modele-genetique\/\">Mod\u00e8le g\u00e9n\u00e9tique<\/a><\/li>\n<li><a href=\"https:\/\/www.bordeaux-neurocampus.fr\/tag\/neurocomputation\/\">Neurocomputation<\/a><\/li>\n<li><a href=\"https:\/\/www.bordeaux-neurocampus.fr\/tag\/nouvelles-approches-en-biologie-structurale\/\">Nouvelles approches en biologie structurale<\/a><\/li>\n<li><a href=\"https:\/\/www.bordeaux-neurocampus.fr\/tag\/nouvelles-methodes-dimagerie-chez-lhumain\/\">Nouvelles m\u00e9thodes d\u2019imagerie chez l\u2019humain<\/a><\/li>\n<li><a href=\"https:\/\/www.bordeaux-neurocampus.fr\/tag\/optogenetique-et-chemogenetique\/\">Optog\u00e9n\u00e9tique et chemog\u00e9n\u00e9tique<\/a><\/li>\n<\/ul>\n\n\t\t<\/div>\n\t<\/div>\n<\/div><\/div><\/div><\/div>\n<\/div>","protected":false},"excerpt":{"rendered":"<p>Neurotechnologies (D\u00e9veloppement de nouvelles technologies pour les neurosciences)<\/p>\n","protected":false},"author":108,"featured_media":0,"parent":130147,"menu_order":9,"comment_status":"closed","ping_status":"closed","template":"","meta":{"footnotes":""},"tags":[],"class_list":["post-161109","page","type-page","status-publish","hentry"],"_links":{"self":[{"href":"https:\/\/www.bordeaux-neurocampus.fr\/en\/wp-json\/wp\/v2\/pages\/161109","targetHints":{"allow":["GET"]}}],"collection":[{"href":"https:\/\/www.bordeaux-neurocampus.fr\/en\/wp-json\/wp\/v2\/pages"}],"about":[{"href":"https:\/\/www.bordeaux-neurocampus.fr\/en\/wp-json\/wp\/v2\/types\/page"}],"author":[{"embeddable":true,"href":"https:\/\/www.bordeaux-neurocampus.fr\/en\/wp-json\/wp\/v2\/users\/108"}],"replies":[{"embeddable":true,"href":"https:\/\/www.bordeaux-neurocampus.fr\/en\/wp-json\/wp\/v2\/comments?post=161109"}],"version-history":[{"count":2,"href":"https:\/\/www.bordeaux-neurocampus.fr\/en\/wp-json\/wp\/v2\/pages\/161109\/revisions"}],"predecessor-version":[{"id":161124,"href":"https:\/\/www.bordeaux-neurocampus.fr\/en\/wp-json\/wp\/v2\/pages\/161109\/revisions\/161124"}],"up":[{"embeddable":true,"href":"https:\/\/www.bordeaux-neurocampus.fr\/en\/wp-json\/wp\/v2\/pages\/130147"}],"wp:attachment":[{"href":"https:\/\/www.bordeaux-neurocampus.fr\/en\/wp-json\/wp\/v2\/media?parent=161109"}],"wp:term":[{"taxonomy":"post_tag","embeddable":true,"href":"https:\/\/www.bordeaux-neurocampus.fr\/en\/wp-json\/wp\/v2\/tags?post=161109"}],"curies":[{"name":"wp","href":"https:\/\/api.w.org\/{rel}","templated":true}]}}