{"id":161095,"date":"2020-09-22T13:28:02","date_gmt":"2020-09-22T11:28:02","guid":{"rendered":"https:\/\/www.bordeaux-neurocampus.fr\/?page_id=161095"},"modified":"2023-07-05T18:33:50","modified_gmt":"2023-07-05T16:33:50","slug":"axis-8-nutrition-and-mental-health","status":"publish","type":"page","link":"https:\/\/www.bordeaux-neurocampus.fr\/en\/research\/research-axis\/axis-8-nutrition-and-mental-health\/","title":{"rendered":"Axis 8: Nutrition and mental health"},"content":{"rendered":"<div class=\"wpb-content-wrapper\"><div class=\"vc_row wpb_row vc_row-fluid\"><div class=\"wpb_column vc_column_container vc_col-sm-6\"><div class=\"vc_column-inner\"><div class=\"wpb_wrapper\"><div class=\"vc_separator wpb_content_element vc_separator_align_center vc_sep_width_100 vc_sep_pos_align_center vc_sep_color_&#8221;custom&#8221; wpb_content_element vc_separator-has-text\" ><span class=\"vc_sep_holder vc_sep_holder_l\"><span class=\"vc_sep_line\"><\/span><\/span><h4>&#8221;Teams&#8221;<\/h4><span class=\"vc_sep_holder vc_sep_holder_r\"><span class=\"vc_sep_line\"><\/span><\/span>\n<\/div>\n\t<div class=\"wpb_text_column wpb_content_element\" >\n\t\t<div class=\"wpb_wrapper\">\n\t\t\t<ul>\n<li><strong>Capuron \/ Moisan<\/strong> : <a href=\"https:\/\/www.bordeaux-neurocampus.fr\/en\/team\/nutripsy\/\">Nutrition and Neuropsychiatric Symptom Dimensions (NutriPsy)<\/a><\/li>\n<li><strong>Cota<\/strong> : <a href=\"https:\/\/www.bordeaux-neurocampus.fr\/en\/team\/energy-balance-and-obesity\/\">Energy balance and obesity<\/a><\/li>\n<li><strong>Ferreira \/ Trifilieff<\/strong> : <a href=\"https:\/\/www.bordeaux-neurocampus.fr\/en\/team\/foodcircus\/\">Mechanisms of neural circuit sensitivity to altered nutritional status (FoodCircus)<\/a><\/li>\n<li><strong>Lay\u00e9 \/ Fioramonti<\/strong> : <a href=\"https:\/\/www.bordeaux-neurocampus.fr\/en\/team\/nutrimind\/\">Brain Nutrient Sensing and Cognitive Trajectory from Development to Aging (NutriMind)<\/a><\/li>\n<\/ul>\n\n\t\t<\/div>\n\t<\/div>\n<\/div><\/div><\/div><div class=\"wpb_column vc_column_container vc_col-sm-6\"><div class=\"vc_column-inner\"><div class=\"wpb_wrapper\"><div class=\"vc_separator wpb_content_element vc_separator_align_center vc_sep_width_100 vc_sep_pos_align_center vc_sep_color_&#8221;custom&#8221; wpb_content_element vc_separator-has-text\" ><span class=\"vc_sep_holder vc_sep_holder_l\"><span class=\"vc_sep_line\"><\/span><\/span><h4>&#8221;Keywords&#8221;<\/h4><span class=\"vc_sep_holder vc_sep_holder_r\"><span class=\"vc_sep_line\"><\/span><\/span>\n<\/div>\n\t<div class=\"wpb_text_column wpb_content_element\" >\n\t\t<div class=\"wpb_wrapper\">\n\t\t\t<div class=\"vc_tta-panel-body\">\n<div class=\"wpb_text_column wpb_content_element \">\n<div class=\"wpb_wrapper\">\n<div class=\"vc_tta-panel-body\">\n<div class=\"wpb_text_column wpb_content_element \">\n<div class=\"wpb_wrapper\">\n<ul>\n<li><a href=\"https:\/\/www.bordeaux-neurocampus.fr\/tag\/comportement-alimentaire\/\">Comportement alimentaire<\/a><\/li>\n<li><a href=\"https:\/\/www.bordeaux-neurocampus.fr\/tag\/contaminants-alimentaires\/\">Contaminants alimentaires<\/a><\/li>\n<li><a href=\"https:\/\/www.bordeaux-neurocampus.fr\/tag\/desequilibre-alimentaire-et-vulnerabilite-psychiatrique\/\">D\u00e9s\u00e9quilibre alimentaire et vuln\u00e9rabilit\u00e9 psychiatrique<\/a><\/li>\n<li><a href=\"https:\/\/www.bordeaux-neurocampus.fr\/tag\/effet-signal-des-nutriments-dans-le-cerveau\/\">Effet signal des nutriments dans le cerveau<\/a><\/li>\n<li><a href=\"https:\/\/www.bordeaux-neurocampus.fr\/tag\/interactions-nutriments-et-traitement-neuropharmacologique\/\">Interactions nutriments et traitement neuropharmacologique<\/a><\/li>\n<li><a href=\"https:\/\/www.bordeaux-neurocampus.fr\/en\/tag\/metabolism\/\">M\u00e9tabolisme<\/a><\/li>\n<li><a href=\"https:\/\/www.bordeaux-neurocampus.fr\/tag\/nutrition-protectrice-et-vieillissement-cognitif-chez-lhumain\/\">Nutrition protectrice et vieillissement cognitif chez l\u2019humain<\/a><\/li>\n<li><a href=\"https:\/\/www.bordeaux-neurocampus.fr\/tag\/relations-microbiote-intestin-cerveau\/\">Relations microbiote-intestin-cerveau<\/a><\/li>\n<li><a href=\"https:\/\/www.bordeaux-neurocampus.fr\/tag\/troubles-metaboliques-et-obesite\/\">Troubles m\u00e9taboliques et ob\u00e9sit\u00e9<\/a><\/li>\n<\/ul>\n<\/div>\n<\/div>\n<\/div>\n<\/div>\n<\/div>\n<\/div>\n\n\t\t<\/div>\n\t<\/div>\n<\/div><\/div><\/div><\/div>\n<\/div>","protected":false},"excerpt":{"rendered":"<p>Nutrition et sant\u00e9 mentale : Comportement alimentaire, Contaminants alimentaires, D\u00e9s\u00e9quilibre alimentaire et vuln\u00e9rabilit\u00e9 psychiatrique, Effet signal des nutriments dans le cerveau, Interactions nutriments et traitement neuropharmacologique, M\u00e9tabolisme, Nutrition protectrice et vieillissement cognitif chez l\u2019humain, Relations microbiote-intestin-cerveau, Troubles m\u00e9taboliques et ob\u00e9sit\u00e9<\/p>\n","protected":false},"author":108,"featured_media":0,"parent":130147,"menu_order":8,"comment_status":"closed","ping_status":"closed","template":"","meta":{"footnotes":""},"tags":[],"class_list":["post-161095","page","type-page","status-publish","hentry"],"_links":{"self":[{"href":"https:\/\/www.bordeaux-neurocampus.fr\/en\/wp-json\/wp\/v2\/pages\/161095","targetHints":{"allow":["GET"]}}],"collection":[{"href":"https:\/\/www.bordeaux-neurocampus.fr\/en\/wp-json\/wp\/v2\/pages"}],"about":[{"href":"https:\/\/www.bordeaux-neurocampus.fr\/en\/wp-json\/wp\/v2\/types\/page"}],"author":[{"embeddable":true,"href":"https:\/\/www.bordeaux-neurocampus.fr\/en\/wp-json\/wp\/v2\/users\/108"}],"replies":[{"embeddable":true,"href":"https:\/\/www.bordeaux-neurocampus.fr\/en\/wp-json\/wp\/v2\/comments?post=161095"}],"version-history":[{"count":2,"href":"https:\/\/www.bordeaux-neurocampus.fr\/en\/wp-json\/wp\/v2\/pages\/161095\/revisions"}],"predecessor-version":[{"id":161123,"href":"https:\/\/www.bordeaux-neurocampus.fr\/en\/wp-json\/wp\/v2\/pages\/161095\/revisions\/161123"}],"up":[{"embeddable":true,"href":"https:\/\/www.bordeaux-neurocampus.fr\/en\/wp-json\/wp\/v2\/pages\/130147"}],"wp:attachment":[{"href":"https:\/\/www.bordeaux-neurocampus.fr\/en\/wp-json\/wp\/v2\/media?parent=161095"}],"wp:term":[{"taxonomy":"post_tag","embeddable":true,"href":"https:\/\/www.bordeaux-neurocampus.fr\/en\/wp-json\/wp\/v2\/tags?post=161095"}],"curies":[{"name":"wp","href":"https:\/\/api.w.org\/{rel}","templated":true}]}}