{"id":161094,"date":"2020-09-22T13:26:22","date_gmt":"2020-09-22T11:26:22","guid":{"rendered":"https:\/\/www.bordeaux-neurocampus.fr\/?page_id=161094"},"modified":"2023-07-05T18:33:30","modified_gmt":"2023-07-05T16:33:30","slug":"axis-7-neurodegenerative-and-other-diseases","status":"publish","type":"page","link":"https:\/\/www.bordeaux-neurocampus.fr\/en\/research\/research-axis\/axis-7-neurodegenerative-and-other-diseases\/","title":{"rendered":"Axis 7: Neurodegenerative and other diseases"},"content":{"rendered":"<div class=\"wpb-content-wrapper\"><p>[vc_row][vc_column width=&#8221;1\/2&#8243;][vc_text_separator title=&#8221;Teams&#8221; i_icon_fontawesome=&#8221;fa fa-users&#8221; i_color=&#8221;custom&#8221; color=&#8221;custom&#8221; add_icon=&#8221;true&#8221; i_custom_color=&#8221;#bb0026&#8243; accent_color=&#8221;#bb0026&#8243;][vc_column_text]<\/p>\n<ul>\n<li><strong>Baufreton \/ Georges<\/strong> : <a href=\"https:\/\/www.bordeaux-neurocampus.fr\/en\/team\/dopamine-and-neuronal-assemblies\/\">Dopamine and neuronal assemblies<\/a><\/li>\n<li><strong>Benazzouz \/ Fossat<\/strong> : <a href=\"https:\/\/www.bordeaux-neurocampus.fr\/en\/team\/neurochemistry-deep-brain-stimulation-and-parkinsons-disease\/\">Monoamines, Parkinson and Pain<\/a><\/li>\n<li><strong>Berthoz \/ Sibon<\/strong> : <a href=\"https:\/\/www.bordeaux-neurocampus.fr\/en\/team\/ecopsy\/\">Ecological assessment and management of psychiatric disorders (ECOPSY)<\/a><\/li>\n<li><strong>Bezard<\/strong> : <a href=\"https:\/\/www.bordeaux-neurocampus.fr\/en\/team\/pathophysiology-of-proteinopathies\/\">Pathophysiology of proteinopathies<\/a><\/li>\n<li><strong>Bontempi \/ Morel<\/strong> : <a href=\"https:\/\/www.bordeaux-neurocampus.fr\/en\/team\/memory\/\">Dynamics of neuronal and non neuronal networks underlying memory processing (MEMORY)<\/a><\/li>\n<li><strong>Bou\u00e9-Grabot \/ Landry<\/strong> : <a href=\"https:\/\/www.bordeaux-neurocampus.fr\/en\/team\/purinergic-mediated-neuroinflammation-and-brain-disorders\/\">Purinergic mediated neuroinflammation and brain disorders<\/a><\/li>\n<li><strong>Catheline<\/strong> : <a href=\"https:\/\/www.bordeaux-neurocampus.fr\/en\/team\/sleep-wake-aging-neuroimaging-swan\/\">Sleep\/Wake, Aging, Neuroimaging (SWAN)<\/a><\/li>\n<li><strong>Meissner<\/strong> : <a href=\"https:\/\/www.bordeaux-neurocampus.fr\/en\/team\/imn-clinics\/\">IMN clinics<\/a><\/li>\n<li><strong>Mulle<\/strong> : <a href=\"https:\/\/www.bordeaux-neurocampus.fr\/en\/team\/synapses-and-neural-circuits-in-behaviour\/\">Synapses and neural circuits in behaviour<\/a><\/li>\n<li><strong>Soukup<\/strong> : <a href=\"\/?p=101430\">Molecular Mechanisms of Synaptopathies<\/a><\/li>\n<\/ul>\n<p>[\/vc_column_text][\/vc_column][vc_column width=&#8221;1\/2&#8243;][vc_text_separator title=&#8221;Keywords&#8221; i_icon_fontawesome=&#8221;fa fa-tags&#8221; i_color=&#8221;custom&#8221; color=&#8221;custom&#8221; add_icon=&#8221;true&#8221; i_custom_color=&#8221;#bb0026&#8243; accent_color=&#8221;#bb0026&#8243;][vc_column_text]<\/p>\n<ul>\n<li><a href=\"https:\/\/www.bordeaux-neurocampus.fr\/tag\/avc\/\">AVC<\/a><\/li>\n<li><a href=\"https:\/\/www.bordeaux-neurocampus.fr\/tag\/alzheimer\/\">Alzheimer<\/a><\/li>\n<li><a href=\"https:\/\/www.bordeaux-neurocampus.fr\/tag\/demences\/\">D\u00e9mences<\/a><\/li>\n<li><a href=\"https:\/\/www.bordeaux-neurocampus.fr\/tag\/depression\/\">D\u00e9pression<\/a><\/li>\n<li><a href=\"https:\/\/www.bordeaux-neurocampus.fr\/tag\/epilepsie\/\">Epilepsie<\/a><\/li>\n<li><a href=\"https:\/\/www.bordeaux-neurocampus.fr\/tag\/narcolepsie-et-hypersomnies\/\">Narcolepsie et hypersomnies<\/a><\/li>\n<li><a href=\"https:\/\/www.bordeaux-neurocampus.fr\/tag\/parkinson\/\">Parkinson<\/a><\/li>\n<li><a href=\"https:\/\/www.bordeaux-neurocampus.fr\/tag\/pathologies-du-sommeil\/\">Pathologies du sommeil<\/a><\/li>\n<li><a href=\"https:\/\/www.bordeaux-neurocampus.fr\/tag\/sclerose-en-plaque\/\">Scl\u00e9rose en plaque<\/a><\/li>\n<li><a href=\"https:\/\/www.bordeaux-neurocampus.fr\/tag\/sclerose-laterale-amyotrophique\/\">Scl\u00e9rose lat\u00e9rale amyotrophique<\/a><\/li>\n<\/ul>\n<p>[\/vc_column_text][\/vc_column][\/vc_row]<\/p>\n<\/div>","protected":false},"excerpt":{"rendered":"<p>Maladies neurologiques : AVC, Alzheimer, D\u00e9mences, D\u00e9pression, Epilepsie, Narcolepsie et hypersomnies, Parkinson, Pathologies du sommeil, Scl\u00e9rose en plaque, Scl\u00e9rose lat\u00e9rale amyotrophique<\/p>\n","protected":false},"author":108,"featured_media":0,"parent":130147,"menu_order":7,"comment_status":"closed","ping_status":"closed","template":"","meta":{"footnotes":""},"tags":[],"class_list":["post-161094","page","type-page","status-publish","hentry"],"_links":{"self":[{"href":"https:\/\/www.bordeaux-neurocampus.fr\/en\/wp-json\/wp\/v2\/pages\/161094","targetHints":{"allow":["GET"]}}],"collection":[{"href":"https:\/\/www.bordeaux-neurocampus.fr\/en\/wp-json\/wp\/v2\/pages"}],"about":[{"href":"https:\/\/www.bordeaux-neurocampus.fr\/en\/wp-json\/wp\/v2\/types\/page"}],"author":[{"embeddable":true,"href":"https:\/\/www.bordeaux-neurocampus.fr\/en\/wp-json\/wp\/v2\/users\/108"}],"replies":[{"embeddable":true,"href":"https:\/\/www.bordeaux-neurocampus.fr\/en\/wp-json\/wp\/v2\/comments?post=161094"}],"version-history":[{"count":2,"href":"https:\/\/www.bordeaux-neurocampus.fr\/en\/wp-json\/wp\/v2\/pages\/161094\/revisions"}],"predecessor-version":[{"id":161122,"href":"https:\/\/www.bordeaux-neurocampus.fr\/en\/wp-json\/wp\/v2\/pages\/161094\/revisions\/161122"}],"up":[{"embeddable":true,"href":"https:\/\/www.bordeaux-neurocampus.fr\/en\/wp-json\/wp\/v2\/pages\/130147"}],"wp:attachment":[{"href":"https:\/\/www.bordeaux-neurocampus.fr\/en\/wp-json\/wp\/v2\/media?parent=161094"}],"wp:term":[{"taxonomy":"post_tag","embeddable":true,"href":"https:\/\/www.bordeaux-neurocampus.fr\/en\/wp-json\/wp\/v2\/tags?post=161094"}],"curies":[{"name":"wp","href":"https:\/\/api.w.org\/{rel}","templated":true}]}}