{"id":161093,"date":"2020-09-22T13:24:46","date_gmt":"2020-09-22T11:24:46","guid":{"rendered":"https:\/\/www.bordeaux-neurocampus.fr\/?page_id=161093"},"modified":"2023-07-05T17:30:27","modified_gmt":"2023-07-05T15:30:27","slug":"axis-6-psychiatric-pathologies","status":"publish","type":"page","link":"https:\/\/www.bordeaux-neurocampus.fr\/en\/research\/research-axis\/axis-6-psychiatric-pathologies\/","title":{"rendered":"Axis 6: psychiatric Pathologies"},"content":{"rendered":"<div class=\"wpb-content-wrapper\"><div class=\"vc_row wpb_row vc_row-fluid\"><div class=\"wpb_column vc_column_container vc_col-sm-6\"><div class=\"vc_column-inner\"><div class=\"wpb_wrapper\"><div class=\"vc_separator wpb_content_element vc_separator_align_center vc_sep_width_100 vc_sep_pos_align_center vc_sep_color_&#8221;custom&#8221; wpb_content_element vc_separator-has-text\" ><span class=\"vc_sep_holder vc_sep_holder_l\"><span class=\"vc_sep_line\"><\/span><\/span><h4>&#8221;\u00c9quipes&#8221;<\/h4><span class=\"vc_sep_holder vc_sep_holder_r\"><span class=\"vc_sep_line\"><\/span><\/span>\n<\/div>\n\t<div class=\"wpb_text_column wpb_content_element\" >\n\t\t<div class=\"wpb_wrapper\">\n\t\t\t<div class=\"vc_tta-panel-body\">\n<div class=\"wpb_text_column wpb_content_element \">\n<div class=\"wpb_wrapper\">\n<div id=\"wpv-view-layout-122919\" class=\"js-wpv-view-layout js-wpv-layout-responsive js-wpv-view-layout-122919\" data-viewnumber=\"122919\" data-pagination=\"{&quot;id&quot;:122919,&quot;query&quot;:&quot;archive&quot;,&quot;type&quot;:&quot;paged&quot;,&quot;effect&quot;:&quot;fade&quot;,&quot;duration&quot;:500,&quot;speed&quot;:5,&quot;pause_on_hover&quot;:&quot;disabled&quot;,&quot;stop_rollover&quot;:&quot;false&quot;,&quot;cache_pages&quot;:&quot;enabled&quot;,&quot;preload_images&quot;:&quot;enabled&quot;,&quot;preload_pages&quot;:&quot;enabled&quot;,&quot;preload_reach&quot;:1,&quot;spinner&quot;:&quot;builtin&quot;,&quot;spinner_image&quot;:&quot;https:\/\/www.bordeaux-neurocampus.fr\/wp-content\/plugins\/wp-views\/embedded\/res\/img\/ajax-loader.gif&quot;,&quot;callback_next&quot;:&quot;&quot;,&quot;manage_history&quot;:&quot;enabled&quot;,&quot;has_controls_in_form&quot;:&quot;disabled&quot;,&quot;infinite_tolerance&quot;:&quot;&quot;,&quot;max_pages&quot;:1,&quot;page&quot;:1,&quot;base_permalink&quot;:&quot;https:\/\/www.bordeaux-neurocampus.fr\/axe\/axe-3-systemes-moteur-et-sensoriels\/page\/WPV_PAGE_NUM\/?wpv_view_count=122919&quot;,&quot;loop&quot;:{&quot;type&quot;:&quot;taxonomy&quot;,&quot;name&quot;:&quot;axe&quot;,&quot;data&quot;:{&quot;taxonomy&quot;:&quot;axe&quot;,&quot;term&quot;:&quot;axe-3-systemes-moteur-et-sensoriels&quot;,&quot;term_id&quot;:336},&quot;id&quot;:122919}}\" data-permalink=\"https:\/\/www.bordeaux-neurocampus.fr\/axe\/axe-3-systemes-moteur-et-sensoriels\/?wpv_view_count=122919\">\n<div class=\"vc_tta-panel-body\">\n<div class=\"wpb_text_column wpb_content_element \">\n<div class=\"wpb_wrapper\">\n<div id=\"wpv-view-layout-122919\" class=\"js-wpv-view-layout js-wpv-layout-responsive js-wpv-view-layout-122919\" data-viewnumber=\"122919\" data-pagination=\"{&quot;id&quot;:122919,&quot;query&quot;:&quot;archive&quot;,&quot;type&quot;:&quot;paged&quot;,&quot;effect&quot;:&quot;fade&quot;,&quot;duration&quot;:500,&quot;speed&quot;:5,&quot;pause_on_hover&quot;:&quot;disabled&quot;,&quot;stop_rollover&quot;:&quot;false&quot;,&quot;cache_pages&quot;:&quot;enabled&quot;,&quot;preload_images&quot;:&quot;enabled&quot;,&quot;preload_pages&quot;:&quot;enabled&quot;,&quot;preload_reach&quot;:1,&quot;spinner&quot;:&quot;builtin&quot;,&quot;spinner_image&quot;:&quot;https:\/\/www.bordeaux-neurocampus.fr\/wp-content\/plugins\/wp-views\/embedded\/res\/img\/ajax-loader.gif&quot;,&quot;callback_next&quot;:&quot;&quot;,&quot;manage_history&quot;:&quot;enabled&quot;,&quot;has_controls_in_form&quot;:&quot;disabled&quot;,&quot;infinite_tolerance&quot;:&quot;&quot;,&quot;max_pages&quot;:1,&quot;page&quot;:1,&quot;base_permalink&quot;:&quot;https:\/\/www.bordeaux-neurocampus.fr\/axe\/axe-6-pathologies-psychiatriques\/page\/WPV_PAGE_NUM\/?wpv_view_count=122919&quot;,&quot;loop&quot;:{&quot;type&quot;:&quot;taxonomy&quot;,&quot;name&quot;:&quot;axe&quot;,&quot;data&quot;:{&quot;taxonomy&quot;:&quot;axe&quot;,&quot;term&quot;:&quot;axe-6-pathologies-psychiatriques&quot;,&quot;term_id&quot;:339},&quot;id&quot;:122919}}\" data-permalink=\"https:\/\/www.bordeaux-neurocampus.fr\/axe\/axe-6-pathologies-psychiatriques\/?wpv_view_count=122919\">\n<ul>\n<li><strong>Abrous<\/strong> : <a href=\"https:\/\/www.bordeaux-neurocampus.fr\/en\/team\/neurogenesis-and-pathophysiology\/\">Neurogenesis and pathophysiology<\/a><\/li>\n<li><strong>Baufreton \/ Georges<\/strong> : <a href=\"https:\/\/www.bordeaux-neurocampus.fr\/en\/team\/dopamine-and-neuronal-assemblies\/\">Dopamine and neuronal assemblies<\/a><\/li>\n<li><strong>Berthoz, Sibon<\/strong> : <a href=\"https:\/\/www.bordeaux-neurocampus.fr\/en\/team\/ecopsy\/\">Ecological assessment and management of psychiatric disorders (ECOPSY)<\/a><\/li>\n<li><strong>Beyeler<\/strong> : <a href=\"https:\/\/www.bordeaux-neurocampus.fr\/en\/team\/neural-circuits-of-anxiety\/\">Neural circuits of anxiety<\/a><\/li>\n<li><strong>Caill\u00e9-Garnier \/ David<\/strong> : <a href=\"https:\/\/www.bordeaux-neurocampus.fr\/en\/team\/e-motiv\/\">Emotion, Motivation and Cognition (EMOTIV)<\/a><\/li>\n<li><strong>Capuron \/ Moisan<\/strong> : <a href=\"https:\/\/www.bordeaux-neurocampus.fr\/en\/team\/nutripsy\/\">Nutrition and Neuropsychiatric Symptom Dimensions (NutriPsy)<\/a><\/li>\n<li><strong>Catheline<\/strong> : <a href=\"https:\/\/www.bordeaux-neurocampus.fr\/en\/team\/sleep-wake-aging-neuroimaging-swan\/\">Sleep\/Wake, Aging, Neuroimaging (SWAN)<\/a><\/li>\n<li><strong>Choquet<\/strong> : <a href=\"https:\/\/www.bordeaux-neurocampus.fr\/en\/team\/dynamic-organization-and-function-of-synapses\/\">Dynamic organization and function of synapses<\/a><\/li>\n<li><strong>Desmedt<\/strong> : <a href=\"https:\/\/www.bordeaux-neurocampus.fr\/en\/team\/pathophysiology-of-declarative-memory\/\">Pathophysiology of declarative memory<\/a><\/li>\n<li><strong>Frick<\/strong> : <a href=\"https:\/\/www.bordeaux-neurocampus.fr\/en\/team\/cortical-plasticity\/\">Cortical plasticity<\/a><\/li>\n<li><strong>Groc<\/strong> : <a href=\"https:\/\/www.bordeaux-neurocampus.fr\/en\/team\/developmental-brain-physiology-and-pathology\/\">Development and adaptation of neuronal circuits<\/a><\/li>\n<li><strong>Marsicano<\/strong> : <a href=\"https:\/\/www.bordeaux-neurocampus.fr\/en\/team\/endocannabinoids-and-neuroadaptation\/\">Endocannabinoids and neuroadaptation<\/a><\/li>\n<li><strong>Revest<\/strong> : <a href=\"https:\/\/www.bordeaux-neurocampus.fr\/en\/team\/physiopathology-and-therapeutic-approaches-of-stress-related-diseases\/\">Physiopathology and therapeutic approaches of stress-related diseases<\/a><\/li>\n<\/ul>\n<\/div>\n<\/div>\n<\/div>\n<\/div>\n<\/div>\n<\/div>\n<\/div>\n<\/div>\n\n\t\t<\/div>\n\t<\/div>\n<\/div><\/div><\/div><div class=\"wpb_column vc_column_container vc_col-sm-6\"><div class=\"vc_column-inner\"><div class=\"wpb_wrapper\"><div class=\"vc_separator wpb_content_element vc_separator_align_center vc_sep_width_100 vc_sep_pos_align_center vc_sep_color_&#8221;custom&#8221; wpb_content_element vc_separator-has-text\" ><span class=\"vc_sep_holder vc_sep_holder_l\"><span class=\"vc_sep_line\"><\/span><\/span><h4>&#8221;Mots<\/h4><span class=\"vc_sep_holder vc_sep_holder_r\"><span class=\"vc_sep_line\"><\/span><\/span>\n<\/div>\n\t<div class=\"wpb_text_column wpb_content_element\" >\n\t\t<div class=\"wpb_wrapper\">\n\t\t\t<div class=\"vc_tta-panel-body\">\n<div class=\"wpb_text_column wpb_content_element \">\n<div class=\"wpb_wrapper\">\n<div class=\"vc_tta-panel-body\">\n<div class=\"wpb_text_column wpb_content_element \">\n<div class=\"wpb_wrapper\">\n<ul>\n<li><a href=\"https:\/\/www.bordeaux-neurocampus.fr\/tag\/adhd-attention-deficit-hyperactivity-disorder\/\">ADHD (attention-deficit hyperactivity disorder)<\/a><\/li>\n<li><a href=\"https:\/\/www.bordeaux-neurocampus.fr\/recherche\/nos-axes-de-recherche\/tag\/asds-autism-spectrum-disorders\">ASDs (Autism Spectrum Disorders)<\/a><\/li>\n<li><a href=\"https:\/\/www.bordeaux-neurocampus.fr\/tag\/depression\/\">D\u00e9pression<\/a><\/li>\n<li><a href=\"https:\/\/www.bordeaux-neurocampus.fr\/tag\/fragile-x\/\">Fragile X<\/a><\/li>\n<li><a href=\"https:\/\/www.bordeaux-neurocampus.fr\/tag\/maladies-neuro-developpementales\/\">Maladies Neuro-d\u00e9veloppementales<\/a><\/li>\n<li><a href=\"https:\/\/www.bordeaux-neurocampus.fr\/tag\/maladies-rares\/\">Maladies rares<\/a><\/li>\n<li><a href=\"https:\/\/www.bordeaux-neurocampus.fr\/tag\/retard-mental\/\">Retard mental<\/a><\/li>\n<li><a href=\"https:\/\/www.bordeaux-neurocampus.fr\/tag\/schizophrenie\/\">Schizophr\u00e9nie<\/a><\/li>\n<li><a href=\"https:\/\/www.bordeaux-neurocampus.fr\/tag\/troubles-anxieux\/\">Troubles anxieux<\/a><\/li>\n<li><a href=\"https:\/\/www.bordeaux-neurocampus.fr\/tag\/troubles-des-comportements-alimentaires\/\">Troubles des comportements alimentaires<\/a><\/li>\n<li><a href=\"https:\/\/www.bordeaux-neurocampus.fr\/tag\/troubles-des-comportements-chez-lenfant-et-ladolescent\/\">Troubles des comportements chez l\u2019enfant et l\u2019adolescent<\/a><\/li>\n<li><a href=\"https:\/\/www.bordeaux-neurocampus.fr\/tag\/troubles-du-sommeil\/\">Troubles du sommeil<\/a><\/li>\n<\/ul>\n<\/div>\n<\/div>\n<\/div>\n<\/div>\n<\/div>\n<\/div>\n\n\t\t<\/div>\n\t<\/div>\n<\/div><\/div><\/div><\/div>\n<\/div>","protected":false},"excerpt":{"rendered":"<p>Pathologies psychiatriques : ADHD (attention-deficit hyperactivity disorder), ASDs (Autism Spectrum Disorders), D\u00e9pression, Fragile X, Maladies Neuro-d\u00e9veloppementales, Maladies rares, Retard mental, Schizophr\u00e9nie, Troubles anxieux, Troubles des comportements alimentaires, Troubles des comportements chez l\u2019enfant et l\u2019adolescent, Troubles du sommeil<\/p>\n","protected":false},"author":108,"featured_media":0,"parent":130147,"menu_order":6,"comment_status":"closed","ping_status":"closed","template":"","meta":{"footnotes":""},"tags":[],"class_list":["post-161093","page","type-page","status-publish","hentry"],"_links":{"self":[{"href":"https:\/\/www.bordeaux-neurocampus.fr\/en\/wp-json\/wp\/v2\/pages\/161093","targetHints":{"allow":["GET"]}}],"collection":[{"href":"https:\/\/www.bordeaux-neurocampus.fr\/en\/wp-json\/wp\/v2\/pages"}],"about":[{"href":"https:\/\/www.bordeaux-neurocampus.fr\/en\/wp-json\/wp\/v2\/types\/page"}],"author":[{"embeddable":true,"href":"https:\/\/www.bordeaux-neurocampus.fr\/en\/wp-json\/wp\/v2\/users\/108"}],"replies":[{"embeddable":true,"href":"https:\/\/www.bordeaux-neurocampus.fr\/en\/wp-json\/wp\/v2\/comments?post=161093"}],"version-history":[{"count":1,"href":"https:\/\/www.bordeaux-neurocampus.fr\/en\/wp-json\/wp\/v2\/pages\/161093\/revisions"}],"predecessor-version":[{"id":161105,"href":"https:\/\/www.bordeaux-neurocampus.fr\/en\/wp-json\/wp\/v2\/pages\/161093\/revisions\/161105"}],"up":[{"embeddable":true,"href":"https:\/\/www.bordeaux-neurocampus.fr\/en\/wp-json\/wp\/v2\/pages\/130147"}],"wp:attachment":[{"href":"https:\/\/www.bordeaux-neurocampus.fr\/en\/wp-json\/wp\/v2\/media?parent=161093"}],"wp:term":[{"taxonomy":"post_tag","embeddable":true,"href":"https:\/\/www.bordeaux-neurocampus.fr\/en\/wp-json\/wp\/v2\/tags?post=161093"}],"curies":[{"name":"wp","href":"https:\/\/api.w.org\/{rel}","templated":true}]}}