{"id":161092,"date":"2020-09-22T13:14:43","date_gmt":"2020-09-22T11:14:43","guid":{"rendered":"https:\/\/www.bordeaux-neurocampus.fr\/?page_id=161092"},"modified":"2024-01-09T10:08:10","modified_gmt":"2024-01-09T09:08:10","slug":"axis-5-brain-cognition-and-behaviour","status":"publish","type":"page","link":"https:\/\/www.bordeaux-neurocampus.fr\/en\/research\/research-axis\/axis-5-brain-cognition-and-behaviour\/","title":{"rendered":"Axis 5: Brain, cognition and behaviour"},"content":{"rendered":"<div class=\"wpb-content-wrapper\"><div class=\"vc_row wpb_row vc_row-fluid\"><div class=\"wpb_column vc_column_container vc_col-sm-6\"><div class=\"vc_column-inner\"><div class=\"wpb_wrapper\"><div class=\"vc_separator wpb_content_element vc_separator_align_center vc_sep_width_100 vc_sep_pos_align_center vc_sep_color_&#8221;custom&#8221; wpb_content_element vc_separator-has-text\" ><span class=\"vc_sep_holder vc_sep_holder_l\"><span class=\"vc_sep_line\"><\/span><\/span><h4>&#8221;\u00c9quipes&#8221;<\/h4><span class=\"vc_sep_holder vc_sep_holder_r\"><span class=\"vc_sep_line\"><\/span><\/span>\n<\/div>\n\t<div class=\"wpb_text_column wpb_content_element\" >\n\t\t<div class=\"wpb_wrapper\">\n\t\t\t<div class=\"vc_tta-panel-body\">\n<div class=\"wpb_text_column wpb_content_element \">\n<div class=\"wpb_wrapper\">\n<div id=\"wpv-view-layout-122919\" class=\"js-wpv-view-layout js-wpv-layout-responsive js-wpv-view-layout-122919\" data-viewnumber=\"122919\" data-pagination=\"{&quot;id&quot;:122919,&quot;query&quot;:&quot;archive&quot;,&quot;type&quot;:&quot;paged&quot;,&quot;effect&quot;:&quot;fade&quot;,&quot;duration&quot;:500,&quot;speed&quot;:5,&quot;pause_on_hover&quot;:&quot;disabled&quot;,&quot;stop_rollover&quot;:&quot;false&quot;,&quot;cache_pages&quot;:&quot;enabled&quot;,&quot;preload_images&quot;:&quot;enabled&quot;,&quot;preload_pages&quot;:&quot;enabled&quot;,&quot;preload_reach&quot;:1,&quot;spinner&quot;:&quot;builtin&quot;,&quot;spinner_image&quot;:&quot;https:\/\/www.bordeaux-neurocampus.fr\/wp-content\/plugins\/wp-views\/embedded\/res\/img\/ajax-loader.gif&quot;,&quot;callback_next&quot;:&quot;&quot;,&quot;manage_history&quot;:&quot;enabled&quot;,&quot;has_controls_in_form&quot;:&quot;disabled&quot;,&quot;infinite_tolerance&quot;:&quot;&quot;,&quot;max_pages&quot;:1,&quot;page&quot;:1,&quot;base_permalink&quot;:&quot;https:\/\/www.bordeaux-neurocampus.fr\/recherche\/nos-axes-de-recherche\/axe-5-cerveau-cognition-et-comportement\/page\/WPV_PAGE_NUM\/?wpv_view_count=122919&quot;,&quot;loop&quot;:{&quot;type&quot;:&quot;taxonomy&quot;,&quot;name&quot;:&quot;axe&quot;,&quot;data&quot;:{&quot;taxonomy&quot;:&quot;axe&quot;,&quot;term&quot;:&quot;axe-5-cerveau-cognition-et-comportement&quot;,&quot;term_id&quot;:338},&quot;id&quot;:122919}}\" data-permalink=\"https:\/\/www.bordeaux-neurocampus.fr\/recherche\/nos-axes-de-recherche\/axe-5-cerveau-cognition-et-comportement\/?wpv_view_count=122919\">\n<ul>\n<li><strong>Abrous<\/strong> : <a href=\"https:\/\/www.bordeaux-neurocampus.fr\/en\/team\/neurogenesis-and-pathophysiology\/\">Neurogenesis and pathophysiology<\/a><\/li>\n<li><strong>Ahmed<\/strong> : <a href=\"https:\/\/www.bordeaux-neurocampus.fr\/en\/team\/candy\/\">Choice, Addiction and Neurodysfunctions (Candy)<\/a><\/li>\n<li><strong>Auriacombe<\/strong> : <a href=\"https:\/\/www.bordeaux-neurocampus.fr\/en\/team\/team-sanpsy\/\">Sleep, addiction and neuropsychiatry<\/a><\/li>\n<li><strong>Badets \/ Michelet<\/strong> : <a href=\"https:\/\/www.bordeaux-neurocampus.fr\/en\/team\/motor-control-and-cognition\/\">Motor control and cognition<\/a><\/li>\n<li><strong>Bontempi \/ Morel<\/strong> : <a href=\"https:\/\/www.bordeaux-neurocampus.fr\/en\/team\/memory\/\">Dynamics of neuronal and non neuronal networks underlying memory processing (MEMORY)<\/a><\/li>\n<li><strong>Caill\u00e9-Garnier \/ David<\/strong> : <a href=\"https:\/\/www.bordeaux-neurocampus.fr\/en\/team\/e-motiv\/\">Emotion, Motivation and Cognition (EMOTIV)<\/a><\/li>\n<li><strong>Catheline<\/strong> : <a href=\"https:\/\/www.bordeaux-neurocampus.fr\/en\/team\/sleep-wake-aging-neuroimaging-swan\/\">Sleep\/Wake, Aging, Neuroimaging (SWAN)<\/a><\/li>\n<li><strong>Choquet<\/strong> : <a href=\"https:\/\/www.bordeaux-neurocampus.fr\/en\/team\/dynamic-organization-and-function-of-synapses\/\">Dynamic organization and function of synapses<\/a><\/li>\n<li><strong>Desmedt<\/strong> : <a href=\"https:\/\/www.bordeaux-neurocampus.fr\/en\/team\/pathophysiology-of-declarative-memory\/\">Pathophysiology of declarative memory<\/a><\/li>\n<li><strong>Ferreira \/ Trifilieff<\/strong> : <a href=\"https:\/\/www.bordeaux-neurocampus.fr\/en\/team\/foodcircus\/\">Mechanisms of neural circuit sensitivity to altered nutritional status (FoodCircus)<\/a><\/li>\n<li><strong>Gambino<\/strong> : <a href=\"https:\/\/www.bordeaux-neurocampus.fr\/en\/team\/computational-and-systems-neuroscience\/\">Computational and systems neuroscience<\/a><\/li>\n<li><strong>Groc<\/strong> : <a href=\"https:\/\/www.bordeaux-neurocampus.fr\/en\/team\/developmental-brain-physiology-and-pathology\/\">Development and adaptation of neuronal circuits<\/a><\/li>\n<li><strong>Herry<\/strong> : <a href=\"https:\/\/www.bordeaux-neurocampus.fr\/en\/team\/neuronal-circuits-of-associative-learning\/\">Neuronal circuits of associative learning<\/a><\/li>\n<li><strong>Leblois \/ Mallet<\/strong> : <a href=\"https:\/\/www.bordeaux-neurocampus.fr\/en\/team\/network-dynamics-for-procedural-learning\/\">Network dynamics for procedural learning<\/a><\/li>\n<li><strong>Marsicano<\/strong> : <a href=\"https:\/\/www.bordeaux-neurocampus.fr\/en\/team\/endocannabinoids-and-neuroadaptation\/\">Endocannabinoids and neuroadaptation<\/a><\/li>\n<li><strong>Montcouquiol \/ Sans<\/strong> : <a href=\"https:\/\/www.bordeaux-neurocampus.fr\/en\/team\/planar-polarity-and-plasticity\/\">Planar polarity and plasticity<\/a><\/li>\n<li><strong>Mulle<\/strong> : <a href=\"https:\/\/www.bordeaux-neurocampus.fr\/en\/team\/synapses-and-neural-circuits-in-behaviour\/\">Synapses and neural circuits in behaviour<\/a><\/li>\n<li><strong>Oliet<\/strong> : <a href=\"https:\/\/www.bordeaux-neurocampus.fr\/en\/team\/glia-neuron-interactions\/\">Glia-neuron interactions<\/a><\/li>\n<li><strong>Thiebaut de Schotten<\/strong> : <a href=\"https:\/\/www.bordeaux-neurocampus.fr\/en\/team\/neurofunctional-imaging-group\/\">Neurofunctional imaging group<\/a><\/li>\n<li><strong>Revest<\/strong> : <a href=\"https:\/\/www.bordeaux-neurocampus.fr\/en\/team\/physiopathology-and-therapeutic-approaches-of-stress-related-diseases\/\">Physiopathology and therapeutic approaches of stress-related diseases<\/a><\/li>\n<li><strong>Rougier <\/strong>: <a href=\"https:\/\/www.bordeaux-neurocampus.fr\/en\/team\/computational-neuroscience\/\">Computational Neuroscience<\/a><\/li>\n<li><strong>Wagner<\/strong> : <a href=\"https:\/\/www.bordeaux-neurocampus.fr\/en\/team\/neurodtx\/\">Neuromodulation and neuroprosthetics<\/a><\/li>\n<li><strong>Wolff<\/strong> : <a href=\"https:\/\/www.bordeaux-neurocampus.fr\/en\/team\/decision-and-adaptation\/\">Decision and adaptation (DECAD)<\/a><\/li>\n<\/ul>\n<\/div>\n<\/div>\n<\/div>\n<\/div>\n\n\t\t<\/div>\n\t<\/div>\n<\/div><\/div><\/div><div class=\"wpb_column vc_column_container vc_col-sm-6\"><div class=\"vc_column-inner\"><div class=\"wpb_wrapper\"><div class=\"vc_separator wpb_content_element vc_separator_align_center vc_sep_width_100 vc_sep_pos_align_center vc_sep_color_&#8221;custom&#8221; wpb_content_element vc_separator-has-text\" ><span class=\"vc_sep_holder vc_sep_holder_l\"><span class=\"vc_sep_line\"><\/span><\/span><h4>&#8221;Mots<\/h4><span class=\"vc_sep_holder vc_sep_holder_r\"><span class=\"vc_sep_line\"><\/span><\/span>\n<\/div>\n\t<div class=\"wpb_text_column wpb_content_element\" >\n\t\t<div class=\"wpb_wrapper\">\n\t\t\t<div class=\"vc_tta-panel-body\">\n<div class=\"wpb_text_column wpb_content_element \">\n<div class=\"wpb_wrapper\">\n<div class=\"vc_tta-panel-body\">\n<div class=\"wpb_text_column wpb_content_element \">\n<div class=\"wpb_wrapper\">\n<ul>\n<li><a href=\"https:\/\/www.bordeaux-neurocampus.fr\/tag\/apprentissage\/\">Apprentissage<\/a><\/li>\n<li><a href=\"https:\/\/www.bordeaux-neurocampus.fr\/tag\/attention\/\">Attention<\/a><\/li>\n<li><a href=\"https:\/\/www.bordeaux-neurocampus.fr\/tag\/bioenergetique-du-cerveau-et-physiologie\/\">Bio\u00e9nerg\u00e9tique du cerveau et physiologie<\/a><\/li>\n<li><a href=\"https:\/\/www.bordeaux-neurocampus.fr\/tag\/cognition\/\">Cognition<\/a><\/li>\n<li><a href=\"https:\/\/www.bordeaux-neurocampus.fr\/tag\/emotion\/\">Emotion<\/a><\/li>\n<li><a href=\"https:\/\/www.bordeaux-neurocampus.fr\/tag\/fonctions-executives\/\">Fonctions ex\u00e9cutives<\/a><\/li>\n<li><a href=\"https:\/\/www.bordeaux-neurocampus.fr\/tag\/motivation\/\">Motivation<\/a><\/li>\n<li><a href=\"https:\/\/www.bordeaux-neurocampus.fr\/tag\/memoire\/\">M\u00e9moire<\/a><\/li>\n<li><a href=\"https:\/\/www.bordeaux-neurocampus.fr\/tag\/neuroimagerie-chez-lhumain\/\">Neuroimagerie chez l\u2019humain<\/a><\/li>\n<li><a href=\"https:\/\/www.bordeaux-neurocampus.fr\/en\/tag\/decision-making-en\/\">Prise de d\u00e9cision<\/a><\/li>\n<li><a href=\"https:\/\/www.bordeaux-neurocampus.fr\/tag\/sommeil-troubles-du-sommeil\/\">Sommeil \u2013 Troubles du sommeil<\/a><\/li>\n<li><a href=\"https:\/\/www.bordeaux-neurocampus.fr\/recherche\/nos-axes-de-recherche\/tag\/troubles-du-comportement\">Troubles du comportement<\/a><\/li>\n<\/ul>\n<\/div>\n<\/div>\n<\/div>\n<\/div>\n<\/div>\n<\/div>\n\n\t\t<\/div>\n\t<\/div>\n<\/div><\/div><\/div><\/div>\n<\/div>","protected":false},"excerpt":{"rendered":"<p>Cerveau, cognition et comportement : Apprentissage, Attention, Bio\u00e9nerg\u00e9tique du cerveau et physiologie, Cognition, Emotion, Fonctions ex\u00e9cutives, Motivation, M\u00e9moire, Neuroimagerie chez l\u2019humain, Prise de d\u00e9cision, Sommeil \u2013 Troubles du sommeil, Troubles du comportement<\/p>\n","protected":false},"author":108,"featured_media":0,"parent":130147,"menu_order":5,"comment_status":"closed","ping_status":"closed","template":"","meta":{"footnotes":""},"tags":[],"class_list":["post-161092","page","type-page","status-publish","hentry"],"_links":{"self":[{"href":"https:\/\/www.bordeaux-neurocampus.fr\/en\/wp-json\/wp\/v2\/pages\/161092","targetHints":{"allow":["GET"]}}],"collection":[{"href":"https:\/\/www.bordeaux-neurocampus.fr\/en\/wp-json\/wp\/v2\/pages"}],"about":[{"href":"https:\/\/www.bordeaux-neurocampus.fr\/en\/wp-json\/wp\/v2\/types\/page"}],"author":[{"embeddable":true,"href":"https:\/\/www.bordeaux-neurocampus.fr\/en\/wp-json\/wp\/v2\/users\/108"}],"replies":[{"embeddable":true,"href":"https:\/\/www.bordeaux-neurocampus.fr\/en\/wp-json\/wp\/v2\/comments?post=161092"}],"version-history":[{"count":2,"href":"https:\/\/www.bordeaux-neurocampus.fr\/en\/wp-json\/wp\/v2\/pages\/161092\/revisions"}],"predecessor-version":[{"id":166508,"href":"https:\/\/www.bordeaux-neurocampus.fr\/en\/wp-json\/wp\/v2\/pages\/161092\/revisions\/166508"}],"up":[{"embeddable":true,"href":"https:\/\/www.bordeaux-neurocampus.fr\/en\/wp-json\/wp\/v2\/pages\/130147"}],"wp:attachment":[{"href":"https:\/\/www.bordeaux-neurocampus.fr\/en\/wp-json\/wp\/v2\/media?parent=161092"}],"wp:term":[{"taxonomy":"post_tag","embeddable":true,"href":"https:\/\/www.bordeaux-neurocampus.fr\/en\/wp-json\/wp\/v2\/tags?post=161092"}],"curies":[{"name":"wp","href":"https:\/\/api.w.org\/{rel}","templated":true}]}}