{"id":161060,"date":"2020-09-22T13:05:59","date_gmt":"2020-09-22T11:05:59","guid":{"rendered":"https:\/\/www.bordeaux-neurocampus.fr\/?page_id=161060"},"modified":"2023-07-05T17:29:34","modified_gmt":"2023-07-05T15:29:34","slug":"axis-2-sensory-and-motor-systems","status":"publish","type":"page","link":"https:\/\/www.bordeaux-neurocampus.fr\/en\/research\/research-axis\/axis-2-sensory-and-motor-systems\/","title":{"rendered":"Axis 2: sensory and motor systems"},"content":{"rendered":"<div class=\"wpb-content-wrapper\"><div class=\"vc_row wpb_row vc_row-fluid\"><div class=\"wpb_column vc_column_container vc_col-sm-6\"><div class=\"vc_column-inner\"><div class=\"wpb_wrapper\"><div class=\"vc_separator wpb_content_element vc_separator_align_center vc_sep_width_100 vc_sep_pos_align_center vc_sep_color_&#8221;custom&#8221; wpb_content_element vc_separator-has-text\" ><span class=\"vc_sep_holder vc_sep_holder_l\"><span class=\"vc_sep_line\"><\/span><\/span><h4>&#8221;\u00c9quipes&#8221;<\/h4><span class=\"vc_sep_holder vc_sep_holder_r\"><span class=\"vc_sep_line\"><\/span><\/span>\n<\/div>\n\t<div class=\"wpb_text_column wpb_content_element\" >\n\t\t<div class=\"wpb_wrapper\">\n\t\t\t<div class=\"vc_tta-panel-body\">\n<div class=\"wpb_text_column wpb_content_element \">\n<div class=\"wpb_wrapper\">\n<div id=\"wpv-view-layout-122919\" class=\"js-wpv-view-layout js-wpv-layout-responsive js-wpv-view-layout-122919\" data-viewnumber=\"122919\" data-pagination=\"{&quot;id&quot;:122919,&quot;query&quot;:&quot;archive&quot;,&quot;type&quot;:&quot;paged&quot;,&quot;effect&quot;:&quot;fade&quot;,&quot;duration&quot;:500,&quot;speed&quot;:5,&quot;pause_on_hover&quot;:&quot;disabled&quot;,&quot;stop_rollover&quot;:&quot;false&quot;,&quot;cache_pages&quot;:&quot;enabled&quot;,&quot;preload_images&quot;:&quot;enabled&quot;,&quot;preload_pages&quot;:&quot;enabled&quot;,&quot;preload_reach&quot;:1,&quot;spinner&quot;:&quot;builtin&quot;,&quot;spinner_image&quot;:&quot;https:\/\/www.bordeaux-neurocampus.fr\/wp-content\/plugins\/wp-views\/embedded\/res\/img\/ajax-loader.gif&quot;,&quot;callback_next&quot;:&quot;&quot;,&quot;manage_history&quot;:&quot;enabled&quot;,&quot;has_controls_in_form&quot;:&quot;disabled&quot;,&quot;infinite_tolerance&quot;:&quot;&quot;,&quot;max_pages&quot;:1,&quot;page&quot;:1,&quot;base_permalink&quot;:&quot;https:\/\/www.bordeaux-neurocampus.fr\/axe\/axe-3-systemes-moteur-et-sensoriels\/page\/WPV_PAGE_NUM\/?wpv_view_count=122919&quot;,&quot;loop&quot;:{&quot;type&quot;:&quot;taxonomy&quot;,&quot;name&quot;:&quot;axe&quot;,&quot;data&quot;:{&quot;taxonomy&quot;:&quot;axe&quot;,&quot;term&quot;:&quot;axe-3-systemes-moteur-et-sensoriels&quot;,&quot;term_id&quot;:336},&quot;id&quot;:122919}}\" data-permalink=\"https:\/\/www.bordeaux-neurocampus.fr\/axe\/axe-3-systemes-moteur-et-sensoriels\/?wpv_view_count=122919\">\n<ul>\n<li><strong>Bezard<\/strong> : <a href=\"https:\/\/www.bordeaux-neurocampus.fr\/en\/team\/pathophysiology-of-proteinopathies\/\">Pathophysiology of proteinopathies<\/a><\/li>\n<li><strong>Bou\u00e9-Grabot \/ Landry<\/strong> : <a href=\"https:\/\/www.bordeaux-neurocampus.fr\/en\/team\/purinergic-mediated-neuroinflammation-and-brain-disorders\/\">Purinergic mediated neuroinflammation and brain disorders<\/a><\/li>\n<li><strong>Branchereau<\/strong> : <a href=\"https:\/\/www.bordeaux-neurocampus.fr\/en\/team\/motopsyn\/\">Motoneurons and synaptic partners (MotoPSyn)<\/a><\/li>\n<li><strong>Frick<\/strong> : <a href=\"https:\/\/www.bordeaux-neurocampus.fr\/en\/team\/cortical-plasticity\/\">Cortical plasticity<\/a><\/li>\n<li><strong>Leblois \/ Mallet<\/strong> : <a href=\"https:\/\/www.bordeaux-neurocampus.fr\/en\/team\/network-dynamics-for-procedural-learning\/\">Network dynamics for procedural learning<\/a><\/li>\n<li><strong>Montcouquiol \/ Sans<\/strong> : <a href=\"https:\/\/www.bordeaux-neurocampus.fr\/en\/team\/planar-polarity-and-plasticity\/\">Planar polarity and plasticity<\/a><\/li>\n<li><strong>de Rugy<\/strong> : <a href=\"https:\/\/www.bordeaux-neurocampus.fr\/en\/team\/hybrid-sensorimotor-performance\/\">Hybrid sensorimotor performance<\/a><\/li>\n<li><strong>Takahashi<\/strong> : <a href=\"https:\/\/www.bordeaux-neurocampus.fr\/en\/team\/neural-basis-of-perception\/\">Neural Basis of Perception<\/a><\/li>\n<li><strong>Thoby-Brisson, Barri\u00e8re<\/strong> : <a href=\"https:\/\/www.bordeaux-neurocampus.fr\/en\/team\/development-and-neurobiology-of-neural-networks\/\">Development and Neurobiology of Neural Networks (DN3)<\/a><\/li>\n<\/ul>\n<\/div>\n<\/div>\n<\/div>\n<\/div>\n\n\t\t<\/div>\n\t<\/div>\n<\/div><\/div><\/div><div class=\"wpb_column vc_column_container vc_col-sm-6\"><div class=\"vc_column-inner\"><div class=\"wpb_wrapper\"><div class=\"vc_separator wpb_content_element vc_separator_align_center vc_sep_width_100 vc_sep_pos_align_center vc_sep_color_&#8221;custom&#8221; wpb_content_element vc_separator-has-text\" ><span class=\"vc_sep_holder vc_sep_holder_l\"><span class=\"vc_sep_line\"><\/span><\/span><h4>&#8221;Mots<\/h4><span class=\"vc_sep_holder vc_sep_holder_r\"><span class=\"vc_sep_line\"><\/span><\/span>\n<\/div>\n\t<div class=\"wpb_text_column wpb_content_element\" >\n\t\t<div class=\"wpb_wrapper\">\n\t\t\t<div class=\"vc_tta-panel-body\">\n<div class=\"wpb_text_column wpb_content_element \">\n<div class=\"wpb_wrapper\">\n<ul>\n<li class=\"axes-team\"><a href=\"https:\/\/www.bordeaux-neurocampus.fr\/en\/tag\/pain\/\">Pain<\/a><\/li>\n<li class=\"axes-team\"><a href=\"https:\/\/www.bordeaux-neurocampus.fr\/tag\/handicap\/\">Handicap<\/a><\/li>\n<li class=\"axes-team\"><a href=\"https:\/\/www.bordeaux-neurocampus.fr\/tag\/motricite\/\">Motricit\u00e9<\/a><\/li>\n<li class=\"axes-team\"><a href=\"https:\/\/www.bordeaux-neurocampus.fr\/tag\/mouvement\/\">Mouvement<\/a><\/li>\n<li class=\"axes-team\"><a href=\"https:\/\/www.bordeaux-neurocampus.fr\/tag\/memorisation-des-perceptions-sensorielles\/\">M\u00e9morisation des perceptions sensorielles<\/a><\/li>\n<li class=\"axes-team\"><a href=\"https:\/\/www.bordeaux-neurocampus.fr\/tag\/somesthesie\/\">Somesth\u00e9sie<\/a><\/li>\n<li class=\"axes-team\"><a href=\"https:\/\/www.bordeaux-neurocampus.fr\/tag\/systeme-auditif-et-dequilibration\/\">Syst\u00e8me auditif et d\u2019\u00e9quilibration<\/a><\/li>\n<li class=\"axes-team\"><a href=\"https:\/\/www.bordeaux-neurocampus.fr\/tag\/systeme-olfactif\/\">Syst\u00e8me olfactif<\/a><\/li>\n<li class=\"axes-team\"><a href=\"https:\/\/www.bordeaux-neurocampus.fr\/tag\/troubles-de-laudition\/\">Troubles de l\u2019audition<\/a><\/li>\n<\/ul>\n<\/div>\n<\/div>\n<\/div>\n\n\t\t<\/div>\n\t<\/div>\n<\/div><\/div><\/div><\/div>\n<\/div>","protected":false},"excerpt":{"rendered":"<p>Syst\u00e8mes moteur et sensoriels : Douleur, Handicap, Motricit\u00e9, Mouvement, M\u00e9morisation des perceptions sensorielles, Somesth\u00e9sie, Syst\u00e8me auditif et d\u2019\u00e9quilibration, Syst\u00e8me olfactif, Troubles de l\u2019audition<\/p>\n","protected":false},"author":108,"featured_media":0,"parent":130147,"menu_order":3,"comment_status":"closed","ping_status":"closed","template":"","meta":{"footnotes":""},"tags":[],"class_list":["post-161060","page","type-page","status-publish","hentry"],"_links":{"self":[{"href":"https:\/\/www.bordeaux-neurocampus.fr\/en\/wp-json\/wp\/v2\/pages\/161060","targetHints":{"allow":["GET"]}}],"collection":[{"href":"https:\/\/www.bordeaux-neurocampus.fr\/en\/wp-json\/wp\/v2\/pages"}],"about":[{"href":"https:\/\/www.bordeaux-neurocampus.fr\/en\/wp-json\/wp\/v2\/types\/page"}],"author":[{"embeddable":true,"href":"https:\/\/www.bordeaux-neurocampus.fr\/en\/wp-json\/wp\/v2\/users\/108"}],"replies":[{"embeddable":true,"href":"https:\/\/www.bordeaux-neurocampus.fr\/en\/wp-json\/wp\/v2\/comments?post=161060"}],"version-history":[{"count":2,"href":"https:\/\/www.bordeaux-neurocampus.fr\/en\/wp-json\/wp\/v2\/pages\/161060\/revisions"}],"predecessor-version":[{"id":161104,"href":"https:\/\/www.bordeaux-neurocampus.fr\/en\/wp-json\/wp\/v2\/pages\/161060\/revisions\/161104"}],"up":[{"embeddable":true,"href":"https:\/\/www.bordeaux-neurocampus.fr\/en\/wp-json\/wp\/v2\/pages\/130147"}],"wp:attachment":[{"href":"https:\/\/www.bordeaux-neurocampus.fr\/en\/wp-json\/wp\/v2\/media?parent=161060"}],"wp:term":[{"taxonomy":"post_tag","embeddable":true,"href":"https:\/\/www.bordeaux-neurocampus.fr\/en\/wp-json\/wp\/v2\/tags?post=161060"}],"curies":[{"name":"wp","href":"https:\/\/api.w.org\/{rel}","templated":true}]}}