{"id":159636,"date":"2020-09-22T12:28:51","date_gmt":"2020-09-22T10:28:51","guid":{"rendered":"https:\/\/www.bordeaux-neurocampus.fr\/research\/research-axis\/axe-1-biologie-cellulaire-et-developpement-des-cellules-du-systeme-nerveux-et-des-synapses\/"},"modified":"2026-03-03T17:26:40","modified_gmt":"2026-03-03T16:26:40","slug":"axe-1-biologie-cellulaire-et-developpement-des-cellules-du-systeme-nerveux-et-des-synapses","status":"publish","type":"page","link":"https:\/\/www.bordeaux-neurocampus.fr\/en\/research\/research-axis\/axe-1-biologie-cellulaire-et-developpement-des-cellules-du-systeme-nerveux-et-des-synapses\/","title":{"rendered":"Axe 1 : Biologie cellulaire et d\u00e9veloppement des cellules du syst\u00e8me nerveux et des synapses"},"content":{"rendered":"<div class=\"wpb-content-wrapper\"><div class=\"vc_row wpb_row vc_row-fluid\"><div class=\"wpb_column vc_column_container vc_col-sm-6\"><div class=\"vc_column-inner\"><div class=\"wpb_wrapper\"><div class=\"vc_separator wpb_content_element vc_separator_align_center vc_sep_width_100 vc_sep_pos_align_center vc_sep_color_&#8221;custom&#8221; wpb_content_element vc_separator-has-text\" ><span class=\"vc_sep_holder vc_sep_holder_l\"><span class=\"vc_sep_line\"><\/span><\/span><h4>&#8221;\u00c9quipes&#8221;<\/h4><span class=\"vc_sep_holder vc_sep_holder_r\"><span class=\"vc_sep_line\"><\/span><\/span>\n<\/div>\n\t<div class=\"wpb_text_column wpb_content_element\" >\n\t\t<div class=\"wpb_wrapper\">\n\t\t\t<ul>\n<li><strong>Battefeld<\/strong> : <a href=\"https:\/\/www.bordeaux-neurocampus.fr\/en\/team\/pathophysiology-of-neuron-oligodendrocyte-interactions\/\">Pathophysiology of neuron-oligodendrocyte interactions<\/a><\/li>\n<li><strong>Bou\u00e9-Grabot \/ Landry<\/strong> : <a href=\"https:\/\/www.bordeaux-neurocampus.fr\/en\/team\/purinergic-mediated-neuroinflammation-and-brain-disorders\/\">Purinergic mediated neuroinflammation and brain disorders<\/a><\/li>\n<li><strong>Choquet<\/strong> : <a href=\"https:\/\/www.bordeaux-neurocampus.fr\/en\/team\/dynamic-organization-and-function-of-synapses\/\">Dynamic organization and function of synapses<\/a><\/li>\n<li><strong>Dulon<\/strong> : <a href=\"https:\/\/www.bordeaux-neurocampus.fr\/en\/team\/clinical-and-translational-exploration-of-sensorineural-hearing-loss\/\">Clinical and translational exploration of sensorineural hearing loss<\/a><\/li>\n<li><strong>Elegheert<\/strong> : <a href=\"https:\/\/www.bordeaux-neurocampus.fr\/en\/team\/structural-biology-and-engineering-of-neuronal-proteins\/\">Structural biology and engineering of neuronal signalling<\/a><\/li>\n<li><strong>Giannone<\/strong> : <a href=\"https:\/\/www.bordeaux-neurocampus.fr\/en\/team\/spatio-temporal-and-mechanical-control-of-motile-structures\/\">Spatio-temporal and mechanical control of motile structures<\/a><\/li>\n<li><strong>Goizet \/ Stevanin<\/strong> : <a href=\"https:\/\/www.bordeaux-neurocampus.fr\/en\/team\/nrgen\/\">Translational research in neurogenetic diseases (NRGEN)<\/a><\/li>\n<li><strong>Groc<\/strong> : <a href=\"https:\/\/www.bordeaux-neurocampus.fr\/en\/team\/developmental-brain-physiology-and-pathology\/\">Development and adaptation of neuronal circuits<\/a><\/li>\n<li><strong>Letellier<\/strong> : <a href=\"https:\/\/www.bordeaux-neurocampus.fr\/en\/team\/mechanisms-of-adaptive-processes-in-brain-circuits\/\">Mechanisms of Adaptive Processes in brain circuits (MAP)<\/a><\/li>\n<li><strong>Marsicano<\/strong> : <a href=\"https:\/\/www.bordeaux-neurocampus.fr\/en\/team\/endocannabinoids-and-neuroadaptation\/\">Endocannabinoids and neuroadaptation<\/a><\/li>\n<li><strong>Sans<\/strong> : <a href=\"https:\/\/www.bordeaux-neurocampus.fr\/en\/team\/planar-polarity-and-plasticity\/\">Planar polarity and plasticity<\/a><\/li>\n<li><strong>Mulle \/ Carta<\/strong> : <a href=\"https:\/\/www.bordeaux-neurocampus.fr\/en\/team\/synapses-and-neural-circuits-in-behaviour\/\">Synapses and neural circuits in behaviour<\/a><\/li>\n<li><strong>Perrais<\/strong> : <a href=\"https:\/\/www.bordeaux-neurocampus.fr\/en\/team\/membrane-traffic-at-synapses-memtras\/\">Membrane traffic at synapses (MemTraS)<\/a><\/li>\n<li><strong>Studer<\/strong> : <a href=\"https:\/\/www.bordeaux-neurocampus.fr\/en\/team\/organ_izing-the-cells\/\">Organ_izing the cells<\/a><\/li>\n<li><strong>Thoby-Brisson, Barri\u00e8re<\/strong> : <a href=\"https:\/\/www.bordeaux-neurocampus.fr\/en\/team\/development-and-neurobiology-of-neural-networks\/\">Development and Neurobiology of Neural Networks (DN3)<\/a><\/li>\n<\/ul>\n\n\t\t<\/div>\n\t<\/div>\n<\/div><\/div><\/div><div class=\"wpb_column vc_column_container vc_col-sm-6\"><div class=\"vc_column-inner\"><div class=\"wpb_wrapper\"><div class=\"vc_separator wpb_content_element vc_separator_align_center vc_sep_width_100 vc_sep_pos_align_center vc_sep_color_&#8221;custom&#8221; wpb_content_element vc_separator-has-text\" ><span class=\"vc_sep_holder vc_sep_holder_l\"><span class=\"vc_sep_line\"><\/span><\/span><h4>&#8221;Mots<\/h4><span class=\"vc_sep_holder vc_sep_holder_r\"><span class=\"vc_sep_line\"><\/span><\/span>\n<\/div>\n\t<div class=\"wpb_text_column wpb_content_element\" >\n\t\t<div class=\"wpb_wrapper\">\n\t\t\t<ul>\n<li><a href=\"https:\/\/www.bordeaux-neurocampus.fr\/tag\/adhesion-cellulaire-et-cytosquelette\/\">Adh\u00e9sion cellulaire et cytosquelette<\/a><\/li>\n<li><a href=\"https:\/\/www.bordeaux-neurocampus.fr\/en\/tag\/synapse-molecular-complexes\/\">Complexes mol\u00e9culaires de la synapse<\/a><\/li>\n<li><a href=\"https:\/\/www.bordeaux-neurocampus.fr\/tag\/developpement-du-systeme-nerveux\/\">D\u00e9veloppement du syst\u00e8me nerveux<\/a><\/li>\n<li><a href=\"https:\/\/www.bordeaux-neurocampus.fr\/tag\/energetique-et-mitochondrie\/\">Energ\u00e9tique et Mitochondrie<\/a><\/li>\n<li><a href=\"https:\/\/www.bordeaux-neurocampus.fr\/tag\/interactions-neurones-glie\/\">Interactions neurones-glie<\/a><\/li>\n<li><a href=\"https:\/\/www.bordeaux-neurocampus.fr\/en\/tag\/metabolism\/\">M\u00e9tabolisme<\/a><\/li>\n<li><a href=\"https:\/\/www.bordeaux-neurocampus.fr\/tag\/physiologie-synaptique\/\">Physiologie synaptique<\/a><\/li>\n<li><a href=\"https:\/\/www.bordeaux-neurocampus.fr\/tag\/signalisation\/\">Signalisation<\/a><\/li>\n<li><a href=\"https:\/\/www.bordeaux-neurocampus.fr\/tag\/trafic-intracellulaire\/\">Trafic intracellulaire<\/a><\/li>\n<li><a href=\"https:\/\/www.bordeaux-neurocampus.fr\/tag\/ultrastructure-neuronale-et-morphogenese\/\">Ultrastructure neuronale et morphog\u00e9n\u00e8se<\/a><\/li>\n<li><a href=\"https:\/\/www.bordeaux-neurocampus.fr\/tag\/unite-neuro-vasculaire\/\">Unit\u00e9 neuro-vasculaire<\/a><\/li>\n<\/ul>\n\n\t\t<\/div>\n\t<\/div>\n<\/div><\/div><\/div><\/div>\n<\/div>","protected":false},"excerpt":{"rendered":"<p>Biologie cellulaire et d\u00e9veloppement des cellules du syst\u00e8me nerveux et des synapses : Adh\u00e9sion cellulaire et cytosquelette, Complexes mol\u00e9culaires de la synapse, D\u00e9veloppement du syst\u00e8me nerveux, Energ\u00e9tique et Mitochondrie, Interactions neurones-glie, M\u00e9tabolisme, Physiologie synaptique, Signalisation, Trafic intracellulaire, Ultrastructure neuronale et morphog\u00e9n\u00e8se, Unit\u00e9 neuro-vasculaire<\/p>\n","protected":false},"author":108,"featured_media":0,"parent":130147,"menu_order":1,"comment_status":"closed","ping_status":"closed","template":"","meta":{"footnotes":""},"tags":[],"class_list":["post-159636","page","type-page","status-publish","hentry"],"_links":{"self":[{"href":"https:\/\/www.bordeaux-neurocampus.fr\/en\/wp-json\/wp\/v2\/pages\/159636","targetHints":{"allow":["GET"]}}],"collection":[{"href":"https:\/\/www.bordeaux-neurocampus.fr\/en\/wp-json\/wp\/v2\/pages"}],"about":[{"href":"https:\/\/www.bordeaux-neurocampus.fr\/en\/wp-json\/wp\/v2\/types\/page"}],"author":[{"embeddable":true,"href":"https:\/\/www.bordeaux-neurocampus.fr\/en\/wp-json\/wp\/v2\/users\/108"}],"replies":[{"embeddable":true,"href":"https:\/\/www.bordeaux-neurocampus.fr\/en\/wp-json\/wp\/v2\/comments?post=159636"}],"version-history":[{"count":5,"href":"https:\/\/www.bordeaux-neurocampus.fr\/en\/wp-json\/wp\/v2\/pages\/159636\/revisions"}],"predecessor-version":[{"id":195178,"href":"https:\/\/www.bordeaux-neurocampus.fr\/en\/wp-json\/wp\/v2\/pages\/159636\/revisions\/195178"}],"up":[{"embeddable":true,"href":"https:\/\/www.bordeaux-neurocampus.fr\/en\/wp-json\/wp\/v2\/pages\/130147"}],"wp:attachment":[{"href":"https:\/\/www.bordeaux-neurocampus.fr\/en\/wp-json\/wp\/v2\/media?parent=159636"}],"wp:term":[{"taxonomy":"post_tag","embeddable":true,"href":"https:\/\/www.bordeaux-neurocampus.fr\/en\/wp-json\/wp\/v2\/tags?post=159636"}],"curies":[{"name":"wp","href":"https:\/\/api.w.org\/{rel}","templated":true}]}}