{"id":154055,"date":"2020-01-08T19:46:54","date_gmt":"2020-01-08T18:46:54","guid":{"rendered":"https:\/\/www.bordeaux-neurocampus.fr\/agenda\/past-seminaries\/2018-2\/"},"modified":"2023-01-04T16:36:19","modified_gmt":"2023-01-04T15:36:19","slug":"2018-2","status":"publish","type":"page","link":"https:\/\/www.bordeaux-neurocampus.fr\/en\/agenda\/past-seminaries\/2018-2\/","title":{"rendered":"Archives des \u00e9v\u00e9nements &#8211; 2018"},"content":{"rendered":"<div class=\"wpb-content-wrapper\"><div class=\"vc_row wpb_row vc_row-fluid\"><div class=\"wpb_column vc_column_container vc_col-sm-12\"><div class=\"vc_column-inner\"><div class=\"wpb_wrapper\">\n\t<div class=\"wpb_text_column wpb_content_element\" >\n\t\t<div class=\"wpb_wrapper\">\n\t\t\t<ul class=\"ecs-event-list\"><li class=\"ecs-event theses-en_ecs_category\"><h4 class=\"entry-title summary\"><a href=\"https:\/\/www.bordeaux-neurocampus.fr\/en\/event\/thesis-defense-geoffrey-terral\/\" rel=\"bookmark\"><span>Thesis defense &#8211; <\/span>Geoffrey Terral<\/a><\/h4><span class=\"duration time\"><span class=\"tribe-event-date-start\">14 December 2018 \/ 13:30<\/span><\/span><p class=\"ecs-excerpt\">Roles of cannabinoid type-1 receptors in the anterior piriform cortex<\/p><\/li><li class=\"ecs-event home-event_ecs_category symposium_ecs_category\"><h4 class=\"entry-title summary\"><a href=\"https:\/\/www.bordeaux-neurocampus.fr\/en\/event\/mini-symposium-olfaction\/\" rel=\"bookmark\">Mini Symposium Olfaction<\/a><\/h4><span class=\"duration time\"><span class=\"tribe-event-date-start\">13 December 2018<\/span><\/span><p class=\"ecs-excerpt\">December 13, 2018 - Institut Magendie<\/p><\/li><li class=\"ecs-event theses-en_ecs_category\"><h4 class=\"entry-title summary\"><a href=\"https:\/\/www.bordeaux-neurocampus.fr\/en\/event\/thesis-defense-zied-oueghlani\/\" rel=\"bookmark\">Thesis defense &#8211; Zied Oueghlani<\/a><\/h4><span class=\"duration time\"><span class=\"tribe-event-date-start\">12 December 2018 \/ 14:00<\/span><\/span><p class=\"ecs-excerpt\">Date et lieu de soutenance: le\u00a012 d\u00e9cembre 2018 \u00e0 l\u2019amphi Broca Nouvelle-Aquitaine, Campus Carreire . Directeur de th\u00e8se : Gr\u00e9gory Barriere,\u00a0(INCIA - UMR5287),\u00a0 \u00e9quipe \"Coordination et Plasticit\u00e9 des G\u00e9n\u00e9rateurs Spinaux\" (CPGs dirig\u00e9e par Dr. Sandrine Bertrand) \u00a0<\/p><\/li><li class=\"ecs-event theses-en_ecs_category\"><h4 class=\"entry-title summary\"><a href=\"https:\/\/www.bordeaux-neurocampus.fr\/en\/event\/thesis-defense-meryl-malezieux\/\" rel=\"bookmark\">Thesis defense &#8211; M\u00e9ryl Malezieux<\/a><\/h4><span class=\"duration time\"><span class=\"tribe-event-date-start\">7 December 2018 \/ 09:30<\/span><\/span><p class=\"ecs-excerpt\">Intracellular dynamics of CA3 pyramidal cells across brain states<\/p><\/li><li class=\"ecs-event theses-en_ecs_category\"><h4 class=\"entry-title summary\"><a href=\"https:\/\/www.bordeaux-neurocampus.fr\/en\/event\/thesis-defense-vernon-garcia-rivas\/\" rel=\"bookmark\"><span>Thesis defense &#8211; <\/span>Vernon Garcia-Rivas<\/a><\/h4><span class=\"duration time\"><span class=\"tribe-event-date-start\">7 December 2018<\/span><\/span><p class=\"ecs-excerpt\">Psychobiological Correlates of Individual Variations in the Control of Nicotine Seeking by Nicotine and Nicotine-Associated Cues<\/p><\/li><li class=\"ecs-event theses-en_ecs_category\"><h4 class=\"entry-title summary\"><a href=\"https:\/\/www.bordeaux-neurocampus.fr\/en\/event\/thesis-defense-mathilde-couraud\/\" rel=\"bookmark\"><span>thesis defense &#8211; <\/span>Mathilde Couraud<\/a><\/h4><span class=\"duration time\"><span class=\"tribe-event-date-start\">7 December 2018 \/ 00:00<\/span><\/span><p class=\"ecs-excerpt\">\u00c9tude du contr\u00f4le sensorimoteur dans un contexte artificiel simplifi\u00e9 en vue d'am\u00e9liorer le contr\u00f4le des proth\u00e8ses myo\u00e9lectriques<\/p><\/li><li class=\"ecs-event for-scientists_ecs_category home-event_ecs_category monthly-conferences_ecs_category\"><h4 class=\"entry-title summary\"><a href=\"https:\/\/www.bordeaux-neurocampus.fr\/en\/event\/monthly-phd-seminar-nora-kerekes\/\" rel=\"bookmark\">Monthly PhD seminar &#8211; Nor\u00e0 Kerekes<\/a><\/h4><span class=\"duration time\"><span class=\"tribe-event-date-start\">7 December 2018 \/ 00:00<\/span><\/span><p class=\"ecs-excerpt\">Mental and somatic health without borders. Cultural protective- and risk-factors in the development of adolescent psychiatric iII-health.<\/p><\/li><\/ul><script type=\"application\/ld+json\">\r\n[{\"@context\":\"http:\/\/schema.org\",\"@type\":\"Event\",\"name\":\"&lt;span&gt;Thesis defense &#8211; &lt;\/span&gt;Geoffrey Terral\",\"description\":\"&lt;p&gt;Roles of cannabinoid type-1 receptors in the anterior piriform cortex&lt;\/p&gt;\\\\n\",\"url\":\"https:\/\/www.bordeaux-neurocampus.fr\/en\/event\/thesis-defense-geoffrey-terral\/\",\"startDate\":\"2018-12-14T13:30:00+01:00\",\"endDate\":\"2018-12-14T13:30:00+01:00\",\"performer\":\"Organization\"},{\"@context\":\"http:\/\/schema.org\",\"@type\":\"Event\",\"name\":\"Mini Symposium Olfaction\",\"description\":\"&lt;p&gt;December 13, 2018 - Institut Magendie&lt;\/p&gt;\\\\n\",\"url\":\"https:\/\/www.bordeaux-neurocampus.fr\/en\/event\/mini-symposium-olfaction\/\",\"startDate\":\"2018-12-13T00:00:00+01:00\",\"endDate\":\"2018-12-13T23:59:59+01:00\",\"performer\":\"Organization\"},{\"@context\":\"http:\/\/schema.org\",\"@type\":\"Event\",\"name\":\"Thesis defense &#8211; Zied Oueghlani\",\"description\":\"&lt;p&gt;Date et lieu de soutenance: le\\u00a012 d\\u00e9cembre 2018 \\u00e0 l\\u2019amphi Broca Nouvelle-Aquitaine, Campus Carreire . Directeur de th\\u00e8se : Gr\\u00e9gory Barriere,\\u00a0(INCIA - UMR5287),\\u00a0 \\u00e9quipe &quot;Coordination et Plasticit\\u00e9 des G\\u00e9n\\u00e9rateurs Spinaux&quot; (CPGs dirig\\u00e9e par Dr. Sandrine Bertrand) \\u00a0&lt;\/p&gt;\\\\n\",\"url\":\"https:\/\/www.bordeaux-neurocampus.fr\/en\/event\/thesis-defense-zied-oueghlani\/\",\"startDate\":\"2018-12-12T14:00:00+01:00\",\"endDate\":\"2018-12-12T14:00:00+01:00\",\"performer\":\"Organization\"},{\"@context\":\"http:\/\/schema.org\",\"@type\":\"Event\",\"name\":\"Thesis defense &#8211; M\\u00e9ryl Malezieux\",\"description\":\"&lt;p&gt;Intracellular dynamics of CA3 pyramidal cells across brain states&lt;\/p&gt;\\\\n\",\"url\":\"https:\/\/www.bordeaux-neurocampus.fr\/en\/event\/thesis-defense-meryl-malezieux\/\",\"startDate\":\"2018-12-07T09:30:00+01:00\",\"endDate\":\"2018-12-07T09:30:00+01:00\",\"performer\":\"Organization\"},{\"@context\":\"http:\/\/schema.org\",\"@type\":\"Event\",\"name\":\"&lt;span&gt;Thesis defense &#8211; &lt;\/span&gt;Vernon Garcia-Rivas\",\"description\":\"&lt;p&gt;Psychobiological Correlates of Individual Variations in the Control of Nicotine Seeking by Nicotine and Nicotine-Associated Cues &lt;\/p&gt;\\\\n\",\"url\":\"https:\/\/www.bordeaux-neurocampus.fr\/en\/event\/thesis-defense-vernon-garcia-rivas\/\",\"startDate\":\"2018-12-07T00:00:00+01:00\",\"endDate\":\"2018-12-07T23:59:59+01:00\",\"performer\":\"Organization\"},{\"@context\":\"http:\/\/schema.org\",\"@type\":\"Event\",\"name\":\"&lt;span&gt;thesis defense &#8211; &lt;\/span&gt;Mathilde Couraud\",\"description\":\"&lt;p&gt;\\u00c9tude du contr\\u00f4le sensorimoteur dans un contexte artificiel simplifi\\u00e9 en vue d\\\\'am\\u00e9liorer le contr\\u00f4le des proth\\u00e8ses myo\\u00e9lectriques&lt;\/p&gt;\\\\n\",\"url\":\"https:\/\/www.bordeaux-neurocampus.fr\/en\/event\/thesis-defense-mathilde-couraud\/\",\"startDate\":\"2018-12-07T00:00:00+01:00\",\"endDate\":\"2018-12-07T00:00:00+01:00\",\"performer\":\"Organization\"},{\"@context\":\"http:\/\/schema.org\",\"@type\":\"Event\",\"name\":\"Monthly PhD seminar &#8211; Nor\\u00e0 Kerekes\",\"description\":\"&lt;p&gt;Mental and somatic health without borders. Cultural protective- and risk-factors in the development of adolescent psychiatric iII-health.&lt;\/p&gt;\\\\n\",\"url\":\"https:\/\/www.bordeaux-neurocampus.fr\/en\/event\/monthly-phd-seminar-nora-kerekes\/\",\"startDate\":\"2018-12-07T00:00:00+01:00\",\"endDate\":\"2018-12-07T00:00:00+01:00\",\"performer\":\"Organization\"}]\r\n<\/script><!--\n Event listing powered by The Events Calendar Shortcode\n https:\/\/eventcalendarnewsletter.com\/the-events-calendar-shortcode\/ \n-->\n\n\t\t<\/div>\n\t<\/div>\n\n\t<div class=\"wpb_text_column wpb_content_element\" >\n\t\t<div class=\"wpb_wrapper\">\n\t\t\t<ul class=\"ecs-event-list\"><li class=\"ecs-event theses-en_ecs_category\"><h4 class=\"entry-title summary\"><a href=\"https:\/\/www.bordeaux-neurocampus.fr\/en\/event\/thesis-defense-laurie-robin\/\" rel=\"bookmark\">Thesis defense &#8211; Laurie Robin<\/a><\/h4><span class=\"duration time\"><span class=\"tribe-event-date-start\">30 November 2018 \/ 13:30<\/span><\/span><p class=\"ecs-excerpt\">Roles of astroglial type 1 cannabinoid receptor (CB1) in memory and synaptic plasticity<\/p><\/li><li class=\"ecs-event home-event_ecs_category seminars_ecs_category\"><h4 class=\"entry-title summary\"><a href=\"https:\/\/www.bordeaux-neurocampus.fr\/en\/event\/seminar-reza-vafabakhsh\/\" rel=\"bookmark\">Seminar &#8211; Reza Vafabakhsh<\/a><\/h4><span class=\"duration time\"><span class=\"tribe-event-date-start\">30 November 2018 \/ 11:30<\/span><\/span><p class=\"ecs-excerpt\">Group leader (Assistant Professor) - Chicago<\/p><\/li><li class=\"ecs-event home-event_ecs_category seminars_ecs_category\"><h4 class=\"entry-title summary\"><a href=\"https:\/\/www.bordeaux-neurocampus.fr\/en\/event\/seminar-maria-ankarcrona\/\" rel=\"bookmark\">Seminar &#8211; Maria Ankarcrona<\/a><\/h4><span class=\"duration time\"><span class=\"tribe-event-date-start\">28 November 2018 \/ 11:30<\/span> - <span class=\"tribe-event-time\">12:30<\/span><\/span><p class=\"ecs-excerpt\">ER-mitochondria interplay in Alzheimer\u2019s disease<\/p><\/li><li class=\"ecs-event home-event_ecs_category seminars_ecs_category\"><h4 class=\"entry-title summary\"><a href=\"https:\/\/www.bordeaux-neurocampus.fr\/en\/event\/seminar-maria-ankarcrona-2\/\" rel=\"bookmark\">Seminar &#8211; Maria Ankarcrona<\/a><\/h4><span class=\"duration time\"><span class=\"tribe-event-date-start\">28 November 2018 \/ 10:30<\/span><\/span><p class=\"ecs-excerpt\">ER-mitochondria interplay in Alzheimer\u2019s disease<\/p><\/li><li class=\"ecs-event seminars_ecs_category\"><h4 class=\"entry-title summary\"><a href=\"https:\/\/www.bordeaux-neurocampus.fr\/en\/event\/seminaire-abel-eraso\/\" rel=\"bookmark\">S\u00e9minaire &#8211; Abel Eraso<\/a><\/h4><span class=\"duration time\"><span class=\"tribe-event-date-start\">27 November 2018 \/ 11:30<\/span><\/span><p class=\"ecs-excerpt\">Adaptive regulation of calcium excitability and energy metabolism by CREB-dependent transcription in astrocytes: study of the mechanisms governing astrocyte plasticity.<\/p><\/li><li class=\"ecs-event\"><h4 class=\"entry-title summary\"><a href=\"https:\/\/www.bordeaux-neurocampus.fr\/en\/event\/thesis-defense-thomas-kerloch\/\" rel=\"bookmark\">Thesis defense &#8211; Thomas Kerloch<\/a><\/h4><span class=\"duration time\"><span class=\"tribe-event-date-start\">26 November 2018<\/span><\/span><p class=\"ecs-excerpt\">Etude du d\u00e9veloppement des neurones granulaires du gyrus dent\u00e9: morphog\u00e9n\u00e8se et r\u00e9gulation par Rnd2<\/p><\/li><li class=\"ecs-event\"><h4 class=\"entry-title summary\"><a href=\"https:\/\/www.bordeaux-neurocampus.fr\/en\/event\/seminar-henning-fenselau\/\" rel=\"bookmark\">Seminar &#8211; Henning Fenselau<\/a><\/h4><span class=\"duration time\"><span class=\"tribe-event-date-start\">16 November 2018 \/ 11:30<\/span> - <span class=\"tribe-event-time\">12:30<\/span><\/span><p class=\"ecs-excerpt\">Mapping connectivity and activity of neurocircuits underlying motivated behavior and metabolism regulation.<\/p><\/li><\/ul><script type=\"application\/ld+json\">\r\n[{\"@context\":\"http:\/\/schema.org\",\"@type\":\"Event\",\"name\":\"Thesis defense &#8211; Laurie Robin\",\"description\":\"&lt;p&gt;Roles of astroglial type 1 cannabinoid receptor (CB1) in memory and synaptic plasticity&lt;\/p&gt;\\\\n\",\"url\":\"https:\/\/www.bordeaux-neurocampus.fr\/en\/event\/thesis-defense-laurie-robin\/\",\"startDate\":\"2018-11-30T13:30:00+01:00\",\"endDate\":\"2018-11-30T13:30:00+01:00\",\"performer\":\"Organization\"},{\"@context\":\"http:\/\/schema.org\",\"@type\":\"Event\",\"name\":\"Seminar &#8211; Reza Vafabakhsh\",\"description\":\"&lt;p&gt;Group leader (Assistant Professor) - Chicago&lt;\/p&gt;\\\\n\",\"url\":\"https:\/\/www.bordeaux-neurocampus.fr\/en\/event\/seminar-reza-vafabakhsh\/\",\"startDate\":\"2018-11-30T11:30:00+01:00\",\"endDate\":\"2018-11-30T11:30:00+01:00\",\"performer\":\"Organization\"},{\"@context\":\"http:\/\/schema.org\",\"@type\":\"Event\",\"name\":\"Seminar &#8211; Maria Ankarcrona\",\"description\":\"&lt;p&gt;ER-mitochondria interplay in Alzheimer\\u2019s disease&lt;\/p&gt;\\\\n\",\"url\":\"https:\/\/www.bordeaux-neurocampus.fr\/en\/event\/seminar-maria-ankarcrona\/\",\"startDate\":\"2018-11-28T11:30:00+01:00\",\"endDate\":\"2018-11-28T12:30:00+01:00\",\"performer\":\"Organization\"},{\"@context\":\"http:\/\/schema.org\",\"@type\":\"Event\",\"name\":\"Seminar &#8211; Maria Ankarcrona\",\"description\":\"&lt;p&gt;ER-mitochondria interplay in Alzheimer\\u2019s disease&lt;\/p&gt;\\\\n\",\"url\":\"https:\/\/www.bordeaux-neurocampus.fr\/en\/event\/seminar-maria-ankarcrona-2\/\",\"startDate\":\"2018-11-28T10:30:00+01:00\",\"endDate\":\"2018-11-28T10:30:00+01:00\",\"location\":{\"@type\":\"Place\",\"name\":\"CGFB\",\"description\":\"\",\"url\":\"\",\"address\":{\"@type\":\"PostalAddress\",\"streetAddress\":\"38 rue Albert Marquet\",\"addressLocality\":\"Bordeaux\",\"postalCode\":\"33000\",\"addressCountry\":\"France\"},\"telephone\":\"\",\"sameAs\":\"\"},\"performer\":\"Organization\"},{\"@context\":\"http:\/\/schema.org\",\"@type\":\"Event\",\"name\":\"S\\u00e9minaire &#8211; Abel Eraso\",\"description\":\"&lt;p&gt;Adaptive regulation of calcium excitability and energy metabolism by CREB-dependent transcription in astrocytes: study of the mechanisms governing astrocyte plasticity.&lt;\/p&gt;\\\\n\",\"url\":\"https:\/\/www.bordeaux-neurocampus.fr\/en\/event\/seminaire-abel-eraso\/\",\"startDate\":\"2018-11-27T11:30:00+01:00\",\"endDate\":\"2018-11-27T11:30:00+01:00\",\"performer\":\"Organization\"},{\"@context\":\"http:\/\/schema.org\",\"@type\":\"Event\",\"name\":\"Thesis defense &#8211; Thomas Kerloch\",\"description\":\"&lt;p&gt;Etude du d\\u00e9veloppement des neurones granulaires du gyrus dent\\u00e9: morphog\\u00e9n\\u00e8se et r\\u00e9gulation par Rnd2&lt;\/p&gt;\\\\n\",\"url\":\"https:\/\/www.bordeaux-neurocampus.fr\/en\/event\/thesis-defense-thomas-kerloch\/\",\"startDate\":\"2018-11-26T00:00:00+01:00\",\"endDate\":\"2018-11-26T23:59:59+01:00\",\"performer\":\"Organization\"},{\"@context\":\"http:\/\/schema.org\",\"@type\":\"Event\",\"name\":\"Seminar &#8211; Henning Fenselau\",\"description\":\"&lt;p&gt;Mapping connectivity and activity of neurocircuits underlying motivated behavior and metabolism regulation.&lt;\/p&gt;\\\\n\",\"url\":\"https:\/\/www.bordeaux-neurocampus.fr\/en\/event\/seminar-henning-fenselau\/\",\"startDate\":\"2018-11-16T11:30:00+01:00\",\"endDate\":\"2018-11-16T12:30:00+01:00\",\"performer\":\"Organization\"}]\r\n<\/script><!--\n Event listing powered by The Events Calendar Shortcode\n https:\/\/eventcalendarnewsletter.com\/the-events-calendar-shortcode\/ \n-->\n\n\t\t<\/div>\n\t<\/div>\n\n\t<div class=\"wpb_text_column wpb_content_element\" >\n\t\t<div class=\"wpb_wrapper\">\n\t\t\t<div class=\"ecs-no-events\">There are no upcoming events.<\/div>\n\n\t\t<\/div>\n\t<\/div>\n\n\t<div class=\"wpb_text_column wpb_content_element\" >\n\t\t<div class=\"wpb_wrapper\">\n\t\t\t<ul class=\"ecs-event-list\"><li class=\"ecs-event seminars_ecs_category\"><h4 class=\"entry-title summary\"><a href=\"https:\/\/www.bordeaux-neurocampus.fr\/en\/event\/seminar-leon-tremblay\/\" rel=\"bookmark\">Seminar &#8211; L\u00e9on Tremblay<\/a><\/h4><span class=\"duration time\"><span class=\"tribe-event-date-start\">21 September 2018 \/ 14:00<\/span> - <span class=\"tribe-event-time\">15:00<\/span><\/span><p class=\"ecs-excerpt\">21 sept. 2018 \u00e0 14:00 (Amphi Broca) L\u00e9on Tremblay Directeur de Recherche, Institute of Cognitive Science Marc Jeannerod, Lyon, France.<\/p><\/li><li class=\"ecs-event for-scientists_ecs_category home-event_ecs_category monthly-conferences_ecs_category\"><h4 class=\"entry-title summary\"><a href=\"https:\/\/www.bordeaux-neurocampus.fr\/en\/event\/phd-seminar-rodrigo-quian-quiroga\/\" rel=\"bookmark\">PhD seminar &#8211; Rodrigo Quian Quiroga<\/a><\/h4><span class=\"duration time\"><span class=\"tribe-event-date-start\">7 September 2018 \/ 11:30<\/span><\/span><p class=\"ecs-excerpt\">Memory formation and long-term coding in the human hippocampus<\/p><\/li><\/ul><script type=\"application\/ld+json\">\r\n[{\"@context\":\"http:\/\/schema.org\",\"@type\":\"Event\",\"name\":\"Seminar &#8211; L\\u00e9on Tremblay\",\"description\":\"&lt;p&gt;21 sept. 2018 \\u00e0 14:00 (Amphi Broca) L\\u00e9on Tremblay Directeur de Recherche, Institute of Cognitive Science Marc Jeannerod, Lyon, France.&lt;\/p&gt;\\\\n\",\"url\":\"https:\/\/www.bordeaux-neurocampus.fr\/en\/event\/seminar-leon-tremblay\/\",\"startDate\":\"2018-09-21T14:00:00+02:00\",\"endDate\":\"2018-09-21T15:00:00+02:00\",\"performer\":\"Organization\"},{\"@context\":\"http:\/\/schema.org\",\"@type\":\"Event\",\"name\":\"PhD seminar &#8211; Rodrigo Quian Quiroga\",\"description\":\"&lt;p&gt;Memory formation and long-term coding in the human hippocampus&lt;\/p&gt;\\\\n\",\"url\":\"https:\/\/www.bordeaux-neurocampus.fr\/en\/event\/phd-seminar-rodrigo-quian-quiroga\/\",\"startDate\":\"2018-09-07T11:30:00+02:00\",\"endDate\":\"2018-09-07T11:30:00+02:00\",\"performer\":\"Organization\"}]\r\n<\/script><!--\n Event listing powered by The Events Calendar Shortcode\n https:\/\/eventcalendarnewsletter.com\/the-events-calendar-shortcode\/ \n-->\n\n\t\t<\/div>\n\t<\/div>\n\n\t<div class=\"wpb_text_column wpb_content_element\" >\n\t\t<div class=\"wpb_wrapper\">\n\t\t\t<div class=\"ecs-no-events\">There are no upcoming events.<\/div>\n\n\t\t<\/div>\n\t<\/div>\n\n\t<div class=\"wpb_text_column wpb_content_element\" >\n\t\t<div class=\"wpb_wrapper\">\n\t\t\t<ul class=\"ecs-event-list\"><li class=\"ecs-event home-event_ecs_category seminars_ecs_category\"><h4 class=\"entry-title summary\"><a href=\"https:\/\/www.bordeaux-neurocampus.fr\/en\/event\/seminar-yasunori-hayashi\/\" rel=\"bookmark\">Seminar &#8211; Yasunori Hayashi<\/a><\/h4><span class=\"duration time\"><span class=\"tribe-event-date-start\">13 July 2018 \/ 11:30<\/span><\/span><p class=\"ecs-excerpt\">The mechanism converting a transient Ca2+-signaling into persistent biochemical signaling during LTP.<\/p><\/li><\/ul><script type=\"application\/ld+json\">\r\n[{\"@context\":\"http:\/\/schema.org\",\"@type\":\"Event\",\"name\":\"Seminar &#8211; Yasunori Hayashi\",\"description\":\"&lt;p&gt;The mechanism converting a transient Ca2+-signaling into persistent biochemical signaling during LTP. &lt;\/p&gt;\\\\n\",\"url\":\"https:\/\/www.bordeaux-neurocampus.fr\/en\/event\/seminar-yasunori-hayashi\/\",\"startDate\":\"2018-07-13T11:30:00+02:00\",\"endDate\":\"2018-07-13T11:30:00+02:00\",\"performer\":\"Organization\"}]\r\n<\/script><!--\n Event listing powered by The Events Calendar Shortcode\n https:\/\/eventcalendarnewsletter.com\/the-events-calendar-shortcode\/ \n-->\n\n\t\t<\/div>\n\t<\/div>\n\n\t<div class=\"wpb_text_column wpb_content_element\" >\n\t\t<div class=\"wpb_wrapper\">\n\t\t\t<div class=\"ecs-no-events\">There are no upcoming events.<\/div>\n\n\t\t<\/div>\n\t<\/div>\n\n\t<div class=\"wpb_text_column wpb_content_element\" >\n\t\t<div class=\"wpb_wrapper\">\n\t\t\t<div class=\"ecs-no-events\">There are no upcoming events.<\/div>\n\n\t\t<\/div>\n\t<\/div>\n\n\t<div class=\"wpb_text_column wpb_content_element\" >\n\t\t<div class=\"wpb_wrapper\">\n\t\t\t<div class=\"ecs-no-events\">There are no upcoming events.<\/div>\n\n\t\t<\/div>\n\t<\/div>\n\n\t<div class=\"wpb_text_column wpb_content_element\" >\n\t\t<div class=\"wpb_wrapper\">\n\t\t\t<ul class=\"ecs-event-list\"><li class=\"ecs-event theses-en_ecs_category\"><h4 class=\"entry-title summary\"><a href=\"https:\/\/www.bordeaux-neurocampus.fr\/en\/event\/these-dikram-chraibi-kaadoud\/\" rel=\"bookmark\">Th\u00e8se d&#8217;Ikram CHRAIBI KAADOUD<\/a><\/h4><span class=\"duration time\"><span class=\"tribe-event-date-start\">2 March 2018 \/ 14:00<\/span><\/span><p class=\"ecs-excerpt\">Apprentissage de s\u00e9quences et extraction de r\u00e8gles de r\u00e9seaux r\u00e9currents : application au tra\u00e7age de sch\u00e9mas techniques.<\/p><\/li><\/ul><script type=\"application\/ld+json\">\r\n[{\"@context\":\"http:\/\/schema.org\",\"@type\":\"Event\",\"name\":\"Th\\u00e8se d&#8217;Ikram CHRAIBI KAADOUD\",\"description\":\"&lt;p&gt;Apprentissage de s\\u00e9quences et extraction de r\\u00e8gles de r\\u00e9seaux r\\u00e9currents : application au tra\\u00e7age de sch\\u00e9mas techniques.&lt;\/p&gt;\\\\n\",\"url\":\"https:\/\/www.bordeaux-neurocampus.fr\/en\/event\/these-dikram-chraibi-kaadoud\/\",\"startDate\":\"2018-03-02T14:00:00+01:00\",\"endDate\":\"2018-03-02T14:00:00+01:00\",\"performer\":\"Organization\"}]\r\n<\/script><!--\n Event listing powered by The Events Calendar Shortcode\n https:\/\/eventcalendarnewsletter.com\/the-events-calendar-shortcode\/ \n-->\n\n\t\t<\/div>\n\t<\/div>\n\n\t<div class=\"wpb_text_column wpb_content_element\" >\n\t\t<div class=\"wpb_wrapper\">\n\t\t\t<div class=\"ecs-no-events\">There are no upcoming events.<\/div>\n\n\t\t<\/div>\n\t<\/div>\n\n\t<div class=\"wpb_text_column wpb_content_element\" >\n\t\t<div class=\"wpb_wrapper\">\n\t\t\t<ul class=\"ecs-event-list\"><li class=\"ecs-event\"><h4 class=\"entry-title summary\"><a href=\"https:\/\/www.bordeaux-neurocampus.fr\/en\/event\/phd-seminar-stephane-vassilopoulos\/\" rel=\"bookmark\">PHD seminar &#8211; St\u00e9phane Vassilopoulos<\/a><\/h4><span class=\"duration time\"><span class=\"tribe-event-date-start\">14 January 2018 \/ 11:30<\/span> - <span class=\"tribe-event-time\">12:30<\/span><\/span><p class=\"ecs-excerpt\">Invitant : David Perrais<\/p><\/li><\/ul><script type=\"application\/ld+json\">\r\n[{\"@context\":\"http:\/\/schema.org\",\"@type\":\"Event\",\"name\":\"PHD seminar &#8211; St\\u00e9phane Vassilopoulos\",\"description\":\"&lt;p&gt;Invitant : David Perrais&lt;\/p&gt;\\\\n\",\"url\":\"https:\/\/www.bordeaux-neurocampus.fr\/en\/event\/phd-seminar-stephane-vassilopoulos\/\",\"startDate\":\"2018-01-14T11:30:00+01:00\",\"endDate\":\"2018-01-14T12:30:00+01:00\",\"performer\":\"Organization\"}]\r\n<\/script><!--\n Event listing powered by The Events Calendar Shortcode\n https:\/\/eventcalendarnewsletter.com\/the-events-calendar-shortcode\/ \n-->\n\n\t\t<\/div>\n\t<\/div>\n<\/div><\/div><\/div><\/div>\n<\/div>","protected":false},"excerpt":{"rendered":"[vc_row][vc_column] [vc_column_text] 2018 [\/vc_column_text][vc_column_text][\/vc_column_text][vc_column_text][\/vc_column_text][vc_column_text][\/vc_column_text][vc_column_text][\/vc_column_text][vc_column_text][\/vc_column_text][vc_column_text][\/vc_column_text][vc_column_text][\/vc_column_text][vc_column_text][\/vc_column_text][vc_column_text][\/vc_column_text][vc_column_text][\/vc_column_text][vc_column_text][\/vc_column_text][vc_column_text][\/vc_column_text][\/vc_column][\/vc_row]\n","protected":false},"author":108,"featured_media":0,"parent":61941,"menu_order":100,"comment_status":"closed","ping_status":"closed","template":"","meta":{"footnotes":""},"tags":[],"class_list":["post-154055","page","type-page","status-publish","hentry"],"_links":{"self":[{"href":"https:\/\/www.bordeaux-neurocampus.fr\/en\/wp-json\/wp\/v2\/pages\/154055","targetHints":{"allow":["GET"]}}],"collection":[{"href":"https:\/\/www.bordeaux-neurocampus.fr\/en\/wp-json\/wp\/v2\/pages"}],"about":[{"href":"https:\/\/www.bordeaux-neurocampus.fr\/en\/wp-json\/wp\/v2\/types\/page"}],"author":[{"embeddable":true,"href":"https:\/\/www.bordeaux-neurocampus.fr\/en\/wp-json\/wp\/v2\/users\/108"}],"replies":[{"embeddable":true,"href":"https:\/\/www.bordeaux-neurocampus.fr\/en\/wp-json\/wp\/v2\/comments?post=154055"}],"version-history":[{"count":1,"href":"https:\/\/www.bordeaux-neurocampus.fr\/en\/wp-json\/wp\/v2\/pages\/154055\/revisions"}],"predecessor-version":[{"id":154057,"href":"https:\/\/www.bordeaux-neurocampus.fr\/en\/wp-json\/wp\/v2\/pages\/154055\/revisions\/154057"}],"up":[{"embeddable":true,"href":"https:\/\/www.bordeaux-neurocampus.fr\/en\/wp-json\/wp\/v2\/pages\/61941"}],"wp:attachment":[{"href":"https:\/\/www.bordeaux-neurocampus.fr\/en\/wp-json\/wp\/v2\/media?parent=154055"}],"wp:term":[{"taxonomy":"post_tag","embeddable":true,"href":"https:\/\/www.bordeaux-neurocampus.fr\/en\/wp-json\/wp\/v2\/tags?post=154055"}],"curies":[{"name":"wp","href":"https:\/\/api.w.org\/{rel}","templated":true}]}}