{"id":151841,"date":"2022-11-03T13:12:03","date_gmt":"2022-11-03T12:12:03","guid":{"rendered":"https:\/\/www.bordeaux-neurocampus.fr\/ressources-neurocampus\/comite-parite\/"},"modified":"2026-01-16T12:11:45","modified_gmt":"2026-01-16T11:11:45","slug":"parity-committee","status":"publish","type":"page","link":"https:\/\/www.bordeaux-neurocampus.fr\/en\/resources-neurocampus\/parity-committee\/","title":{"rendered":"Parity committee"},"content":{"rendered":"<div class=\"wpb-content-wrapper\"><p>[vc_row][vc_column][vc_column_text]The richness that can be drawn from the diversity of sexes, genders, cultures and opinions is essential to the diversity of ideas and scientific progress. In this context, gender inequality emerges from the perpetuation of implicit biases and gender stereotypes that shape how we behave, our ability to recognise unequal treatment and the willingness of disadvantaged individuals to speak up.<\/p>\n<p>The situation at Bordeaux Neurocampus is no different. We have created a Neurocampus Parity Committee (NPC) to promote equality and combat insidious gender biases.<\/p>\n<p><strong><em><span style=\"color: #ff0000;\">Read all of our latest news here: <a style=\"color: #ff0000;\" href=\"https:\/\/www.bordeaux-neurocampus.fr\/en\/category\/parite-en\/\">https:\/\/www.bordeaux-neurocampus.fr\/en\/category\/parite-en\/<\/a><\/span><\/em><\/strong>[\/vc_column_text][\/vc_column][\/vc_row][vc_row][vc_column width=&#8221;1\/2&#8243;][vc_column_text css=&#8221;.vc_custom_1768561903579{background-position: center !important;background-repeat: no-repeat !important;background-size: cover !important;}&#8221;]<\/p>\n<h2><strong>Our plan of action 2022-2026<br \/>\n<\/strong><\/h2>\n<p><em>2022 &#8211;<\/em> Data collection and analyses<br \/>\n. march-june: 1st survey<br \/>\n. november: presentation of the survey results<br \/>\n<em>2023 &#8211;<\/em> Publication of a <a href=\"https:\/\/www.bordeaux-neurocampus.fr\/en\/results-of-2022-gender-equality-survey\/\">statistical report<\/a> including recommendations for improvement<br \/>\n<em>2024 &#8211;<\/em> Implementation of the changes<br \/>\n<em>2025 &#8211;<\/em> Data collection and analyses<br \/>\n<em>2026 &#8211;<\/em> Redaction of a statistical report demonstrating the changes and including recommendations for the next steps to take<\/p>\n<p><em>This plan of action is based on the work led by the XX Initiative at the Institut du Cerveau (ICM, Paris) and published in <a href=\"https:\/\/www.nature.com\/articles\/s41562-019-0755-7\" target=\"_blank\" rel=\"noopener\">Schreiweis et al., Nat Human Behav, 2019<\/a><\/em><\/p>\n<h2><strong>Tools and Resources<br \/>\n<\/strong><\/h2>\n<ul>\n<li>Selected bookmarks<br \/>\n<a href=\"https:\/\/raindrop.io\/GER-Bookmarks\" target=\"_blank\" rel=\"nofollow noopener noreferrer\">https:\/\/raindrop.io\/GER-Bookmarks<\/a><\/li>\n<li>ATHENA Toolkit<br \/>\n<a href=\"https:\/\/gender-equality.eu\/athena-toolkit\/\" target=\"_blank\" rel=\"nofollow noopener noreferrer\">https:\/\/gender-equality.eu\/athena-toolkit\/<\/a><\/li>\n<li>ALBA resources<br \/>\n<a href=\"https:\/\/www.alba.network\/resources\" target=\"_blank\" rel=\"nofollow noopener noreferrer\">https:\/\/www.alba.network\/resources<\/a><\/li>\n<\/ul>\n<h2><strong>NPC members<br \/>\n<\/strong><\/h2>\n<p>Coordinator: Anna Beyeler<\/p>\n<p>Responsable : Anna Beyeler<\/p>\n<p><em>IINS<\/em> : Olga Barba, Dominique Fernandes, Attlia Ignacz, Fr\u00e9d\u00e9ric Lanore<br \/>\n<em>IMN<\/em> : Am\u00e9lie Aussel, Thomas Boraud, Elba Molpeceres, Milesa Simic, Laure Zago, Anna Clara Le Bastard, Agn\u00e8s Nadjar<br \/>\n<em>INCIA<\/em> : Savannah Hardion, Catherine Le Moine, Shauna Parkes<br \/>\n<em>Neurocentre Magendie<\/em> : Anna Beyeler<br \/>\n<em>NutriNeuro<\/em> : Marie-Pierre Moisan<br \/>\n<em>SANPSY<\/em> : Jacques Taillard<br \/>\n<em>NBA<br \/>\n<\/em>\u00ad<em>Bordeaux Neurocampus<\/em> : J\u00e9r\u00f4me Baufreton, Arnaud Rodriguez<\/p>\n<p>&nbsp;<\/p>\n<p>\u00ad<\/p>\n<p><strong>Contact us<\/strong><br \/>\n\u2709\ufe0f <a href=\"mailto:comiteparite.neurocampus@u-bordeaux.fr\">comiteparite.neurocampus@u-bordeaux.fr<\/a>[\/vc_column_text][vc_column_text][\/vc_column_text][\/vc_column][vc_column width=&#8221;1\/2&#8243;][vc_column_text]<\/p>\n<h2><strong>Gender equity in our networks<\/strong><\/h2>\n<ul>\n<li style=\"list-style-type: none;\">\n<ul>\n<li style=\"list-style-type: none;\">\n<ul>\n<li>RESET (University of Bordeaux)<br \/>\nA consortium of European universities, the Rethinking Equality and Scientific Excellence (RESET) project, aims to place gender equality and diversity at the heart of science and university policy-making.<br \/>\n<a href=\"https:\/\/wereset.eu\/\" target=\"_blank\" rel=\"nofollow noopener noreferrer\">https:\/\/wereset.eu\/<\/a><\/li>\n<li>CNRS<br \/>\nThe CNRS Mission for the Advancement of Women celebrated its 20th anniversary on January 11, 2022. While parity has progressed over this period, the new action plan for equality 2021-2023 is a new stage in this commitment and intends to go further.<br \/>\n<a href=\"https:\/\/mpdf.cnrs.fr\/\" target=\"_blank\" rel=\"nofollow noopener noreferrer\">https:\/\/www.cnrs.fr\/fr\/cnrsinfo\/20-ans-dengagement-pour-legalite-professionnelle-au-cnrs<\/a><\/li>\n<li>INSERM<br \/>\nTo fight professional inequalities, Inserm has appointed gender equality coordinators within the regional delegations. The objective of this dynamic and committed network is to relay campaigns; to propose actions; to lead reflection; to monitor the progress of the structure with regard to parity.<br \/>\n<a href=\"https:\/\/pro.inserm.fr\/rubriques\/linstitut\/parite-et-egalite-professionnelle\/parite-et-egalite-professionnelle-a-l-inserm\" target=\"_blank\" rel=\"noopener\">https:\/\/pro.inserm.fr\/rubriques\/linstitut\/parite-et-egalite-professionnelle\/parite-et-egalite-professionnelle-a-l-inserm<\/a><\/li>\n<li>INRIA<br \/>\nThe Committee on Gender Equality and Equal Opportunities was created by the Inria CEO on January 19th, 2015. This committee ensures that the gender and equal opportunities dimensions are taken into account in all of Inria activities, in accordance with the Act of July 22 2013 and with the Agreement on professional equality between men and women in the public service.<br \/>\n<a href=\"https:\/\/parite.inria.fr\/en\/\" target=\"_blank\" rel=\"noopener\">https:\/\/parite.inria.fr\/en\/<\/a><\/li>\n<li>ALBA network<br \/>\nALBA represents a global diverse network of individual neuroscientists who are involved in research, education, communication and advocacy, and are committed to diversity, equity and inclusion.<br \/>\nYou can join the network for free.<span id=\"OBJ_PREFIX_DWT888_com_zimbra_url\" class=\"Object\" role=\"link\"><span id=\"OBJ_PREFIX_DWT962_com_zimbra_url\" class=\"Object\" role=\"link\"> <a href=\"https:\/\/www.alba.network\/\" target=\"_blank\" rel=\"nofollow noopener noreferrer\">https:\/\/www.alba.network\/<\/a><\/span><\/span><\/li>\n<\/ul>\n<\/li>\n<\/ul>\n<\/li>\n<\/ul>\n<p>[\/vc_column_text][vc_column_text][\/vc_column_text][\/vc_column][\/vc_row][vc_row][vc_column][vc_column_text css=&#8221;.vc_custom_1667831714995{padding-top: 15px !important;padding-right: 5px !important;padding-bottom: 15px !important;padding-left: 25px !important;background-color: #d0eaa8 !important;}&#8221;]<\/p>\n<h2 style=\"text-align: center;\"><b>Monitoring units<br \/>\n<\/b><\/h2>\n<p style=\"text-align: center;\">For victims\/witnesses of harassment, violence, insults or discriminatory behaviors<\/p>\n<p><b>University of Bordeaux<br \/>\n<\/b>Gender, equality and diversity officer: Yamina Meziani<br \/>\n<b>\ud83c\udf10 <\/b><a href=\"https:\/\/personnels.u-bordeaux.fr\/Metiers\/Harcelement-et-violences2\" target=\"_blank\" rel=\"noopener\">https:\/\/personnels.u-bordeaux.fr\/Metiers\/Harcelement-et-violences2<\/a><br \/>\n<b>\u2709\ufe0f <\/b>Students: celluledeveille.etudiant@u-bordeaux.fr<br \/>\n<b>\u2709\ufe0f <\/b>Staff: celluledeveille.personnel@u-bordeaux.fr<\/p>\n<p><b>CNRS<br \/>\n<\/b><b>\ud83c\udf10 <\/b><a href=\"https:\/\/mpdf.cnrs.fr\/lutte-contre-le-harcelement\/procedure-cnrs\/\" target=\"_blank\" rel=\"noopener\">https:\/\/mpdf.cnrs.fr\/lutte-contre-le-harcelement\/procedure-cnrs\/<\/a><br \/>\n\u260f 01 80 52 33 77<br \/>\n<b>\u2709\ufe0f <\/b>cnrs@france-victimes.fr \/ signalement@cnrs.fr<\/p>\n<p><b>INSERM<br \/>\n<\/b><b>\ud83c\udf10 <\/b><a href=\"https:\/\/pro.inserm.fr\/rubriques\/ressources-humaines\/protection-contre-les-violences\/comment-faire-un-signalement\" target=\"_blank\" rel=\"noopener\">https:\/\/pro.inserm.fr\/rubriques\/ressources-humaines\/protection-contre-les-violences\/comment-faire-un-signalement<\/a><br \/>\n<b>\u2709\ufe0f <\/b>signalement@inserm.fr[\/vc_column_text][\/vc_column][\/vc_row]<\/p>\n<\/div>","protected":false},"excerpt":{"rendered":"<p>Promouvoir la parit\u00e9 et combattre les pr\u00e9jug\u00e9s sexistes insidieux.<\/p>\n","protected":false},"author":108,"featured_media":0,"parent":18738,"menu_order":30,"comment_status":"closed","ping_status":"closed","template":"","meta":{"footnotes":""},"tags":[],"class_list":["post-151841","page","type-page","status-publish","hentry"],"_links":{"self":[{"href":"https:\/\/www.bordeaux-neurocampus.fr\/en\/wp-json\/wp\/v2\/pages\/151841","targetHints":{"allow":["GET"]}}],"collection":[{"href":"https:\/\/www.bordeaux-neurocampus.fr\/en\/wp-json\/wp\/v2\/pages"}],"about":[{"href":"https:\/\/www.bordeaux-neurocampus.fr\/en\/wp-json\/wp\/v2\/types\/page"}],"author":[{"embeddable":true,"href":"https:\/\/www.bordeaux-neurocampus.fr\/en\/wp-json\/wp\/v2\/users\/108"}],"replies":[{"embeddable":true,"href":"https:\/\/www.bordeaux-neurocampus.fr\/en\/wp-json\/wp\/v2\/comments?post=151841"}],"version-history":[{"count":24,"href":"https:\/\/www.bordeaux-neurocampus.fr\/en\/wp-json\/wp\/v2\/pages\/151841\/revisions"}],"predecessor-version":[{"id":191474,"href":"https:\/\/www.bordeaux-neurocampus.fr\/en\/wp-json\/wp\/v2\/pages\/151841\/revisions\/191474"}],"up":[{"embeddable":true,"href":"https:\/\/www.bordeaux-neurocampus.fr\/en\/wp-json\/wp\/v2\/pages\/18738"}],"wp:attachment":[{"href":"https:\/\/www.bordeaux-neurocampus.fr\/en\/wp-json\/wp\/v2\/media?parent=151841"}],"wp:term":[{"taxonomy":"post_tag","embeddable":true,"href":"https:\/\/www.bordeaux-neurocampus.fr\/en\/wp-json\/wp\/v2\/tags?post=151841"}],"curies":[{"name":"wp","href":"https:\/\/api.w.org\/{rel}","templated":true}]}}