{"id":131937,"date":"2021-01-25T11:48:23","date_gmt":"2021-01-25T10:48:23","guid":{"rendered":"https:\/\/www.bordeaux-neurocampus.fr\/?page_id=131937"},"modified":"2025-06-20T19:20:47","modified_gmt":"2025-06-20T17:20:47","slug":"labcoms","status":"publish","type":"page","link":"https:\/\/www.bordeaux-neurocampus.fr\/en\/research\/innovation\/labcoms\/","title":{"rendered":"Labcoms"},"content":{"rendered":"<p>Le dispositif de laboratoires communs &#8220;LabCom&#8221; associe \u00e9quipes ou plateformes de recherche \u00e0 des entreprises.<\/p>\n<h3>SeaMind<\/h3>\n<p>&#8230;<\/p>\n<h3>Cell-organizers<\/h3>\n<p>Confront\u00e9s aux m\u00eames probl\u00e9matiques pour leurs travaux de recherche acad\u00e9miques ou leurs clients, l\u2019Institut interdisciplinaire de neurosciences (IINS, CNRS\/universit\u00e9 de Bordeaux) et la soci\u00e9t\u00e9 Alv\u00e9ole* \u00a0ont d\u00e9cid\u00e9 de s\u2019associer en cr\u00e9ant un Laboratoire commun. Intitul\u00e9 \u00ab Cell Organ-izers \u00bb, il aura pour objectif d\u2019alimenter un v\u00e9ritable partenariat de recherche, susceptible d\u2019avoir un effet levier \u00e0 la fois en termes de production scientifique et d\u2019innovation.<\/p>\n<p><a href=\"https:\/\/www.bordeaux-neurocampus.fr\/en\/staff\/vincent-studer\/\">Contact : Vincent Studer, chef d&#8217;\u00e9quipe \u00e0 l&#8217;IINS<\/a><\/p>\n<p><a href=\"https:\/\/www.bordeaux-neurocampus.fr\/iins-et-alveole-laboratoire-commun-cell-organ-izers\/\">En savoir plus sur Cell-Organizers<\/a><\/p>\n<h3>MEEGASAFE<\/h3>\n<p>La plateforme GENPPHAASS et l\u2019entreprise Physip s\u2019associent pour un projet sur la somnolence et ont obtenu le soutien financier de l\u2019Agence nationale de la recherche via le dispositif de laboratoires communs LabCom.<\/p>\n<p><strong><span class=\"caps\">Contact : Jacques Taillard, <\/span><\/strong>Ing\u00e9nieur de recherche au laboratoire SANPSY<\/p>\n<p><a href=\"https:\/\/www.u-bordeaux.fr\/Actualites\/De-la-recherche\/Un-LabCom-pour-mieux-comprendre-la-somnolence\">En savoir plus de MEEGASAFE<\/a><\/p>\n<hr \/>\n<h2>A propos du Programme LabCom de l&#8217;ANR<\/h2>\n<p>L\u2019objet de ce programme est d\u2019inciter les acteurs de la recherche acad\u00e9mique \u00e0 cr\u00e9er des partenariats structur\u00e9s \u00e0 travers la co-construction de \u00ab Laboratoires Communs \u00bb entre une PME ou une ETI et un laboratoire d\u2019organisme de recherche. Un Laboratoire Commun est d\u00e9fini par la signature d\u2019un contrat d\u00e9finissant son fonctionnement, et notamment :<\/p>\n<ul>\n<li>une gouvernance commune,<\/li>\n<li>une feuille de route de recherche et d\u2019innovation,<\/li>\n<li>des moyens de travail permettant d\u2019op\u00e9rer en commun la feuille de route,<\/li>\n<li>une strat\u00e9gie visant \u00e0 assurer la valorisation par l\u2019entreprise du travail partenarial.<\/li>\n<\/ul>\n","protected":false},"excerpt":{"rendered":"<p>Le dispositif de laboratoires communs &#8220;LabCom&#8221; associe \u00e9quipes ou plateformes de recherche \u00e0 des entreprises. <\/p>\n","protected":false},"author":108,"featured_media":0,"parent":19037,"menu_order":0,"comment_status":"closed","ping_status":"closed","template":"","meta":{"footnotes":""},"tags":[],"class_list":["post-131937","page","type-page","status-publish","hentry"],"_links":{"self":[{"href":"https:\/\/www.bordeaux-neurocampus.fr\/en\/wp-json\/wp\/v2\/pages\/131937","targetHints":{"allow":["GET"]}}],"collection":[{"href":"https:\/\/www.bordeaux-neurocampus.fr\/en\/wp-json\/wp\/v2\/pages"}],"about":[{"href":"https:\/\/www.bordeaux-neurocampus.fr\/en\/wp-json\/wp\/v2\/types\/page"}],"author":[{"embeddable":true,"href":"https:\/\/www.bordeaux-neurocampus.fr\/en\/wp-json\/wp\/v2\/users\/108"}],"replies":[{"embeddable":true,"href":"https:\/\/www.bordeaux-neurocampus.fr\/en\/wp-json\/wp\/v2\/comments?post=131937"}],"version-history":[{"count":1,"href":"https:\/\/www.bordeaux-neurocampus.fr\/en\/wp-json\/wp\/v2\/pages\/131937\/revisions"}],"predecessor-version":[{"id":185103,"href":"https:\/\/www.bordeaux-neurocampus.fr\/en\/wp-json\/wp\/v2\/pages\/131937\/revisions\/185103"}],"up":[{"embeddable":true,"href":"https:\/\/www.bordeaux-neurocampus.fr\/en\/wp-json\/wp\/v2\/pages\/19037"}],"wp:attachment":[{"href":"https:\/\/www.bordeaux-neurocampus.fr\/en\/wp-json\/wp\/v2\/media?parent=131937"}],"wp:term":[{"taxonomy":"post_tag","embeddable":true,"href":"https:\/\/www.bordeaux-neurocampus.fr\/en\/wp-json\/wp\/v2\/tags?post=131937"}],"curies":[{"name":"wp","href":"https:\/\/api.w.org\/{rel}","templated":true}]}}