{"id":131924,"date":"2021-03-02T16:52:39","date_gmt":"2021-03-02T15:52:39","guid":{"rendered":"https:\/\/www.bordeaux-neurocampus.fr\/research\/soutien-recherche-bordeaux-neurocampus\/"},"modified":"2021-03-10T16:29:52","modified_gmt":"2021-03-10T15:29:52","slug":"neurocampus-calls","status":"publish","type":"page","link":"https:\/\/www.bordeaux-neurocampus.fr\/en\/research\/neurocampus-calls\/","title":{"rendered":"Bordeaux Neurocampus calls for proposals"},"content":{"rendered":"<p>The Bordeaux Neurocampus department provides financial support to the neuroscience community for :<br \/>\n&#8211; seed projects ;<br \/>\n&#8211; purchase of equipment for the platforms;<br \/>\n&#8211; organization of scientific seminars and an international conference.<\/p>\n<p>It also supports the excellence of students&#8217; works with :<br \/>\n&#8211; internship gratifications by the &#8220;Maison du Cerveau&#8221; ;<br \/>\n&#8211; the &#8220;PhD awards<\/p>\n<h3>News<\/h3>\n\n\n\n<div id=\"wpv-view-layout-131831\" class=\"js-wpv-view-layout js-wpv-layout-responsive js-wpv-view-layout-131831\" data-viewnumber=\"131831\" data-pagination=\"{&quot;id&quot;:131831,&quot;query&quot;:&quot;normal&quot;,&quot;type&quot;:&quot;disabled&quot;,&quot;effect&quot;:&quot;fade&quot;,&quot;duration&quot;:500,&quot;speed&quot;:5,&quot;pause_on_hover&quot;:&quot;disabled&quot;,&quot;stop_rollover&quot;:&quot;false&quot;,&quot;cache_pages&quot;:&quot;enabled&quot;,&quot;preload_images&quot;:&quot;enabled&quot;,&quot;preload_pages&quot;:&quot;enabled&quot;,&quot;preload_reach&quot;:1,&quot;spinner&quot;:&quot;builtin&quot;,&quot;spinner_image&quot;:&quot;https:\/\/www.bordeaux-neurocampus.fr\/wp-content\/plugins\/wp-views\/embedded\/res\/img\/ajax-loader.gif&quot;,&quot;callback_next&quot;:&quot;&quot;,&quot;manage_history&quot;:&quot;enabled&quot;,&quot;has_controls_in_form&quot;:&quot;disabled&quot;,&quot;infinite_tolerance&quot;:&quot;0&quot;,&quot;max_pages&quot;:1,&quot;page&quot;:1,&quot;base_permalink&quot;:&quot;\/en\/wp-json\/wp\/v2\/pages\/131924?wpv_view_count=131831&amp;wpv_paged=WPV_PAGE_NUM&quot;,&quot;loop&quot;:{&quot;type&quot;:&quot;&quot;,&quot;name&quot;:&quot;&quot;,&quot;data&quot;:[],&quot;id&quot;:0}}\" data-permalink=\"\/en\/wp-json\/wp\/v2\/pages\/131924?wpv_view_count=131831\">\n\n\t\n\t\n<div class=\"aapn-home\">\n\t\t      \n         <p><strong><a href=\"https:\/\/www.bordeaux-neurocampus.fr\/en\/master-2-internship-grants\/\">Master 2 Internship Grants<\/a><\/strong><br\/><small>Date : 3 April 2026<\/small><br\/>\n           Submission deadline: April 19 at 2pm\n          <\/p>\n             \n\t\t      \n         <p><strong><a href=\"https:\/\/www.bordeaux-neurocampus.fr\/en\/gpr-brain_2030-call-phd-extension-grant-2026\/\">GPR BRAIN_2030 call &#8211; PhD Extension Grant 2026<\/a><\/strong><br\/><small>Date : 4 March 2026<\/small><br\/>\n           Deadline for application: April 1st \u2013 11:00 am\n          <\/p>\n             \n\t\t      \n         <p><strong><a href=\"https:\/\/www.bordeaux-neurocampus.fr\/en\/laureates-of-the-2026-travel-grants-call\/\">Laureates of the 2026 &#8220;Travel Grants&#8221; call<\/a><\/strong><br\/><small>Date : 28 February 2026<\/small><br\/>\n           11 bourses ont \u00e9t\u00e9 attribu\u00e9es\n          <\/p>\n             \n\t\t      \n         <p><strong><a href=\"https:\/\/www.bordeaux-neurocampus.fr\/en\/ourania-semelidou-wins-the-2026-marian-diamond-prize\/\">Ourania Semelidou wins the 2026 Marian Diamond Prize<\/a><\/strong><br\/><small>Date : 6 February 2026<\/small><br\/>\n           in recognition of her research work and her involvement in the scientific community.\n          <\/p>\n             \n\t\t      \n         <p><strong><a href=\"https:\/\/www.bordeaux-neurocampus.fr\/en\/bordeaux-neurocampus-calls-for-proposals\/\">Bordeaux Neurocampus calls for proposals<\/a><\/strong><br\/><small>Date : 14 January 2026<\/small><br\/>\n           to support scientific excellence, career development, and community-led initiatives\n          <\/p>\n             \n\t\t      \n         <p><strong><a href=\"https:\/\/www.bordeaux-neurocampus.fr\/en\/neurocampus-call-for-proposal-symposiums-conferences-2026\/\">Neurocampus Call for proposal &#8211; Symposiums &#038; Conferences 2026<\/a><\/strong><br\/><small>Date : 15 December 2025<\/small><br\/>\n           Deadline for application: Tuesday 20 January\n          <\/p>\n             \n\t\t      \n         <p><strong><a href=\"https:\/\/www.bordeaux-neurocampus.fr\/en\/neurocampus-call-for-proposal-seed-projects-2026\/\">Neurocampus Call for proposal &#8211; Seed Projects 2026<\/a><\/strong><br\/><small>Date : 15 December 2025<\/small><br\/>\n           Deadline for application: Tuesday 20 January\n          <\/p>\n             \n\t\t      \n         <p><strong><a href=\"https:\/\/www.bordeaux-neurocampus.fr\/en\/marian-diamond-prize-2026\/\">Marian Diamond Prize 2026<\/a><\/strong><br\/><small>Date : 15 December 2025<\/small><br\/>\n           Deadline for application: Tuesday 20 January\n          <\/p>\n             \n\t\t      \n         <p><strong><a href=\"https:\/\/www.bordeaux-neurocampus.fr\/en\/neurocampus-call-for-proposal-travel-grants-2026\/\">Neurocampus Call for proposal &#8211; Travel Grants 2026<\/a><\/strong><br\/><small>Date : 15 December 2025<\/small><br\/>\n           Deadline for application: Tuesday 20 January\n          <\/p>\n             \n\t\t      \n         <p><strong><a href=\"https:\/\/www.bordeaux-neurocampus.fr\/en\/neurocampus-call-for-proposals-societal-and-environmental-transitions-2026\/\">Neurocampus call for proposals &#8211; Societal and environmental transitions 2026<\/a><\/strong><br\/><small>Date : 15 December 2025<\/small><br\/>\n           There is no application deadline; proposals are reviewed on a rolling basis.\n          <\/p>\n             \n\t\t      \n         <p><strong><a href=\"https:\/\/www.bordeaux-neurocampus.fr\/en\/laureats-de-laap-travel-grants-2025\/\">Laur\u00e9ats de l&#8217;AAP &#8220;Travel Grants&#8221; 2025<\/a><\/strong><br\/><small>Date : 17 July 2025<\/small><br\/>\n           13 bourses ont \u00e9t\u00e9 attribu\u00e9es\n          <\/p>\n             \n\t\t      \n         <p><strong><a href=\"https:\/\/www.bordeaux-neurocampus.fr\/en\/laureats-de-laap-developpement-de-carriere\/\">Laur\u00e9ats de l&#8217;AAP &#8220;D\u00e9veloppement de carri\u00e8re&#8221;<\/a><\/strong><br\/><small>Date : 17 July 2025<\/small><br\/>\n           9 bourses ont \u00e9t\u00e9 attribu\u00e9es\n          <\/p>\n             \n\t\t      \n         <p><strong><a href=\"https:\/\/www.bordeaux-neurocampus.fr\/en\/laureat-e-s-des-bourses-maison-du-cerveau-jean-bernard-proux-2025\/\">Laureates of the Maison du Cerveau &#8211; Jean Bernard Proux award 2025<\/a><\/strong><br\/><small>Date : 7 July 2025<\/small><br\/>\n           Congratulations to Louise Boury, Raffy Ca\u00f1eda et Clara Haristoy\n          <\/p>\n             \n\t\t      \n         <p><strong><a href=\"https:\/\/www.bordeaux-neurocampus.fr\/en\/laureates-2025-of-gpr-brain_2030-extension-grants\/\">Laureates 2025 of GPR BRAIN_2030 extension grants<\/a><\/strong><br\/><small>Date : 26 June 2025<\/small><br\/>\n           10 PhD students will receive a fellowship to complete their PhD thesis work, either before or after the defense.\n          <\/p>\n             \n\t\t      \n         <p><strong><a href=\"https:\/\/www.bordeaux-neurocampus.fr\/en\/laureates-of-the-doctoral-research-award-2025\/\">Laureates of the Doctoral Research Award 2025<\/a><\/strong><br\/><small>Date : 18 June 2025<\/small><br\/>\n           Congratulations to Claudia Fornari, Clo\u00e9 Lheraux and Alena Spitsyn!\n          <\/p>\n             \n\t\t      \n         <p><strong><a href=\"https:\/\/www.bordeaux-neurocampus.fr\/en\/neurocampus-call-for-proposal-2025-doctoral-research-award\/\">Neurocampus call for proposal &#8211; 2025 Doctoral Research Award<\/a><\/strong><br\/><small>Date : 23 April 2025<\/small><br\/>\n           Participants should be PhD students enrolled in one of the Doctoral Schools of the University of Bordeaux and working in one of the Bordeaux Neurocampus department laboratory\n          <\/p>\n             \n\t\t      \n         <p><strong><a href=\"https:\/\/www.bordeaux-neurocampus.fr\/en\/bordeaux-neurocampus-travel-grant-2025\/\">Bordeaux Neurocampus Travel Grant 2025<\/a><\/strong><br\/><small>Date : 23 April 2025<\/small><br\/>\n           Bordeaux Neurocampus launches a call to support its PhD students \/ post-docs to participate in international meetings\n          <\/p>\n             \n\t\t      \n         <p><strong><a href=\"https:\/\/www.bordeaux-neurocampus.fr\/en\/aap-neurocampus-bourse-de-stage-de-master-2-2025\/\">AAP Neurocampus &#8211; Bourse de stage de Master 2 &#8211; 2025<\/a><\/strong><br\/><small>Date : 23 April 2025<\/small><br\/>\n           Bourses &#8220;Maison du Cerveau \u2013 Jean-Bernard Proux&#8221;\n          <\/p>\n             \n\t\t      \n         <p><strong><a href=\"https:\/\/www.bordeaux-neurocampus.fr\/en\/gpr-call-for-proposal-phd-extension-grant-2025\/\">GPR Call for proposal &#8211; PhD extension grant 2025<\/a><\/strong><br\/><small>Date : 23 April 2025<\/small><br\/>\n           The GPR BRAIN_2030 offers to students from Bordeaux Neurocampus a fellowship to complete their PhD thesis work, either before or after the defense.\n          <\/p>\n             \n\t\t      \n         <p><strong><a href=\"https:\/\/www.bordeaux-neurocampus.fr\/en\/neurocampus-call-for-proposal-career-development-for-post-doctoral-researchers\/\">Neurocampus call for proposal &#8211; Career development for post-doctoral researchers<\/a><\/strong><br\/><small>Date : 23 April 2025<\/small><br\/>\n           Bordeaux Neurocampus launches a call to support career development of post-doctoral researchers.\n          <\/p>\n             \n\t\t      \n         <p><strong><a href=\"https:\/\/www.bordeaux-neurocampus.fr\/en\/laureats-de-laap-seed-projects-2025\/\">Laur\u00e9ats de l&#8217;AAP Seed Projects 2025<\/a><\/strong><br\/><small>Date : 17 February 2025<\/small><br\/>\n           S\u00e9lectionn\u00e9s lors du Conseil de d\u00e9partement du 14 f\u00e9vrier 2025\n          <\/p>\n             \n\t\t      \n         <p><strong><a href=\"https:\/\/www.bordeaux-neurocampus.fr\/en\/neurocampus-call-seed-projects-2025\/\">Neurocampus call &#8211; Seed Projects 2025<\/a><\/strong><br\/><small>Date : 17 January 2025<\/small><br\/>\n           Deadline: January 30th 2025\n          <\/p>\n             \n\t\t      \n         <p><strong><a href=\"https:\/\/www.bordeaux-neurocampus.fr\/en\/aap-neurocampus-symposiums-colloques-2025\/\">AAP Neurocampus &#8211; Symposiums &#038; Colloques 2025<\/a><\/strong><br\/><small>Date : 17 January 2025<\/small><br\/>\n           Date limite de candidature : 30 janvier 2025\n          <\/p>\n             \n\t\t      \n         <p><strong><a href=\"https:\/\/www.bordeaux-neurocampus.fr\/en\/call-for-proposal-marian-diamond-prize-2025\/\">Call for proposal &#8211; Marian Diamond Prize 2025<\/a><\/strong><br\/><small>Date : 12 December 2024<\/small><br\/>\n           Deadline: January 15th 2025, 5.00 P.M\n          <\/p>\n             \n\t\t      \n         <p><strong><a href=\"https:\/\/www.bordeaux-neurocampus.fr\/en\/aap-neurocampus-brainconf-2026\/\">AAP Neurocampus &#8211; BrainConf 2026<\/a><\/strong><br\/><small>Date : 12 December 2024<\/small><br\/>\n           Date limite de candidature\u00a0: 30 janvier 2025\n          <\/p>\n             \n\t\t      \n         <p><strong><a href=\"https:\/\/www.bordeaux-neurocampus.fr\/en\/laureat%c2%b7e%c2%b7s-des-bourses-de-soudure-2024-du-gpr-brain_2030\/\">Laur\u00e9at\u00b7e\u00b7s des bourses de soudure 2024 du GPR BRAIN_2030<\/a><\/strong><br\/><small>Date : 17 June 2024<\/small><br\/>\n           Les coordinateurs et co-coordinateurs du GPR BRAIN_2030 ont \u00e9valu\u00e9 les candidatures et ont d\u00e9lib\u00e9r\u00e9 le lundi 17 juin 2024.\n          <\/p>\n             \n\t\t      \n         <p><strong><a href=\"https:\/\/www.bordeaux-neurocampus.fr\/en\/laureat%c2%b7e%c2%b7s-des-bourses-maison-du-cerveau-jean-bernard-proux-2024\/\">Laur\u00e9at\u00b7e\u00b7s des Bourses Maison du Cerveau &#8211; Jean Bernard Proux 2024<\/a><\/strong><br\/><small>Date : 12 June 2024<\/small><br\/>\n           F\u00e9licitations \u00e0 Diaz DANKO, B\u00e9r\u00e9nice FORTUNATO-MARSOL, Hugo JADOT, Alexia PERDRIER, Rapha\u00ebl RODRIGUEZ, Juliette VILLAGOMEZ\n          <\/p>\n             \n\t\t      \n         <p><strong><a href=\"https:\/\/www.bordeaux-neurocampus.fr\/en\/laureates-of-the-bordeaux-neurocampus-doctoral-research-award-2024\/\">Laureates of the Bordeaux Neurocampus Doctoral Research Award 2024<\/a><\/strong><br\/><small>Date : 7 June 2024<\/small><br\/>\n           Congratulations to Sara Carracedo Vicente, Ana Moreira de S\u00e1 and Pierre Mortessagne\n          <\/p>\n             \n\t\t      \n         <p><strong><a href=\"https:\/\/www.bordeaux-neurocampus.fr\/en\/doctoral-research-day-june-7th-2024\/\">Doctoral Research Day: June 7th, 2024<\/a><\/strong><br\/><small>Date : 2 May 2024<\/small><br\/>\n           Open to everyone!\n          <\/p>\n             \n\t\t      \n         <p><strong><a href=\"https:\/\/www.bordeaux-neurocampus.fr\/en\/laureats-de-laap-seed-projects-2024\/\">Laur\u00e9ats de l&#8217;AAP Seed Projects 2024<\/a><\/strong><br\/><small>Date : 11 April 2024<\/small><br\/>\n           S\u00e9lectionn\u00e9s lors du Conseil de d\u00e9partement du 11 avril 2024\n          <\/p>\n             \n\t\t      \n         <p><strong><a href=\"https:\/\/www.bordeaux-neurocampus.fr\/en\/aap-neurocampus-maison-du-cerveau-bourse-de-stage-de-master-2-2024\/\">AAP Neurocampus \/ Maison du cerveau &#8211; Bourse Master 2 Jean-Bernard Proux<\/a><\/strong><br\/><small>Date : 26 March 2024<\/small><br\/>\n           Date limite de candidature : jeudi 25 avril \u00e0 11h00.\u00a0\u00a0\u00a0\u00a0\u00a0\u00a0\u00a0\n          <\/p>\n             \n\t\t      \n         <p><strong><a href=\"https:\/\/www.bordeaux-neurocampus.fr\/en\/4th-doctoral-research-awards-call-for-proposal\/\">4th &#8220;Doctoral Research Awards&#8221; call for proposal<\/a><\/strong><br\/><small>Date : 14 March 2024<\/small><br\/>\n           PhD students will be invited to present their effective Ph.D. work on June 7th 2024\n          <\/p>\n             \n\t\t      \n         <p><strong><a href=\"https:\/\/www.bordeaux-neurocampus.fr\/en\/bordeaux-neurocampus-call-for-proposal-seed-projects-2024\/\">Bordeaux Neurocampus Call for proposal &#8211; Seed Projects 2024<\/a><\/strong><br\/><small>Date : 18 January 2024<\/small><br\/>\n           Deadline: February 15th 2024.\n          <\/p>\n             \n\t\t      \n         <p><strong><a href=\"https:\/\/www.bordeaux-neurocampus.fr\/en\/appel-a-candidatures-brainconf-2025\/\">Appel \u00e0 candidatures : BrainConf 2025<\/a><\/strong><br\/><small>Date : 18 January 2024<\/small><br\/>\n           Bordeaux Neurocampus lance son appel pour l&#8217;organisation de sa conf\u00e9rence internationale &#8220;BrainConf 2025&#8221;. Date limite d\u2019envoi des candidatures : 19\/01\/2024\n          <\/p>\n             \n\t\t      \n         <p><strong><a href=\"https:\/\/www.bordeaux-neurocampus.fr\/en\/aap-neurocampus-symposiums-colloques-2024\/\">AAP Neurocampus : Symposiums &#038; Colloques 2024<\/a><\/strong><br\/><small>Date : 14 December 2023<\/small><br\/>\n           La date limite de candidatures a \u00e9t\u00e9 d\u00e9plac\u00e9e au 12 janvier 2024\n          <\/p>\n             \n\t\t      \n         <p><strong><a href=\"https:\/\/www.bordeaux-neurocampus.fr\/en\/marian-diamond-prize\/\">Marian Diamond Prize<\/a><\/strong><br\/><small>Date : 5 December 2023<\/small><br\/>\n           It aims to raise the profile of female neuroscientists at a crucial stage in their careers, the postdoctoral period, when they face many barriers to reach academic positions.\n          <\/p>\n             \n\t\t      \n         <p><strong><a href=\"https:\/\/www.bordeaux-neurocampus.fr\/en\/resultat-de-laap-travel-grants-2023\/\">R\u00e9sultat de l&#8217;AAP &#8220;Travel Grants&#8221; 2023<\/a><\/strong><br\/><small>Date : 17 October 2023<\/small><br\/>\n           F\u00e9licitations aux laur\u00e9ats\n          <\/p>\n             \n\t\t      \n         <p><strong><a href=\"https:\/\/www.bordeaux-neurocampus.fr\/en\/laureates-of-the-bordeaux-neurocampus-doctoral-research-award-2023\/\">Laureates of the Bordeaux Neurocampus Doctoral Research Award 2023<\/a><\/strong><br\/><small>Date : 20 June 2023<\/small><br\/>\n           Congratulations to: Ana\u00eblle Braine, Yoni Couderc, Paula Gomez Sotres and St\u00e9phane L\u00e9on\n          <\/p>\n             \n\t\t      \n         <p><strong><a href=\"https:\/\/www.bordeaux-neurocampus.fr\/en\/laureats-des-bourses-de-soudure-2023-du-gpr-brain_2030\/\">Laur\u00e9ats des Bourses de Soudure 2023 du GPR BRAIN_2030<\/a><\/strong><br\/><small>Date : 22 May 2023<\/small><br\/>\n           Les coordinateurs et co-coordinateurs du Comit\u00e9 de Pilotage du GPR BRAIN_2030 ont \u00e9valu\u00e9 les 27 candidats et ont d\u00e9lib\u00e9r\u00e9 le mercredi 17 mai.\n          <\/p>\n             \n\t\t      \n         <p><strong><a href=\"https:\/\/www.bordeaux-neurocampus.fr\/en\/aap-doctoral-research-award-selection-pour-loral\/\">AAP &#8220;Doctoral Research Award&#8221; : s\u00e9lection pour l&#8217;oral<\/a><\/strong><br\/><small>Date : 4 May 2023<\/small><br\/>\n           8 doctorantes et doctorants ont \u00e9t\u00e9 s\u00e9lectionn\u00e9s. Rendez-vous le 20 juin pour l&#8217;oral.\n          <\/p>\n             \n\t\t      \n         <p><strong><a href=\"https:\/\/www.bordeaux-neurocampus.fr\/en\/laureats-2023-de-la-bourse-de-master-2-de-la-maison-du-cerveau\/\">Laur\u00e9ats 2023 de la bourse de Master 2 de la Maison du cerveau<\/a><\/strong><br\/><small>Date : 4 May 2023<\/small><br\/>\n           F\u00e9licitations \u00e0 Medhavi Bissoonauth et Benjamin Sueur\n          <\/p>\n             \n\t\t      \n         <p><strong><a href=\"https:\/\/www.bordeaux-neurocampus.fr\/en\/gpr-brain_2030-phd-extension-grant\/\">GPR BRAIN_2030 &#8211; PhD extension grant<\/a><\/strong><br\/><small>Date : 10 April 2023<\/small><br\/>\n           Deadline: Monday 17th April 2023\n          <\/p>\n             \n\t\t      \n         <p><strong><a href=\"https:\/\/www.bordeaux-neurocampus.fr\/en\/laureats-des-seed-projects-2023\/\">Laur\u00e9ats de l&#8217;AAP &#8220;seed projects&#8221; 2023<\/a><\/strong><br\/><small>Date : 24 March 2023<\/small><br\/>\n           S\u00e9lectionn\u00e9s lors du conseil de d\u00e9partement du 24 mars 2023\n          <\/p>\n             \n\t\t      \n         <p><strong><a href=\"https:\/\/www.bordeaux-neurocampus.fr\/en\/aap-bordeaux-neurocampus-bourses-de-master-2-maison-du-cerveau-2023\/\">AAP Bordeaux Neurocampus &#8211; Bourses de Master 2 Maison du Cerveau 2023<\/a><\/strong><br\/><small>Date : 7 March 2023<\/small><br\/>\n           Le projet devra \u00eatre en rapport avec l\u2019une des th\u00e9matiques : Alzheimer, Parkinson, Scl\u00e9rose en Plaques, Huntington, Troubles Dys, Maladies rares.\n          <\/p>\n             \n\t\t      \n         <p><strong><a href=\"https:\/\/www.bordeaux-neurocampus.fr\/en\/call-for-proposal-bordeaux-neurocampus-travel-grant-2023\/\">Call for proposal &#8211; Bordeaux Neurocampus Travel Grant 2023<\/a><\/strong><br\/><small>Date : 3 March 2023<\/small><br\/>\n           To support its PhD students \/ post-doc to participate in international meetings (NeuroFrance, SfN&#8230;).\n          <\/p>\n             \n\t\t      \n         <p><strong><a href=\"https:\/\/www.bordeaux-neurocampus.fr\/en\/call-for-proposal-bordeaux-neurocampus-doctoral-research-awards-2023\/\">Call for proposal: Bordeaux Neurocampus Doctoral Research Awards 2023<\/a><\/strong><br\/><small>Date : 22 February 2023<\/small><br\/>\n           To reward outstanding doctoral research in Neuroscience.\n          <\/p>\n             \n\t\t      \n         <p><strong><a href=\"https:\/\/www.bordeaux-neurocampus.fr\/en\/bordeaux-neurocampus-call-for-proposal-seed-projects-2023\/\">Bordeaux Neurocampus call for proposal &#8211; Seed projects 2023<\/a><\/strong><br\/><small>Date : 30 January 2023<\/small><br\/>\n           To launch new innovative projects and gather preliminary data for future applications to funding agencies\n          <\/p>\n             \n\t\t      \n         <p><strong><a href=\"https:\/\/www.bordeaux-neurocampus.fr\/en\/aap-neurocampus-symposiums-colloques-2023\/\">AAP Neurocampus &#8211; Symposiums &#038; Colloques 2023<\/a><\/strong><br\/><small>Date : 8 December 2022<\/small><br\/>\n           Le D\u00e9partement Bordeaux Neurocampus soutient l\u2019organisation de symposiums et colloques au profit de notre communaut\u00e9 neuroscientifique\n          <\/p>\n             \n\t\t      \n         <p><strong><a href=\"https:\/\/www.bordeaux-neurocampus.fr\/en\/aap-neurocampus-brainconf-2024\/\">AAP Neurocampus : BrainConf 2024<\/a><\/strong><br\/><small>Date : 7 December 2022<\/small><br\/>\n           Organisation de la 10\u00e8me \u00e9dition des conf\u00e9rences internationales Bordeaux Neurocampus (automne 2024)\n          <\/p>\n             \n\t\t  \n\t<\/div>\n\t\n\t\n\t\n<\/div>\n\n<p>&nbsp;<\/p>\n","protected":false},"excerpt":{"rendered":"<p>The Bordeaux Neurocampus department provides financial support to the neuroscience community<\/p>\n","protected":false},"author":108,"featured_media":0,"parent":18411,"menu_order":7,"comment_status":"closed","ping_status":"closed","template":"","meta":{"footnotes":""},"tags":[],"class_list":["post-131924","page","type-page","status-publish","hentry"],"_links":{"self":[{"href":"https:\/\/www.bordeaux-neurocampus.fr\/en\/wp-json\/wp\/v2\/pages\/131924","targetHints":{"allow":["GET"]}}],"collection":[{"href":"https:\/\/www.bordeaux-neurocampus.fr\/en\/wp-json\/wp\/v2\/pages"}],"about":[{"href":"https:\/\/www.bordeaux-neurocampus.fr\/en\/wp-json\/wp\/v2\/types\/page"}],"author":[{"embeddable":true,"href":"https:\/\/www.bordeaux-neurocampus.fr\/en\/wp-json\/wp\/v2\/users\/108"}],"replies":[{"embeddable":true,"href":"https:\/\/www.bordeaux-neurocampus.fr\/en\/wp-json\/wp\/v2\/comments?post=131924"}],"version-history":[{"count":0,"href":"https:\/\/www.bordeaux-neurocampus.fr\/en\/wp-json\/wp\/v2\/pages\/131924\/revisions"}],"up":[{"embeddable":true,"href":"https:\/\/www.bordeaux-neurocampus.fr\/en\/wp-json\/wp\/v2\/pages\/18411"}],"wp:attachment":[{"href":"https:\/\/www.bordeaux-neurocampus.fr\/en\/wp-json\/wp\/v2\/media?parent=131924"}],"wp:term":[{"taxonomy":"post_tag","embeddable":true,"href":"https:\/\/www.bordeaux-neurocampus.fr\/en\/wp-json\/wp\/v2\/tags?post=131924"}],"curies":[{"name":"wp","href":"https:\/\/api.w.org\/{rel}","templated":true}]}}