{"id":131034,"date":"2018-10-03T14:37:27","date_gmt":"2018-10-03T12:37:27","guid":{"rendered":"https:\/\/www.bordeaux-neurocampus.fr\/?page_id=131034"},"modified":"2021-02-10T23:49:02","modified_gmt":"2021-02-10T22:49:02","slug":"rayonnement-international-fr","status":"publish","type":"page","link":"https:\/\/www.bordeaux-neurocampus.fr\/en\/who-are-we-bordeaux-neurocampus\/rayonnement-international-fr\/","title":{"rendered":"Rayonnement international (fr)"},"content":{"rendered":"<p><strong>L\u2019ouverture \u00e0 l\u2019international<\/strong>\u00a0est un point fort de Bordeaux Neurocampus.<\/p>\n<p>Des travaux de recherche collaboratifs sont d\u00e9velopp\u00e9s avec les pays du monde entier. Les 5 principales institutions ayant co-publi\u00e9 en neurosciences avec l&#8217;Universit\u00e9 de Bordeaux (ou nous ayant cit\u00e9) en 2017\/2018 sont :<br \/>\n&#8211; King&#8217;s college &#8211; London<br \/>\n&#8211; University College &#8211; London<br \/>\n&#8211; Mc Gill University<br \/>\n&#8211; Harvard University<br \/>\n&#8211; University of Oxford<\/p>\n<p>De nombreux doctorants et post-doctorants fran\u00e7ais et internationaux int\u00e8grent les laboratoires de Bordeaux Neurocampus du fait de l\u2019excellente qualit\u00e9 des\u00a0formations propos\u00e9es et du dynamisme de nos \u00e9quipes. Plus d&#8217;une vingtaine de nationalit\u00e9s sont pr\u00e9sentes.<\/p>\n<p><strong>Voir aussi :<\/strong><\/p>\n<p><a href=\"https:\/\/www.bordeaux-neurocampus.fr\/qui-sommes-nous\/rayonnement-international\/optinutribrain\/\">OptiNutriBrain<\/a><\/p>\n<p>&nbsp;<\/p>\n<p>&nbsp;<\/p>\n","protected":false},"excerpt":{"rendered":"<p>Les partenariats de Bordeaux Neurocampus vont bien au-del\u00e0 des fronti\u00e8res. Projets Formation &nbsp; &nbsp;<\/p>\n","protected":false},"author":108,"featured_media":0,"parent":18737,"menu_order":8,"comment_status":"closed","ping_status":"closed","template":"","meta":{"footnotes":""},"tags":[],"class_list":["post-131034","page","type-page","status-publish","hentry"],"_links":{"self":[{"href":"https:\/\/www.bordeaux-neurocampus.fr\/en\/wp-json\/wp\/v2\/pages\/131034","targetHints":{"allow":["GET"]}}],"collection":[{"href":"https:\/\/www.bordeaux-neurocampus.fr\/en\/wp-json\/wp\/v2\/pages"}],"about":[{"href":"https:\/\/www.bordeaux-neurocampus.fr\/en\/wp-json\/wp\/v2\/types\/page"}],"author":[{"embeddable":true,"href":"https:\/\/www.bordeaux-neurocampus.fr\/en\/wp-json\/wp\/v2\/users\/108"}],"replies":[{"embeddable":true,"href":"https:\/\/www.bordeaux-neurocampus.fr\/en\/wp-json\/wp\/v2\/comments?post=131034"}],"version-history":[{"count":0,"href":"https:\/\/www.bordeaux-neurocampus.fr\/en\/wp-json\/wp\/v2\/pages\/131034\/revisions"}],"up":[{"embeddable":true,"href":"https:\/\/www.bordeaux-neurocampus.fr\/en\/wp-json\/wp\/v2\/pages\/18737"}],"wp:attachment":[{"href":"https:\/\/www.bordeaux-neurocampus.fr\/en\/wp-json\/wp\/v2\/media?parent=131034"}],"wp:term":[{"taxonomy":"post_tag","embeddable":true,"href":"https:\/\/www.bordeaux-neurocampus.fr\/en\/wp-json\/wp\/v2\/tags?post=131034"}],"curies":[{"name":"wp","href":"https:\/\/api.w.org\/{rel}","templated":true}]}}