{"id":131032,"date":"2020-12-16T15:26:42","date_gmt":"2020-12-16T14:26:42","guid":{"rendered":"https:\/\/www.bordeaux-neurocampus.fr\/?page_id=131032"},"modified":"2021-02-10T23:49:35","modified_gmt":"2021-02-10T22:49:35","slug":"doctoral-school","status":"publish","type":"page","link":"https:\/\/www.bordeaux-neurocampus.fr\/en\/training\/masters-and-phd\/phd\/doctoral-school\/","title":{"rendered":"Doctoral school"},"content":{"rendered":"<p>L\u2019\u00c9cole Doctorale &#8220;Sciences de la Vie et de la Sant\u00e9&#8221; est une \u00e9cole mono-domaine de site rassemblant l&#8217;ensemble des laboratoires de recherche en biologie-sant\u00e9. C&#8217;est la seule \u00e9cole doctorale sur le site de l&#8217;Universit\u00e9 de Bordeaux dans ce domaine.<\/p>\n<p>Toutes les informations sur l&#8217;ED sont \u00e0 retrouver sur :<\/p>\n<p><a href=\"https:\/\/ed-svs.u-bordeaux.fr\/Presentation\">https:\/\/ed-svs.u-bordeaux.fr\/Presentation<\/a><\/p>\n","protected":false},"excerpt":{"rendered":"<p>\u00e9cole mono-domaine de site rassemblant l&#8217;ensemble des laboratoires de recherche en biologie-sant\u00e9<\/p>\n","protected":false},"author":108,"featured_media":0,"parent":22122,"menu_order":0,"comment_status":"closed","ping_status":"closed","template":"","meta":{"footnotes":""},"tags":[],"class_list":["post-131032","page","type-page","status-publish","hentry"],"_links":{"self":[{"href":"https:\/\/www.bordeaux-neurocampus.fr\/en\/wp-json\/wp\/v2\/pages\/131032","targetHints":{"allow":["GET"]}}],"collection":[{"href":"https:\/\/www.bordeaux-neurocampus.fr\/en\/wp-json\/wp\/v2\/pages"}],"about":[{"href":"https:\/\/www.bordeaux-neurocampus.fr\/en\/wp-json\/wp\/v2\/types\/page"}],"author":[{"embeddable":true,"href":"https:\/\/www.bordeaux-neurocampus.fr\/en\/wp-json\/wp\/v2\/users\/108"}],"replies":[{"embeddable":true,"href":"https:\/\/www.bordeaux-neurocampus.fr\/en\/wp-json\/wp\/v2\/comments?post=131032"}],"version-history":[{"count":0,"href":"https:\/\/www.bordeaux-neurocampus.fr\/en\/wp-json\/wp\/v2\/pages\/131032\/revisions"}],"up":[{"embeddable":true,"href":"https:\/\/www.bordeaux-neurocampus.fr\/en\/wp-json\/wp\/v2\/pages\/22122"}],"wp:attachment":[{"href":"https:\/\/www.bordeaux-neurocampus.fr\/en\/wp-json\/wp\/v2\/media?parent=131032"}],"wp:term":[{"taxonomy":"post_tag","embeddable":true,"href":"https:\/\/www.bordeaux-neurocampus.fr\/en\/wp-json\/wp\/v2\/tags?post=131032"}],"curies":[{"name":"wp","href":"https:\/\/api.w.org\/{rel}","templated":true}]}}