{"id":131031,"date":"2018-03-22T09:53:43","date_gmt":"2018-03-22T08:53:43","guid":{"rendered":"https:\/\/www.bordeaux-neurocampus.fr\/?page_id=131031"},"modified":"2021-02-10T23:54:51","modified_gmt":"2021-02-10T22:54:51","slug":"lieux-ressources-fr","status":"publish","type":"page","link":"https:\/\/www.bordeaux-neurocampus.fr\/en\/neuroscience-for-all\/lieux-ressources-fr\/","title":{"rendered":"Lieux ressources (fr)"},"content":{"rendered":"<div class=\"wpb-content-wrapper\"><div class=\"vc_row wpb_row vc_row-fluid\"><div class=\"wpb_column vc_column_container vc_col-sm-12\"><div class=\"vc_column-inner\"><div class=\"wpb_wrapper\"><div class=\"vc_tta-container\" data-vc-action=\"collapse\"><div class=\"vc_general vc_tta vc_tta-accordion vc_tta-color-grey vc_tta-style-&#8221;modern&#8221; vc_tta-shape-rounded vc_tta-o-shape-group vc_tta-controls-align-default\"><div class=\"vc_tta-panels-container\"><div class=\"vc_tta-panels\"><div class=\"vc_tta-panel\" id=\"&#8221;1541167544434-ab4f4122-14bd&#8221;\" data-vc-content=\".vc_tta-panel-body\"><div class=\"vc_tta-panel-heading\"><h4 class=\"vc_tta-panel-title vc_tta-controls-icon-position-left\"><a href=\"#&#8221;1541167544434-ab4f4122-14bd&#8221;\" data-vc-accordion data-vc-container=\".vc_tta-container\"><span class=\"vc_tta-title-text\">&#8221;Cap<\/span><i class=\"vc_tta-controls-icon vc_tta-controls-icon-plus\"><\/i><\/a><\/h4><\/div><div class=\"vc_tta-panel-body\">\n\t<div class=\"wpb_text_column wpb_content_element\" >\n\t\t<div class=\"wpb_wrapper\">\n\t\t\t<p>Centre de Culture Scientifique, Technique &amp; Industrielle<\/p>\n<h3>Missions<\/h3>\n<ul>\n<li>Partager le go\u00fbt de la d\u00e9couverte<\/li>\n<li>\u00c9tablir des relations personnelles et durables<\/li>\n<li>Animer le monde de la culture scientifique, technique et industrielle<\/li>\n<li>G\u00e9n\u00e9rer des formes culturelles innovantes<\/li>\n<li>Donner de la valeur \u00e0 la culture<\/li>\n<\/ul>\n<h3>Activit\u00e9s<\/h3>\n<p>Les activit\u00e9s de Cap Sciences se d\u00e9roulent en grande partie dans la m\u00e9tropole bordelaise o\u00f9 Cap Sciences dispose de quatre lieux (le H20 \u00e0 Bordeaux, Cap Arch\u00e9o \u00e0 Pessac et les C\u00f4t\u00e9 Sciences de Floirac et M\u00e9rignac).<\/p>\n<ul>\n<li>Conception, production, pr\u00e9sentation d\u2019expositions et d\u2019ateliers<\/li>\n<li>M\u00e9diation culturelle<\/li>\n<li>Conseil et expertise en ing\u00e9nierie culturelle<\/li>\n<li>Itin\u00e9rance d&#8217;expositions<\/li>\n<li>Organisation d&#8217;\u00e9v\u00e9nements<\/li>\n<li>Exploitation de lieux culturels<\/li>\n<li>Pilotage et animation de r\u00e9seaux professionnels<\/li>\n<li>Conception d\u2019outils de m\u00e9diation num\u00e9rique<\/li>\n<li>Analyse des publics et des pratiques<\/li>\n<\/ul>\n<h3>En savoir plus :<\/h3>\n<p><a href=\"http:\/\/www.cap-sciences.net\" target=\"_blank\" rel=\"noopener\">www.cap-sciences.net<\/a><\/p>\n\n\t\t<\/div>\n\t<\/div>\n<\/div><\/div><div class=\"vc_tta-panel\" id=\"&#8221;1541167544455-ffdb8020-e843&#8243;\" data-vc-content=\".vc_tta-panel-body\"><div class=\"vc_tta-panel-heading\"><h4 class=\"vc_tta-panel-title vc_tta-controls-icon-position-left\"><a href=\"#&#8221;1541167544455-ffdb8020-e843&#8243;\" data-vc-accordion data-vc-container=\".vc_tta-container\"><span class=\"vc_tta-title-text\">&#8221;La<\/span><i class=\"vc_tta-controls-icon vc_tta-controls-icon-plus\"><\/i><\/a><\/h4><\/div><div class=\"vc_tta-panel-body\">\n\t<div class=\"wpb_text_column wpb_content_element\" >\n\t\t<div class=\"wpb_wrapper\">\n\t\t\t<p>L\u2019association Maison du Cerveau est une association r\u00e9gionale cr\u00e9\u00e9e en 2012 qui\u00a0<strong>f\u00e9d\u00e8re et rassemble toutes les personnes concern\u00e9es par les maladies du syst\u00e8me nerveux central<\/strong>\u00a0avec pour objectifs :<\/p>\n<ul>\n<li>Utiliser les avanc\u00e9es de la Recherche pour la rendre plus visible et la dynamiser afin de renforcer l\u2019excellence R\u00e9gionale.<\/li>\n<li>Soutenir la recherche r\u00e9gionale sur les maladies du syst\u00e8me nerveux dans son fonctionnement quotidien.<\/li>\n<li>Informer et former sur les pathologies, les traitements et les avanc\u00e9es de la recherche sur les maladies du syst\u00e8me nerveux.<\/li>\n<li>Sensibiliser l\u2019opinion et les pouvoirs publics.<\/li>\n<li>Cr\u00e9er un espace de synergies ouvert aux associations, chercheurs, cliniciens, professionnels de sant\u00e9 et industriels concern\u00e9s par les pathologies du syst\u00e8me nerveux.<\/li>\n<li>Accueillir et soutenir l\u2019action des associations de malades, de la FRC et des institutions r\u00e9gionales.<\/li>\n<\/ul>\n<p>La maison du cerveau participe ou promeut de nombreuses actions de sensibilisation et de formation en relation avec les maladies du syst\u00e8me nerveux central.<\/p>\n<p><strong>Les Associations<\/strong><\/p>\n<p>La maison du cerveau est soutenue dans son action par les membres de <strong>nombreuses associations de malades<\/strong>. Elle entend \u00e0 son tour se faire le relai de leurs actions aupr\u00e8s du monde hospitalo-universitaire. Les associations ayant des relations privil\u00e9gi\u00e9es avec la maison du cerveau sont :<\/p>\n<p>\u2013\u00a0<a href=\"http:\/\/www.maison-du-cerveau.fr\/associations.html#Alzheimer\">France Alzheimer<\/a><br \/>\n\u2013\u00a0<a href=\"http:\/\/www.maison-du-cerveau.fr\/associations.html#Parkinson\">France Parkinson<\/a><br \/>\n\u2013\u00a0<a href=\"http:\/\/www.maison-du-cerveau.fr\/associations.html#Epilepsie\">Epilepsie France<\/a><br \/>\n\u2013\u00a0<a href=\"http:\/\/www.maison-du-cerveau.fr\/associations.html#plaques\">Association Fran\u00e7aise des scl\u00e9roses en plaques<\/a><br \/>\n\u2013\u00a0<a href=\"http:\/\/www.maison-du-cerveau.fr\/associations.html#Huntington\">Un arc en ciel pour les maladies de Huntington<\/a><\/p>\n<p><strong>Contact<\/strong><\/p>\n<p>Maison du cerveau<br \/>\nInstitut Fran\u00e7ois Magendie<br \/>\n146 rue L\u00e9o Saignat<br \/>\n33077 Bordeaux Cedex<\/p>\n<p>E-mail :\u00a0<a class=\"mail-link\" href=\"mailto:contact@maison-du-cerveau.fr\" data-enc-email=\"pbagnpg&#091;at&#093;znvfba-qh-preirnh.se\" data-wpel-link=\"ignore\"><span class=\"\">contact@maison-du-cerveau.fr<\/span><\/a><\/p>\n<h4>En savoir plus<\/h4>\n<p><a href=\"http:\/\/www.maison-du-cerveau.fr\/\">http:\/\/www.maison-du-cerveau.fr\/<\/a><\/p>\n\n\t\t<\/div>\n\t<\/div>\n<\/div><\/div><\/div><\/div><\/div><\/div><\/div><\/div><\/div><\/div>\n<\/div>","protected":false},"excerpt":{"rendered":"<p>Lieux partenaires : La maison du cerveau, Cap Sciences<\/p>\n","protected":false},"author":108,"featured_media":0,"parent":18563,"menu_order":3,"comment_status":"closed","ping_status":"closed","template":"","meta":{"footnotes":""},"tags":[],"class_list":["post-131031","page","type-page","status-publish","hentry"],"_links":{"self":[{"href":"https:\/\/www.bordeaux-neurocampus.fr\/en\/wp-json\/wp\/v2\/pages\/131031","targetHints":{"allow":["GET"]}}],"collection":[{"href":"https:\/\/www.bordeaux-neurocampus.fr\/en\/wp-json\/wp\/v2\/pages"}],"about":[{"href":"https:\/\/www.bordeaux-neurocampus.fr\/en\/wp-json\/wp\/v2\/types\/page"}],"author":[{"embeddable":true,"href":"https:\/\/www.bordeaux-neurocampus.fr\/en\/wp-json\/wp\/v2\/users\/108"}],"replies":[{"embeddable":true,"href":"https:\/\/www.bordeaux-neurocampus.fr\/en\/wp-json\/wp\/v2\/comments?post=131031"}],"version-history":[{"count":0,"href":"https:\/\/www.bordeaux-neurocampus.fr\/en\/wp-json\/wp\/v2\/pages\/131031\/revisions"}],"up":[{"embeddable":true,"href":"https:\/\/www.bordeaux-neurocampus.fr\/en\/wp-json\/wp\/v2\/pages\/18563"}],"wp:attachment":[{"href":"https:\/\/www.bordeaux-neurocampus.fr\/en\/wp-json\/wp\/v2\/media?parent=131031"}],"wp:term":[{"taxonomy":"post_tag","embeddable":true,"href":"https:\/\/www.bordeaux-neurocampus.fr\/en\/wp-json\/wp\/v2\/tags?post=131031"}],"curies":[{"name":"wp","href":"https:\/\/api.w.org\/{rel}","templated":true}]}}