{"id":114007,"date":"2019-12-17T12:44:08","date_gmt":"2019-12-17T11:44:08","guid":{"rendered":"https:\/\/www.bordeaux-neurocampus.fr\/?page_id=114007"},"modified":"2023-06-22T18:16:51","modified_gmt":"2023-06-22T16:16:51","slug":"conseil-de-departement","status":"publish","type":"page","link":"https:\/\/www.bordeaux-neurocampus.fr\/en\/who-are-we-bordeaux-neurocampus\/councils\/conseil-de-departement\/","title":{"rendered":"Conseil de d\u00e9partement"},"content":{"rendered":"<p>Le directeur du d\u00e9partement est J\u00e9r\u00f4me Baufreton (DR CNRS, IMN).<\/p>\n<p>Directrice adjointe : Aude Panatier<br \/>\nDirecteur adjoint : Matthieu Wolff<\/p>\n<p><strong>CHERCHEURS \/ ENSEIGNANTS CHERCHEURS<\/strong><\/p>\n<ul>\n<li>Anna Brachet (IINS) &#8211; Suppl\u00e9ante : Fran\u00e7oise Coussen<\/li>\n<li>H\u00e9l\u00e8ne Gr\u00e9a (IINS) &#8211; Suppl\u00e9ante : Ingrid Chamma<\/li>\n<li>Alexandre Favereaux (IINS) &#8211; Suppl\u00e9ant : Mario Carta<\/li>\n<li>Valentin N\u00e4gerl (IINS) &#8211; Suppl\u00e9ant : Olivier Rossier<\/li>\n<li>Pascal Fossat (IMN) &#8211; Suppl\u00e9ant : Laurent Petit<\/li>\n<li>Karine Mass\u00e9 (IMN) &#8211; Suppl\u00e9ante : Laure Zago<\/li>\n<li>Francesca De Giorgi Ichas (IMN) &#8211; Suppl\u00e9ante : Am\u00e9lie Aussel<\/li>\n<li>Philippe De Deurwaerdere (INCIA) &#8211; Suppl\u00e9ant : Laurent Juvin<\/li>\n<li>Jean-Louis Guillou (INCIA) &#8211; Suppl\u00e9ant : Thomas Michelet<\/li>\n<li>Catherine Le Moine (INCIA) &#8211; Suppl\u00e9ante : Karine Guillem<\/li>\n<li>Susanna Pietropaolo (INCIA) &#8211; Suppl\u00e9ante : Muriel Thoby-Brisson<\/li>\n<li>Aline Desmedt (Neurocentre Magendie) &#8211; Suppl\u00e9ante : Monique Vall\u00e9e<\/li>\n<li>Daniela Cota (Neurocentre Magendie) &#8211; Suppl\u00e9ante : \u00c9milie Pacary<\/li>\n<li>Daniel Voisin (Neurocentre Magendie) &#8211; Suppl\u00e9ant : Giovanni Marsicano<\/li>\n<li>Cyril Herry (Neurocentre Magendie) &#8211; Suppl\u00e9ant : Jean-Michel Revest<\/li>\n<li>Muriel Darnaud\u00e9ry (NutriNeuro) &#8211; Suppl\u00e9ante : Cl\u00e9mentine Bosch-Bouju<\/li>\n<li>David Jarriault (NutriNeuro) &#8211; Suppl\u00e9ant : Jean-Christophe Delpech<\/li>\n<li>Florian P\u00e9cune (SanPsy) &#8211; Suppl\u00e9ant : Jean-Arthur Micoulaud<\/li>\n<\/ul>\n<p><strong>ITA \/ BIATSS<\/strong><\/p>\n<ul>\n<li>Rabia Bouali-Benazzouz (IMN) &#8211; Suppl\u00e9ante :\u00a0 Elodie Ladev\u00e8ze<\/li>\n<li>Franck Burglen (Neurocentre Magendie) &#8211; Suppl\u00e9ante : Nad\u00e8ge Dubourdieu<\/li>\n<li>Antonella Caminiti (Ecole des Neurosciences) &#8211; Suppl\u00e9ante : Mariela Escande<\/li>\n<li>Monica Fernandez Monreal (BIC) &#8211; Suppl\u00e9ante : Christel Poujol<\/li>\n<li>Marie-Line Fournier (INCIA) &#8211; Suppl\u00e9ante : Marie-Jeanne Cabirol<\/li>\n<li>C\u00e9dric Lopez (IINS) &#8211; Suppl\u00e9ant : Romain Boularand<\/li>\n<li>Alexandra Sere (NutriNeuro) &#8211; Suppl\u00e9ante : Aline Foury<\/li>\n<li>Jacques Taillard (SanPsy) &#8211; Suppl\u00e9ant : Jean-Marc Alexandre<\/li>\n<\/ul>\n<p><strong>DOCTORANTS \/ POST-DOCTORANTS<\/strong><\/p>\n<ul>\n<li>C\u00e9line Nicolas (post-doc, Neurocentre Magendie) &#8211; Suppl\u00e9ante : Colleen Beaumard (Doctorante, SanPsy)<\/li>\n<li>Yacine Tensaouti (Doctorant, INCIA) &#8211; Suppl\u00e9ante : Lola Hardt (Doctorante, NutriNeuro)<\/li>\n<li>Julio Viotti (Post-doc, IINS) &#8211; Suppl\u00e9ante : Adriane Guillaumin (Post-doc, IMN)<\/li>\n<\/ul>\n","protected":false},"excerpt":{"rendered":"<p>Il est compos\u00e9 de 28 membres dont 3 personnalit\u00e9s ext\u00e9rieures.<\/p>\n","protected":false},"author":108,"featured_media":0,"parent":131000,"menu_order":0,"comment_status":"closed","ping_status":"closed","template":"","meta":{"footnotes":""},"tags":[],"class_list":["post-114007","page","type-page","status-publish","hentry"],"_links":{"self":[{"href":"https:\/\/www.bordeaux-neurocampus.fr\/en\/wp-json\/wp\/v2\/pages\/114007","targetHints":{"allow":["GET"]}}],"collection":[{"href":"https:\/\/www.bordeaux-neurocampus.fr\/en\/wp-json\/wp\/v2\/pages"}],"about":[{"href":"https:\/\/www.bordeaux-neurocampus.fr\/en\/wp-json\/wp\/v2\/types\/page"}],"author":[{"embeddable":true,"href":"https:\/\/www.bordeaux-neurocampus.fr\/en\/wp-json\/wp\/v2\/users\/108"}],"replies":[{"embeddable":true,"href":"https:\/\/www.bordeaux-neurocampus.fr\/en\/wp-json\/wp\/v2\/comments?post=114007"}],"version-history":[{"count":9,"href":"https:\/\/www.bordeaux-neurocampus.fr\/en\/wp-json\/wp\/v2\/pages\/114007\/revisions"}],"predecessor-version":[{"id":160628,"href":"https:\/\/www.bordeaux-neurocampus.fr\/en\/wp-json\/wp\/v2\/pages\/114007\/revisions\/160628"}],"up":[{"embeddable":true,"href":"https:\/\/www.bordeaux-neurocampus.fr\/en\/wp-json\/wp\/v2\/pages\/131000"}],"wp:attachment":[{"href":"https:\/\/www.bordeaux-neurocampus.fr\/en\/wp-json\/wp\/v2\/media?parent=114007"}],"wp:term":[{"taxonomy":"post_tag","embeddable":true,"href":"https:\/\/www.bordeaux-neurocampus.fr\/en\/wp-json\/wp\/v2\/tags?post=114007"}],"curies":[{"name":"wp","href":"https:\/\/api.w.org\/{rel}","templated":true}]}}